{"id":4717,"date":"2026-01-16T11:58:39","date_gmt":"2026-01-16T03:58:39","guid":{"rendered":"https:\/\/minghanggroup.com\/?post_type=product&#038;p=4717"},"modified":"2026-01-16T16:54:11","modified_gmt":"2026-01-16T08:54:11","slug":"geometric-conical-reed-diffuser-bottles-empty-design-bulk","status":"publish","type":"product","link":"https:\/\/minghanggroup.com\/pt\/produto\/geometric-conical-reed-diffuser-bottles-empty-design-bulk\/","title":{"rendered":"Frascos difusores de varetas c\u00f4nicos geom\u00e9tricos de 100ml, vazios, em grande quantidade."},"content":{"rendered":"<p>Os frascos vazios do seu difusor de varetas n\u00e3o devem apenas armazenar fragr\u00e2ncia \u2014 eles devem transformar seu espa\u00e7o em um santu\u00e1rio. Como especialistas em frascos para difusores de fragr\u00e2ncias, criamos difusores de varetas de vidro que transformam seu difusor de \u00f3leos essenciais na pulsa\u00e7\u00e3o silenciosa do ambiente.<\/p>\n<h2>Caracter\u00edsticas do produto<\/h2>\n<ul>\n<li><strong>Formato de cone arquitet\u00f4nico: <\/strong>Geometria moderna, um grande impacto visual imediato para a fragr\u00e2ncia da sua casa.<\/li>\n<li><strong>Garfo com rosca de seguran\u00e7a: <\/strong>Basta colocar as varetas redondas ou difusoras diretamente no difusor, sem oscila\u00e7\u00f5es e sem derramamento.<\/li>\n<li><strong>Fluxo de palheta otimizado: <\/strong>O formato c\u00f4nico direciona naturalmente as varetas de rattan para uma difus\u00e3o mais r\u00e1pida e uniforme da fragr\u00e2ncia. Voc\u00ea n\u00e3o ver\u00e1 mais pontos com aroma fraco.<\/li>\n<\/ul>\n<h2>Especifica\u00e7\u00f5es principais<\/h2>\n<table style=\"border-collapse: collapse; width: 80%; margin-left: auto; margin-right: auto;\" border=\"0\" width=\"288\" cellspacing=\"0\" cellpadding=\"0\">\n<tbody>\n<tr style=\"height: 13.50pt;\">\n<td style=\"height: 13.5pt; width: 54pt; text-align: center;\" width=\"72\" height=\"18\">Tamanho<\/td>\n<td style=\"width: 54pt; text-align: center;\" width=\"72\">Dimens\u00f5es (mm)<\/td>\n<td style=\"width: 54pt; text-align: center;\" width=\"72\">Di\u00e2metro do pesco\u00e7o<\/td>\n<td style=\"width: 54pt; text-align: center;\" width=\"72\">Forma<\/td>\n<\/tr>\n<tr style=\"height: 13.50pt;\">\n<td style=\"height: 13.5pt; text-align: center;\" height=\"18\">120ml<\/td>\n<td style=\"text-align: center;\">93 \u00d7 80<\/td>\n<td style=\"text-align: center;\">18 \/ 27 mm<\/td>\n<td style=\"text-align: center;\">C\u00f4nico<\/td>\n<\/tr>\n<\/tbody>\n<\/table>\n<h2>Caso de sucesso<\/h2>\n<p>Uma marca n\u00f3rdica de fragr\u00e2ncias focada em estilos de vida minimalistas decidiu usar este frasco de vidro de 100ml como embalagem para sua cole\u00e7\u00e3o de ver\u00e3o de edi\u00e7\u00e3o limitada. A empresa optou por um tratamento exclusivo de revestimento transl\u00facido para reproduzir com exatid\u00e3o as cores caracter\u00edsticas da marca: rosa esfuma\u00e7ado e verde floresta. Al\u00e9m disso, a marca complementou os frascos com varetas difusoras de fibra natural feitas sob medida, com comprimento e cor ajustados, combinando perfeitamente com a identidade visual da marca.<\/p>\n<p>As vendas da primeira temporada da linha de produtos aumentaram drasticamente em 60%. Essa forte rea\u00e7\u00e3o do mercado levou a empresa a fazer uma nova compra de 150.000 unidades e a lan\u00e7\u00e1-la oficialmente em todo o mundo como uma linha de produtos permanente.<\/p>\n<h2>Suas op\u00e7\u00f5es de personaliza\u00e7\u00e3o<\/h2>\n<ol>\n<li><strong>Personaliza\u00e7\u00e3o do material e da cor do revestimento da garrafa:<\/strong> As op\u00e7\u00f5es podem ser acabamento fosco, pintura degrad\u00ea ou acabamento transl\u00facido mate, o que ajudar\u00e1 a refratar a luz de forma mais suave no corpo c\u00f4nico da garrafa e tamb\u00e9m dar\u00e1 mais profundidade visual.<\/li>\n<li><strong>T\u00e9cnicas de Identifica\u00e7\u00e3o de Marca (Branding por Logotipo):<\/strong> Gra\u00e7as \u00e0 estabilidade garantida pela base espessa, a grava\u00e7\u00e3o a laser, a serigrafia ou os decalques de alta temperatura podem ser usados \u200b\u200bna lateral ou no fundo da garrafa para tornar o logotipo da marca um \u00edcone visual elegante.<\/li>\n<li><strong>Op\u00e7\u00f5es diversificadas de difusores:<\/strong> Voc\u00ea pode escolher o material e a cor das varetas difusoras de acordo com o estilo da marca, por exemplo, usando varetas de fibra natural ecol\u00f3gicas ou flores de madeira de sola feitas \u00e0 m\u00e3o, seguindo assim a tend\u00eancia do mercado de sustentabilidade ou temas bot\u00e2nicos.<\/li>\n<\/ol>","protected":false},"excerpt":{"rendered":"<p>Frascos difusores de varetas c\u00f4nicos e elegantes, vazios, com base ponderada. Este difusor e frasco de varetas permitem personaliza\u00e7\u00e3o em grande quantidade e envio r\u00e1pido. Consulte-nos hoje mesmo!<\/p>","protected":false},"featured_media":4727,"template":"","meta":{"postBodyCss":"","postBodyMargin":[],"postBodyPadding":[],"postBodyBackground":{"backgroundType":"classic","gradient":""}},"product_brand":[],"product_cat":[15,16,63],"product_tag":[],"class_list":{"0":"post-4717","1":"product","2":"type-product","3":"status-publish","4":"has-post-thumbnail","6":"product_cat-glass-containers","7":"product_cat-glass-bottles","8":"product_cat-reed-diffuser-bottles","10":"first","11":"instock","12":"shipping-taxable","13":"product-type-simple"},"jetpack_sharing_enabled":true,"_links":{"self":[{"href":"https:\/\/minghanggroup.com\/pt\/wp-json\/wp\/v2\/product\/4717","targetHints":{"allow":["GET"]}}],"collection":[{"href":"https:\/\/minghanggroup.com\/pt\/wp-json\/wp\/v2\/product"}],"about":[{"href":"https:\/\/minghanggroup.com\/pt\/wp-json\/wp\/v2\/types\/product"}],"wp:featuredmedia":[{"embeddable":true,"href":"https:\/\/minghanggroup.com\/pt\/wp-json\/wp\/v2\/media\/4727"}],"wp:attachment":[{"href":"https:\/\/minghanggroup.com\/pt\/wp-json\/wp\/v2\/media?parent=4717"}],"wp:term":[{"taxonomy":"product_brand","embeddable":true,"href":"https:\/\/minghanggroup.com\/pt\/wp-json\/wp\/v2\/product_brand?post=4717"},{"taxonomy":"product_cat","embeddable":true,"href":"https:\/\/minghanggroup.com\/pt\/wp-json\/wp\/v2\/product_cat?post=4717"},{"taxonomy":"product_tag","embeddable":true,"href":"https:\/\/minghanggroup.com\/pt\/wp-json\/wp\/v2\/product_tag?post=4717"}],"curies":[{"name":"wp","href":"https:\/\/api.w.org\/{rel}","templated":true}]}}