{"id":4716,"date":"2026-01-16T10:06:35","date_gmt":"2026-01-16T02:06:35","guid":{"rendered":"https:\/\/minghanggroup.com\/?post_type=product&#038;p=4716"},"modified":"2026-01-16T10:57:47","modified_gmt":"2026-01-16T02:57:47","slug":"empty-hexagonal-glass-perfume-diffuser-bottle-bulk","status":"publish","type":"product","link":"https:\/\/minghanggroup.com\/pt\/produto\/empty-hexagonal-glass-perfume-diffuser-bottle-bulk\/","title":{"rendered":"Frasco difusor de perfume hexagonal de vidro vazio, tamanhos 50ml, 100ml e 200ml (a granel)"},"content":{"rendered":"<p>Este frasco difusor de perfume possui um design hexagonal \u00fanico e elegante. O gargalo \u00e9 rosqueado, garantindo a seguran\u00e7a da tampa, e as laterais do frasco s\u00e3o planas e angulares.<\/p>\n<h2>Caracter\u00edsticas do produto<\/h2>\n<ul>\n<li><strong>Design hexagonal simples:<\/strong> O corte hexagonal foi projetado para conferir uma apar\u00eancia limpa e moderna, al\u00e9m de ser f\u00e1cil de instalar.<\/li>\n<li><strong>Pesco\u00e7o com m\u00faltiplas roscas:<\/strong> Este modelo possui um gargalo rosqueado resistente que garante um encaixe perfeito, evitando vazamentos e permitindo um armazenamento seguro.<\/li>\n<li><strong>Tr\u00eas capacidades multifuncionais:<\/strong> Existem tr\u00eas op\u00e7\u00f5es de capacidade que podem ser usadas para atender desde kits de amostras at\u00e9 uso pessoal ou difusores para grandes espa\u00e7os.<\/li>\n<\/ul>\n<h2 style=\"text-align: left;\">Especifica\u00e7\u00f5es principais<\/h2>\n<table class=\"aligncenter\" style=\"border-collapse: collapse; width: 444.77pt;\" border=\"0\" width=\"593\" cellspacing=\"0\" cellpadding=\"0\">\n<tbody>\n<tr style=\"height: 13.50pt;\">\n<td style=\"height: 13.50pt; width: 119.25pt;\" width=\"159\" height=\"18\">Especifica\u00e7\u00e3o<\/td>\n<td style=\"width: 325.50pt;\" width=\"434\">Detalhes<\/td>\n<\/tr>\n<tr style=\"height: 13.50pt;\">\n<td style=\"height: 13.50pt;\" height=\"18\">Capacidade<\/td>\n<td>50ml \/ 100ml \/ 200ml<\/td>\n<\/tr>\n<tr style=\"height: 13.50pt;\">\n<td style=\"height: 13.50pt;\" height=\"18\">Dimens\u00f5es<\/td>\n<td>64\u00d770mm \/ 78\u00d781mm \/ 74\u00d794mm<\/td>\n<\/tr>\n<tr style=\"height: 13.50pt;\">\n<td style=\"height: 13.50pt;\" height=\"18\">Di\u00e2metro interno\/externo do pesco\u00e7o<\/td>\n<td>17 mm \/ 27 mm<\/td>\n<\/tr>\n<tr style=\"height: 13.50pt;\">\n<td style=\"height: 13.50pt;\" height=\"18\">Material<\/td>\n<td>Vidro de cal sodada<\/td>\n<\/tr>\n<tr style=\"height: 13.50pt;\">\n<td style=\"height: 13.50pt;\" height=\"18\">Formato de garrafa<\/td>\n<td>Prisma hexagonal<\/td>\n<\/tr>\n<tr style=\"height: 13.50pt;\">\n<td style=\"height: 13.50pt;\" height=\"18\">Escopo de personaliza\u00e7\u00e3o<\/td>\n<td>Cor, Acabamento fosco, Tamanho, Formato<\/td>\n<\/tr>\n<tr style=\"height: 13.50pt;\">\n<td style=\"height: 13.50pt;\" height=\"18\">Artesanato<\/td>\n<td>Prensagem de vidro hexagonal, polimento de facetas, corte de rosca<\/td>\n<\/tr>\n<tr style=\"height: 13.50pt;\">\n<td style=\"height: 13.50pt;\" height=\"18\">Finalidade do produto<\/td>\n<td>Difusor de Garrafa, Recipientes Decorativos para \u00d3leos Arom\u00e1ticos<\/td>\n<\/tr>\n<tr style=\"height: 13.50pt;\">\n<td style=\"height: 13.50pt;\" height=\"18\">Ind\u00fastrias adequadas<\/td>\n<td>Fragr\u00e2ncias modernas para o lar, redes hoteleiras<\/td>\n<\/tr>\n<\/tbody>\n<\/table>\n<h2>Hist\u00f3ria de sucesso<\/h2>\n<p>Uma marca n\u00f3rdica de artigos para o lar escolheu nosso difusor de 100ml como seu produto principal. A est\u00e9tica da marca combinou perfeitamente com a estrutura hexagonal minimalista e, como resultado, houve um crescimento de 40% nas vendas em loja no primeiro trimestre. O gargalo com di\u00e2metro interno padr\u00e3o de 17mm \u00e9 compat\u00edvel com todos os fornecedores de varetas difusoras, representando uma economia de 15% nos custos da cadeia de suprimentos. A marca ficou t\u00e3o satisfeita com o produto que encomendou uma nova produ\u00e7\u00e3o de 300.000 frascos, distribu\u00eddos nos tr\u00eas tamanhos, para facilitar a expans\u00e3o de sua rede de varejo em todo o pa\u00eds.<\/p>\n<h2>Personaliza\u00e7\u00e3o dos frascos difusores de perfume<\/h2>\n<ul>\n<li>Cor do vidro: Dispon\u00edvel em transparente, fum\u00ea, \u00e2mbar ou cinza claro, para um visual minimalista.<\/li>\n<li>Corte chanfrado: Um chanfro \u00e9 adicionado a cada lado para captar e refletir mais luz.<\/li>\n<li>Grava\u00e7\u00e3o a laser: Grave padr\u00f5es de linhas simples, marcas ou n\u00fameros em um dos lados.<\/li>\n<li>Cristalino versus opaco: Pode ser em cristal ultratransparente ou em tons suaves e discretos.<\/li>\n<\/ul>","protected":false},"excerpt":{"rendered":"<p>Difusor de perfume decorativo em formato hexagonal, feito de vidro transparente. Este frasco difusor \u00e9 perfeito para marcas, com amostras gr\u00e1tis dispon\u00edveis mediante solicita\u00e7\u00e3o.<\/p>","protected":false},"featured_media":4720,"template":"","meta":{"postBodyCss":"","postBodyMargin":[],"postBodyPadding":[],"postBodyBackground":{"backgroundType":"classic","gradient":""}},"product_brand":[],"product_cat":[15,16,63],"product_tag":[],"class_list":{"0":"post-4716","1":"product","2":"type-product","3":"status-publish","4":"has-post-thumbnail","6":"product_cat-glass-containers","7":"product_cat-glass-bottles","8":"product_cat-reed-diffuser-bottles","10":"first","11":"instock","12":"shipping-taxable","13":"product-type-simple"},"jetpack_sharing_enabled":true,"_links":{"self":[{"href":"https:\/\/minghanggroup.com\/pt\/wp-json\/wp\/v2\/product\/4716","targetHints":{"allow":["GET"]}}],"collection":[{"href":"https:\/\/minghanggroup.com\/pt\/wp-json\/wp\/v2\/product"}],"about":[{"href":"https:\/\/minghanggroup.com\/pt\/wp-json\/wp\/v2\/types\/product"}],"wp:featuredmedia":[{"embeddable":true,"href":"https:\/\/minghanggroup.com\/pt\/wp-json\/wp\/v2\/media\/4720"}],"wp:attachment":[{"href":"https:\/\/minghanggroup.com\/pt\/wp-json\/wp\/v2\/media?parent=4716"}],"wp:term":[{"taxonomy":"product_brand","embeddable":true,"href":"https:\/\/minghanggroup.com\/pt\/wp-json\/wp\/v2\/product_brand?post=4716"},{"taxonomy":"product_cat","embeddable":true,"href":"https:\/\/minghanggroup.com\/pt\/wp-json\/wp\/v2\/product_cat?post=4716"},{"taxonomy":"product_tag","embeddable":true,"href":"https:\/\/minghanggroup.com\/pt\/wp-json\/wp\/v2\/product_tag?post=4716"}],"curies":[{"name":"wp","href":"https:\/\/api.w.org\/{rel}","templated":true}]}}