{"id":4710,"date":"2026-01-16T09:08:33","date_gmt":"2026-01-16T01:08:33","guid":{"rendered":"https:\/\/minghanggroup.com\/?post_type=product&#038;p=4710"},"modified":"2026-01-16T11:10:47","modified_gmt":"2026-01-16T03:10:47","slug":"unique-reed-diffuser-bottles-with-petal-form-bulk","status":"publish","type":"product","link":"https:\/\/minghanggroup.com\/pt\/produto\/unique-reed-diffuser-bottles-with-petal-form-bulk\/","title":{"rendered":"Frascos difusores de varetas exclusivos de 200ml com formato de p\u00e9tala (em grande quantidade)"},"content":{"rendered":"<p>Esses difusores de varetas exclusivos s\u00e3o feitos de vidro transparente de s\u00f3dio-c\u00e1lcio. Seu formato de p\u00e9talas em m\u00faltiplas camadas confere um toque fresco e vibrante, lembrando uma flor em plena flora\u00e7\u00e3o.<\/p>\n<h2>Caracter\u00edsticas do produto<\/h2>\n<ul>\n<li><strong>Design de p\u00e9talas multifacetado:<\/strong> O design multifacetado das p\u00e9talas \u00e9 aplicado com linhas geom\u00e9tricas suaves que conferem um novo visual e enriquecem o apelo est\u00e9tico da garrafa.<\/li>\n<li><strong>Vidro s\u00f3dio-c\u00e1lcico dur\u00e1vel:<\/strong> O material de vidro utilizado \u00e9 dur\u00e1vel e manter\u00e1 o design requintado do produto ao longo do tempo, oferecendo uma sensa\u00e7\u00e3o de robustez e estabilidade.<\/li>\n<li><strong>Reflex\u00e3o de luz multifacetada:<\/strong> O design chanfrado \u00e9 suave e capta a luz, o que garante que a garrafa brilhe mesmo quando vazia, al\u00e9m de conferir um toque decorativo.<\/li>\n<\/ul>\n<h2 style=\"text-align: left;\">Especifica\u00e7\u00f5es principais<\/h2>\n<table class=\"aligncenter\" style=\"border-collapse: collapse; width: 444.77pt;\" border=\"0\" width=\"593\" cellspacing=\"0\" cellpadding=\"0\">\n<tbody>\n<tr style=\"height: 13.50pt;\">\n<td style=\"height: 13.50pt; width: 119.25pt;\" width=\"159\" height=\"18\">Especifica\u00e7\u00e3o<\/td>\n<td style=\"width: 325.50pt;\" width=\"434\">Detalhes<\/td>\n<\/tr>\n<tr style=\"height: 13.50pt;\">\n<td style=\"height: 13.50pt;\" height=\"18\">Capacidade<\/td>\n<td>200ml<\/td>\n<\/tr>\n<tr style=\"height: 13.50pt;\">\n<td style=\"height: 13.50pt;\" height=\"18\">Dimens\u00f5es<\/td>\n<td>73\u00d792mm<\/td>\n<\/tr>\n<tr style=\"height: 13.50pt;\">\n<td style=\"height: 13.50pt;\" height=\"18\">Di\u00e2metro interno\/externo do pesco\u00e7o<\/td>\n<td>17 mm \/ 27 mm<\/td>\n<\/tr>\n<tr style=\"height: 13.50pt;\">\n<td style=\"height: 13.50pt;\" height=\"18\">Material<\/td>\n<td>Vidro de cal sodada<\/td>\n<\/tr>\n<tr style=\"height: 13.50pt;\">\n<td style=\"height: 13.50pt;\" height=\"18\">Formato de garrafa<\/td>\n<td>Forma de p\u00e9tala multifacetada<\/td>\n<\/tr>\n<tr style=\"height: 13.50pt;\">\n<td style=\"height: 13.50pt;\" height=\"18\">Escopo de personaliza\u00e7\u00e3o<\/td>\n<td>Cor, Design das Facetas, Tamanho<\/td>\n<\/tr>\n<tr style=\"height: 13.50pt;\">\n<td style=\"height: 13.50pt;\" height=\"18\">Artesanato<\/td>\n<td>Moldagem de vidro em m\u00faltiplos pain\u00e9is, acabamento de juntas de precis\u00e3o<\/td>\n<\/tr>\n<tr style=\"height: 13.50pt;\">\n<td style=\"height: 13.50pt;\" height=\"18\">Finalidade do produto<\/td>\n<td>Frascos difusores de vidro, frascos difusores de varetas decorativos<\/td>\n<\/tr>\n<tr style=\"height: 13.50pt;\">\n<td style=\"height: 13.50pt;\" height=\"18\">Ind\u00fastrias adequadas<\/td>\n<td>Marcas de decora\u00e7\u00e3o de interiores, floricultura e estilo de vida exclusivas.<\/td>\n<\/tr>\n<\/tbody>\n<\/table>\n<h2>Caso de Sucesso: Floricultura e Marca de Artigos para o Lar com um Produto Campe\u00e3o de Vendas<\/h2>\n<p>Nossa garrafa difusora de vidro de 200 ml foi escolhida por uma marca europeia de fragr\u00e2ncias para o lar para embalar seu produto. O formato de p\u00e9tala foi um sucesso imediato, combinando perfeitamente com o tema floral da marca e resultando em um aumento de 150% na intera\u00e7\u00e3o online. O design diferenciado tamb\u00e9m proporcionou um excelente reconhecimento da marca nas prateleiras dos pontos de venda, o que levou a um crescimento de 75% nas vendas. O desempenho de vendas e a perfeita adequa\u00e7\u00e3o \u00e0 marca foram t\u00e3o satisfat\u00f3rios para a empresa que ela fez um novo pedido de 200.000 garrafas para sua linha principal de produtos.<\/p>\n<h2>Personaliza\u00e7\u00e3o exclusiva de frascos difusores de varetas<\/h2>\n<ul>\n<li>Cores do vidro: Dispon\u00edvel em transparente, rosa suave, verde claro ou \u00e2mbar, para imitar as cores das flores.<\/li>\n<li>Varia\u00e7\u00f5es no padr\u00e3o de facetas: Adicionar ou remover um n\u00famero de p\u00e9talas, ou alterar o formato das p\u00e9talas.<\/li>\n<li>Pain\u00e9is decorativos coloridos: Com vidro bicolor, apenas uma se\u00e7\u00e3o do painel em formato de p\u00e9tala \u00e9 colorida.<\/li>\n<li>Grava\u00e7\u00e3o a laser: Padr\u00f5es texturizados tamb\u00e9m s\u00e3o desenhados nos pain\u00e9is das p\u00e9talas para refor\u00e7ar o tema bot\u00e2nico.<\/li>\n<\/ul>","protected":false},"excerpt":{"rendered":"<p>Com um formato floral facetado exclusivo, estes frascos difusores de varetas s\u00e3o uma op\u00e7\u00e3o premium em vidro, com suporte OEM para personaliza\u00e7\u00e3o da marca.<\/p>","protected":false},"featured_media":4715,"template":"","meta":{"postBodyCss":"","postBodyMargin":[],"postBodyPadding":[],"postBodyBackground":{"backgroundType":"classic","gradient":""}},"product_brand":[],"product_cat":[15,16,63],"product_tag":[],"class_list":{"0":"post-4710","1":"product","2":"type-product","3":"status-publish","4":"has-post-thumbnail","6":"product_cat-glass-containers","7":"product_cat-glass-bottles","8":"product_cat-reed-diffuser-bottles","10":"first","11":"instock","12":"shipping-taxable","13":"product-type-simple"},"jetpack_sharing_enabled":true,"_links":{"self":[{"href":"https:\/\/minghanggroup.com\/pt\/wp-json\/wp\/v2\/product\/4710","targetHints":{"allow":["GET"]}}],"collection":[{"href":"https:\/\/minghanggroup.com\/pt\/wp-json\/wp\/v2\/product"}],"about":[{"href":"https:\/\/minghanggroup.com\/pt\/wp-json\/wp\/v2\/types\/product"}],"wp:featuredmedia":[{"embeddable":true,"href":"https:\/\/minghanggroup.com\/pt\/wp-json\/wp\/v2\/media\/4715"}],"wp:attachment":[{"href":"https:\/\/minghanggroup.com\/pt\/wp-json\/wp\/v2\/media?parent=4710"}],"wp:term":[{"taxonomy":"product_brand","embeddable":true,"href":"https:\/\/minghanggroup.com\/pt\/wp-json\/wp\/v2\/product_brand?post=4710"},{"taxonomy":"product_cat","embeddable":true,"href":"https:\/\/minghanggroup.com\/pt\/wp-json\/wp\/v2\/product_cat?post=4710"},{"taxonomy":"product_tag","embeddable":true,"href":"https:\/\/minghanggroup.com\/pt\/wp-json\/wp\/v2\/product_tag?post=4710"}],"curies":[{"name":"wp","href":"https:\/\/api.w.org\/{rel}","templated":true}]}}