{"id":4704,"date":"2026-01-15T16:15:18","date_gmt":"2026-01-15T08:15:18","guid":{"rendered":"https:\/\/minghanggroup.com\/?post_type=product&#038;p=4704"},"modified":"2026-01-15T16:15:19","modified_gmt":"2026-01-15T08:15:19","slug":"irregular-square-diffuser-bottles-empty-for-packaging-bulk","status":"publish","type":"product","link":"https:\/\/minghanggroup.com\/pt\/produto\/irregular-square-diffuser-bottles-empty-for-packaging-bulk\/","title":{"rendered":"Frascos difusores quadrados irregulares de 100 ml e 200 ml, vazios, para embalagem a granel."},"content":{"rendered":"<p>Os frascos de difusor vazios n\u00e3o devem apenas conter fragr\u00e2ncia \u2014 eles devem iluminar sua casa. Como especialistas em frascos para aromaterapia, criamos difusores de varetas de vidro que transformam seu difusor de \u00f3leos essenciais em uma presen\u00e7a silenciosa e reconfortante no ambiente.<\/p>\n<h2>Caracter\u00edsticas do produto<\/h2>\n<ul>\n<li><strong>Pingente plano quadrado irregular:<\/strong> Elegante, moderno e exclusivo, o seu difusor de fragr\u00e2ncias para casa est\u00e1 se transformando em uma pe\u00e7a de decora\u00e7\u00e3o.<\/li>\n<li><strong>Clareza cristalina:<\/strong> Observe cada nuance dos \u00f3leos essenciais arom\u00e1ticos atrav\u00e9s de um vidro transparente, sem filtros turvos.<\/li>\n<li><strong>A beleza do espa\u00e7o negativo:<\/strong> Serigrafia, estampagem a quente, etiquetagem, n\u00e3o importa o m\u00e9todo, o trabalho se destaca em um fundo n\u00edtido.<\/li>\n<\/ul>\n<h2>Especifica\u00e7\u00f5es principais<\/h2>\n<table style=\"border-collapse: collapse; width: 80%; margin-left: auto; margin-right: auto;\" border=\"0\" width=\"288\" cellspacing=\"0\" cellpadding=\"0\">\n<tbody>\n<tr style=\"height: 13.50pt;\">\n<td style=\"height: 13.5pt; width: 54pt; text-align: center;\" width=\"72\" height=\"18\">Tamanho (ml)<\/td>\n<td style=\"width: 54pt; text-align: center;\" width=\"72\">Dimens\u00f5es (mm)<\/td>\n<td style=\"width: 54pt; text-align: center;\" width=\"72\">Di\u00e2metro do pesco\u00e7o (mm)<\/td>\n<td style=\"width: 54pt; text-align: center;\" width=\"72\">Forma<\/td>\n<\/tr>\n<tr style=\"height: 13.50pt;\">\n<td style=\"height: 13.5pt; text-align: center;\" align=\"right\" height=\"18\">100<\/td>\n<td style=\"text-align: center;\">93 \u00d7 102<\/td>\n<td style=\"text-align: center;\">15\/26<\/td>\n<td class=\"et2\" style=\"text-align: center;\" rowspan=\"2\">quadrado plano irregular<\/td>\n<\/tr>\n<tr style=\"height: 13.50pt;\">\n<td style=\"height: 13.5pt; text-align: center;\" align=\"right\" height=\"18\">200<\/td>\n<td style=\"text-align: center;\">104 \u00d7 119<\/td>\n<td style=\"text-align: center;\">18\/31<\/td>\n<\/tr>\n<\/tbody>\n<\/table>\n<h2>Caso de sucesso<\/h2>\n<p>Uma empresa de fragr\u00e2ncias de luxo para o lar usou nossos frascos de aromaterapia para o lan\u00e7amento de sua nova cole\u00e7\u00e3o de aromas e os personalizou. Inicialmente, eles customizaram um frasco rosa para refletir a sofistica\u00e7\u00e3o dos \u00f3leos essenciais, depois o combinaram com tiras de bambu exclusivas e, por fim, optaram pela serigrafia para gravar seu logotipo no frasco.<\/p>\n<p>No final, a embalagem reformulada aumentou drasticamente a visibilidade do produto nas prateleiras, melhorou o envolvimento do cliente e levou a um aumento de 35% nas recompras.<\/p>\n<h2>Suas op\u00e7\u00f5es de personaliza\u00e7\u00e3o<\/h2>\n<ol>\n<li><strong>T\u00e9cnicas de branding:<\/strong> Grave o logotipo em relevo ou baixo-relevo no corpo ou no ombro da garrafa, podendo combinar isso com serigrafia para padr\u00f5es delicados ou tipografia.<\/li>\n<li><strong>Sele\u00e7\u00e3o de bon\u00e9 e gola:<\/strong> Combine a garrafa com colarinhos de metal, madeira ou pl\u00e1stico fosco em dourado, preto ou cores personalizadas para refor\u00e7ar a identidade da marca.<\/li>\n<li><strong>Personaliza\u00e7\u00e3o de palhetas:<\/strong> Disponibilize canas de rattan natural, canas de fibra preta ou canas com flores decorativas para combinar com diferentes estilos est\u00e9ticos.<\/li>\n<\/ol>","protected":false},"excerpt":{"rendered":"<p>Os frascos difusores vazios apresentam um design com corpo de formato irregular e rattan natural. Os frascos de aromaterapia s\u00e3o enviados diretamente da f\u00e1brica.<\/p>","protected":false},"featured_media":4708,"template":"","meta":{"postBodyCss":"","postBodyMargin":[],"postBodyPadding":[],"postBodyBackground":{"backgroundType":"classic","gradient":""}},"product_brand":[],"product_cat":[15,16,63],"product_tag":[],"class_list":{"0":"post-4704","1":"product","2":"type-product","3":"status-publish","4":"has-post-thumbnail","6":"product_cat-glass-containers","7":"product_cat-glass-bottles","8":"product_cat-reed-diffuser-bottles","10":"first","11":"instock","12":"shipping-taxable","13":"product-type-simple"},"jetpack_sharing_enabled":true,"_links":{"self":[{"href":"https:\/\/minghanggroup.com\/pt\/wp-json\/wp\/v2\/product\/4704","targetHints":{"allow":["GET"]}}],"collection":[{"href":"https:\/\/minghanggroup.com\/pt\/wp-json\/wp\/v2\/product"}],"about":[{"href":"https:\/\/minghanggroup.com\/pt\/wp-json\/wp\/v2\/types\/product"}],"wp:featuredmedia":[{"embeddable":true,"href":"https:\/\/minghanggroup.com\/pt\/wp-json\/wp\/v2\/media\/4708"}],"wp:attachment":[{"href":"https:\/\/minghanggroup.com\/pt\/wp-json\/wp\/v2\/media?parent=4704"}],"wp:term":[{"taxonomy":"product_brand","embeddable":true,"href":"https:\/\/minghanggroup.com\/pt\/wp-json\/wp\/v2\/product_brand?post=4704"},{"taxonomy":"product_cat","embeddable":true,"href":"https:\/\/minghanggroup.com\/pt\/wp-json\/wp\/v2\/product_cat?post=4704"},{"taxonomy":"product_tag","embeddable":true,"href":"https:\/\/minghanggroup.com\/pt\/wp-json\/wp\/v2\/product_tag?post=4704"}],"curies":[{"name":"wp","href":"https:\/\/api.w.org\/{rel}","templated":true}]}}