{"id":4695,"date":"2026-01-15T15:18:09","date_gmt":"2026-01-15T07:18:09","guid":{"rendered":"https:\/\/minghanggroup.com\/?post_type=product&#038;p=4695"},"modified":"2026-01-15T16:22:52","modified_gmt":"2026-01-15T08:22:52","slug":"glass-round-flat-reed-diffuser-bottles-bulk","status":"publish","type":"product","link":"https:\/\/minghanggroup.com\/pt\/produto\/glass-round-flat-reed-diffuser-bottles-bulk\/","title":{"rendered":"Frascos de vidro redondos e planos para difusor de varetas, 100ml e 200ml (em atacado)"},"content":{"rendered":"<p>Os frascos de vidro para difusor de varetas n\u00e3o devem apenas armazenar fragr\u00e2ncia \u2014 devem iluminar todos os ambientes. Como fabricantes l\u00edderes de frascos para difusores de fragr\u00e2ncias, criamos difusores de varetas de vidro que transformam seu difusor de \u00f3leos essenciais em um cora\u00e7\u00e3o silencioso para o seu lar.<\/p>\n<h2>Caracter\u00edsticas do produto<\/h2>\n<ul>\n<li><strong>Eleg\u00e2ncia plana e arredondada: <\/strong>Sofisticado, equilibrado e contempor\u00e2neo, o seu difusor de ambiente transforma-se num objeto decorativo.<\/li>\n<li><strong>Perfei\u00e7\u00e3o da boca plana: <\/strong>Basta inserir a vareta redonda ou as varetas difusoras diretamente para baixo, sem necessidade de encaixe complicado.<\/li>\n<li><strong>Pot\u00eancia base est\u00e1vel: <\/strong>A base pesada garante que n\u00e3o haja qualquer oscila\u00e7\u00e3o na sua mesa de centro. O frasco de vidro do difusor tem um aspeto e uma sensa\u00e7\u00e3o de robustez e durabilidade.<\/li>\n<\/ul>\n<h2>Especifica\u00e7\u00f5es principais<\/h2>\n<table style=\"border-collapse: collapse; width: 80%; margin-left: auto; margin-right: auto;\" border=\"0\" width=\"288\" cellspacing=\"0\" cellpadding=\"0\">\n<tbody>\n<tr style=\"height: 13.50pt;\">\n<td style=\"height: 13.5pt; width: 54pt; text-align: center;\" width=\"72\" height=\"18\">Tamanho (ml)<\/td>\n<td style=\"width: 54pt; text-align: center;\" width=\"72\">Dimens\u00f5es (mm)<\/td>\n<td style=\"width: 54pt; text-align: center;\" width=\"72\">Di\u00e2metro do pesco\u00e7o (mm)<\/td>\n<td style=\"width: 54pt; text-align: center;\" width=\"72\">Recurso principal<\/td>\n<\/tr>\n<tr style=\"height: 13.50pt;\">\n<td style=\"height: 13.5pt; text-align: center;\" align=\"right\" height=\"18\">100<\/td>\n<td style=\"text-align: center;\">85 \u00d7 94<\/td>\n<td style=\"text-align: center;\">14.4 \/ 25<\/td>\n<td class=\"et2\" style=\"text-align: center;\" rowspan=\"2\">formato redondo e plano<\/td>\n<\/tr>\n<tr style=\"height: 13.50pt;\">\n<td style=\"height: 13.5pt; text-align: center;\" align=\"right\" height=\"18\">200<\/td>\n<td style=\"text-align: center;\">103 \u00d7 117<\/td>\n<td style=\"text-align: center;\">18.5 \/ 30.7<\/td>\n<\/tr>\n<\/tbody>\n<\/table>\n<h2>Caso de sucesso<\/h2>\n<p>Para apresentar sua nova cole\u00e7\u00e3o de fragr\u00e2ncias, uma marca de aromas para casa decidiu usar nossos frascos redondos de vidro para difusor de varetas e personaliz\u00e1-los com uma textura fosca suave, vidro \u00e2mbar e o logotipo da marca em relevo no ombro. Al\u00e9m disso, elegantes serigrafias e impress\u00f5es art\u00edsticas diferenciam as fragr\u00e2ncias da linha.<\/p>\n<p>No fim, a embalagem remodelada ajudou o produto a chamar a aten\u00e7\u00e3o nas prateleiras dos pontos de venda, o que levou a um aumento de 35% nas vendas nos dois primeiros meses ap\u00f3s o lan\u00e7amento. Motivada pelo feedback positivo do mercado, a marca continuou a fazer grandes encomendas nos trimestres seguintes.<\/p>\n<h2>Suas op\u00e7\u00f5es de personaliza\u00e7\u00e3o<\/h2>\n<ol>\n<li><strong>Cor da tampa: <\/strong>Preto para um toque terroso, prata para um toque fresco: sua rolha conta a hist\u00f3ria.<\/li>\n<li><strong>Harmonia de cores do junco: <\/strong>Combine as varetas difusoras com a fragr\u00e2ncia (brancas para c\u00edtricas, marrons para amadeiradas).<\/li>\n<li><strong>Galvanoplastia para Produtos de Luxo: <\/strong>Adicionar acabamento em ouro ou prata eleva imediatamente o n\u00edvel da embalagem do difusor.<\/li>\n<\/ol>","protected":false},"excerpt":{"rendered":"<p>Frascos difusores de varetas de vidro com curvas suaves e acabamento transparente. Fornecimento direto da f\u00e1brica, amostras gr\u00e1tis e suporte est\u00e1vel para compras em grande quantidade de frascos difusores de varetas.<\/p>","protected":false},"featured_media":4703,"template":"","meta":{"postBodyCss":"","postBodyMargin":[],"postBodyPadding":[],"postBodyBackground":{"backgroundType":"classic","gradient":""}},"product_brand":[],"product_cat":[15,16,63],"product_tag":[],"class_list":{"0":"post-4695","1":"product","2":"type-product","3":"status-publish","4":"has-post-thumbnail","6":"product_cat-glass-containers","7":"product_cat-glass-bottles","8":"product_cat-reed-diffuser-bottles","10":"first","11":"instock","12":"shipping-taxable","13":"product-type-simple"},"jetpack_sharing_enabled":true,"_links":{"self":[{"href":"https:\/\/minghanggroup.com\/pt\/wp-json\/wp\/v2\/product\/4695","targetHints":{"allow":["GET"]}}],"collection":[{"href":"https:\/\/minghanggroup.com\/pt\/wp-json\/wp\/v2\/product"}],"about":[{"href":"https:\/\/minghanggroup.com\/pt\/wp-json\/wp\/v2\/types\/product"}],"wp:featuredmedia":[{"embeddable":true,"href":"https:\/\/minghanggroup.com\/pt\/wp-json\/wp\/v2\/media\/4703"}],"wp:attachment":[{"href":"https:\/\/minghanggroup.com\/pt\/wp-json\/wp\/v2\/media?parent=4695"}],"wp:term":[{"taxonomy":"product_brand","embeddable":true,"href":"https:\/\/minghanggroup.com\/pt\/wp-json\/wp\/v2\/product_brand?post=4695"},{"taxonomy":"product_cat","embeddable":true,"href":"https:\/\/minghanggroup.com\/pt\/wp-json\/wp\/v2\/product_cat?post=4695"},{"taxonomy":"product_tag","embeddable":true,"href":"https:\/\/minghanggroup.com\/pt\/wp-json\/wp\/v2\/product_tag?post=4695"}],"curies":[{"name":"wp","href":"https:\/\/api.w.org\/{rel}","templated":true}]}}