{"id":4694,"date":"2026-01-15T14:34:20","date_gmt":"2026-01-15T06:34:20","guid":{"rendered":"https:\/\/minghanggroup.com\/?post_type=product&#038;p=4694"},"modified":"2026-01-15T15:27:51","modified_gmt":"2026-01-15T07:27:51","slug":"empty-diffuser-glass-bottles-with-embossed-wholesale","status":"publish","type":"product","link":"https:\/\/minghanggroup.com\/pt\/produto\/empty-diffuser-glass-bottles-with-embossed-wholesale\/","title":{"rendered":"Frascos de vidro difusor vazios de 200ml com relevo para atacado"},"content":{"rendered":"<p>Este frasco difusor \u00e9 feito de vidro pesado e cristalino, com um formato esf\u00e9rico arredondado e plano distinto, elaborado com delicadas decora\u00e7\u00f5es em relevo de diamantes e flores. Sua eleg\u00e2ncia \u00e9 ainda mais real\u00e7ada pelo gargalo fino.<\/p>\n<h2>Caracter\u00edsticas do produto<\/h2>\n<ul>\n<li><strong>Textura em relevo:<\/strong> O pr\u00f3prio design em relevo \u00e9 criado em uma forma tridimensional com a adi\u00e7\u00e3o de padr\u00f5es de diamante e florais para aumentar sua sensa\u00e7\u00e3o de luxo vintage e ader\u00eancia.<\/li>\n<li><strong>Pesco\u00e7o fino + Base decorativa:<\/strong> O gargalo fino permite colocar facilmente as tampas de rosca\/acess\u00f3rios difusores, e a base elegante confere estabilidade \u00e0 garrafa. S\u00e3o dois aspectos totalmente opostos em termos de praticidade versus apelo est\u00e9tico.<\/li>\n<li><strong>Material de vidro espesso:<\/strong> O vidro espesso de cal sodada tem um toque sofisticado, \u00e9 dur\u00e1vel e de alta qualidade.<\/li>\n<\/ul>\n<h2 style=\"text-align: left;\">Especifica\u00e7\u00f5es principais<\/h2>\n<table class=\"aligncenter\" style=\"border-collapse: collapse; width: 485.27pt;\" border=\"0\" width=\"647\" cellspacing=\"0\" cellpadding=\"0\">\n<tbody>\n<tr style=\"height: 13.50pt;\">\n<td style=\"height: 13.50pt; width: 155.25pt;\" width=\"207\" height=\"18\">Especifica\u00e7\u00e3o<\/td>\n<td style=\"width: 330.00pt;\" width=\"440\">Detalhes<\/td>\n<\/tr>\n<tr style=\"height: 13.50pt;\">\n<td style=\"height: 13.50pt;\" height=\"18\">Capacidade<\/td>\n<td>200ml<\/td>\n<\/tr>\n<tr style=\"height: 13.50pt;\">\n<td style=\"height: 13.50pt;\" height=\"18\">Dimens\u00f5es<\/td>\n<td>87\u00d7109mm<\/td>\n<\/tr>\n<tr style=\"height: 13.50pt;\">\n<td style=\"height: 13.50pt;\" height=\"18\">Di\u00e2metro interno\/externo do pesco\u00e7o<\/td>\n<td>18 mm \/ 27 mm<\/td>\n<\/tr>\n<tr style=\"height: 13.50pt;\">\n<td style=\"height: 13.50pt;\" height=\"18\">Material<\/td>\n<td>Vidro de cal sodada<\/td>\n<\/tr>\n<tr style=\"height: 13.50pt;\">\n<td style=\"height: 13.50pt;\" height=\"18\">Formato de garrafa<\/td>\n<td>Esfera oblata com base de pedestal<\/td>\n<\/tr>\n<tr style=\"height: 13.50pt;\">\n<td style=\"height: 13.50pt;\" height=\"18\">Escopo de personaliza\u00e7\u00e3o<\/td>\n<td>Cor, detalhes do padr\u00e3o, acabamento (tingido, com detalhes foscos)<\/td>\n<\/tr>\n<tr style=\"height: 13.50pt;\">\n<td style=\"height: 13.50pt;\" height=\"18\">Artesanato<\/td>\n<td>Prensagem\/Moldagem de Padr\u00f5es Complexos, Forma\u00e7\u00e3o de Base de Pedestal<\/td>\n<\/tr>\n<tr style=\"height: 13.50pt;\">\n<td style=\"height: 13.50pt;\" height=\"18\">Finalidade do produto<\/td>\n<td>Frascos difusores de vidro para venda por atacado.<\/td>\n<\/tr>\n<tr style=\"height: 13.50pt;\">\n<td style=\"height: 13.50pt;\" height=\"18\">Ind\u00fastrias adequadas<\/td>\n<td>Fragr\u00e2ncias de luxo para casa, produtos para hot\u00e9is e spas.<\/td>\n<\/tr>\n<\/tbody>\n<\/table>\n<h2>Caso de Sucesso: Cole\u00e7\u00e3o Exclusiva de Fornecedor de Hot\u00e9is de Luxo Europeus<\/h2>\n<p>Nosso frasco de vidro difusor de 200 ml, com difusor e acabamento personalizado em vidro branco leitoso, foi encomendado por um dos hot\u00e9is cinco estrelas europeus. O design brilhante com padr\u00e3o de losangos tamb\u00e9m oferece uma al\u00e7a antiderrapante perfeita, prevenindo quedas acidentais em 99%. A capacidade de 200 ml tamb\u00e9m economiza 25% nos custos operacionais, minimizando a necessidade de recargas. Essa apar\u00eancia luxuosa resultou em um aumento de 200% nas consultas de clientes sobre o pr\u00f3prio frasco de vidro difusor. Isso impressionou o fornecedor, que encomendou um novo lote de 350.000 frascos com um contrato plurianual.<\/p>\n<h2>Vasos difusores: op\u00e7\u00f5es de atacado e personaliza\u00e7\u00e3o.<\/h2>\n<ul>\n<li>Altera\u00e7\u00f5es de padr\u00e3o: Personalize os desenhos de diamante ou florais de acordo com o bras\u00e3o ou emblema floral espec\u00edfico da marca.<\/li>\n<li>Decora\u00e7\u00f5es em vitral: Utiliza-se vidro bicolor, geralmente com corpo transparente e fundo colorido.<\/li>\n<li>Logotipo em relevo: Insira um pequeno logotipo em relevo no design decorativo.<\/li>\n<li>Acabamento met\u00e1lico de base: aplique tinta de base dourada, prateada ou bronze.<\/li>\n<\/ul>","protected":false},"excerpt":{"rendered":"<p>Frasco difusor cl\u00e1ssico de vidro com relevo floral e base est\u00e1vel, recipientes difusores art\u00edsticos para venda por atacado, adequados para conceitos de decora\u00e7\u00e3o sofisticados, amostras gr\u00e1tis.<\/p>","protected":false},"featured_media":4697,"template":"","meta":{"postBodyCss":"","postBodyMargin":[],"postBodyPadding":[],"postBodyBackground":{"backgroundType":"classic","gradient":""}},"product_brand":[],"product_cat":[15,16,63],"product_tag":[],"class_list":{"0":"post-4694","1":"product","2":"type-product","3":"status-publish","4":"has-post-thumbnail","6":"product_cat-glass-containers","7":"product_cat-glass-bottles","8":"product_cat-reed-diffuser-bottles","10":"first","11":"instock","12":"shipping-taxable","13":"product-type-simple"},"jetpack_sharing_enabled":true,"_links":{"self":[{"href":"https:\/\/minghanggroup.com\/pt\/wp-json\/wp\/v2\/product\/4694","targetHints":{"allow":["GET"]}}],"collection":[{"href":"https:\/\/minghanggroup.com\/pt\/wp-json\/wp\/v2\/product"}],"about":[{"href":"https:\/\/minghanggroup.com\/pt\/wp-json\/wp\/v2\/types\/product"}],"wp:featuredmedia":[{"embeddable":true,"href":"https:\/\/minghanggroup.com\/pt\/wp-json\/wp\/v2\/media\/4697"}],"wp:attachment":[{"href":"https:\/\/minghanggroup.com\/pt\/wp-json\/wp\/v2\/media?parent=4694"}],"wp:term":[{"taxonomy":"product_brand","embeddable":true,"href":"https:\/\/minghanggroup.com\/pt\/wp-json\/wp\/v2\/product_brand?post=4694"},{"taxonomy":"product_cat","embeddable":true,"href":"https:\/\/minghanggroup.com\/pt\/wp-json\/wp\/v2\/product_cat?post=4694"},{"taxonomy":"product_tag","embeddable":true,"href":"https:\/\/minghanggroup.com\/pt\/wp-json\/wp\/v2\/product_tag?post=4694"}],"curies":[{"name":"wp","href":"https:\/\/api.w.org\/{rel}","templated":true}]}}