{"id":4689,"date":"2026-01-15T13:41:24","date_gmt":"2026-01-15T05:41:24","guid":{"rendered":"https:\/\/minghanggroup.com\/?post_type=product&#038;p=4689"},"modified":"2026-01-15T14:33:32","modified_gmt":"2026-01-15T06:33:32","slug":"empty-reed-diffuser-containers-with-embossed-bulk","status":"publish","type":"product","link":"https:\/\/minghanggroup.com\/pt\/produto\/empty-reed-diffuser-containers-with-embossed-bulk\/","title":{"rendered":"Recipientes vazios para difusor de varetas de 120ml com relevo (a granel)"},"content":{"rendered":"<p>Este frasco vazio para difusor de varetas dar\u00e1 um toque cl\u00e1ssico a qualquer ambiente. O corpo cil\u00edndrico e s\u00f3lido \u00e9 feito de vidro cristalino e decorado com um delicado padr\u00e3o de flores em relevo.<\/p>\n<h2>Caracter\u00edsticas do produto<\/h2>\n<ul>\n<li><strong>Textura floral tridimensional:<\/strong> A textura floral em relevo na garrafa n\u00e3o s\u00f3 proporciona um visual vintage e rom\u00e2ntico devido aos detalhes, como tamb\u00e9m melhora a ader\u00eancia.<\/li>\n<li><strong>Vidro de alta transpar\u00eancia:<\/strong> O vidro totalmente transparente permite visualizar com clareza a cor dos \u00f3leos essenciais, e a textura confere profundidade e dimens\u00e3o ao vidro quando exposto \u00e0 luz, tornando-o sofisticado.<\/li>\n<li><strong>Corpo cil\u00edndrico quadrado:<\/strong> O corpo cil\u00edndrico e compacto oferece estabilidade ao sentar e suas linhas suaves combinam com outros elementos da decora\u00e7\u00e3o da casa.<\/li>\n<\/ul>\n<h2 style=\"text-align: left;\">Especifica\u00e7\u00f5es principais<\/h2>\n<table class=\"aligncenter\" style=\"border-collapse: collapse; width: 485.27pt;\" border=\"0\" width=\"647\" cellspacing=\"0\" cellpadding=\"0\">\n<tbody>\n<tr style=\"height: 13.50pt;\">\n<td style=\"height: 13.50pt; width: 155.25pt;\" width=\"207\" height=\"18\">Especifica\u00e7\u00e3o<\/td>\n<td style=\"width: 330.00pt;\" width=\"440\">Detalhes<\/td>\n<\/tr>\n<tr style=\"height: 13.50pt;\">\n<td style=\"height: 13.50pt;\" height=\"18\">Capacidade<\/td>\n<td>120ml<\/td>\n<\/tr>\n<tr style=\"height: 13.50pt;\">\n<td style=\"height: 13.50pt;\" height=\"18\">Dimens\u00f5es<\/td>\n<td>60\u00d785mm<\/td>\n<\/tr>\n<tr style=\"height: 13.50pt;\">\n<td style=\"height: 13.50pt;\" height=\"18\">Di\u00e2metro interno\/externo do pesco\u00e7o<\/td>\n<td>17 mm \/ 27 mm<\/td>\n<\/tr>\n<tr style=\"height: 13.50pt;\">\n<td style=\"height: 13.50pt;\" height=\"18\">Material<\/td>\n<td>Vidro de cal sodada<\/td>\n<\/tr>\n<tr style=\"height: 13.50pt;\">\n<td style=\"height: 13.50pt;\" height=\"18\">Formato de garrafa<\/td>\n<td>Cilindro com grava\u00e7\u00e3o floral em 3D<\/td>\n<\/tr>\n<tr style=\"height: 13.50pt;\">\n<td style=\"height: 13.50pt;\" height=\"18\">Escopo de personaliza\u00e7\u00e3o<\/td>\n<td>Cor, padr\u00e3o de grava\u00e7\u00e3o, acabamento da superf\u00edcie (transparente, colorido)<\/td>\n<\/tr>\n<tr style=\"height: 13.50pt;\">\n<td style=\"height: 13.50pt;\" height=\"18\">Artesanato<\/td>\n<td>Grava\u00e7\u00e3o\/Prensagem em Vidro 3D, Acabamento de Gargalo<\/td>\n<\/tr>\n<tr style=\"height: 13.50pt;\">\n<td style=\"height: 13.50pt;\" height=\"18\">Finalidade do produto<\/td>\n<td>Recipientes para difusor, recipientes decorativos para \u00f3leos perfumados<\/td>\n<\/tr>\n<tr style=\"height: 13.50pt;\">\n<td style=\"height: 13.50pt;\" height=\"18\">Ind\u00fastrias adequadas<\/td>\n<td>Lojas de artigos de decora\u00e7\u00e3o e presentes.<\/td>\n<\/tr>\n<\/tbody>\n<\/table>\n<h2>Caso de Sucesso: Linha de Produtos Mais Vendida de uma Marca Brit\u00e2nica com Estilo Campestre<\/h2>\n<p>Uma das marcas brit\u00e2nicas lan\u00e7ou uma linha de difusores de varetas florais. O frasco de 120ml foi o preferido da marca. A bela grava\u00e7\u00e3o floral, um design excelente que se tornou sua assinatura, gerou um aumento de 300% no compartilhamento nas redes sociais. O gargalo padr\u00e3o de 17mm \u00e9 compat\u00edvel com todas as varetas de difusor comuns, facilitando a produ\u00e7\u00e3o. A estrutura robusta garante uma taxa de sucesso de entrega de 99,5%. A resposta do p\u00fablico e as vendas foram muito positivas, e a marca j\u00e1 fez um novo pedido de 250.000 frascos de suas cole\u00e7\u00f5es principais e sazonais.<\/p>\n<h2>Op\u00e7\u00e3o de personaliza\u00e7\u00e3o do recipiente do difusor<\/h2>\n<ul>\n<li>Cor do vidro: Dispon\u00edvel em vidro transparente, verde suave, azul claro ou \u00e2mbar, para conferir um aspecto vintage.<\/li>\n<li>Padr\u00e3o gravado personalizado: altere padr\u00f5es florais para desenhos herbais, geom\u00e9tricos e Art Nouveau.<\/li>\n<li>Logotipo em relevo: Um pequeno logotipo em alto-relevo pode ser impresso levemente no padr\u00e3o gravado.<\/li>\n<li>Revestimento brilhante ou perolado: Adicione um revestimento perolado leve para obter um efeito cintilante sob a luz.<\/li>\n<\/ul>","protected":false},"excerpt":{"rendered":"<p>Difusor de varetas vazio em estilo vintage com motivos florais em relevo, recipientes de alta transpar\u00eancia adequados para uso em fragr\u00e2ncias dom\u00e9sticas, amostras gr\u00e1tis dispon\u00edveis.<\/p>","protected":false},"featured_media":4691,"template":"","meta":{"postBodyCss":"","postBodyMargin":[],"postBodyPadding":[],"postBodyBackground":{"backgroundType":"classic","gradient":""}},"product_brand":[],"product_cat":[15,16,63],"product_tag":[],"class_list":{"0":"post-4689","1":"product","2":"type-product","3":"status-publish","4":"has-post-thumbnail","6":"product_cat-glass-containers","7":"product_cat-glass-bottles","8":"product_cat-reed-diffuser-bottles","10":"first","11":"instock","12":"shipping-taxable","13":"product-type-simple"},"jetpack_sharing_enabled":true,"_links":{"self":[{"href":"https:\/\/minghanggroup.com\/pt\/wp-json\/wp\/v2\/product\/4689","targetHints":{"allow":["GET"]}}],"collection":[{"href":"https:\/\/minghanggroup.com\/pt\/wp-json\/wp\/v2\/product"}],"about":[{"href":"https:\/\/minghanggroup.com\/pt\/wp-json\/wp\/v2\/types\/product"}],"wp:featuredmedia":[{"embeddable":true,"href":"https:\/\/minghanggroup.com\/pt\/wp-json\/wp\/v2\/media\/4691"}],"wp:attachment":[{"href":"https:\/\/minghanggroup.com\/pt\/wp-json\/wp\/v2\/media?parent=4689"}],"wp:term":[{"taxonomy":"product_brand","embeddable":true,"href":"https:\/\/minghanggroup.com\/pt\/wp-json\/wp\/v2\/product_brand?post=4689"},{"taxonomy":"product_cat","embeddable":true,"href":"https:\/\/minghanggroup.com\/pt\/wp-json\/wp\/v2\/product_cat?post=4689"},{"taxonomy":"product_tag","embeddable":true,"href":"https:\/\/minghanggroup.com\/pt\/wp-json\/wp\/v2\/product_tag?post=4689"}],"curies":[{"name":"wp","href":"https:\/\/api.w.org\/{rel}","templated":true}]}}