{"id":4684,"date":"2026-01-15T13:23:21","date_gmt":"2026-01-15T05:23:21","guid":{"rendered":"https:\/\/minghanggroup.com\/?post_type=product&#038;p=4684"},"modified":"2026-01-15T13:41:53","modified_gmt":"2026-01-15T05:41:53","slug":"clear-empty-reed-diffuser-bottles-wholesale","status":"publish","type":"product","link":"https:\/\/minghanggroup.com\/pt\/produto\/clear-empty-reed-diffuser-bottles-wholesale\/","title":{"rendered":"Frascos vazios transparentes para difusor de varetas de 120ml e 200ml (venda por atacado)"},"content":{"rendered":"<p>Esses frascos difusores de varetas para venda por atacado s\u00e3o a combina\u00e7\u00e3o perfeita de estilo e funcionalidade. Os frascos s\u00e3o feitos de vidro grosso e cristalino, com linhas arredondadas e suaves em formato quadrado, e o gargalo possui um design com rosca m\u00faltipla para um encaixe perfeito com a tampa do difusor.<\/p>\n<h2>Caracter\u00edsticas do produto<\/h2>\n<ul>\n<li><strong>Corpo retangular:<\/strong> O design \u00e9 limpo e tem a forma de um ret\u00e2ngulo, o que lhe confere um aspecto suave e facilita a sua exposi\u00e7\u00e3o.<\/li>\n<li><strong>Gargalo roscado \u00e0 prova de vazamentos:<\/strong> O design com m\u00faltiplas roscas proporciona uma veda\u00e7\u00e3o firme e segura, essencial para o armazenamento seguro dos produtos.<\/li>\n<li><strong>Capacidade dupla:<\/strong> 120ml em \u00e1reas menores e 200ml em \u00e1reas maiores para garantir uma difus\u00e3o longa e suficiente das fragr\u00e2ncias.<\/li>\n<\/ul>\n<h2 style=\"text-align: left;\">Especifica\u00e7\u00f5es principais<\/h2>\n<table class=\"aligncenter\" style=\"border-collapse: collapse; width: 465.02pt;\" border=\"0\" width=\"620\" cellspacing=\"0\" cellpadding=\"0\">\n<tbody>\n<tr style=\"height: 13.50pt;\">\n<td style=\"height: 13.50pt; width: 155.25pt;\" width=\"207\" height=\"18\">Especifica\u00e7\u00e3o<\/td>\n<td style=\"width: 309.75pt;\" width=\"413\">Detalhes<\/td>\n<\/tr>\n<tr style=\"height: 13.50pt;\">\n<td style=\"height: 13.50pt;\" height=\"18\">Capacidade<\/td>\n<td>120ml \/ 200ml<\/td>\n<\/tr>\n<tr style=\"height: 13.50pt;\">\n<td style=\"height: 13.50pt;\" height=\"18\">Dimens\u00f5es<\/td>\n<td>90\u00d736\u00d796mm \/ 96\u00d748\u00d7105mm<\/td>\n<\/tr>\n<tr style=\"height: 13.50pt;\">\n<td style=\"height: 13.50pt;\" height=\"18\">Di\u00e2metro interno\/externo do pesco\u00e7o<\/td>\n<td>17 mm \/ 27 mm<\/td>\n<\/tr>\n<tr style=\"height: 13.50pt;\">\n<td style=\"height: 13.50pt;\" height=\"18\">Material<\/td>\n<td>Vidro de s\u00f3dio-c\u00e1lcio<\/td>\n<\/tr>\n<tr style=\"height: 13.50pt;\">\n<td style=\"height: 13.50pt;\" height=\"18\">Formato de garrafa<\/td>\n<td>Prisma retangular<\/td>\n<\/tr>\n<tr style=\"height: 13.50pt;\">\n<td style=\"height: 13.50pt;\" height=\"18\">Escopo de personaliza\u00e7\u00e3o<\/td>\n<td>Cor, Acabamento (Fosco, Transparente), Tamanho<\/td>\n<\/tr>\n<tr style=\"height: 13.50pt;\">\n<td style=\"height: 13.50pt;\" height=\"18\">Artesanato<\/td>\n<td>Conforma\u00e7\u00e3o retangular de precis\u00e3o, acabamento polido de alto brilho.<\/td>\n<\/tr>\n<tr style=\"height: 13.50pt;\">\n<td style=\"height: 13.50pt;\" height=\"18\">Finalidade do produto<\/td>\n<td>Frascos difusores de varetas no atacado, artigos de vidro para difusor<\/td>\n<\/tr>\n<tr style=\"height: 13.50pt;\">\n<td style=\"height: 13.50pt;\" height=\"18\">Ind\u00fastrias adequadas<\/td>\n<td>Marcas de fragr\u00e2ncias para o lar, grupos hoteleiros<\/td>\n<\/tr>\n<\/tbody>\n<\/table>\n<h2>Hist\u00f3ria de sucesso<\/h2>\n<p>Uma das principais redes hoteleiras da Am\u00e9rica do Norte comprou nossos frascos difusores de 200 ml no atacado. A imagem da marca estava perfeitamente alinhada com o formato retangular minimalista, e o tamanho de 200 ml minimizou a necessidade de recargas, economizando 20% nos custos de limpeza dos quartos. As misturas personalizadas de \u00f3leos essenciais ficaram claramente vis\u00edveis no vidro, resultando em um aumento de 15% nas vendas para os clientes. A rede hoteleira ficou bastante satisfeita e fez um novo pedido de 1,2 milh\u00e3o de frascos para atender \u00e0s necessidades de abastecimento de todos os seus hot\u00e9is nos pr\u00f3ximos tr\u00eas anos.<\/p>\n<h2>Modelos de personaliza\u00e7\u00e3o de frascos difusores no atacado<\/h2>\n<ul>\n<li>Colora\u00e7\u00e3o de vidros: o vidro pode ser colorido em tons de transparente, cinza claro ou preto fum\u00ea para criar diferentes ambientes.<\/li>\n<li>Tamanhos personalizados: Altere ligeiramente as propor\u00e7\u00f5es dos tamanhos, mantendo o formato retangular.<\/li>\n<li>Revestimento fosco: Adicione um revestimento macio ao toque ou fosco para uma sensa\u00e7\u00e3o de alta qualidade.<\/li>\n<li>Serigrafia: Imprima marcas ou imagens de forma clara e atraente com tinta cer\u00e2mica de longa dura\u00e7\u00e3o.<\/li>\n<\/ul>","protected":false},"excerpt":{"rendered":"<p>Frascos difusores transparentes para atacado, feitos de cristal de alta qualidade, ideais para recargas e exibi\u00e7\u00e3o de difusores de varetas. Envio r\u00e1pido para todo o mundo.<\/p>","protected":false},"featured_media":4685,"template":"","meta":{"postBodyCss":"","postBodyMargin":[],"postBodyPadding":[],"postBodyBackground":{"backgroundType":"classic","gradient":""}},"product_brand":[],"product_cat":[15,16,63],"product_tag":[],"class_list":{"0":"post-4684","1":"product","2":"type-product","3":"status-publish","4":"has-post-thumbnail","6":"product_cat-glass-containers","7":"product_cat-glass-bottles","8":"product_cat-reed-diffuser-bottles","10":"first","11":"instock","12":"shipping-taxable","13":"product-type-simple"},"jetpack_sharing_enabled":true,"_links":{"self":[{"href":"https:\/\/minghanggroup.com\/pt\/wp-json\/wp\/v2\/product\/4684","targetHints":{"allow":["GET"]}}],"collection":[{"href":"https:\/\/minghanggroup.com\/pt\/wp-json\/wp\/v2\/product"}],"about":[{"href":"https:\/\/minghanggroup.com\/pt\/wp-json\/wp\/v2\/types\/product"}],"wp:featuredmedia":[{"embeddable":true,"href":"https:\/\/minghanggroup.com\/pt\/wp-json\/wp\/v2\/media\/4685"}],"wp:attachment":[{"href":"https:\/\/minghanggroup.com\/pt\/wp-json\/wp\/v2\/media?parent=4684"}],"wp:term":[{"taxonomy":"product_brand","embeddable":true,"href":"https:\/\/minghanggroup.com\/pt\/wp-json\/wp\/v2\/product_brand?post=4684"},{"taxonomy":"product_cat","embeddable":true,"href":"https:\/\/minghanggroup.com\/pt\/wp-json\/wp\/v2\/product_cat?post=4684"},{"taxonomy":"product_tag","embeddable":true,"href":"https:\/\/minghanggroup.com\/pt\/wp-json\/wp\/v2\/product_tag?post=4684"}],"curies":[{"name":"wp","href":"https:\/\/api.w.org\/{rel}","templated":true}]}}