{"id":4664,"date":"2026-01-15T10:29:57","date_gmt":"2026-01-15T02:29:57","guid":{"rendered":"https:\/\/minghanggroup.com\/?post_type=product&#038;p=4664"},"modified":"2026-01-15T10:29:59","modified_gmt":"2026-01-15T02:29:59","slug":"faceted-diffuser-bottles-and-reeds-for-packaging-bulk","status":"publish","type":"product","link":"https:\/\/minghanggroup.com\/pt\/produto\/faceted-diffuser-bottles-and-reeds-for-packaging-bulk\/","title":{"rendered":"Frascos difusores facetados de 100ml e 200ml com varetas para embalagens a granel"},"content":{"rendered":"<p>Os frascos e varetas do seu difusor n\u00e3o devem apenas armazenar o aroma \u2014 eles devem iluminar cada ambiente. Como fabricantes l\u00edderes de frascos para difusores de fragr\u00e2ncias, criamos frascos de vidro que transformam seu difusor de \u00f3leos essenciais em um cora\u00e7\u00e3o silencioso para o seu lar.<\/p>\n<h2>Caracter\u00edsticas do produto<\/h2>\n<ul>\n<li><strong>Pingente com design facetado:<\/strong> Seu difusor de ambiente n\u00e3o ser\u00e1 apenas redondo, resistente e com um design moderno e exclusivo, mas tamb\u00e9m uma pe\u00e7a de decora\u00e7\u00e3o.<\/li>\n<li><strong>Diamante, Luz Lapidada M\u00e1gica:<\/strong> As facetas n\u00edtidas criam uma dispers\u00e3o de luz com um toque vintage para a fragr\u00e2ncia da sua casa.<\/li>\n<li><strong>Palheta, pesco\u00e7o pronto:<\/strong> Voc\u00ea pode inserir as novas varetas redondas ou difusoras diretamente, sem qualquer dificuldade de encaixe.<\/li>\n<\/ul>\n<h2>Especifica\u00e7\u00f5es principais<\/h2>\n<table style=\"border-collapse: collapse; width: 80%; margin-right: auto; margin-left: auto;\" border=\"0\" width=\"360\" cellspacing=\"0\" cellpadding=\"0\">\n<tbody>\n<tr style=\"height: 13.50pt;\">\n<td style=\"height: 13.5pt; width: 54pt; text-align: center;\" width=\"72\" height=\"18\">Tamanho (ml)<\/td>\n<td style=\"width: 54pt; text-align: center;\" width=\"72\">Dimens\u00f5es (mm)<\/td>\n<td style=\"width: 54pt; text-align: center;\" width=\"72\">Di\u00e2metro do pesco\u00e7o<\/td>\n<td style=\"width: 54pt; text-align: center;\" width=\"72\">Forma<\/td>\n<td style=\"width: 54pt; text-align: center;\" width=\"72\">Processos dispon\u00edveis<\/td>\n<\/tr>\n<tr style=\"height: 13.50pt;\">\n<td style=\"height: 13.5pt; text-align: center;\" height=\"18\">100<\/td>\n<td style=\"text-align: center;\">81 \u00d7 82<\/td>\n<td class=\"et2\" style=\"text-align: center;\" rowspan=\"2\">17,5\/26,8 mm<\/td>\n<td class=\"et2\" style=\"text-align: center;\" rowspan=\"2\">Ab\u00f3bora<\/td>\n<td class=\"et2\" style=\"text-align: center;\" rowspan=\"2\">Galvanoplastia, pintura, corte, serigrafia, etc.<\/td>\n<\/tr>\n<tr style=\"height: 13.50pt;\">\n<td style=\"height: 13.5pt; text-align: center;\" height=\"18\">200<\/td>\n<td style=\"text-align: center;\">93 \u00d7 93<\/td>\n<\/tr>\n<\/tbody>\n<\/table>\n<h2>Caso de sucesso<\/h2>\n<p>Uma pequena empresa de fragr\u00e2ncias para casa, que utiliza \u00f3leos essenciais naturais em seus difusores, desejava que suas embalagens refletissem melhor o aroma artesanal e luxuoso de seus produtos. Para o lan\u00e7amento de uma nova linha, escolheram nossos frascos de vidro para difusor e varetas, e personalizaram os frascos com um tom de ouro rosa, um logotipo discreto em relevo no ombro do frasco e delicados padr\u00f5es bot\u00e2nicos estampados em seda.<\/p>\n<p>Ap\u00f3s a ado\u00e7\u00e3o dessa nova embalagem, a marca revelou que, durante testes em lojas, houve um aumento de 35% na atratividade dos produtos nas prateleiras e uma melhora significativa no reconhecimento da marca entre os clientes recorrentes. Consequentemente, os frascos de perfume se tornaram a embalagem padr\u00e3o para sua principal linha de produtos.<\/p>\n<h2>Suas op\u00e7\u00f5es de personaliza\u00e7\u00e3o<\/h2>\n<ol>\n<li><strong>Personaliza\u00e7\u00e3o da cor da garrafa:<\/strong> Voc\u00ea pode escolher entre vidro transparente, \u00e2mbar, cinza fum\u00ea ou degrad\u00ea para combinar com diferentes fragr\u00e2ncias e estilos de decora\u00e7\u00e3o.<\/li>\n<li><strong>Personaliza\u00e7\u00e3o do logotipo da marca:<\/strong> Voc\u00ea pode colocar seu logotipo, um design personalizado ou texto no corpo, ombro ou base do frasco difusor de fragr\u00e2ncias com acabamento em relevo.<\/li>\n<li><strong>Op\u00e7\u00f5es de bon\u00e9 e acess\u00f3rios:<\/strong> Escolha entre uma ampla variedade de tampas, incluindo tampas de madeira, tampas de metal galvanizado e tampas de pl\u00e1stico fosco, e combine-as com varetas arom\u00e1ticas de diversos materiais e cores.<\/li>\n<\/ol>","protected":false},"excerpt":{"rendered":"<p>Frascos de vidro difusores e varetas com design facetado. Fornecimento direto da f\u00e1brica por especialistas em frascos difusores de fragr\u00e2ncias, com op\u00e7\u00e3o de personaliza\u00e7\u00e3o em grandes quantidades.<\/p>","protected":false},"featured_media":4668,"template":"","meta":{"postBodyCss":"","postBodyMargin":[],"postBodyPadding":[],"postBodyBackground":{"backgroundType":"classic","gradient":""}},"product_brand":[],"product_cat":[15,16,63],"product_tag":[],"class_list":{"0":"post-4664","1":"product","2":"type-product","3":"status-publish","4":"has-post-thumbnail","6":"product_cat-glass-containers","7":"product_cat-glass-bottles","8":"product_cat-reed-diffuser-bottles","10":"first","11":"instock","12":"shipping-taxable","13":"product-type-simple"},"jetpack_sharing_enabled":true,"_links":{"self":[{"href":"https:\/\/minghanggroup.com\/pt\/wp-json\/wp\/v2\/product\/4664","targetHints":{"allow":["GET"]}}],"collection":[{"href":"https:\/\/minghanggroup.com\/pt\/wp-json\/wp\/v2\/product"}],"about":[{"href":"https:\/\/minghanggroup.com\/pt\/wp-json\/wp\/v2\/types\/product"}],"wp:featuredmedia":[{"embeddable":true,"href":"https:\/\/minghanggroup.com\/pt\/wp-json\/wp\/v2\/media\/4668"}],"wp:attachment":[{"href":"https:\/\/minghanggroup.com\/pt\/wp-json\/wp\/v2\/media?parent=4664"}],"wp:term":[{"taxonomy":"product_brand","embeddable":true,"href":"https:\/\/minghanggroup.com\/pt\/wp-json\/wp\/v2\/product_brand?post=4664"},{"taxonomy":"product_cat","embeddable":true,"href":"https:\/\/minghanggroup.com\/pt\/wp-json\/wp\/v2\/product_cat?post=4664"},{"taxonomy":"product_tag","embeddable":true,"href":"https:\/\/minghanggroup.com\/pt\/wp-json\/wp\/v2\/product_tag?post=4664"}],"curies":[{"name":"wp","href":"https:\/\/api.w.org\/{rel}","templated":true}]}}