{"id":4663,"date":"2026-01-15T09:13:16","date_gmt":"2026-01-15T01:13:16","guid":{"rendered":"https:\/\/minghanggroup.com\/?post_type=product&#038;p=4663"},"modified":"2026-01-15T11:07:08","modified_gmt":"2026-01-15T03:07:08","slug":"square-empty-reed-diffuser-glass-bottles-bulk","status":"publish","type":"product","link":"https:\/\/minghanggroup.com\/pt\/produto\/square-empty-reed-diffuser-glass-bottles-bulk\/","title":{"rendered":"Frascos de vidro vazios quadrados de 100ml para difusor de varetas (em grande quantidade)"},"content":{"rendered":"<p>Esses frascos de vidro para difusor de varetas s\u00e3o feitos de vidro cristalino. O formato retangular com \u00e2ngulos acentuados demonstra perfeitamente a fragr\u00e2ncia dos \u00f3leos essenciais em seu interior.<\/p>\n<h2>Caracter\u00edsticas do produto<\/h2>\n<ul>\n<li><strong>Ret\u00e2ngulo geom\u00e9trico minimalista:<\/strong> A figura retangular com \u00e2ngulos agudos produz um efeito visual arrojado, moderno e sofisticado.<\/li>\n<li><strong>Frasco de cristal transparente:<\/strong> O vidro \u00e9 totalmente transparente e mostra claramente a cor dos \u00f3leos essenciais, e a refra\u00e7\u00e3o da luz real\u00e7a ainda mais a textura transparente dos \u00f3leos, o que proporciona a melhor combina\u00e7\u00e3o de notas olfativas.<\/li>\n<li><strong>Grande capacidade:<\/strong> O tamanho grande de 100ml tamb\u00e9m \u00e9 bom e pode durar bastante tempo em ambientes normais.<\/li>\n<\/ul>\n<h2 style=\"text-align: left;\">Especifica\u00e7\u00f5es principais<\/h2>\n<table class=\"aligncenter\" style=\"border-collapse: collapse; width: 480.77pt;\" border=\"0\" width=\"641\" cellspacing=\"0\" cellpadding=\"0\">\n<tbody>\n<tr style=\"height: 13.50pt;\">\n<td style=\"height: 13.50pt; width: 155.25pt;\" width=\"207\" height=\"18\">Especifica\u00e7\u00e3o<\/td>\n<td style=\"width: 325.50pt;\" width=\"434\">Detalhes<\/td>\n<\/tr>\n<tr style=\"height: 13.50pt;\">\n<td style=\"height: 13.50pt;\" height=\"18\">Capacidade<\/td>\n<td>100ml<\/td>\n<\/tr>\n<tr style=\"height: 13.50pt;\">\n<td style=\"height: 13.50pt;\" height=\"18\">Dimens\u00f5es<\/td>\n<td>89\u00d736\u00d796mm<\/td>\n<\/tr>\n<tr style=\"height: 13.50pt;\">\n<td style=\"height: 13.50pt;\" height=\"18\">Di\u00e2metro interno\/externo do pesco\u00e7o<\/td>\n<td>19 mm \/ 31 mm<\/td>\n<\/tr>\n<tr style=\"height: 13.50pt;\">\n<td style=\"height: 13.50pt;\" height=\"18\">Material<\/td>\n<td>Vidro de s\u00f3dio-c\u00e1lcio<\/td>\n<\/tr>\n<tr style=\"height: 13.50pt;\">\n<td style=\"height: 13.50pt;\" height=\"18\">Formato de garrafa<\/td>\n<td>Prisma retangular<\/td>\n<\/tr>\n<tr style=\"height: 13.50pt;\">\n<td style=\"height: 13.50pt;\" height=\"18\">Escopo de personaliza\u00e7\u00e3o<\/td>\n<td>Formato, tamanho, cor, acabamento (fosco, fosco, brilhante)<\/td>\n<\/tr>\n<tr style=\"height: 13.50pt;\">\n<td style=\"height: 13.50pt;\" height=\"18\">Artesanato<\/td>\n<td>Moldagem de vidro retangular de precis\u00e3o, bordas altamente polidas.<\/td>\n<\/tr>\n<tr style=\"height: 13.50pt;\">\n<td style=\"height: 13.50pt;\" height=\"18\">Finalidade do produto<\/td>\n<td>Frascos de vidro para difusores de varetas, recipientes para \u00f3leos perfumados.<\/td>\n<\/tr>\n<tr style=\"height: 13.50pt;\">\n<td style=\"height: 13.50pt;\" height=\"18\">Ind\u00fastrias adequadas<\/td>\n<td>Marcas de fragr\u00e2ncias para o lar, design de interiores, hot\u00e9is e spas<\/td>\n<\/tr>\n<\/tbody>\n<\/table>\n<h2>Caso de sucesso: Produto principal da marca Home Living, Toronto<\/h2>\n<p>Uma marca canadense de artigos para o lar lan\u00e7ou sua pr\u00f3pria linha de difusores de varetas naturais. Eles escolheram nossos frascos de vidro de 100ml para difusor como produto principal. A marca se destacou pelo formato retangular simples, com 90% de visibilidade nas prateleiras das lojas parceiras. O design minimalista impactou positivamente o compartilhamento do produto nas redes sociais, principalmente em imagens de decora\u00e7\u00e3o. A marca ficou t\u00e3o satisfeita com o desempenho e a aceita\u00e7\u00e3o do produto no mercado que encomendou 400.000 unidades para complementar a distribui\u00e7\u00e3o nacional e a nova cole\u00e7\u00e3o sazonal.<\/p>\n<h2>Personaliza\u00e7\u00e3o de Frascos Difusores de Vidro<\/h2>\n<ul>\n<li>Cores e tonalidades do vidro: O vidro pode ter uma das quatro cores: transparente, cinza claro, \u00e2mbar ou verde floresta.<\/li>\n<li>Grava\u00e7\u00e3o a laser: Uma das maneiras \u00e9 gravar um pequeno logotipo, desenho ou nome na superf\u00edcie plana do vidro por meio de um laser.<\/li>\n<li>Rolhas personalizadas: Est\u00e3o dispon\u00edveis rolhas personalizadas que combinam com o recipiente, por exemplo, madeira natural, corti\u00e7a ou metal fosco.<\/li>\n<li>Serigrafia: Utilize tinta cer\u00e2mica para imprimir um logotipo de marca ou uma borda com nitidez e precis\u00e3o.<\/li>\n<\/ul>","protected":false},"excerpt":{"rendered":"<p>Frascos difusores de varetas retangulares transparentes, fabricados em vidro de alta transpar\u00eancia, ideais para interiores modernos. Pre\u00e7os especiais para compras no atacado.<\/p>","protected":false},"featured_media":4671,"template":"","meta":{"postBodyCss":"","postBodyMargin":[],"postBodyPadding":[],"postBodyBackground":{"backgroundType":"classic","gradient":""}},"product_brand":[],"product_cat":[15,16,63],"product_tag":[],"class_list":{"0":"post-4663","1":"product","2":"type-product","3":"status-publish","4":"has-post-thumbnail","6":"product_cat-glass-containers","7":"product_cat-glass-bottles","8":"product_cat-reed-diffuser-bottles","10":"first","11":"instock","12":"shipping-taxable","13":"product-type-simple"},"jetpack_sharing_enabled":true,"_links":{"self":[{"href":"https:\/\/minghanggroup.com\/pt\/wp-json\/wp\/v2\/product\/4663","targetHints":{"allow":["GET"]}}],"collection":[{"href":"https:\/\/minghanggroup.com\/pt\/wp-json\/wp\/v2\/product"}],"about":[{"href":"https:\/\/minghanggroup.com\/pt\/wp-json\/wp\/v2\/types\/product"}],"wp:featuredmedia":[{"embeddable":true,"href":"https:\/\/minghanggroup.com\/pt\/wp-json\/wp\/v2\/media\/4671"}],"wp:attachment":[{"href":"https:\/\/minghanggroup.com\/pt\/wp-json\/wp\/v2\/media?parent=4663"}],"wp:term":[{"taxonomy":"product_brand","embeddable":true,"href":"https:\/\/minghanggroup.com\/pt\/wp-json\/wp\/v2\/product_brand?post=4663"},{"taxonomy":"product_cat","embeddable":true,"href":"https:\/\/minghanggroup.com\/pt\/wp-json\/wp\/v2\/product_cat?post=4663"},{"taxonomy":"product_tag","embeddable":true,"href":"https:\/\/minghanggroup.com\/pt\/wp-json\/wp\/v2\/product_tag?post=4663"}],"curies":[{"name":"wp","href":"https:\/\/api.w.org\/{rel}","templated":true}]}}