{"id":4653,"date":"2026-01-14T16:37:14","date_gmt":"2026-01-14T08:37:14","guid":{"rendered":"https:\/\/minghanggroup.com\/?post_type=product&#038;p=4653"},"modified":"2026-01-14T16:37:16","modified_gmt":"2026-01-14T08:37:16","slug":"diamond-texture-clear-reed-diffuser-bottles-bulk","status":"publish","type":"product","link":"https:\/\/minghanggroup.com\/pt\/produto\/diamond-texture-clear-reed-diffuser-bottles-bulk\/","title":{"rendered":"Frascos difusores de varetas transparentes com textura de diamante, 100ml e 200ml (em atacado)"},"content":{"rendered":"<p>Os frascos do seu difusor n\u00e3o devem apenas conter o aroma \u2014 eles devem fazer a luz dan\u00e7ar por todas as suas faces. Como fabricantes de frascos para fragr\u00e2ncias, criamos frascos de vidro para difusores que transformam seu difusor de \u00f3leos essenciais em uma estrela silenciosa da sua casa.<\/p>\n<h2>Caracter\u00edsticas do produto<\/h2>\n<ul>\n<li><strong>Diamante, Corte e Luz:<\/strong>Facetas n\u00edtidas que captam e dispersam a luz: um luxo vintage para o difusor do seu ambiente.<\/li>\n<li><strong>Formato de bola est\u00e1vel:<\/strong>A esfera \u00e9 t\u00e3o perfeita que \u00e9 imposs\u00edvel que balance nas prateleiras. Seu difusor de varetas de vidro tem um toque s\u00f3lido e luxuoso.<\/li>\n<li><strong>Reed, Design Pronto:<\/strong>Insira as varetas redondas ou difusoras diretamente no gargalo \u2014 sem necessidade de encaixe complicado.<\/li>\n<\/ul>\n<h2>Especifica\u00e7\u00f5es principais<\/h2>\n<table style=\"border-collapse: collapse; width: 80%; margin-left: auto; margin-right: auto;\" border=\"0\" width=\"288\" cellspacing=\"0\" cellpadding=\"0\">\n<tbody>\n<tr style=\"height: 13.50pt;\">\n<td style=\"height: 13.5pt; width: 54pt; text-align: center;\" width=\"72\" height=\"18\">Tamanho (ml)<\/td>\n<td style=\"width: 54pt; text-align: center;\" width=\"72\">Dimens\u00f5es (mm)<\/td>\n<td style=\"width: 54pt; text-align: center;\" width=\"72\">Recurso principal<\/td>\n<td style=\"width: 54pt; text-align: center;\" width=\"72\">Op\u00e7\u00f5es de cores<\/td>\n<\/tr>\n<tr style=\"height: 13.50pt;\">\n<td style=\"height: 13.5pt; text-align: center;\" align=\"right\" height=\"18\">100<\/td>\n<td style=\"text-align: center;\">70 \u00d7 84<\/td>\n<td class=\"et2\" style=\"text-align: center;\" rowspan=\"2\">Facetas lapidadas em diamante<\/td>\n<td class=\"et2\" style=\"text-align: center;\" rowspan=\"2\">Claro ou personalizado<\/td>\n<\/tr>\n<tr style=\"height: 13.50pt;\">\n<td style=\"height: 13.5pt; text-align: center;\" align=\"right\" height=\"18\">200<\/td>\n<td style=\"text-align: center;\">85 \u00d7 97<\/td>\n<\/tr>\n<\/tbody>\n<\/table>\n<h2>Caso de sucesso<\/h2>\n<p>Uma marca de fragr\u00e2ncias para casa e produtos de estilo de vida nos escolheu para lan\u00e7ar um frasco difusor de 200ml para sua linha de difusores de varetas de luxo. O cliente optou por um gargalo met\u00e1lico e varetas escuras para elevar o n\u00edvel e a durabilidade do produto. Al\u00e9m disso, escolheram um frasco rosa claro para complementar a atmosfera. Ap\u00f3s o lan\u00e7amento, a linha de fragr\u00e2ncias foi um grande sucesso em lojas de presentes e decora\u00e7\u00e3o, com um aumento de cerca de 25% nas vendas no primeiro trimestre, o que impulsionou significativamente a marca no mercado de fragr\u00e2ncias para casa de m\u00e9dio a alto padr\u00e3o.<\/p>\n<h2>Suas op\u00e7\u00f5es de personaliza\u00e7\u00e3o<\/h2>\n<ol>\n<li><strong>Sele\u00e7\u00e3o do material do gargalo e da tampa da garrafa:<\/strong> Gargalos de garrafa personaliz\u00e1veis \u200b\u200bem metal galvanizado, metal fosco, madeira ou com apar\u00eancia de madeira est\u00e3o dispon\u00edveis para transmitir estilos modernos, naturais ou de luxo discreto.<\/li>\n<li><strong>Combina\u00e7\u00e3o de tipo e cor de palheta:<\/strong> O rattan natural, o rattan de fibra ou o rattan plano est\u00e3o dispon\u00edveis em preto, marrom escuro ou cores naturais para controlar a velocidade de difus\u00e3o e o estilo visual.<\/li>\n<li><strong>Cor e tratamento de superf\u00edcie do vidro:<\/strong> Acabamentos personaliz\u00e1veis \u200b\u200bem tons de cinza esfuma\u00e7ado claro, \u00e2mbar ou com pintura interna em spray est\u00e3o dispon\u00edveis em vidro transparente, equilibrando o apelo decorativo com a prote\u00e7\u00e3o do l\u00edquido da fragr\u00e2ncia.<\/li>\n<\/ol>","protected":false},"excerpt":{"rendered":"<p>Frascos difusores projetados como difusores de varetas transparentes para marcas de fragr\u00e2ncias para o lar. Fornecimento direto da f\u00e1brica com personaliza\u00e7\u00e3o em grande quantidade e envio r\u00e1pido dispon\u00edveis.<\/p>","protected":false},"featured_media":4657,"template":"","meta":{"postBodyCss":"","postBodyMargin":[],"postBodyPadding":[],"postBodyBackground":{"backgroundType":"classic","gradient":""}},"product_brand":[],"product_cat":[16,15,63],"product_tag":[],"class_list":{"0":"post-4653","1":"product","2":"type-product","3":"status-publish","4":"has-post-thumbnail","6":"product_cat-glass-bottles","7":"product_cat-glass-containers","8":"product_cat-reed-diffuser-bottles","10":"first","11":"instock","12":"shipping-taxable","13":"product-type-simple"},"jetpack_sharing_enabled":true,"_links":{"self":[{"href":"https:\/\/minghanggroup.com\/pt\/wp-json\/wp\/v2\/product\/4653","targetHints":{"allow":["GET"]}}],"collection":[{"href":"https:\/\/minghanggroup.com\/pt\/wp-json\/wp\/v2\/product"}],"about":[{"href":"https:\/\/minghanggroup.com\/pt\/wp-json\/wp\/v2\/types\/product"}],"wp:featuredmedia":[{"embeddable":true,"href":"https:\/\/minghanggroup.com\/pt\/wp-json\/wp\/v2\/media\/4657"}],"wp:attachment":[{"href":"https:\/\/minghanggroup.com\/pt\/wp-json\/wp\/v2\/media?parent=4653"}],"wp:term":[{"taxonomy":"product_brand","embeddable":true,"href":"https:\/\/minghanggroup.com\/pt\/wp-json\/wp\/v2\/product_brand?post=4653"},{"taxonomy":"product_cat","embeddable":true,"href":"https:\/\/minghanggroup.com\/pt\/wp-json\/wp\/v2\/product_cat?post=4653"},{"taxonomy":"product_tag","embeddable":true,"href":"https:\/\/minghanggroup.com\/pt\/wp-json\/wp\/v2\/product_tag?post=4653"}],"curies":[{"name":"wp","href":"https:\/\/api.w.org\/{rel}","templated":true}]}}