{"id":4651,"date":"2026-01-14T15:16:13","date_gmt":"2026-01-14T07:16:13","guid":{"rendered":"https:\/\/minghanggroup.com\/?post_type=product&#038;p=4651"},"modified":"2026-01-14T16:33:45","modified_gmt":"2026-01-14T08:33:45","slug":"round-diffuser-glassware-with-spiral-texture-design-bulk","status":"publish","type":"product","link":"https:\/\/minghanggroup.com\/pt\/produto\/round-diffuser-glassware-with-spiral-texture-design-bulk\/","title":{"rendered":"Difusor de vidro redondo de 100ml e 250ml com design de textura espiral (a granel)"},"content":{"rendered":"<p>Este difusor de vidro cristalino foi projetado em um recipiente de vidro. Os padr\u00f5es fluidos em espiral, esculpidos no corpo esf\u00e9rico liso, brilham e cintilam \u00e0 luz.<\/p>\n<h2>Caracter\u00edsticas do produto<\/h2>\n<ul>\n<li><strong>Textura Espiral:<\/strong> A textura espiral na garrafa n\u00e3o s\u00f3 facilita o manuseio, como tamb\u00e9m proporciona m\u00faltiplos n\u00edveis de textura visual, devido \u00e0 refra\u00e7\u00e3o da luz, tornando-a ainda mais art\u00edstica.<\/li>\n<li><strong>Design esf\u00e9rico:<\/strong> A superf\u00edcie lisa e arredondada da base proporciona uma est\u00e9tica suave que garante um posicionamento est\u00e1vel sobre as mesas e se adapta \u00e0 maioria dos estilos de decora\u00e7\u00e3o.<\/li>\n<li><strong>Material de cristal transparente:<\/strong> O vidro totalmente transparente exibe claramente a cor dos \u00f3leos essenciais de aromaterapia sobre a textura cristalina do vidro e seu brilho, conferindo-lhe um toque de eleg\u00e2ncia e sofistica\u00e7\u00e3o.<\/li>\n<\/ul>\n<h2 style=\"text-align: left;\">Especifica\u00e7\u00f5es principais<\/h2>\n<table class=\"aligncenter\" style=\"border-collapse: collapse; width: 493.52pt;\" border=\"0\" width=\"658\" cellspacing=\"0\" cellpadding=\"0\">\n<tbody>\n<tr style=\"height: 13.50pt;\">\n<td style=\"height: 13.50pt; width: 111.75pt;\" width=\"149\" height=\"18\">Especifica\u00e7\u00e3o<\/td>\n<td style=\"width: 381.75pt;\" width=\"509\">Detalhes<\/td>\n<\/tr>\n<tr style=\"height: 13.50pt;\">\n<td style=\"height: 13.50pt;\" height=\"18\">Capacidade<\/td>\n<td>100ml \/ 250ml<\/td>\n<\/tr>\n<tr style=\"height: 13.50pt;\">\n<td style=\"height: 13.50pt;\" height=\"18\">Dimens\u00f5es<\/td>\n<td>71,3\u00d784,2mm \/ 91,1\u00d7103,7mm<\/td>\n<\/tr>\n<tr style=\"height: 13.50pt;\">\n<td style=\"height: 13.50pt;\" height=\"18\">Material<\/td>\n<td>Vidro de s\u00f3dio-c\u00e1lcio<\/td>\n<\/tr>\n<tr style=\"height: 13.50pt;\">\n<td style=\"height: 13.50pt;\" height=\"18\">Formato de garrafa<\/td>\n<td>Esfera com textura espiral na superf\u00edcie<\/td>\n<\/tr>\n<tr style=\"height: 13.50pt;\">\n<td style=\"height: 13.50pt;\" height=\"18\">Escopo de personaliza\u00e7\u00e3o<\/td>\n<td>Forma, tamanho, cor, textura, acabamento (fosco, brilhante)<\/td>\n<\/tr>\n<tr style=\"height: 13.50pt;\">\n<td style=\"height: 13.50pt;\" height=\"18\">Artesanato<\/td>\n<td>Moldagem complexa de vidro com textura 3D integrada e precis\u00e3o de rosca.<\/td>\n<\/tr>\n<tr style=\"height: 13.50pt;\">\n<td style=\"height: 13.50pt;\" height=\"18\">Finalidade do produto<\/td>\n<td>Frascos de vidro para difusor de varetas, acess\u00f3rios de vidro para difusor<\/td>\n<\/tr>\n<tr style=\"height: 13.50pt;\">\n<td style=\"height: 13.50pt;\" height=\"18\">Ind\u00fastrias adequadas<\/td>\n<td>Marcas de fragr\u00e2ncias para o lar, hotelaria, spa e bem-estar<\/td>\n<\/tr>\n<\/tbody>\n<\/table>\n<h2>Caso de Sucesso: S\u00e9rie Mais Vendida da Marca N\u00f3rdica de Mobili\u00e1rio Dom\u00e9stico<\/h2>\n<p>Uma das marcas n\u00f3rdicas de mobili\u00e1rio dom\u00e9stico escolheu o nosso difusor de varetas de 250 ml, alterando o corpo de vidro fosco e a tampa de madeira branca mate. A textura espiral especial proporciona uma excelente ader\u00eancia antiderrapante, um aspeto muito apreciado pelos clientes, mencionado em 40% das avalia\u00e7\u00f5es positivas. O seu peso ideal e a sensa\u00e7\u00e3o de requinte artesanal tamb\u00e9m contribu\u00edram para um aumento de 50% nas vendas. O crescimento das vendas e o feedback recebido pela marca foram muito gratificantes, raz\u00e3o pela qual encomendou mais 500.000 unidades da sua linha de produtos principal.<\/p>\n<h2>Personaliza\u00e7\u00e3o de recipientes para difusores de varetas<\/h2>\n<ul>\n<li>Cor e Transpar\u00eancia: O vidro \u00e9 transparente ou transl\u00facido em cores suaves (cinza, \u00e2mbar), ou \u00e9 branco opaco.<\/li>\n<li>Personaliza\u00e7\u00e3o de padr\u00f5es e texturas: padr\u00f5es em espiral podem ser programados para criar texturas como ondas, nervuras de folhas ou formas geom\u00e9tricas.<\/li>\n<li>Materiais personalizados para rolhas: As rolhas podem ser feitas de corti\u00e7a, madeira, cer\u00e2mica ou pl\u00e1stico fosco.<\/li>\n<li>Grava\u00e7\u00e3o a laser: Grave o nome ou o design da sua marca em uma \u00e1rea lisa pr\u00f3xima ao gargalo da garrafa.<\/li>\n<\/ul>","protected":false},"excerpt":{"rendered":"<p>Com design que apresenta detalhes em espiral esculpidos e um gargalo rosqueado, este difusor de vidro real\u00e7a a est\u00e9tica da marca. Recipiente premium para difusor de varetas com amostras gr\u00e1tis.<\/p>","protected":false},"featured_media":4659,"template":"","meta":{"postBodyCss":"","postBodyMargin":[],"postBodyPadding":[],"postBodyBackground":{"backgroundType":"classic","gradient":""}},"product_brand":[],"product_cat":[15,16,63],"product_tag":[],"class_list":{"0":"post-4651","1":"product","2":"type-product","3":"status-publish","4":"has-post-thumbnail","6":"product_cat-glass-containers","7":"product_cat-glass-bottles","8":"product_cat-reed-diffuser-bottles","10":"first","11":"instock","12":"shipping-taxable","13":"product-type-simple"},"jetpack_sharing_enabled":true,"_links":{"self":[{"href":"https:\/\/minghanggroup.com\/pt\/wp-json\/wp\/v2\/product\/4651","targetHints":{"allow":["GET"]}}],"collection":[{"href":"https:\/\/minghanggroup.com\/pt\/wp-json\/wp\/v2\/product"}],"about":[{"href":"https:\/\/minghanggroup.com\/pt\/wp-json\/wp\/v2\/types\/product"}],"wp:featuredmedia":[{"embeddable":true,"href":"https:\/\/minghanggroup.com\/pt\/wp-json\/wp\/v2\/media\/4659"}],"wp:attachment":[{"href":"https:\/\/minghanggroup.com\/pt\/wp-json\/wp\/v2\/media?parent=4651"}],"wp:term":[{"taxonomy":"product_brand","embeddable":true,"href":"https:\/\/minghanggroup.com\/pt\/wp-json\/wp\/v2\/product_brand?post=4651"},{"taxonomy":"product_cat","embeddable":true,"href":"https:\/\/minghanggroup.com\/pt\/wp-json\/wp\/v2\/product_cat?post=4651"},{"taxonomy":"product_tag","embeddable":true,"href":"https:\/\/minghanggroup.com\/pt\/wp-json\/wp\/v2\/product_tag?post=4651"}],"curies":[{"name":"wp","href":"https:\/\/api.w.org\/{rel}","templated":true}]}}