{"id":4645,"date":"2026-01-14T13:47:52","date_gmt":"2026-01-14T05:47:52","guid":{"rendered":"https:\/\/minghanggroup.com\/?post_type=product&#038;p=4645"},"modified":"2026-01-14T16:43:52","modified_gmt":"2026-01-14T08:43:52","slug":"best-cologne-bottles-inspired-by-vintage-cut-design-bulk","status":"publish","type":"product","link":"https:\/\/minghanggroup.com\/pt\/produto\/best-cologne-bottles-inspired-by-vintage-cut-design-bulk\/","title":{"rendered":"Frascos de col\u00f4nia de 100ml inspirados no design vintage (embalagem em grande quantidade)"},"content":{"rendered":"<p>Os melhores frascos de perfume n\u00e3o devem apenas conter a fragr\u00e2ncia \u2014 devem fazer com que as pessoas parem de navegar na internet. Como fabricantes de frascos para fragr\u00e2ncias, criamos frascos de vidro que transformam seu perfume personalizado em uma rel\u00edquia de fam\u00edlia que chama a aten\u00e7\u00e3o.<\/p>\n<h2>Caracter\u00edsticas do produto<\/h2>\n<ul>\n<li><strong>Bordas com corte geom\u00e9trico:<\/strong> As facetas afiadas refletem a luz, revelando o charme do vidro lapidado vintage que voc\u00ea pode usar para a embalagem de suas fragr\u00e2ncias.<\/li>\n<li><strong>Contraste da tampa prateada:<\/strong> O que s\u00e3o tampas prateadas met\u00e1licas em vidro transparente? A embalagem do seu perfume ser\u00e1 imediatamente a pr\u00f3pria defini\u00e7\u00e3o de luxo contempor\u00e2neo.<\/li>\n<li><strong>Silhueta moderna estabilizada:<\/strong> Uma base firme, sem qualquer oscila\u00e7\u00e3o. Seu frasco de perfume de vidro \u00e9 pesado e luxuoso ao toque.<\/li>\n<\/ul>\n<h2>Especifica\u00e7\u00f5es principais<\/h2>\n<table style=\"border-collapse: collapse; width: 80%; margin-left: auto; margin-right: auto;\" border=\"0\" width=\"288\" cellspacing=\"0\" cellpadding=\"0\">\n<tbody>\n<tr style=\"height: 13.50pt;\">\n<td style=\"height: 13.5pt; width: 54pt; text-align: center;\" width=\"72\" height=\"18\">Tamanho<\/td>\n<td style=\"width: 54pt; text-align: center;\" width=\"72\">Dimens\u00f5es (mm)<\/td>\n<td style=\"width: 54pt; text-align: center;\" width=\"72\">Cor do bon\u00e9<\/td>\n<td style=\"width: 54pt; text-align: center;\" width=\"72\">Tipo de veda\u00e7\u00e3o<\/td>\n<\/tr>\n<tr style=\"height: 13.50pt;\">\n<td style=\"height: 13.5pt; text-align: center;\" height=\"18\">100ml<\/td>\n<td style=\"text-align: center;\">69 \u00d7 32 \u00d7 110<\/td>\n<td style=\"text-align: center;\">Prata<\/td>\n<td style=\"text-align: center;\">Pulverizador de bomba<\/td>\n<\/tr>\n<\/tbody>\n<\/table>\n<h2>Caso de sucesso<\/h2>\n<p>Uma marca de fragr\u00e2ncias, focada principalmente no mercado masculino, decidiu firmar uma parceria conosco para personalizar este frasco de perfume de vidro facetado e, ao mesmo tempo, renovar a embalagem de seus principais produtos. O cliente desejava utilizar o frasco poligonal com tampa prateada met\u00e1lica para refletir a imagem da marca, que era ao mesmo tempo retr\u00f4 e sofisticada. O r\u00f3tulo do frasco contava a hist\u00f3ria da marca.<\/p>\n<p>Ap\u00f3s o lan\u00e7amento do produto, as vendas trimestrais aumentaram cerca de 18% em rela\u00e7\u00e3o ao ano anterior e, ao mesmo tempo, a marca conseguiu entrar com sucesso nos canais de varejo de alto padr\u00e3o.<\/p>\n<h2>Suas op\u00e7\u00f5es de personaliza\u00e7\u00e3o<\/h2>\n<ol>\n<li><strong>Cor da tampa: <\/strong>Combine as tampas prateadas com as fam\u00edlias olfativas (por exemplo, prata para c\u00edtricos, dourado para amadeirados). A tampa do seu perfume \u00e9 o primeiro elemento que conta a sua hist\u00f3ria, mesmo antes da primeira borrifada.<\/li>\n<li><strong>Grava\u00e7\u00e3o a laser para o legado: <\/strong>Adicionar um logotipo minimalista \u00e0s facetas geom\u00e9tricas dos frascos transforma as embalagens de fragr\u00e2ncias em temas que iniciam conversas.<\/li>\n<li><strong>Facetas foscas para um brilho suave: <\/strong>Aplique uma leve camada fosca nas bordas geom\u00e9tricas, conferindo um brilho suave \u00e0 luz do dia, sem custo adicional.<\/li>\n<\/ol>","protected":false},"excerpt":{"rendered":"<p>Os melhores frascos de col\u00f4nia com bordas geom\u00e9tricas recortadas. Esses frascos de perfume de vidro lapidado vintage oferecem personaliza\u00e7\u00e3o em grande quantidade e envio r\u00e1pido para marcas.<\/p>","protected":false},"featured_media":4649,"template":"","meta":{"postBodyCss":"","postBodyMargin":[],"postBodyPadding":[],"postBodyBackground":{"backgroundType":"classic","gradient":""}},"product_brand":[],"product_cat":[15,16,62],"product_tag":[],"class_list":{"0":"post-4645","1":"product","2":"type-product","3":"status-publish","4":"has-post-thumbnail","6":"product_cat-glass-containers","7":"product_cat-glass-bottles","8":"product_cat-perfume-bottles","10":"first","11":"instock","12":"shipping-taxable","13":"product-type-simple"},"jetpack_sharing_enabled":true,"_links":{"self":[{"href":"https:\/\/minghanggroup.com\/pt\/wp-json\/wp\/v2\/product\/4645","targetHints":{"allow":["GET"]}}],"collection":[{"href":"https:\/\/minghanggroup.com\/pt\/wp-json\/wp\/v2\/product"}],"about":[{"href":"https:\/\/minghanggroup.com\/pt\/wp-json\/wp\/v2\/types\/product"}],"wp:featuredmedia":[{"embeddable":true,"href":"https:\/\/minghanggroup.com\/pt\/wp-json\/wp\/v2\/media\/4649"}],"wp:attachment":[{"href":"https:\/\/minghanggroup.com\/pt\/wp-json\/wp\/v2\/media?parent=4645"}],"wp:term":[{"taxonomy":"product_brand","embeddable":true,"href":"https:\/\/minghanggroup.com\/pt\/wp-json\/wp\/v2\/product_brand?post=4645"},{"taxonomy":"product_cat","embeddable":true,"href":"https:\/\/minghanggroup.com\/pt\/wp-json\/wp\/v2\/product_cat?post=4645"},{"taxonomy":"product_tag","embeddable":true,"href":"https:\/\/minghanggroup.com\/pt\/wp-json\/wp\/v2\/product_tag?post=4645"}],"curies":[{"name":"wp","href":"https:\/\/api.w.org\/{rel}","templated":true}]}}