{"id":4636,"date":"2026-01-14T10:39:15","date_gmt":"2026-01-14T02:39:15","guid":{"rendered":"https:\/\/minghanggroup.com\/?post_type=product&#038;p=4636"},"modified":"2026-01-14T11:24:47","modified_gmt":"2026-01-14T03:24:47","slug":"square-glass-perfume-beautiful-bottles-bulk","status":"publish","type":"product","link":"https:\/\/minghanggroup.com\/pt\/produto\/square-glass-perfume-beautiful-bottles-bulk\/","title":{"rendered":"Frascos de vidro quadrados de 100ml para perfume (em atacado)"},"content":{"rendered":"<p>O frasco do perfume \u00e9 de um belo design, com um acabamento primoroso. O corpo cristalino, com seu vidro quadrado e angular, contrasta com a superf\u00edcie lisa do vidro da tampa cil\u00edndrica, que apresenta um padr\u00e3o marmorizado azul, criando um forte impacto visual.<\/p>\n<h2>Caracter\u00edsticas do produto<\/h2>\n<ul>\n<li><strong>Corpo angular quadrado:<\/strong> O estilo minimalista moderno \u00e9 preservado pelo corpo quadrado e limpo, pelas bordas polidas, e contribui para o conforto da pegada.<\/li>\n<li><strong>Material de cristal transparente:<\/strong> O material do cristal \u00e9 t\u00e3o transparente que a cor e a pureza da fragr\u00e2ncia ficam perfeitamente vis\u00edveis.<\/li>\n<li><strong>Tampa cil\u00edndrica texturizada azul:<\/strong> A garrafa \u00e9 coberta por uma tampa cil\u00edndrica texturizada em azul brilhante, cujo formato texturizado contribui para o estilo minimalista.<\/li>\n<\/ul>\n<h2 style=\"text-align: left;\">Especifica\u00e7\u00f5es principais<\/h2>\n<table class=\"aligncenter\" style=\"border-collapse: collapse; width: 504.77pt;\" border=\"0\" width=\"673\" cellspacing=\"0\" cellpadding=\"0\">\n<tbody>\n<tr style=\"height: 13.50pt;\">\n<td style=\"height: 13.50pt; width: 119.25pt;\" width=\"159\" height=\"18\">Especifica\u00e7\u00e3o<\/td>\n<td style=\"width: 385.50pt;\" width=\"514\">Detalhes<\/td>\n<\/tr>\n<tr style=\"height: 13.50pt;\">\n<td style=\"height: 13.50pt;\" height=\"18\">Capacidade<\/td>\n<td>100ml (3,4 oz)<\/td>\n<\/tr>\n<tr style=\"height: 13.50pt;\">\n<td style=\"height: 13.50pt;\" height=\"18\">Dimens\u00f5es<\/td>\n<td>57\u00d742\u00d796mm<\/td>\n<\/tr>\n<tr style=\"height: 13.50pt;\">\n<td style=\"height: 13.50pt;\" height=\"18\">Material<\/td>\n<td>Vidro de qualidade cristalina<\/td>\n<\/tr>\n<tr style=\"height: 13.50pt;\">\n<td style=\"height: 13.50pt;\" height=\"18\">Formato de garrafa<\/td>\n<td>Prisma quadrado<\/td>\n<\/tr>\n<tr style=\"height: 13.50pt;\">\n<td style=\"height: 13.50pt;\" height=\"18\">Escopo de personaliza\u00e7\u00e3o<\/td>\n<td>Tamanho, formato, cor, grava\u00e7\u00e3o<\/td>\n<\/tr>\n<tr style=\"height: 13.50pt;\">\n<td style=\"height: 13.50pt;\" height=\"18\">Artesanato<\/td>\n<td>Corte e polimento de vidro de precis\u00e3o, fabrica\u00e7\u00e3o de tampas padronizadas<\/td>\n<\/tr>\n<tr style=\"height: 13.50pt;\">\n<td style=\"height: 13.50pt;\" height=\"18\">Finalidade do produto<\/td>\n<td>Frascos de col\u00f4nia frescos, frascos de perfume bonitos<\/td>\n<\/tr>\n<tr style=\"height: 13.50pt;\">\n<td style=\"height: 13.50pt;\" height=\"18\">Ind\u00fastrias adequadas<\/td>\n<td>Perfumaria Contempor\u00e2nea, Marcas de Designer<\/td>\n<\/tr>\n<\/tbody>\n<\/table>\n<h2>Caso de sucesso<\/h2>\n<p>Uma marca californiana de estilo de vida lan\u00e7ou uma \u00e1gua-de-col\u00f4nia com aroma de laranja. Eles escolheram nosso frasco de 100 ml e o coloriram com um corpo de vidro azul-\u00e1gua fosco e uma tampa com estampa de m\u00e1rmore branco. A estrutura de vidro vazado e os detalhes em azul aumentaram a visibilidade nas prateleiras em 45%; o formato quadrado tamb\u00e9m proporcionou estabilidade e reduziu a quebra durante o transporte em 42%. A marca ficou muito satisfeita com o desempenho no mercado e com a base de clientes e, por isso, encomendou mais 400.000 frascos de sua linha principal de produtos.<\/p>\n<h2>Op\u00e7\u00f5es de personaliza\u00e7\u00e3o de frascos de perfume elegantes<\/h2>\n<ul>\n<li>Crie seu pr\u00f3prio bon\u00e9: Desenhe seu pr\u00f3prio bon\u00e9 com diferentes padr\u00f5es (m\u00e1rmore, granito, abstrato) e em qualquer cor.<\/li>\n<li>Grava\u00e7\u00e3o a laser lateral: Grave padr\u00f5es geom\u00e9tricos e designs de marcas ou temas costeiros no painel de vidro.<\/li>\n<li>Painel decorativo jateado: Pulverize um dos lados da garrafa quadrada para produzir um painel fosco, que \u00e9 usado para criar uma identidade de marca discreta.<\/li>\n<li>Serigrafia com tinta brilhante: O nome da marca em relevo tamb\u00e9m pode ser impresso com tinta brilhante para criar um efeito t\u00e1til.<\/li>\n<\/ul>","protected":false},"excerpt":{"rendered":"<p>Com um corpo quadrado polido e uma elegante tampa azul, este belo frasco de perfume combina com decora\u00e7\u00f5es modernas. Um frasco de col\u00f4nia refinado de 100ml, direto da f\u00e1brica.<\/p>","protected":false},"featured_media":4641,"template":"","meta":{"postBodyCss":"","postBodyMargin":[],"postBodyPadding":[],"postBodyBackground":{"backgroundType":"classic","gradient":""}},"product_brand":[],"product_cat":[15,16,62],"product_tag":[],"class_list":{"0":"post-4636","1":"product","2":"type-product","3":"status-publish","4":"has-post-thumbnail","6":"product_cat-glass-containers","7":"product_cat-glass-bottles","8":"product_cat-perfume-bottles","10":"first","11":"instock","12":"shipping-taxable","13":"product-type-simple"},"jetpack_sharing_enabled":true,"_links":{"self":[{"href":"https:\/\/minghanggroup.com\/pt\/wp-json\/wp\/v2\/product\/4636","targetHints":{"allow":["GET"]}}],"collection":[{"href":"https:\/\/minghanggroup.com\/pt\/wp-json\/wp\/v2\/product"}],"about":[{"href":"https:\/\/minghanggroup.com\/pt\/wp-json\/wp\/v2\/types\/product"}],"wp:featuredmedia":[{"embeddable":true,"href":"https:\/\/minghanggroup.com\/pt\/wp-json\/wp\/v2\/media\/4641"}],"wp:attachment":[{"href":"https:\/\/minghanggroup.com\/pt\/wp-json\/wp\/v2\/media?parent=4636"}],"wp:term":[{"taxonomy":"product_brand","embeddable":true,"href":"https:\/\/minghanggroup.com\/pt\/wp-json\/wp\/v2\/product_brand?post=4636"},{"taxonomy":"product_cat","embeddable":true,"href":"https:\/\/minghanggroup.com\/pt\/wp-json\/wp\/v2\/product_cat?post=4636"},{"taxonomy":"product_tag","embeddable":true,"href":"https:\/\/minghanggroup.com\/pt\/wp-json\/wp\/v2\/product_tag?post=4636"}],"curies":[{"name":"wp","href":"https:\/\/api.w.org\/{rel}","templated":true}]}}