{"id":4634,"date":"2026-01-14T11:09:21","date_gmt":"2026-01-14T03:09:21","guid":{"rendered":"https:\/\/minghanggroup.com\/?post_type=product&#038;p=4634"},"modified":"2026-01-14T16:46:00","modified_gmt":"2026-01-14T08:46:00","slug":"pink-perfume-bottles-with-sprayer-for-brands-packaging-bulk","status":"publish","type":"product","link":"https:\/\/minghanggroup.com\/pt\/produto\/pink-perfume-bottles-with-sprayer-for-brands-packaging-bulk\/","title":{"rendered":"Frascos de perfume rosa de 100ml com borrifador para embalagens de marcas (em grande quantidade)"},"content":{"rendered":"<p>Seus frascos de perfume rosa n\u00e3o devem apenas conter fragr\u00e2ncia \u2014 eles devem fazer com que os visitantes parem de rolar a tela. Como fabricantes de frascos para perfumes, criamos frascos de vidro que transformam seu perfume personalizado em um momento de luxo instant\u00e2neo.<\/p>\n<h2>Caracter\u00edsticas do produto<\/h2>\n<ul>\n<li><strong>Pink Cap Pop:<\/strong> Tampas rosa-claro em vidro transparente? Com \u200b\u200bcerteza, \u00e9 uma novidade visual quando se trata de embalagens de perfume!<\/li>\n<li><strong>Clareza cristalina:<\/strong> Atrav\u00e9s de um frasco de vidro como esse, dificilmente se consegue ver a cor da fragr\u00e2ncia de outra forma que n\u00e3o seja de forma muito pura e n\u00edtida, sem a presen\u00e7a de filtros turvos.<\/li>\n<li><strong>Eleg\u00e2ncia cil\u00edndrica: <\/strong>Linhas limpas, uma vers\u00e3o moderna do charme vintage. O frasco de perfume de vidro que sua marca vende transmite uma sensa\u00e7\u00e3o de peso e sofistica\u00e7\u00e3o.<\/li>\n<\/ul>\n<h2>Especifica\u00e7\u00f5es principais<\/h2>\n<table style=\"border-collapse: collapse; width: 80%; margin-left: auto; margin-right: auto;\" border=\"0\" width=\"288\" cellspacing=\"0\" cellpadding=\"0\">\n<tbody>\n<tr style=\"height: 13.50pt;\">\n<td style=\"height: 13.5pt; width: 54pt; text-align: center;\" width=\"72\" height=\"18\">Tamanho<\/td>\n<td style=\"width: 54pt; text-align: center;\" width=\"72\">Dimens\u00f5es (mm)<\/td>\n<td style=\"width: 54pt; text-align: center;\" width=\"72\">Cor do bon\u00e9<\/td>\n<td style=\"width: 54pt; text-align: center;\" width=\"72\">Tipo de veda\u00e7\u00e3o<\/td>\n<\/tr>\n<tr style=\"height: 13.50pt;\">\n<td style=\"height: 13.5pt; text-align: center;\" height=\"18\">100ml<\/td>\n<td style=\"text-align: center;\">55 \u00d7 97<\/td>\n<td style=\"text-align: center;\">Rosa<\/td>\n<td style=\"text-align: center;\">Pulverizador de bomba<\/td>\n<\/tr>\n<\/tbody>\n<\/table>\n<h2>Caso de sucesso<\/h2>\n<p>Uma marca de perfumes focada em fragr\u00e2ncias femininas nos procurou para criar este frasco de vidro com o objetivo de desenvolver uma nova fragr\u00e2ncia delicada. A cliente solicitou um logotipo serigrafado para o frasco cil\u00edndrico e uma tampa esf\u00e9rica rosa semitransparente para real\u00e7ar a suavidade e a eleg\u00e2ncia do produto, al\u00e9m de decora\u00e7\u00f5es em relevo no frasco.<\/p>\n<p>Ap\u00f3s o lan\u00e7amento, devido ao seu design facilmente reconhec\u00edvel, o novo perfume registrou um crescimento de vendas de cerca de 22% em seu canal de vendas inicial, o que representou um aumento significativo na popularidade da marca no mercado de fragr\u00e2ncias femininas.<\/p>\n<h2>Suas op\u00e7\u00f5es de personaliza\u00e7\u00e3o<\/h2>\n<ol>\n<li><strong>Material e efeitos personaliz\u00e1veis \u200b\u200bpara tampas de garrafas esf\u00e9ricas:<\/strong> Selecione cores s\u00f3lidas, semitransparentes, transparentes, degrad\u00ea ou cristal, al\u00e9m de tampas de garrafa esf\u00e9ricas com efeito especial. Tamb\u00e9m \u00e9 poss\u00edvel adicionar part\u00edculas peroladas ou brilhantes para garantir uma apar\u00eancia mais atraente.<\/li>\n<li><strong>Redu\u00e7\u00e3o significativa do uso de vidro em garrafas:<\/strong> \u00c9 poss\u00edvel adicionar pontos foscos a uma garrafa transparente, pulveriza\u00e7\u00e3o interna clara ou colorida, ou linhas chanfradas altas e brilhantes na garrafa, o que intensifica a sensa\u00e7\u00e3o de profundidade e a experi\u00eancia t\u00e1til.<\/li>\n<li><strong>Logotipo de marca personalizado:<\/strong> A serigrafia, a estampagem a quente (dourada ou prateada) ou a grava\u00e7\u00e3o a laser podem ser usadas para imprimir o logotipo da marca e o n\u00famero de s\u00e9rie no fundo ou no corpo da garrafa.<\/li>\n<\/ol>","protected":false},"excerpt":{"rendered":"<p>Frascos de perfume rosa direto da f\u00e1brica, com design sofisticado e borrifador. Ideais para marcas comerciais, com suporte para personaliza\u00e7\u00e3o em grande escala e envio r\u00e1pido.<\/p>","protected":false},"featured_media":4640,"template":"","meta":{"postBodyCss":"","postBodyMargin":[],"postBodyPadding":[],"postBodyBackground":{"backgroundType":"classic","gradient":""}},"product_brand":[],"product_cat":[15,16,62],"product_tag":[],"class_list":{"0":"post-4634","1":"product","2":"type-product","3":"status-publish","4":"has-post-thumbnail","6":"product_cat-glass-containers","7":"product_cat-glass-bottles","8":"product_cat-perfume-bottles","10":"first","11":"instock","12":"shipping-taxable","13":"product-type-simple"},"jetpack_sharing_enabled":true,"_links":{"self":[{"href":"https:\/\/minghanggroup.com\/pt\/wp-json\/wp\/v2\/product\/4634","targetHints":{"allow":["GET"]}}],"collection":[{"href":"https:\/\/minghanggroup.com\/pt\/wp-json\/wp\/v2\/product"}],"about":[{"href":"https:\/\/minghanggroup.com\/pt\/wp-json\/wp\/v2\/types\/product"}],"wp:featuredmedia":[{"embeddable":true,"href":"https:\/\/minghanggroup.com\/pt\/wp-json\/wp\/v2\/media\/4640"}],"wp:attachment":[{"href":"https:\/\/minghanggroup.com\/pt\/wp-json\/wp\/v2\/media?parent=4634"}],"wp:term":[{"taxonomy":"product_brand","embeddable":true,"href":"https:\/\/minghanggroup.com\/pt\/wp-json\/wp\/v2\/product_brand?post=4634"},{"taxonomy":"product_cat","embeddable":true,"href":"https:\/\/minghanggroup.com\/pt\/wp-json\/wp\/v2\/product_cat?post=4634"},{"taxonomy":"product_tag","embeddable":true,"href":"https:\/\/minghanggroup.com\/pt\/wp-json\/wp\/v2\/product_tag?post=4634"}],"curies":[{"name":"wp","href":"https:\/\/api.w.org\/{rel}","templated":true}]}}