{"id":4625,"date":"2026-01-14T10:17:26","date_gmt":"2026-01-14T02:17:26","guid":{"rendered":"https:\/\/minghanggroup.com\/?post_type=product&#038;p=4625"},"modified":"2026-01-14T16:41:28","modified_gmt":"2026-01-14T08:41:28","slug":"vintage-amber-perfume-bottles-with-wooden-ball-lids-bulk","status":"publish","type":"product","link":"https:\/\/minghanggroup.com\/pt\/produto\/vintage-amber-perfume-bottles-with-wooden-ball-lids-bulk\/","title":{"rendered":"Frascos de perfume \u00e2mbar vintage de 30ml e 50ml com tampas de madeira em formato de bola (em grande quantidade)"},"content":{"rendered":"<p>Seu frasco de perfume \u00e2mbar vintage n\u00e3o deve apenas conter fragr\u00e2ncia \u2014 ele deve evocar &#034;tradi\u00e7\u00e3o&#034; no instante em que voc\u00ea o levanta. Como fabricantes de frascos de fragr\u00e2ncias de alta qualidade, criamos frascos de vidro que transformam seu perfume personalizado em uma rel\u00edquia atemporal.<\/p>\n<h2>Caracter\u00edsticas do produto<\/h2>\n<ul>\n<li><strong>Prote\u00e7\u00e3o de vidro \u00e2mbar: <\/strong>O vidro \u00e2mbar quente protege os \u00f3leos essenciais da luz, para que voc\u00ea n\u00e3o precise se preocupar com o desbotamento dos aromas.<\/li>\n<li><strong>Contraste da tampa de madeira natural: <\/strong>Tampas de madeira combinadas com vidro \u00e2mbar? Essa \u00e9 a receita para um charme r\u00fastico em embalagens de perfumes.<\/li>\n<li><strong>Simplicidade cil\u00edndrica: <\/strong>Linhas simples, contempor\u00e2neas, mas com um toque retr\u00f4 e sofisticado. Seu frasco de perfume de vidro tem um peso agrad\u00e1vel e uma sensa\u00e7\u00e3o de luxo.<\/li>\n<\/ul>\n<h2>Especifica\u00e7\u00f5es principais<\/h2>\n<table style=\"border-collapse: collapse; width: 80%; margin-left: auto; margin-right: auto;\" border=\"0\" width=\"288\" cellspacing=\"0\" cellpadding=\"0\">\n<tbody>\n<tr style=\"height: 13.50pt;\">\n<td style=\"height: 13.5pt; width: 54pt; text-align: center;\" width=\"72\" height=\"18\">Tamanho (ml)<\/td>\n<td style=\"width: 54pt; text-align: center;\" width=\"72\">Dimens\u00f5es (mm)<\/td>\n<td style=\"width: 54pt; text-align: center;\" width=\"72\">Material da tampa<\/td>\n<td style=\"width: 54pt; text-align: center;\" width=\"72\">Tipo de veda\u00e7\u00e3o<\/td>\n<\/tr>\n<tr style=\"height: 13.50pt;\">\n<td style=\"height: 13.5pt; text-align: center;\" align=\"right\" height=\"18\">30 \/ 1 oz<\/td>\n<td style=\"text-align: center;\">42 \u00d7 73<\/td>\n<td class=\"et2\" style=\"text-align: center;\" rowspan=\"2\">De madeira<\/td>\n<td class=\"et2\" style=\"text-align: center;\" rowspan=\"2\">Spray superior (atomizador)<\/td>\n<\/tr>\n<tr style=\"height: 13.50pt;\">\n<td style=\"height: 13.5pt; text-align: center;\" align=\"right\" height=\"18\">50<\/td>\n<td style=\"text-align: center;\">45 \u00d7 88<\/td>\n<\/tr>\n<\/tbody>\n<\/table>\n<h2>Caso de sucesso<\/h2>\n<p>Uma empresa de perfumes especializada em fragr\u00e2ncias naturais e de estilo vintage buscava uma embalagem que fosse facilmente compreens\u00edvel em termos de design e sofistica\u00e7\u00e3o. Para apresentar uma nova linha, a marca escolheu nossos frascos de perfume em vidro \u00e2mbar e gravou um logotipo no ombro do frasco, com acabamento fosco, al\u00e9m de uma pequena estampa com elementos bot\u00e2nicos criada por meio de serigrafia. O vidro \u00e2mbar serviu para reduzir a exposi\u00e7\u00e3o \u00e0 luz e tamb\u00e9m refor\u00e7ou o foco da marca na estabilidade da f\u00f3rmula, enquanto a tampa de madeira complementou o design natural.<\/p>\n<p>Ap\u00f3s o lan\u00e7amento do produto, a embalagem reformulada aumentou o reconhecimento do produto nas prateleiras e melhorou a percep\u00e7\u00e3o dos clientes, o que levou a um aumento de 35% nos pedidos recorrentes. Isso fez com que a marca repetisse os pedidos em v\u00e1rias temporadas consecutivas.<\/p>\n<h2>Suas op\u00e7\u00f5es de personaliza\u00e7\u00e3o<\/h2>\n<ol>\n<li><strong>Intensidade da cor da garrafa ajust\u00e1vel:<\/strong> A tonalidade \u00e2mbar padr\u00e3o pode ser alterada para outros tons (\u00e2mbar claro, \u00e2mbar escuro ou marrom esfuma\u00e7ado) para combinar com as diferentes fragr\u00e2ncias ou linhas de produtos, mantendo ainda a sensa\u00e7\u00e3o vintage.<\/li>\n<li><strong>Op\u00e7\u00f5es de bon\u00e9s em material natural:<\/strong> Al\u00e9m da tampa esf\u00e9rica de madeira maci\u00e7a, outras op\u00e7\u00f5es est\u00e3o dispon\u00edveis em termos de esp\u00e9cies de madeira, efeitos de tingimento ou n\u00edvel de polimento da superf\u00edcie para criar a imagem de uma marca natural, artesanal ou de nicho.<\/li>\n<li><strong>Acabamentos semibrilhantes ou degrad\u00ea:<\/strong> Os designs foscos ou com efeito degrad\u00ea podem ser aplicados na metade inferior da garrafa ou em partes espec\u00edficas dela, adicionando eleg\u00e2ncia \u00e0 garrafa, mas tamb\u00e9m mantendo o conceito de leveza.<\/li>\n<\/ol>","protected":false},"excerpt":{"rendered":"<p>Frasco de perfume vintage \u00e2mbar com tom de vidro quente e tampa de madeira. Fornecimento direto da f\u00e1brica, personaliza\u00e7\u00e3o em grande quantidade. Ideal para marcas de perfumes vintage.<\/p>","protected":false},"featured_media":4633,"template":"","meta":{"postBodyCss":"","postBodyMargin":[],"postBodyPadding":[],"postBodyBackground":{"backgroundType":"classic","gradient":""}},"product_brand":[],"product_cat":[15,16,62],"product_tag":[],"class_list":{"0":"post-4625","1":"product","2":"type-product","3":"status-publish","4":"has-post-thumbnail","6":"product_cat-glass-containers","7":"product_cat-glass-bottles","8":"product_cat-perfume-bottles","10":"first","11":"instock","12":"shipping-taxable","13":"product-type-simple"},"jetpack_sharing_enabled":true,"_links":{"self":[{"href":"https:\/\/minghanggroup.com\/pt\/wp-json\/wp\/v2\/product\/4625","targetHints":{"allow":["GET"]}}],"collection":[{"href":"https:\/\/minghanggroup.com\/pt\/wp-json\/wp\/v2\/product"}],"about":[{"href":"https:\/\/minghanggroup.com\/pt\/wp-json\/wp\/v2\/types\/product"}],"wp:featuredmedia":[{"embeddable":true,"href":"https:\/\/minghanggroup.com\/pt\/wp-json\/wp\/v2\/media\/4633"}],"wp:attachment":[{"href":"https:\/\/minghanggroup.com\/pt\/wp-json\/wp\/v2\/media?parent=4625"}],"wp:term":[{"taxonomy":"product_brand","embeddable":true,"href":"https:\/\/minghanggroup.com\/pt\/wp-json\/wp\/v2\/product_brand?post=4625"},{"taxonomy":"product_cat","embeddable":true,"href":"https:\/\/minghanggroup.com\/pt\/wp-json\/wp\/v2\/product_cat?post=4625"},{"taxonomy":"product_tag","embeddable":true,"href":"https:\/\/minghanggroup.com\/pt\/wp-json\/wp\/v2\/product_tag?post=4625"}],"curies":[{"name":"wp","href":"https:\/\/api.w.org\/{rel}","templated":true}]}}