{"id":4622,"date":"2026-01-14T08:58:15","date_gmt":"2026-01-14T00:58:15","guid":{"rendered":"https:\/\/minghanggroup.com\/?post_type=product&#038;p=4622"},"modified":"2026-01-14T10:38:56","modified_gmt":"2026-01-14T02:38:56","slug":"crystal-pink-perfume-bottle-for-travel-packing-bulk","status":"publish","type":"product","link":"https:\/\/minghanggroup.com\/pt\/produto\/crystal-pink-perfume-bottle-for-travel-packing-bulk\/","title":{"rendered":"Frasco de perfume rosa cristal de 30ml para viagem, embalagem em grande quantidade."},"content":{"rendered":"<p>Este \u00e9 um frasco de perfume de vidro rosa, pequeno, por\u00e9m luxuoso. O corpo apresenta uma transi\u00e7\u00e3o suave e natural entre o formato quadrado curto e largo e a base arredondada. A tampa, com um acabamento rosa suave e brilhante, torna-o perfeito para viagens.<\/p>\n<h2>Caracter\u00edsticas do produto<\/h2>\n<ul>\n<li><strong>Calota esf\u00e9rica rosa claro:<\/strong> O estilo feminino fica ainda mais delicado e bonito com o design esf\u00e9rico rosa claro brilhante, e o formato arredondado facilita o manuseio.<\/li>\n<li><strong>Garrafa retangular curta de alta transpar\u00eancia:<\/strong> A garrafa retangular, curta e larga, \u00e9 bastante est\u00e1vel, n\u00e3o tomba facilmente e transmite uma sensa\u00e7\u00e3o de solidez.<\/li>\n<li><strong>Bomba curva inerente:<\/strong> A bomba curva \u00e9 feita de canudo, encaixa-se na garrafa e pulveriza facilmente, e o design geral \u00e9 bonito e elegante.<\/li>\n<\/ul>\n<h2 style=\"text-align: left;\">Especifica\u00e7\u00f5es principais<\/h2>\n<table class=\"aligncenter\" style=\"border-collapse: collapse; width: 432.02pt;\" border=\"0\" width=\"576\" cellspacing=\"0\" cellpadding=\"0\">\n<tbody>\n<tr style=\"height: 13.50pt;\">\n<td style=\"height: 13.50pt; width: 119.25pt;\" width=\"159\" height=\"18\">Especifica\u00e7\u00e3o<\/td>\n<td style=\"width: 312.75pt;\" width=\"417\">Detalhes<\/td>\n<\/tr>\n<tr style=\"height: 13.50pt;\">\n<td style=\"height: 13.50pt;\" height=\"18\">Capacidade<\/td>\n<td>30ml<\/td>\n<\/tr>\n<tr style=\"height: 13.50pt;\">\n<td style=\"height: 13.50pt;\" height=\"18\">Dimens\u00f5es<\/td>\n<td>40\u00d740\u00d748mm<\/td>\n<\/tr>\n<tr style=\"height: 13.50pt;\">\n<td style=\"height: 13.50pt;\" height=\"18\">Material<\/td>\n<td>Vidro de alta transpar\u00eancia<\/td>\n<\/tr>\n<tr style=\"height: 13.50pt;\">\n<td style=\"height: 13.50pt;\" height=\"18\">Formato de garrafa<\/td>\n<td>Coluna quadrada curta com base arredondada<\/td>\n<\/tr>\n<tr style=\"height: 13.50pt;\">\n<td style=\"height: 13.50pt;\" height=\"18\">Escopo de personaliza\u00e7\u00e3o<\/td>\n<td>Formato, tamanho, cor, tipo de bomba, acabamento<\/td>\n<\/tr>\n<tr style=\"height: 13.50pt;\">\n<td style=\"height: 13.50pt;\" height=\"18\">Artesanato<\/td>\n<td>Moldagem de vidro quadrado, revestimento de tampa de alto brilho<\/td>\n<\/tr>\n<tr style=\"height: 13.50pt;\">\n<td style=\"height: 13.50pt;\" height=\"18\">Finalidade do produto<\/td>\n<td>Frascos de perfume para viagem, fragr\u00e2ncias em tamanho pequeno.<\/td>\n<\/tr>\n<tr style=\"height: 13.50pt;\">\n<td style=\"height: 13.50pt;\" height=\"18\">Ind\u00fastrias adequadas<\/td>\n<td>Perfumaria tradicional e de nicho, marcas de beleza<\/td>\n<\/tr>\n<\/tbody>\n<\/table>\n<h2>Caso de Sucesso: O Lan\u00e7amento de um Perfume Viral de uma Marca de Beleza Coreana<\/h2>\n<p>Uma das marcas de beleza coreanas mais populares, conhecida por sua est\u00e9tica fofa, decidiu usar nosso frasco de perfume de viagem de 30ml como embalagem exclusiva, modificando a tampa rosa claro e o frasco de vidro perolado. O design quadrado e \u00fanico do frasco viralizou imediatamente nas redes sociais, sendo mencionado mais de 1 milh\u00e3o de vezes no primeiro m\u00eas. O frasco compacto e \u00e0 prova de vazamentos, com uma taxa de sucesso de entrega de 99,9%, \u00e9 perfeito para o p\u00fablico-alvo, que tem agendas lotadas e um estilo de vida agitado. A demanda do mercado e o entusiasmo dos clientes surpreenderam a marca, que prontamente encomendou mais 500.000 frascos para uma promo\u00e7\u00e3o global.<\/p>\n<h2>Personaliza\u00e7\u00e3o de frasco de perfume rosa<\/h2>\n<ul>\n<li>Cor da tampa personalizada: Escolha a cor da tampa esf\u00e9rica em qualquer cor Pantone, desde tons pastel suaves at\u00e9 cores neon.<\/li>\n<li>Formato personalizado da tampa: A tampa \u00e9 levemente curvada em formato de cora\u00e7\u00e3o ou plana.<\/li>\n<li>Grava\u00e7\u00e3o a laser em vidro: Grave na superf\u00edcie do vidro da garrafa um cora\u00e7\u00e3o, uma estrela ou o logotipo da marca.<\/li>\n<li>Pain\u00e9is de vidro: Aplique verniz fosco nos pain\u00e9is frontal e traseiro para criar uma apar\u00eancia suave e on\u00edrica.<\/li>\n<\/ul>","protected":false},"excerpt":{"rendered":"<p>D\u00ea um toque de sofistica\u00e7\u00e3o \u00e0 sua marca com frascos de perfume de vidro. Estes frascos atomizadores de vidro para perfume apresentam bordas arredondadas e tampas exclusivas com textura de m\u00e1rmore. Entrega r\u00e1pida!<\/p>","protected":false},"featured_media":4629,"template":"","meta":{"postBodyCss":"","postBodyMargin":[],"postBodyPadding":[],"postBodyBackground":{"backgroundType":"classic","gradient":""}},"product_brand":[],"product_cat":[15,16,62],"product_tag":[],"class_list":{"0":"post-4622","1":"product","2":"type-product","3":"status-publish","4":"has-post-thumbnail","6":"product_cat-glass-containers","7":"product_cat-glass-bottles","8":"product_cat-perfume-bottles","10":"first","11":"instock","12":"shipping-taxable","13":"product-type-simple"},"jetpack_sharing_enabled":true,"_links":{"self":[{"href":"https:\/\/minghanggroup.com\/pt\/wp-json\/wp\/v2\/product\/4622","targetHints":{"allow":["GET"]}}],"collection":[{"href":"https:\/\/minghanggroup.com\/pt\/wp-json\/wp\/v2\/product"}],"about":[{"href":"https:\/\/minghanggroup.com\/pt\/wp-json\/wp\/v2\/types\/product"}],"wp:featuredmedia":[{"embeddable":true,"href":"https:\/\/minghanggroup.com\/pt\/wp-json\/wp\/v2\/media\/4629"}],"wp:attachment":[{"href":"https:\/\/minghanggroup.com\/pt\/wp-json\/wp\/v2\/media?parent=4622"}],"wp:term":[{"taxonomy":"product_brand","embeddable":true,"href":"https:\/\/minghanggroup.com\/pt\/wp-json\/wp\/v2\/product_brand?post=4622"},{"taxonomy":"product_cat","embeddable":true,"href":"https:\/\/minghanggroup.com\/pt\/wp-json\/wp\/v2\/product_cat?post=4622"},{"taxonomy":"product_tag","embeddable":true,"href":"https:\/\/minghanggroup.com\/pt\/wp-json\/wp\/v2\/product_tag?post=4622"}],"curies":[{"name":"wp","href":"https:\/\/api.w.org\/{rel}","templated":true}]}}