{"id":4598,"date":"2026-01-13T14:38:53","date_gmt":"2026-01-13T06:38:53","guid":{"rendered":"https:\/\/minghanggroup.com\/?post_type=product&#038;p=4598"},"modified":"2026-01-13T16:51:05","modified_gmt":"2026-01-13T08:51:05","slug":"square-glass-perfume-atomiser-bottles-wholesale","status":"publish","type":"product","link":"https:\/\/minghanggroup.com\/pt\/produto\/square-glass-perfume-atomiser-bottles-wholesale\/","title":{"rendered":"Frascos de vidro quadrados para perfume com atomizador, 30ml, 50ml e 100ml, para venda por atacado."},"content":{"rendered":"<p>Esses frascos de perfume atomizadores de vidro s\u00e3o feitos de vidro cristalino e t\u00eam formato quadrado com entalhes delicados. As tampas apresentam tr\u00eas texturas diferentes: preta, cinza e transparente fosca, que conferem sutis varia\u00e7\u00f5es visuais.<\/p>\n<h2>Caracter\u00edsticas do produto<\/h2>\n<ul>\n<li><strong>Garrafa quadrada arredondada:<\/strong> O formato quadrado com cantos arredondados tem a vantagem de manter as linhas retas de um quadrado, mas os cantos arredondados tornam as bordas afiadas mais limpas e confort\u00e1veis \u200b\u200bde segurar.<\/li>\n<li><strong>Material cristalino transparente de grandes dimens\u00f5es:<\/strong> O vidro cristalino e brilhante proporcionar\u00e1 uma vis\u00e3o clara e n\u00edtida do seu perfume.<\/li>\n<li><strong>Diversas varia\u00e7\u00f5es de tampas texturizadas:<\/strong> As tampas foscas pretas, cinzentas e transparentes criam interesse visual e combinam com v\u00e1rios estilos de embalagens de perfumes.<\/li>\n<\/ul>\n<h2 style=\"text-align: left;\">Especifica\u00e7\u00f5es principais<\/h2>\n<table class=\"aligncenter\" style=\"border-collapse: collapse; width: 378.77pt;\" border=\"0\" width=\"505\" cellspacing=\"0\" cellpadding=\"0\">\n<tbody>\n<tr style=\"height: 13.50pt;\">\n<td style=\"height: 13.50pt; width: 119.25pt;\" width=\"159\" height=\"18\">Especifica\u00e7\u00e3o<\/td>\n<td style=\"width: 259.50pt;\" width=\"346\">Detalhes<\/td>\n<\/tr>\n<tr style=\"height: 13.50pt;\">\n<td style=\"height: 13.50pt;\" height=\"18\">Capacidade<\/td>\n<td>30ml \/ 50ml \/ 100ml<\/td>\n<\/tr>\n<tr style=\"height: 13.50pt;\">\n<td style=\"height: 13.50pt;\" height=\"18\">Dimens\u00f5es<\/td>\n<td>52\u00d728\u00d763mm \/ 61\u00d729\u00d772mm \/ 81\u00d735\u00d789mm<\/td>\n<\/tr>\n<tr style=\"height: 13.50pt;\">\n<td style=\"height: 13.50pt;\" height=\"18\">Material<\/td>\n<td>Vidro de qualidade cristalina<\/td>\n<\/tr>\n<tr style=\"height: 13.50pt;\">\n<td style=\"height: 13.50pt;\" height=\"18\">Formato de garrafa<\/td>\n<td>Prisma quadrado arredondado<\/td>\n<\/tr>\n<tr style=\"height: 13.50pt;\">\n<td style=\"height: 13.50pt;\" height=\"18\">Escopo de personaliza\u00e7\u00e3o<\/td>\n<td>Forma, tamanho, cor, acabamento, capacidade<\/td>\n<\/tr>\n<tr style=\"height: 13.50pt;\">\n<td style=\"height: 13.50pt;\" height=\"18\">Artesanato<\/td>\n<td>Moldagem de vidro de precis\u00e3o<\/td>\n<\/tr>\n<tr style=\"height: 13.50pt;\">\n<td style=\"height: 13.50pt;\" height=\"18\">Finalidade do produto<\/td>\n<td>Frascos de vidro para perfumes, recipientes para fragr\u00e2ncias<\/td>\n<\/tr>\n<tr style=\"height: 13.50pt;\">\n<td style=\"height: 13.50pt;\" height=\"18\">Ind\u00fastrias adequadas<\/td>\n<td>Marcas de fragr\u00e2ncias, marcas de estilo de vida<\/td>\n<\/tr>\n<\/tbody>\n<\/table>\n<h2>Hist\u00f3ria de sucesso<\/h2>\n<p>Os frascos de vidro de 100ml para perfume foram encomendados por uma marca de Toronto que oferece servi\u00e7os de personaliza\u00e7\u00e3o de fragr\u00e2ncias. Um padr\u00e3o de folha foi gravado a laser no frasco, atendendo ao pedido do cliente. O formato quadrado suave fez com que 90% dos clientes elogiassem a sensa\u00e7\u00e3o agrad\u00e1vel ao toque. A satisfa\u00e7\u00e3o do cliente tamb\u00e9m aumentou em 42% devido \u00e0 maior facilidade de decora\u00e7\u00e3o proporcionada pelo vidro. O mercado tem reagido de forma extremamente positiva, e a marca acaba de encomendar 380.000 frascos de vidro para perfume, visando a expans\u00e3o de suas lojas franqueadas.<\/p>\n<h2>Personaliza\u00e7\u00e3o de frascos de vidro para perfumes<\/h2>\n<ul>\n<li>Material e textura especiais da tampa: As tampas podem ser feitas de materiais especiais, como madeira, pedra, cer\u00e2mica ou borracha.<\/li>\n<li>Grava\u00e7\u00e3o a laser nas laterais: Logotipos simples, desenhos geom\u00e9tricos ou listas de ingredientes podem ser gravados no painel de vidro plano.<\/li>\n<li>Detalhe decorativo em metal: A jun\u00e7\u00e3o entre a garrafa e a tampa possui uma fina tira de metal (cobre, lat\u00e3o).<\/li>\n<li>Serigrafia: Os detalhes ou padr\u00f5es da etiqueta s\u00e3o impressos na superf\u00edcie do vidro.<\/li>\n<\/ul>","protected":false},"excerpt":{"rendered":"<p>D\u00ea um toque de sofistica\u00e7\u00e3o \u00e0 sua marca com frascos de perfume de vidro. Estes frascos atomizadores de vidro para perfume apresentam bordas arredondadas e tampas exclusivas com textura de m\u00e1rmore. Entrega r\u00e1pida!<\/p>","protected":false},"featured_media":4604,"template":"","meta":{"postBodyCss":"","postBodyMargin":[],"postBodyPadding":[],"postBodyBackground":{"backgroundType":"classic","gradient":""}},"product_brand":[],"product_cat":[15,16,62],"product_tag":[],"class_list":{"0":"post-4598","1":"product","2":"type-product","3":"status-publish","4":"has-post-thumbnail","6":"product_cat-glass-containers","7":"product_cat-glass-bottles","8":"product_cat-perfume-bottles","10":"first","11":"instock","12":"shipping-taxable","13":"product-type-simple"},"jetpack_sharing_enabled":true,"_links":{"self":[{"href":"https:\/\/minghanggroup.com\/pt\/wp-json\/wp\/v2\/product\/4598","targetHints":{"allow":["GET"]}}],"collection":[{"href":"https:\/\/minghanggroup.com\/pt\/wp-json\/wp\/v2\/product"}],"about":[{"href":"https:\/\/minghanggroup.com\/pt\/wp-json\/wp\/v2\/types\/product"}],"wp:featuredmedia":[{"embeddable":true,"href":"https:\/\/minghanggroup.com\/pt\/wp-json\/wp\/v2\/media\/4604"}],"wp:attachment":[{"href":"https:\/\/minghanggroup.com\/pt\/wp-json\/wp\/v2\/media?parent=4598"}],"wp:term":[{"taxonomy":"product_brand","embeddable":true,"href":"https:\/\/minghanggroup.com\/pt\/wp-json\/wp\/v2\/product_brand?post=4598"},{"taxonomy":"product_cat","embeddable":true,"href":"https:\/\/minghanggroup.com\/pt\/wp-json\/wp\/v2\/product_cat?post=4598"},{"taxonomy":"product_tag","embeddable":true,"href":"https:\/\/minghanggroup.com\/pt\/wp-json\/wp\/v2\/product_tag?post=4598"}],"curies":[{"name":"wp","href":"https:\/\/api.w.org\/{rel}","templated":true}]}}