{"id":4593,"date":"2026-01-13T14:15:37","date_gmt":"2026-01-13T06:15:37","guid":{"rendered":"https:\/\/minghanggroup.com\/?post_type=product&#038;p=4593"},"modified":"2026-01-13T16:50:36","modified_gmt":"2026-01-13T08:50:36","slug":"empty-beautiful-fragrance-bottles-wholesale","status":"publish","type":"product","link":"https:\/\/minghanggroup.com\/pt\/produto\/empty-beautiful-fragrance-bottles-wholesale\/","title":{"rendered":"Frascos de perfume vazios de 100ml para venda por atacado"},"content":{"rendered":"<p>Esses frascos de perfume s\u00e3o bel\u00edssimos, com design elegante e sofisticado, fabricados em vidro cristalino. As tampas com acabamento escovado conferem um toque de luxo.<\/p>\n<h2>Caracter\u00edsticas do produto<\/h2>\n<ul>\n<li><strong>Frasco em formato de l\u00e1grima:<\/strong> O formato fluido e suave da garrafa proporciona uma boa ader\u00eancia e confere beleza ao produto.<\/li>\n<li><strong>Tampa em metal escovado:<\/strong> A tampa met\u00e1lica tamb\u00e9m apresenta um contraste marcante com o vidro transparente, o que aumenta a qualidade e o estilo do produto.<\/li>\n<li><strong>Bocal de pulveriza\u00e7\u00e3o integrado:<\/strong> O borrifador embutido na tampa \u00e9 considerado pr\u00e1tico e elegante, sendo ideal para o uso di\u00e1rio de perfumes.<\/li>\n<\/ul>\n<h2 style=\"text-align: left;\">Especifica\u00e7\u00f5es principais<\/h2>\n<table class=\"aligncenter\" style=\"border-collapse: collapse; width: 427.52pt;\" border=\"0\" width=\"570\" cellspacing=\"0\" cellpadding=\"0\">\n<tbody>\n<tr style=\"height: 13.50pt;\">\n<td style=\"height: 13.50pt; width: 119.25pt;\" width=\"159\" height=\"18\">Especifica\u00e7\u00e3o<\/td>\n<td style=\"width: 308.25pt;\" width=\"411\">Detalhes<\/td>\n<\/tr>\n<tr style=\"height: 13.50pt;\">\n<td style=\"height: 13.50pt;\" height=\"18\">Capacidade<\/td>\n<td>100ml<\/td>\n<\/tr>\n<tr style=\"height: 13.50pt;\">\n<td style=\"height: 13.50pt;\" height=\"18\">Dimens\u00f5es<\/td>\n<td>51\u00d7107mm<\/td>\n<\/tr>\n<tr style=\"height: 13.50pt;\">\n<td style=\"height: 13.50pt;\" height=\"18\">Material<\/td>\n<td>Vidro de qualidade cristalina, tampa de metal<\/td>\n<\/tr>\n<tr style=\"height: 13.50pt;\">\n<td style=\"height: 13.50pt;\" height=\"18\">Escopo de personaliza\u00e7\u00e3o<\/td>\n<td>Forma, tamanho, acabamento, cor<\/td>\n<\/tr>\n<tr style=\"height: 13.50pt;\">\n<td style=\"height: 13.50pt;\" height=\"18\">Artesanato<\/td>\n<td>Lindos frascos de perfume, frascos de perfume em grande quantidade<\/td>\n<\/tr>\n<tr style=\"height: 13.50pt;\">\n<td style=\"height: 13.50pt;\" height=\"18\">Finalidade do produto<\/td>\n<td>Fragr\u00e2ncias Premium e Femininas, Aromas Exclusivos<\/td>\n<\/tr>\n<\/tbody>\n<\/table>\n<h2>Hist\u00f3ria de sucesso<\/h2>\n<p>Uma das mais antigas empresas de perfumes francesas decidiu usar nosso frasco de perfume de 100ml e encomendou um frasco de vidro em formato de gota com tampa met\u00e1lica em tom de ouro rosa. Seu belo formato de gota combinou perfeitamente com o design e imediatamente se tornou uma assinatura da marca, resultando em um aumento de 90% nas vendas. Seu borrifador de n\u00e9voa fina embutido foi muito bem avaliado em termos de pulveriza\u00e7\u00e3o uniforme e delicada, com 85% dos coment\u00e1rios dos clientes sendo positivos. Com base nesses resultados impressionantes, a marca encomendou mais 500.000 frascos para atender \u00e0 demanda de sua linha de produtos relan\u00e7ada nos pr\u00f3ximos dois anos.<\/p>\n<h2>Frascos de fragr\u00e2ncias personaliz\u00e1veis \u200b\u200be elegantes<\/h2>\n<ul>\n<li>Vitral com degrad\u00ea: Utiliza um vidro bicolor (ou com um leve degrad\u00ea) de transparente para cores suaves (como rosa, \u00e2mbar, etc.).<\/li>\n<li>Pintura met\u00e1lica: Aplique tinta perolada, dourada ou cromada na garrafa para obter um efeito brilhante.<\/li>\n<li>Serigrafia: Transfira padr\u00f5es elaborados e vibrantes para o vidro, demonstrando um forte senso de express\u00e3o art\u00edstica.<\/li>\n<li>Vidro texturizado: Adicione uma leve textura martelada ou canelada \u00e0s formas para proporcionar dimens\u00e3o.<\/li>\n<\/ul>","protected":false},"excerpt":{"rendered":"<p>Frascos de perfume elegantes e belos, com corpo de vidro em formato de gota e tampa de metal escovado. Frasco de perfume de 100ml com op\u00e7\u00e3o de personaliza\u00e7\u00e3o OEM.<\/p>","protected":false},"featured_media":4594,"template":"","meta":{"postBodyCss":"","postBodyMargin":[],"postBodyPadding":[],"postBodyBackground":{"backgroundType":"classic","gradient":""}},"product_brand":[],"product_cat":[15,16,62],"product_tag":[],"class_list":{"0":"post-4593","1":"product","2":"type-product","3":"status-publish","4":"has-post-thumbnail","6":"product_cat-glass-containers","7":"product_cat-glass-bottles","8":"product_cat-perfume-bottles","10":"first","11":"instock","12":"shipping-taxable","13":"product-type-simple"},"jetpack_sharing_enabled":true,"_links":{"self":[{"href":"https:\/\/minghanggroup.com\/pt\/wp-json\/wp\/v2\/product\/4593","targetHints":{"allow":["GET"]}}],"collection":[{"href":"https:\/\/minghanggroup.com\/pt\/wp-json\/wp\/v2\/product"}],"about":[{"href":"https:\/\/minghanggroup.com\/pt\/wp-json\/wp\/v2\/types\/product"}],"wp:featuredmedia":[{"embeddable":true,"href":"https:\/\/minghanggroup.com\/pt\/wp-json\/wp\/v2\/media\/4594"}],"wp:attachment":[{"href":"https:\/\/minghanggroup.com\/pt\/wp-json\/wp\/v2\/media?parent=4593"}],"wp:term":[{"taxonomy":"product_brand","embeddable":true,"href":"https:\/\/minghanggroup.com\/pt\/wp-json\/wp\/v2\/product_brand?post=4593"},{"taxonomy":"product_cat","embeddable":true,"href":"https:\/\/minghanggroup.com\/pt\/wp-json\/wp\/v2\/product_cat?post=4593"},{"taxonomy":"product_tag","embeddable":true,"href":"https:\/\/minghanggroup.com\/pt\/wp-json\/wp\/v2\/product_tag?post=4593"}],"curies":[{"name":"wp","href":"https:\/\/api.w.org\/{rel}","templated":true}]}}