{"id":4592,"date":"2026-01-13T16:32:57","date_gmt":"2026-01-13T08:32:57","guid":{"rendered":"https:\/\/minghanggroup.com\/?post_type=product&#038;p=4592"},"modified":"2026-01-13T16:53:18","modified_gmt":"2026-01-13T08:53:18","slug":"100-ml-perfume-bottles-bulk-fragrance-bottle-manufacturers","status":"publish","type":"product","link":"https:\/\/minghanggroup.com\/pt\/produto\/100-ml-perfume-bottles-bulk-fragrance-bottle-manufacturers\/","title":{"rendered":"Frascos de perfume de 100ml com design quadrado (em grande quantidade)"},"content":{"rendered":"<p>Seu frasco de perfume de 100 ml n\u00e3o deve apenas conter a fragr\u00e2ncia \u2014 ele deve fazer com que as pessoas parem de navegar na internet. Como fabricantes l\u00edderes de frascos para fragr\u00e2ncias, criamos frascos de vidro que transformam seu perfume personalizado em um momento de luxo inesquec\u00edvel.<\/p>\n<h2>Caracter\u00edsticas do produto<\/h2>\n<ul>\n<li><strong>Contraste entre bon\u00e9 rosa e preto: <\/strong>Tampas em tons de rosa claro ou preto sobre vidro transparente? Um deleite visual instant\u00e2neo para a embalagem do seu perfume.<\/li>\n<li><strong>Ret\u00e2ngulo estabilizado: <\/strong>Base espessa, sem qualquer oscila\u00e7\u00e3o nas prateleiras. Seu frasco de perfume de vidro tem um toque robusto e luxuoso.<\/li>\n<li><strong>Pronto para a marca: <\/strong>N\u00e3o requer etiquetas, ideal para o lan\u00e7amento de um perfume personalizado ou para a exposi\u00e7\u00e3o de \u00f3leos essenciais.<\/li>\n<\/ul>\n<h2>Especifica\u00e7\u00f5es principais<\/h2>\n<table style=\"border-collapse: collapse; width: 80%; margin-right: auto; margin-left: auto;\" border=\"0\" width=\"288\" cellspacing=\"0\" cellpadding=\"0\">\n<tbody>\n<tr style=\"height: 13.50pt;\">\n<td style=\"height: 13.5pt; width: 54pt; text-align: center;\" width=\"72\" height=\"18\">Tamanho<\/td>\n<td style=\"width: 54pt; text-align: center;\" width=\"72\">Dimens\u00f5es (mm)<\/td>\n<td style=\"width: 54pt; text-align: center;\" width=\"72\">Cor do bon\u00e9<\/td>\n<td style=\"width: 54pt; text-align: center;\" width=\"72\">Tipo de veda\u00e7\u00e3o<\/td>\n<\/tr>\n<tr style=\"height: 13.50pt;\">\n<td style=\"height: 13.5pt; text-align: center;\" height=\"18\">100ml<\/td>\n<td style=\"text-align: center;\">68\u00d736\u00d7100<\/td>\n<td style=\"text-align: center;\">Rosa\/Preto<\/td>\n<td style=\"text-align: center;\">Spray superior (atomizador)<\/td>\n<\/tr>\n<\/tbody>\n<\/table>\n<h2>Caso de sucesso<\/h2>\n<p>Uma das principais marcas de fragr\u00e2ncias minimalistas e modernas buscava uma embalagem que refletisse a pureza de seus produtos e o car\u00e1ter elegante da marca. Para apresentar sua nova cole\u00e7\u00e3o, a marca optou por nossos frascos de perfume quadrados de vidro, personalizados, entre outros detalhes, com um acabamento levemente fosco e um logotipo perfurado para melhor identifica\u00e7\u00e3o nas prateleiras.<\/p>\n<p>Com o tempo, esse layout elegante tornou-se t\u00e3o eficaz que fez com que a marca se destacasse na loja, resultando em um aumento de 46% nas taxas de recompra dos distribuidores e um aumento de 30% nas vendas em dois trimestres.<\/p>\n<h2>Suas op\u00e7\u00f5es de personaliza\u00e7\u00e3o<\/h2>\n<ol>\n<li><strong>Cor da tampa: <\/strong>Rosa para floral, preto para amadeirado: a tampa revelar\u00e1 a hist\u00f3ria mesmo antes da primeira borrifada.<\/li>\n<li><strong>Impress\u00e3o UV para decora\u00e7\u00e3o: <\/strong>D\u00ea um toque sofisticado aos seus copos e ta\u00e7as, e suas solu\u00e7\u00f5es de embalagem de fragr\u00e2ncias se tornar\u00e3o assunto de conversa.<\/li>\n<li><strong>Ajustes no atomizador para \u00f3leos essenciais: <\/strong>Ajuste o atomizador para \u00f3leos densos, sem obstru\u00e7\u00f5es, apenas uma n\u00e9voa perfeitamente fina.<\/li>\n<\/ol>","protected":false},"excerpt":{"rendered":"<p>Frascos de perfume de 100 ml com design minimalista e vidro espesso. Fornecimento direto da f\u00e1brica, amostras gr\u00e1tis, personaliza\u00e7\u00e3o em grande escala por fabricantes experientes de frascos de perfume.<\/p>","protected":false},"featured_media":4602,"template":"","meta":{"postBodyCss":"","postBodyMargin":[],"postBodyPadding":[],"postBodyBackground":{"backgroundType":"classic","gradient":""}},"product_brand":[],"product_cat":[16,15,62],"product_tag":[],"class_list":{"0":"post-4592","1":"product","2":"type-product","3":"status-publish","4":"has-post-thumbnail","6":"product_cat-glass-bottles","7":"product_cat-glass-containers","8":"product_cat-perfume-bottles","10":"first","11":"instock","12":"shipping-taxable","13":"product-type-simple"},"jetpack_sharing_enabled":true,"_links":{"self":[{"href":"https:\/\/minghanggroup.com\/pt\/wp-json\/wp\/v2\/product\/4592","targetHints":{"allow":["GET"]}}],"collection":[{"href":"https:\/\/minghanggroup.com\/pt\/wp-json\/wp\/v2\/product"}],"about":[{"href":"https:\/\/minghanggroup.com\/pt\/wp-json\/wp\/v2\/types\/product"}],"wp:featuredmedia":[{"embeddable":true,"href":"https:\/\/minghanggroup.com\/pt\/wp-json\/wp\/v2\/media\/4602"}],"wp:attachment":[{"href":"https:\/\/minghanggroup.com\/pt\/wp-json\/wp\/v2\/media?parent=4592"}],"wp:term":[{"taxonomy":"product_brand","embeddable":true,"href":"https:\/\/minghanggroup.com\/pt\/wp-json\/wp\/v2\/product_brand?post=4592"},{"taxonomy":"product_cat","embeddable":true,"href":"https:\/\/minghanggroup.com\/pt\/wp-json\/wp\/v2\/product_cat?post=4592"},{"taxonomy":"product_tag","embeddable":true,"href":"https:\/\/minghanggroup.com\/pt\/wp-json\/wp\/v2\/product_tag?post=4592"}],"curies":[{"name":"wp","href":"https:\/\/api.w.org\/{rel}","templated":true}]}}