{"id":4582,"date":"2026-01-13T11:42:11","date_gmt":"2026-01-13T03:42:11","guid":{"rendered":"https:\/\/minghanggroup.com\/?post_type=product&#038;p=4582"},"modified":"2026-01-13T16:50:08","modified_gmt":"2026-01-13T08:50:08","slug":"small-ribbed-travel-containers-for-perfume-wholesale","status":"publish","type":"product","link":"https:\/\/minghanggroup.com\/pt\/produto\/small-ribbed-travel-containers-for-perfume-wholesale\/","title":{"rendered":"Frascos de viagem pequenos e canelados de 15ml para perfume (venda por atacado)"},"content":{"rendered":"<p>Esses frascos de viagem para perfume s\u00e3o feitos de cristal listrado, com o corpo transparente contrastando com as tampas esf\u00e9ricas pretas brilhantes. S\u00e3o pequenos, com capacidade de 15 ml, o que permite transport\u00e1-los facilmente em uma bolsa.<\/p>\n<h2>Caracter\u00edsticas do produto<\/h2>\n<ul>\n<li><strong>Tamanho port\u00e1til de 15 ml:<\/strong> O frasco de 15ml \u00e9 ideal para o uso di\u00e1rio e atende aos crit\u00e9rios de embalagem de perfumes de nicho.<\/li>\n<li><strong>Garrafa de cristal texturizada:<\/strong> A garrafa de cristal listrado, t\u00e3o transparente, oferece uma boa ader\u00eancia, refrata a luz e confere um estilo vintage.<\/li>\n<li><strong>Projeto Combinado:<\/strong> Isso \u00e9 conseguido atrav\u00e9s do uso engenhoso de uma base cil\u00edndrica e um corpo quadrado para proporcionar uma boa ader\u00eancia e tamb\u00e9m uma apar\u00eancia limpa.<\/li>\n<\/ul>\n<h2 style=\"text-align: left;\">Especifica\u00e7\u00f5es principais<\/h2>\n<table class=\"aligncenter\" style=\"border-collapse: collapse; width: 366.77pt;\" border=\"0\" width=\"489\" cellspacing=\"0\" cellpadding=\"0\">\n<tbody>\n<tr style=\"height: 13.50pt;\">\n<td style=\"height: 13.50pt; width: 119.25pt;\" width=\"159\" height=\"18\">Atributo<\/td>\n<td style=\"width: 247.50pt;\" width=\"330\">Detalhes<\/td>\n<\/tr>\n<tr style=\"height: 13.50pt;\">\n<td style=\"height: 13.50pt;\" height=\"18\">Capacidade<\/td>\n<td>15 ml<\/td>\n<\/tr>\n<tr style=\"height: 13.50pt;\">\n<td style=\"height: 13.50pt;\" height=\"18\">Dimens\u00f5es<\/td>\n<td>32 \u00d7 50 mm<\/td>\n<\/tr>\n<tr style=\"height: 13.50pt;\">\n<td style=\"height: 13.50pt;\" height=\"18\">Material<\/td>\n<td>Vidro texturizado cristalino<\/td>\n<\/tr>\n<tr style=\"height: 13.50pt;\">\n<td style=\"height: 13.50pt;\" height=\"18\">Formato de garrafa<\/td>\n<td>Cilindro<\/td>\n<\/tr>\n<tr style=\"height: 13.50pt;\">\n<td style=\"height: 13.50pt;\" height=\"18\">Escopo de personaliza\u00e7\u00e3o<\/td>\n<td>Cor, pulveriza\u00e7\u00e3o, cobertura, tamanho<\/td>\n<\/tr>\n<tr style=\"height: 13.50pt;\">\n<td style=\"height: 13.50pt;\" height=\"18\">Uso do produto<\/td>\n<td>Recipiente para perfume, frascos de perfume para viagem<\/td>\n<\/tr>\n<tr style=\"height: 13.50pt;\">\n<td style=\"height: 13.50pt;\" height=\"18\">Ind\u00fastrias-alvo<\/td>\n<td>Perfumistas de Nicho, Marcas de Perfumes Personalizados<\/td>\n<\/tr>\n<\/tbody>\n<\/table>\n<h2>Hist\u00f3ria de sucesso<\/h2>\n<p>Nossos frascos de viagem de 15ml para perfumes foram personalizados com um corpo de vidro \u00e2mbar profundo e um design listrado para a empresa de perfumes europeia centen\u00e1ria. O contorno canelado tornou-se uma assinatura da marca, e o reconhecimento atingiu 90% do nicho de mercado. O tamanho de 15ml era ideal para viagens de at\u00e9 5 dias, e o produto foi o mais vendido da linha. O design retr\u00f4 tamb\u00e9m aumentou o interesse e a participa\u00e7\u00e3o nas redes sociais entre os blogueiros de estilo de vida tradicionais em 450%. A marca ficou satisfeita e encomendou mais 600.000 frascos para suas outras tr\u00eas cole\u00e7\u00f5es de viagem inspiradas em sua heran\u00e7a.<\/p>\n<h2>Personaliza\u00e7\u00e3o de frascos de perfume para viagem<\/h2>\n<ul>\n<li>Cores e tonalidades do vidro: As op\u00e7\u00f5es de cores para o vidro s\u00e3o transparente, \u00e2mbar, azul cobalto ou outras cores de estilo retr\u00f4.<\/li>\n<li>Varia\u00e7\u00f5es no padr\u00e3o das nervuras: Personalize a largura, a profundidade ou a dist\u00e2ncia entre as nervuras verticais na garrafa.<\/li>\n<li>Grava\u00e7\u00e3o a laser: Grave logotipos retr\u00f4, motivos de viagem ou coordenadas no painel frontal liso.<\/li>\n<li>Serigrafia: Imprima etiquetas ou bordas em estilo retr\u00f4 em um painel plano de vidro.<\/li>\n<\/ul>","protected":false},"excerpt":{"rendered":"<p>Frascos de viagem para perfumes de 15ml em vidro cristal com textura vertical e tampa preta brilhante. Frascos de perfume de viagem premium, fornecidos diretamente da f\u00e1brica.<\/p>","protected":false},"featured_media":4583,"template":"","meta":{"postBodyCss":"","postBodyMargin":[],"postBodyPadding":[],"postBodyBackground":{"backgroundType":"classic","gradient":""}},"product_brand":[],"product_cat":[15,16,62],"product_tag":[],"class_list":{"0":"post-4582","1":"product","2":"type-product","3":"status-publish","4":"has-post-thumbnail","6":"product_cat-glass-containers","7":"product_cat-glass-bottles","8":"product_cat-perfume-bottles","10":"first","11":"instock","12":"shipping-taxable","13":"product-type-simple"},"jetpack_sharing_enabled":true,"_links":{"self":[{"href":"https:\/\/minghanggroup.com\/pt\/wp-json\/wp\/v2\/product\/4582","targetHints":{"allow":["GET"]}}],"collection":[{"href":"https:\/\/minghanggroup.com\/pt\/wp-json\/wp\/v2\/product"}],"about":[{"href":"https:\/\/minghanggroup.com\/pt\/wp-json\/wp\/v2\/types\/product"}],"wp:featuredmedia":[{"embeddable":true,"href":"https:\/\/minghanggroup.com\/pt\/wp-json\/wp\/v2\/media\/4583"}],"wp:attachment":[{"href":"https:\/\/minghanggroup.com\/pt\/wp-json\/wp\/v2\/media?parent=4582"}],"wp:term":[{"taxonomy":"product_brand","embeddable":true,"href":"https:\/\/minghanggroup.com\/pt\/wp-json\/wp\/v2\/product_brand?post=4582"},{"taxonomy":"product_cat","embeddable":true,"href":"https:\/\/minghanggroup.com\/pt\/wp-json\/wp\/v2\/product_cat?post=4582"},{"taxonomy":"product_tag","embeddable":true,"href":"https:\/\/minghanggroup.com\/pt\/wp-json\/wp\/v2\/product_tag?post=4582"}],"curies":[{"name":"wp","href":"https:\/\/api.w.org\/{rel}","templated":true}]}}