{"id":4581,"date":"2026-01-13T16:29:49","date_gmt":"2026-01-13T08:29:49","guid":{"rendered":"https:\/\/minghanggroup.com\/?post_type=product&#038;p=4581"},"modified":"2026-01-13T16:51:56","modified_gmt":"2026-01-13T08:51:56","slug":"glass-perfume-bottle-fancy-design-for-packaging-bulk","status":"publish","type":"product","link":"https:\/\/minghanggroup.com\/pt\/produto\/glass-perfume-bottle-fancy-design-for-packaging-bulk\/","title":{"rendered":"Frasco de perfume de vidro de 100ml com design sofisticado para embalagens a granel."},"content":{"rendered":"<p>Seu frasco de perfume quadrado rosa n\u00e3o deve apenas conter fragr\u00e2ncia \u2014 ele deve fazer com que os visitantes parem de rolar a p\u00e1gina. Como designers de frascos de perfume sofisticados, criamos frascos de vidro que transformam seu perfume personalizado em um momento de luxo instant\u00e2neo.<\/p>\n<h2>Caracter\u00edsticas do produto<\/h2>\n<ul>\n<li><strong>Contraste de bon\u00e9 rosa: <\/strong>Tampas rosa claro com uma camada de vidro transparente? A embalagem do seu perfume ganhar\u00e1 um toque visual instant\u00e2neo.<\/li>\n<li><strong>Ret\u00e2ngulo estabilizado: <\/strong>Base espessa, sem oscila\u00e7\u00f5es que possam danificar a prateleira. Seu frasco de perfume de vidro tem peso e um toque sofisticado.<\/li>\n<li><strong>Detalhes em dourado: <\/strong>Tampa rosa + anel dourado? A embalagem do seu perfume ganhar\u00e1 eleg\u00e2ncia instantaneamente.<\/li>\n<\/ul>\n<h2>Especifica\u00e7\u00f5es principais<\/h2>\n<table style=\"border-collapse: collapse; width: 80%; margin-left: auto; margin-right: auto;\" border=\"0\" width=\"288\" cellspacing=\"0\" cellpadding=\"0\">\n<tbody>\n<tr style=\"height: 13.50pt;\">\n<td style=\"height: 13.5pt; width: 54pt; text-align: center;\" width=\"72\" height=\"18\">Tamanho<\/td>\n<td style=\"width: 54pt; text-align: center;\" width=\"72\">Dimens\u00f5es (mm)<\/td>\n<td style=\"width: 54pt; text-align: center;\" width=\"72\">Cor do bon\u00e9<\/td>\n<td style=\"width: 54pt; text-align: center;\" width=\"72\">Tipo de veda\u00e7\u00e3o<\/td>\n<\/tr>\n<tr style=\"height: 13.50pt;\">\n<td style=\"height: 13.5pt; text-align: center;\" height=\"18\">100ml<\/td>\n<td style=\"text-align: center;\">70 \u00d7 37 \u00d7 97<\/td>\n<td style=\"text-align: center;\">Rosa<\/td>\n<td style=\"text-align: center;\">Spray superior (atomizador)<\/td>\n<\/tr>\n<\/tbody>\n<\/table>\n<h2>Caso de sucesso<\/h2>\n<p>Uma marca de perfumes estava prestes a lan\u00e7ar uma nova fragr\u00e2ncia feminina e, portanto, buscava uma embalagem que refletisse instantaneamente eleg\u00e2ncia e a identidade da marca. Para o primeiro lote de produ\u00e7\u00e3o, optaram por nossos frascos de vidro quadrados e os personalizaram com uma suave tonalidade rosa, acabamento fosco e um logotipo levemente em relevo no painel frontal. Al\u00e9m disso, delicados padr\u00f5es serigrafados foram utilizados para adicionar uma camada de profundidade visual sem comprometer o estilo minimalista.<\/p>\n<p>O resultado foi uma reformula\u00e7\u00e3o da embalagem que melhorou significativamente o apelo nas prateleiras e o reconhecimento da marca, facilitando um aumento de 35% nas vendas nos dois primeiros meses ap\u00f3s o lan\u00e7amento. Desde ent\u00e3o, a marca j\u00e1 fez diversos pedidos em grande quantidade para suas cole\u00e7\u00f5es sazonais.<\/p>\n<h2>Suas op\u00e7\u00f5es de personaliza\u00e7\u00e3o<\/h2>\n<ol>\n<li><strong>Bon\u00e9 rosa: <\/strong>Rosa para floral, prata para c\u00edtrico: sua tampa j\u00e1 conta a hist\u00f3ria antes mesmo da primeira borrifada.<\/li>\n<li><strong>Impress\u00e3o UV para decora\u00e7\u00e3o: <\/strong>Por que n\u00e3o transformar suas solu\u00e7\u00f5es de embalagens de fragr\u00e2ncias em verdadeiras obras de arte, adicionando um padr\u00e3o floral ao vidro?<\/li>\n<li><strong>Decora\u00e7\u00e3o rosa fosco: <\/strong>Um toque especial seria fosquear apenas o ter\u00e7o superior do vidro \u2014 a cor rosa ser\u00e1 suavemente iluminada pela luz do dia. Suas solu\u00e7\u00f5es de embalagem para fragr\u00e2ncias ficar\u00e3o perfeitas para o Instagram.<\/li>\n<\/ol>","protected":false},"excerpt":{"rendered":"<p>Frasco de perfume com design sofisticado em tom rosa suave e formato quadrado. Frasco de perfume quadrado rosa dispon\u00edvel diretamente da f\u00e1brica, amostras gr\u00e1tis e op\u00e7\u00f5es de personaliza\u00e7\u00e3o.<\/p>","protected":false},"featured_media":4590,"template":"","meta":{"postBodyCss":"","postBodyMargin":[],"postBodyPadding":[],"postBodyBackground":{"backgroundType":"classic","gradient":""}},"product_brand":[],"product_cat":[15,16,62],"product_tag":[],"class_list":{"0":"post-4581","1":"product","2":"type-product","3":"status-publish","4":"has-post-thumbnail","6":"product_cat-glass-containers","7":"product_cat-glass-bottles","8":"product_cat-perfume-bottles","10":"first","11":"instock","12":"shipping-taxable","13":"product-type-simple"},"jetpack_sharing_enabled":true,"_links":{"self":[{"href":"https:\/\/minghanggroup.com\/pt\/wp-json\/wp\/v2\/product\/4581","targetHints":{"allow":["GET"]}}],"collection":[{"href":"https:\/\/minghanggroup.com\/pt\/wp-json\/wp\/v2\/product"}],"about":[{"href":"https:\/\/minghanggroup.com\/pt\/wp-json\/wp\/v2\/types\/product"}],"wp:featuredmedia":[{"embeddable":true,"href":"https:\/\/minghanggroup.com\/pt\/wp-json\/wp\/v2\/media\/4590"}],"wp:attachment":[{"href":"https:\/\/minghanggroup.com\/pt\/wp-json\/wp\/v2\/media?parent=4581"}],"wp:term":[{"taxonomy":"product_brand","embeddable":true,"href":"https:\/\/minghanggroup.com\/pt\/wp-json\/wp\/v2\/product_brand?post=4581"},{"taxonomy":"product_cat","embeddable":true,"href":"https:\/\/minghanggroup.com\/pt\/wp-json\/wp\/v2\/product_cat?post=4581"},{"taxonomy":"product_tag","embeddable":true,"href":"https:\/\/minghanggroup.com\/pt\/wp-json\/wp\/v2\/product_tag?post=4581"}],"curies":[{"name":"wp","href":"https:\/\/api.w.org\/{rel}","templated":true}]}}