{"id":4576,"date":"2026-01-13T10:51:34","date_gmt":"2026-01-13T02:51:34","guid":{"rendered":"https:\/\/minghanggroup.com\/?post_type=product&#038;p=4576"},"modified":"2026-01-13T16:51:38","modified_gmt":"2026-01-13T08:51:38","slug":"mini-fragrance-bottles-for-travel-design-wholesale","status":"publish","type":"product","link":"https:\/\/minghanggroup.com\/pt\/produto\/mini-fragrance-bottles-for-travel-design-wholesale\/","title":{"rendered":"Frascos de fragr\u00e2ncia em miniatura de 10ml para viagem - Atacado"},"content":{"rendered":"<p>Esta \u00e9 uma linha de mini frascos de perfume com dois designs atraentes: um em formato de prisma quadrado fino e outro no cl\u00e1ssico formato cil\u00edndrico. Cada frasco cont\u00e9m 10ml de perfume. Os frascos em miniatura s\u00e3o feitos de vidro transparente, podendo ser guardados em qualquer bolso ou bolsa.<\/p>\n<h2>Caracter\u00edsticas do produto<\/h2>\n<ul>\n<li><strong>Pequeno e requintado:<\/strong> Este frasco de perfume foi projetado em um tamanho compacto, combinando praticidade e eleg\u00e2ncia para caber em qualquer bolsa ou bolso.<\/li>\n<li><strong>Quadrado ou cil\u00edndrico:<\/strong> Voc\u00ea pode optar por uma garrafa quadrada e elegante ou por uma garrafa cil\u00edndrica mais antiga, que pode ser comparada \u00e0 sua marca.<\/li>\n<li><strong>Garrafa de vidro cristalino:<\/strong> O frasco \u00e9 feito de vidro transparente, permitindo que os clientes vejam a quantidade de perfume restante, o que lhe confere um car\u00e1ter puro e impec\u00e1vel.<\/li>\n<\/ul>\n<h2 style=\"text-align: left;\">Especifica\u00e7\u00f5es principais<\/h2>\n<table class=\"aligncenter\" style=\"border-collapse: collapse; width: 473.27pt;\" border=\"0\" width=\"631\" cellspacing=\"0\" cellpadding=\"0\">\n<tbody>\n<tr style=\"height: 13.50pt;\">\n<td style=\"height: 13.50pt; width: 119.25pt;\" width=\"159\" height=\"18\">Especifica\u00e7\u00e3o<\/td>\n<td style=\"width: 354.00pt;\" width=\"472\">Detalhes<\/td>\n<\/tr>\n<tr style=\"height: 13.50pt;\">\n<td style=\"height: 13.50pt;\" height=\"18\">Capacidade<\/td>\n<td>10ml (Todos os estilos)<\/td>\n<\/tr>\n<tr style=\"height: 13.50pt;\">\n<td style=\"height: 13.50pt;\" height=\"18\">Dimens\u00f5es<\/td>\n<td>17\u00d717\u00d799mm \/ 21\u00d721\u00d7103mm (Quadrado) \/ 23\u00d7105mm (Cilindro)<\/td>\n<\/tr>\n<tr style=\"height: 13.50pt;\">\n<td style=\"height: 13.50pt;\" height=\"18\">Material<\/td>\n<td>Vidro transparente, tampas de metal<\/td>\n<\/tr>\n<tr style=\"height: 13.50pt;\">\n<td style=\"height: 13.50pt;\" height=\"18\">Formato de garrafa<\/td>\n<td>Prisma quadrado e cilindro<\/td>\n<\/tr>\n<tr style=\"height: 13.50pt;\">\n<td style=\"height: 13.50pt;\" height=\"18\">Escopo de personaliza\u00e7\u00e3o<\/td>\n<td>Formato, tamanho e cor\/tonalidade da garrafa<\/td>\n<\/tr>\n<tr style=\"height: 13.50pt;\">\n<td style=\"height: 13.50pt;\" height=\"18\">Artesanato<\/td>\n<td>Sopro de vidro em miniatura de precis\u00e3o, conjunto de tampa met\u00e1lica<\/td>\n<\/tr>\n<tr style=\"height: 13.50pt;\">\n<td style=\"height: 13.50pt;\" height=\"18\">Finalidade do produto<\/td>\n<td>Recipientes para perfumes de viagem, frascos para amostras de perfumes<\/td>\n<\/tr>\n<tr style=\"height: 13.50pt;\">\n<td style=\"height: 13.50pt;\" height=\"18\">Ind\u00fastrias adequadas<\/td>\n<td>Hotelaria, Varejo de Viagens, Marcas de Perfumes<\/td>\n<\/tr>\n<\/tbody>\n<\/table>\n<h2>Caso de sucesso: Instala\u00e7\u00f5es especiais para uma rede de hot\u00e9is de luxo<\/h2>\n<p>Uma rede de hot\u00e9is cinco estrelas encomendou nossos mini frascos de perfume, que foram personalizados de acordo com suas necessidades, com tampa dourada e um elegante acabamento fosco, incluindo o logotipo do hotel. O tamanho de 10ml \u00e9 ideal para os h\u00f3spedes, e 92% deles levaram o frasco como lembran\u00e7a. Os h\u00f3spedes demonstraram maior satisfa\u00e7\u00e3o com as comodidades dos quartos, com um aumento de 80% devido \u00e0 apar\u00eancia sofisticada deste frasco de perfume de longa dura\u00e7\u00e3o. A rede hoteleira ficou t\u00e3o satisfeita com a receptividade e a promo\u00e7\u00e3o da marca que encomendou mais 800.000 frascos do mesmo produto, que ser\u00e3o distribu\u00eddos entre seus hot\u00e9is ao redor do mundo.<\/p>\n<h2>Recipientes de perfume para viagem com personaliza\u00e7\u00e3o premium<\/h2>\n<ul>\n<li>Op\u00e7\u00f5es de cores do vidro: Os clientes podem usar vidro transparente, cinza fum\u00ea ou \u00e2mbar para aumentar a prote\u00e7\u00e3o contra raios UV ou para personaliza\u00e7\u00e3o da marca.<\/li>\n<li>Efeito Vidro Fosco: As fachadas totalmente ou parcialmente foscas da obra finalizada conferem uma apar\u00eancia suave e luxuosa.<\/li>\n<li>Serigrafia: \u00c9 poss\u00edvel imprimir um pequeno logotipo ou imagem na lateral da garrafa para garantir uma identidade visual definida para a sua marca?<\/li>\n<li>Pulverizador de viagem: \u00c9 de alta qualidade e sua bomba de pulveriza\u00e7\u00e3o port\u00e1til \u00e9 \u00e0 prova de vazamentos e f\u00e1cil de usar.<\/li>\n<\/ul>","protected":false},"excerpt":{"rendered":"<p>Nosso conjunto de frascos de perfume para viagem inclui recipientes de vidro quadrados e cil\u00edndricos. Esses mini frascos de fragr\u00e2ncia v\u00eam com tampas premium douradas e prateadas. Amostras gr\u00e1tis.<\/p>","protected":false},"featured_media":4580,"template":"","meta":{"postBodyCss":"","postBodyMargin":[],"postBodyPadding":[],"postBodyBackground":{"backgroundType":"classic","gradient":""}},"product_brand":[],"product_cat":[15,16,62],"product_tag":[],"class_list":{"0":"post-4576","1":"product","2":"type-product","3":"status-publish","4":"has-post-thumbnail","6":"product_cat-glass-containers","7":"product_cat-glass-bottles","8":"product_cat-perfume-bottles","10":"first","11":"instock","12":"shipping-taxable","13":"product-type-simple"},"jetpack_sharing_enabled":true,"_links":{"self":[{"href":"https:\/\/minghanggroup.com\/pt\/wp-json\/wp\/v2\/product\/4576","targetHints":{"allow":["GET"]}}],"collection":[{"href":"https:\/\/minghanggroup.com\/pt\/wp-json\/wp\/v2\/product"}],"about":[{"href":"https:\/\/minghanggroup.com\/pt\/wp-json\/wp\/v2\/types\/product"}],"wp:featuredmedia":[{"embeddable":true,"href":"https:\/\/minghanggroup.com\/pt\/wp-json\/wp\/v2\/media\/4580"}],"wp:attachment":[{"href":"https:\/\/minghanggroup.com\/pt\/wp-json\/wp\/v2\/media?parent=4576"}],"wp:term":[{"taxonomy":"product_brand","embeddable":true,"href":"https:\/\/minghanggroup.com\/pt\/wp-json\/wp\/v2\/product_brand?post=4576"},{"taxonomy":"product_cat","embeddable":true,"href":"https:\/\/minghanggroup.com\/pt\/wp-json\/wp\/v2\/product_cat?post=4576"},{"taxonomy":"product_tag","embeddable":true,"href":"https:\/\/minghanggroup.com\/pt\/wp-json\/wp\/v2\/product_tag?post=4576"}],"curies":[{"name":"wp","href":"https:\/\/api.w.org\/{rel}","templated":true}]}}