{"id":4571,"date":"2026-01-13T08:50:56","date_gmt":"2026-01-13T00:50:56","guid":{"rendered":"https:\/\/minghanggroup.com\/?post_type=product&#038;p=4571"},"modified":"2026-01-13T16:52:23","modified_gmt":"2026-01-13T08:52:23","slug":"clear-rectangle-3-4-oz-perfume-bottles-wholesale","status":"publish","type":"product","link":"https:\/\/minghanggroup.com\/pt\/produto\/clear-rectangle-3-4-oz-perfume-bottles-wholesale\/","title":{"rendered":"Frascos de perfume retangulares transparentes de 100ml (3,4 oz) para atacado."},"content":{"rendered":"<p>Este frasco de perfume de 100 ml (3,4 oz) possui um formato retangular elegante e \u00e9 feito de vidro cristalino. O corpo em formato de bumerangue (com bordas arredondadas) permite a passagem da luz, e a tampa trapezoidal preta brilhante \u00e9 realmente impressionante.<\/p>\n<h2>Caracter\u00edsticas do produto<\/h2>\n<ul>\n<li><strong>Garrafa de cristal de alta transpar\u00eancia:<\/strong> O frasco de cristal extremamente transparente \u00e9 a vitrine perfeita para o aroma da fragr\u00e2ncia, gra\u00e7as ao brilho e \u00e0 clareza do produto.<\/li>\n<li><strong>Garrafa quadrada arredondada:<\/strong> O frasco quadrado com cantos arredondados garante uma apar\u00eancia elegante no ambiente e proporciona maior conforto ao segur\u00e1-lo na m\u00e3o.<\/li>\n<li><strong>Tampa trapezoidal preta brilhante:<\/strong> O frasco transparente contrasta com a tampa trapezoidal preta brilhante, e as linhas limpas refor\u00e7am o estilo minimalista e sofisticado.<\/li>\n<\/ul>\n<h2 style=\"text-align: left;\">Especifica\u00e7\u00f5es principais<\/h2>\n<table class=\"aligncenter\" style=\"border-collapse: collapse; width: 414.02pt;\" border=\"0\" width=\"552\" cellspacing=\"0\" cellpadding=\"0\">\n<tbody>\n<tr style=\"height: 13.50pt;\">\n<td style=\"height: 13.50pt; width: 119.25pt;\" width=\"159\" height=\"18\">Especifica\u00e7\u00e3o<\/td>\n<td style=\"width: 294.75pt;\" width=\"393\">Detalhes<\/td>\n<\/tr>\n<tr style=\"height: 13.50pt;\">\n<td style=\"height: 13.50pt;\" height=\"18\">Capacidade<\/td>\n<td>100ml (3,4 oz)<\/td>\n<\/tr>\n<tr style=\"height: 13.50pt;\">\n<td style=\"height: 13.50pt;\" height=\"18\">Dimens\u00f5es<\/td>\n<td>73\u00d731\u00d7106mm<\/td>\n<\/tr>\n<tr style=\"height: 13.50pt;\">\n<td style=\"height: 13.50pt;\" height=\"18\">Material<\/td>\n<td>Vidro de qualidade cristalina<\/td>\n<\/tr>\n<tr style=\"height: 13.50pt;\">\n<td style=\"height: 13.50pt;\" height=\"18\">Formato de garrafa<\/td>\n<td>Ret\u00e2ngulo com cantos arredondados<\/td>\n<\/tr>\n<tr style=\"height: 13.50pt;\">\n<td style=\"height: 13.50pt;\" height=\"18\">Escopo de personaliza\u00e7\u00e3o<\/td>\n<td>Formato, tamanho, cor\/acabamento do vidro<\/td>\n<\/tr>\n<tr style=\"height: 13.50pt;\">\n<td style=\"height: 13.50pt;\" height=\"18\">Artesanato<\/td>\n<td>Moldagem de vidro de precis\u00e3o, acabamento de tampa de alto brilho<\/td>\n<\/tr>\n<tr style=\"height: 13.50pt;\">\n<td style=\"height: 13.50pt;\" height=\"18\">Finalidade do produto<\/td>\n<td>Frasco de perfume retangular, frascos de perfume vazios<\/td>\n<\/tr>\n<tr style=\"height: 13.50pt;\">\n<td style=\"height: 13.50pt;\" height=\"18\">Ind\u00fastrias adequadas<\/td>\n<td>Marcas de lojas de departamento, presentes de luxo<\/td>\n<\/tr>\n<\/tbody>\n<\/table>\n<h2>Hist\u00f3ria de sucesso<\/h2>\n<p>Uma das marcas de Nova York especializada em acess\u00f3rios modernos para casa escolheu nosso frasco de perfume de 100 ml para usar como embalagem e o personalizou com um corpo de vidro cinza-claro fum\u00ea e a ic\u00f4nica tampa trapezoidal preta fosca. O formato retangular do frasco proporciona m\u00e1xima visibilidade nas prateleiras, e os varejistas indicaram uma taxa de convers\u00e3o de vendas de 25%, superior \u00e0 de outros formatos de frasco. O vidro cristalino (mesmo o vidro colorido) \u00e9 um diferencial de alta qualidade e autenticidade, aumentando em 50% a probabilidade de recompra. A marca ficou t\u00e3o satisfeita com o desempenho do produto que encomendou mais 400.000 frascos para que a fragr\u00e2ncia fa\u00e7a parte de sua linha permanente.<\/p>\n<h2>Personaliza\u00e7\u00e3o de frascos de perfume retangulares<\/h2>\n<ul>\n<li>Cores e acabamentos do vidro: As garrafas de vidro t\u00eam formato retangular e est\u00e3o dispon\u00edveis em acabamentos transparentes, fum\u00ea, \u00e2mbar e fosco.<\/li>\n<li>Grava\u00e7\u00e3o a laser em vidro: A garrafa pode ter desenhos simples, nomes de marcas ou linhas decorativas gravadas nela.<\/li>\n<li>Painel com logotipo da marca jateado: \u00c9 poss\u00edvel imprimir o logotipo da marca em um painel retangular fosco jateado na parte traseira ou frontal da garrafa.<\/li>\n<li>Detalhes decorativos met\u00e1licos: Uma fina l\u00e2mina de metal (prateada ou dourada) pode ser colocada na base da tampa ou no gargalo da garrafa.<\/li>\n<\/ul>","protected":false},"excerpt":{"rendered":"<p>Este frasco de perfume de 100 ml (3,4 oz) \u00e9 feito de vidro cristalino com bordas arredondadas e uma tampa preta brilhante. Este frasco de perfume retangular pode ser personalizado.<\/p>","protected":false},"featured_media":4573,"template":"","meta":{"postBodyCss":"","postBodyMargin":[],"postBodyPadding":[],"postBodyBackground":{"backgroundType":"classic","gradient":""}},"product_brand":[],"product_cat":[15,16,62],"product_tag":[],"class_list":{"0":"post-4571","1":"product","2":"type-product","3":"status-publish","4":"has-post-thumbnail","6":"product_cat-glass-containers","7":"product_cat-glass-bottles","8":"product_cat-perfume-bottles","10":"first","11":"instock","12":"shipping-taxable","13":"product-type-simple"},"jetpack_sharing_enabled":true,"_links":{"self":[{"href":"https:\/\/minghanggroup.com\/pt\/wp-json\/wp\/v2\/product\/4571","targetHints":{"allow":["GET"]}}],"collection":[{"href":"https:\/\/minghanggroup.com\/pt\/wp-json\/wp\/v2\/product"}],"about":[{"href":"https:\/\/minghanggroup.com\/pt\/wp-json\/wp\/v2\/types\/product"}],"wp:featuredmedia":[{"embeddable":true,"href":"https:\/\/minghanggroup.com\/pt\/wp-json\/wp\/v2\/media\/4573"}],"wp:attachment":[{"href":"https:\/\/minghanggroup.com\/pt\/wp-json\/wp\/v2\/media?parent=4571"}],"wp:term":[{"taxonomy":"product_brand","embeddable":true,"href":"https:\/\/minghanggroup.com\/pt\/wp-json\/wp\/v2\/product_brand?post=4571"},{"taxonomy":"product_cat","embeddable":true,"href":"https:\/\/minghanggroup.com\/pt\/wp-json\/wp\/v2\/product_cat?post=4571"},{"taxonomy":"product_tag","embeddable":true,"href":"https:\/\/minghanggroup.com\/pt\/wp-json\/wp\/v2\/product_tag?post=4571"}],"curies":[{"name":"wp","href":"https:\/\/api.w.org\/{rel}","templated":true}]}}