{"id":4566,"date":"2026-01-13T11:21:53","date_gmt":"2026-01-13T03:21:53","guid":{"rendered":"https:\/\/minghanggroup.com\/?post_type=product&#038;p=4566"},"modified":"2026-01-13T16:48:50","modified_gmt":"2026-01-13T08:48:50","slug":"glass-personalized-cologne-bottle-with-diamond-lids-bulk","status":"publish","type":"product","link":"https:\/\/minghanggroup.com\/pt\/produto\/glass-personalized-cologne-bottle-with-diamond-lids-bulk\/","title":{"rendered":"Frascos de col\u00f4nia de vidro personalizados de 50ml com tampas em formato de diamante (em grande quantidade)"},"content":{"rendered":"<p>Seus frascos de perfume personalizados n\u00e3o devem apenas conter fragr\u00e2ncia \u2014 devem fazer com que os clientes parem de navegar no feed. Como fornecedores l\u00edderes de frascos para fragr\u00e2ncias, criamos frascos de vidro que transformam seu perfume personalizado em um momento de luxo inesquec\u00edvel.<\/p>\n<h2>Caracter\u00edsticas do produto<\/h2>\n<ul>\n<li><strong>Contraste entre a tampa prateada e a dourada: <\/strong>Tampas met\u00e1licas em vidro transparente? Embalagens de perfume que fizeram sucesso da noite para o dia.<\/li>\n<li><strong>Base retangular refor\u00e7ada e estabilizada: <\/strong>Sem oscila\u00e7\u00e3o nas prateleiras. Seu frasco de perfume de vidro \u00e9 pesado e de alta qualidade.<\/li>\n<li><strong>A Magia Multifacetada dos Bon\u00e9s: <\/strong>A tampa superior reflete a luz, adicionando decora\u00e7\u00e3o instant\u00e2nea sem custo adicional.<\/li>\n<\/ul>\n<h2>Especifica\u00e7\u00f5es principais<\/h2>\n<table style=\"border-collapse: collapse; width: 80%; margin-left: auto; margin-right: auto;\" border=\"0\" width=\"288\" cellspacing=\"0\" cellpadding=\"0\">\n<tbody>\n<tr style=\"height: 13.50pt;\">\n<td style=\"height: 13.5pt; width: 54pt; text-align: center;\" width=\"72\" height=\"18\">Tamanho<\/td>\n<td style=\"width: 54pt; text-align: center;\" width=\"72\">Dimens\u00f5es (mm)<\/td>\n<td style=\"width: 54pt; text-align: center;\" width=\"72\">Cor do bon\u00e9<\/td>\n<td style=\"width: 54pt; text-align: center;\" width=\"72\">Tipo de veda\u00e7\u00e3o<\/td>\n<\/tr>\n<tr style=\"height: 13.50pt;\">\n<td style=\"height: 13.5pt; text-align: center;\" height=\"18\">50ml<\/td>\n<td style=\"text-align: center;\">58\u00d733\u00d779 \/ 58\u00d735\u00d791<\/td>\n<td style=\"text-align: center;\">Prata\/Ouro<\/td>\n<td style=\"text-align: center;\">Spray superior (atomizador)<\/td>\n<\/tr>\n<\/tbody>\n<\/table>\n<h2>Caso de sucesso<\/h2>\n<p>Uma das marcas de perfumes de luxo buscava uma embalagem transparente que representasse o requinte da sua produ\u00e7\u00e3o e a posicionasse em um patamar superior. Para o lan\u00e7amento da sua nova cole\u00e7\u00e3o, a marca escolheu nossos frascos de vidro personalizados com acabamento fosco, logotipo discretamente gravado na parte frontal e um anel de spray dourado, tamb\u00e9m personalizado, que remete \u00e0 pr\u00f3pria marca.<br \/>\nA marca aumentou seu volume de pedidos recorrentes em 35% em apenas dois lan\u00e7amentos e obteve uma resposta mais positiva dos distribuidores, o que os incentivou a continuar fazendo pedidos repetidos em diferentes esta\u00e7\u00f5es do ano.<\/p>\n<h2>Suas op\u00e7\u00f5es de personaliza\u00e7\u00e3o<\/h2>\n<ol>\n<li><strong>Cor da casca:<\/strong> Floral dourado e amadeirado prateado \u2013 a tampa explica tudo antes da primeira borrifada.<\/li>\n<li><strong>Impress\u00e3o UV: <\/strong>Aplique desenhos de flores no vidro \u2013 suas solu\u00e7\u00f5es para embalagens de perfume v\u00e3o dar o que falar.<\/li>\n<li><strong>Luxo em Grava\u00e7\u00e3o: <\/strong>Grave seu logotipo a laser na lateral.<\/li>\n<\/ol>","protected":false},"excerpt":{"rendered":"<p>Frasco de col\u00f4nia personalizado com vidro transparente e acabamento em spray. Trabalhe com fornecedores confi\u00e1veis \u200b\u200bde frascos de fragr\u00e2ncias que oferecem personaliza\u00e7\u00e3o direta da f\u00e1brica e em grandes quantidades.<\/p>","protected":false},"featured_media":4570,"template":"","meta":{"postBodyCss":"","postBodyMargin":[],"postBodyPadding":[],"postBodyBackground":{"backgroundType":"classic","gradient":""}},"product_brand":[],"product_cat":[15,16,62],"product_tag":[],"class_list":{"0":"post-4566","1":"product","2":"type-product","3":"status-publish","4":"has-post-thumbnail","6":"product_cat-glass-containers","7":"product_cat-glass-bottles","8":"product_cat-perfume-bottles","10":"first","11":"instock","12":"shipping-taxable","13":"product-type-simple"},"jetpack_sharing_enabled":true,"_links":{"self":[{"href":"https:\/\/minghanggroup.com\/pt\/wp-json\/wp\/v2\/product\/4566","targetHints":{"allow":["GET"]}}],"collection":[{"href":"https:\/\/minghanggroup.com\/pt\/wp-json\/wp\/v2\/product"}],"about":[{"href":"https:\/\/minghanggroup.com\/pt\/wp-json\/wp\/v2\/types\/product"}],"wp:featuredmedia":[{"embeddable":true,"href":"https:\/\/minghanggroup.com\/pt\/wp-json\/wp\/v2\/media\/4570"}],"wp:attachment":[{"href":"https:\/\/minghanggroup.com\/pt\/wp-json\/wp\/v2\/media?parent=4566"}],"wp:term":[{"taxonomy":"product_brand","embeddable":true,"href":"https:\/\/minghanggroup.com\/pt\/wp-json\/wp\/v2\/product_brand?post=4566"},{"taxonomy":"product_cat","embeddable":true,"href":"https:\/\/minghanggroup.com\/pt\/wp-json\/wp\/v2\/product_cat?post=4566"},{"taxonomy":"product_tag","embeddable":true,"href":"https:\/\/minghanggroup.com\/pt\/wp-json\/wp\/v2\/product_tag?post=4566"}],"curies":[{"name":"wp","href":"https:\/\/api.w.org\/{rel}","templated":true}]}}