{"id":4555,"date":"2026-01-12T16:22:03","date_gmt":"2026-01-12T08:22:03","guid":{"rendered":"https:\/\/minghanggroup.com\/?post_type=product&#038;p=4555"},"modified":"2026-01-12T17:04:46","modified_gmt":"2026-01-12T09:04:46","slug":"clear-glass-perfume-bottles-vintage-design-wholesale","status":"publish","type":"product","link":"https:\/\/minghanggroup.com\/pt\/produto\/clear-glass-perfume-bottles-vintage-design-wholesale\/","title":{"rendered":"Frascos de perfume de vidro transparente de 50ml com design vintage para atacado"},"content":{"rendered":"<p>Seus frascos de perfume vintage de vidro n\u00e3o devem apenas conter fragr\u00e2ncia \u2014 eles devem atrair olhares. Como especialistas em design de frascos de perfume, criamos frascos de vidro que transformam seu perfume personalizado em um momento de luxo inesquec\u00edvel.<\/p>\n<h2>Caracter\u00edsticas do produto<\/h2>\n<ul>\n<li><strong>Clareza cristalina: <\/strong>Veja a verdadeira cor da sua fragr\u00e2ncia atrav\u00e9s deste frasco de vidro - sem filtros turvos, apenas a pura beleza do vidro.<\/li>\n<li><strong>Contraste da tampa prateada: <\/strong>Tampas prateadas met\u00e1licas em contraste com vidro transparente? Um toque visual impactante para a embalagem do seu perfume.<\/li>\n<li><strong>Base retangular estabilizada: <\/strong>Base espessa \u2013 sem qualquer oscila\u00e7\u00e3o nas prateleiras. Seu frasco de perfume de vidro tem um peso e uma sensa\u00e7\u00e3o de alta qualidade.<\/li>\n<\/ul>\n<h2>Especifica\u00e7\u00f5es principais<\/h2>\n<table style=\"border-collapse: collapse; width: 80%; margin-right: auto; margin-left: auto;\" border=\"0\" width=\"360\" cellspacing=\"0\" cellpadding=\"0\">\n<tbody>\n<tr style=\"height: 13.50pt;\">\n<td style=\"height: 13.5pt; width: 54pt; text-align: center;\" width=\"72\" height=\"18\">Tamanho<\/td>\n<td style=\"width: 54pt; text-align: center;\" width=\"72\">Dimens\u00f5es (mm)<\/td>\n<td style=\"width: 54pt; text-align: center;\" width=\"72\">Material<\/td>\n<td style=\"width: 54pt; text-align: center;\" width=\"72\">Cor do bon\u00e9<\/td>\n<td style=\"width: 54pt; text-align: center;\" width=\"72\">Tipo de veda\u00e7\u00e3o<\/td>\n<\/tr>\n<tr style=\"height: 13.50pt;\">\n<td style=\"height: 13.5pt; text-align: center;\" height=\"18\">50ml<\/td>\n<td style=\"text-align: center;\">41\u00d730\u00d7107<\/td>\n<td style=\"text-align: center;\">Vidro cristal + Metal\/PE<\/td>\n<td style=\"text-align: center;\">Prata<\/td>\n<td style=\"text-align: center;\">Spray superior (atomizador)<\/td>\n<\/tr>\n<\/tbody>\n<\/table>\n<h2>Caso de sucesso<\/h2>\n<p>Uma marca de perfumes buscava embalagens que refletissem seu posicionamento minimalista e, ao mesmo tempo, contribu\u00edssem para o reconhecimento da marca nas prateleiras. Para o lan\u00e7amento da primeira cole\u00e7\u00e3o, a marca escolheu nossos frascos de vidro transparente e os personalizou com um acabamento fosco, a grava\u00e7\u00e3o do logotipo no ombro e a adi\u00e7\u00e3o de padr\u00f5es impressos em seda muito sutis, que transmitem textura sem criar polui\u00e7\u00e3o visual.<\/p>\n<p>A nova embalagem, portanto, contribuiu significativamente para que a marca atingisse um aumento de 35% na taxa de vendas nos dois primeiros meses ap\u00f3s o lan\u00e7amento. Motivada pela resposta favor\u00e1vel do mercado, a empresa ampliou a linha de produtos e vem realizando novos pedidos em grande volume para tr\u00eas lan\u00e7amentos consecutivos.<\/p>\n<h2>Suas op\u00e7\u00f5es de personaliza\u00e7\u00e3o<\/h2>\n<ol>\n<li><strong>Bon\u00e9 de Prata: <\/strong>Fa\u00e7a com que a cor da tampa reflita as notas da fragr\u00e2ncia: prata para mineral, dourado para floral. Sua tampa conta a hist\u00f3ria.<\/li>\n<li><strong>Grave para um toque de luxo instant\u00e2neo: <\/strong>Use um laser para marcar seu logotipo na lateral.<\/li>\n<li><strong>Impress\u00e3o UV para decora\u00e7\u00e3o: <\/strong>Imprima imagens bot\u00e2nicas no vidro e transforme suas solu\u00e7\u00f5es de embalagem de fragr\u00e2ncias em uma obra-prima.<\/li>\n<\/ol>","protected":false},"excerpt":{"rendered":"<p>Frascos de perfume de vidro em estilo vintage, com formato refinado e transpar\u00eancia. Fornecimento direto da f\u00e1brica, com suporte para design exclusivo de frascos de fragr\u00e2ncia. Envio r\u00e1pido.<\/p>","protected":false},"featured_media":4565,"template":"","meta":{"postBodyCss":"","postBodyMargin":[],"postBodyPadding":[],"postBodyBackground":{"backgroundType":"classic","gradient":""}},"product_brand":[],"product_cat":[16,15,62],"product_tag":[],"class_list":{"0":"post-4555","1":"product","2":"type-product","3":"status-publish","4":"has-post-thumbnail","6":"product_cat-glass-bottles","7":"product_cat-glass-containers","8":"product_cat-perfume-bottles","10":"first","11":"instock","12":"shipping-taxable","13":"product-type-simple"},"jetpack_sharing_enabled":true,"_links":{"self":[{"href":"https:\/\/minghanggroup.com\/pt\/wp-json\/wp\/v2\/product\/4555","targetHints":{"allow":["GET"]}}],"collection":[{"href":"https:\/\/minghanggroup.com\/pt\/wp-json\/wp\/v2\/product"}],"about":[{"href":"https:\/\/minghanggroup.com\/pt\/wp-json\/wp\/v2\/types\/product"}],"wp:featuredmedia":[{"embeddable":true,"href":"https:\/\/minghanggroup.com\/pt\/wp-json\/wp\/v2\/media\/4565"}],"wp:attachment":[{"href":"https:\/\/minghanggroup.com\/pt\/wp-json\/wp\/v2\/media?parent=4555"}],"wp:term":[{"taxonomy":"product_brand","embeddable":true,"href":"https:\/\/minghanggroup.com\/pt\/wp-json\/wp\/v2\/product_brand?post=4555"},{"taxonomy":"product_cat","embeddable":true,"href":"https:\/\/minghanggroup.com\/pt\/wp-json\/wp\/v2\/product_cat?post=4555"},{"taxonomy":"product_tag","embeddable":true,"href":"https:\/\/minghanggroup.com\/pt\/wp-json\/wp\/v2\/product_tag?post=4555"}],"curies":[{"name":"wp","href":"https:\/\/api.w.org\/{rel}","templated":true}]}}