{"id":4554,"date":"2026-01-12T13:39:25","date_gmt":"2026-01-12T05:39:25","guid":{"rendered":"https:\/\/minghanggroup.com\/?post_type=product&#038;p=4554"},"modified":"2026-01-12T16:44:53","modified_gmt":"2026-01-12T08:44:53","slug":"cylindrical-matte-cologne-black-bottles-bulk","status":"publish","type":"product","link":"https:\/\/minghanggroup.com\/pt\/produto\/cylindrical-matte-cologne-black-bottles-bulk\/","title":{"rendered":"Frascos cil\u00edndricos de col\u00f4nia pretos foscos de 30ml, 50ml e 100ml (em atacado)"},"content":{"rendered":"<p>Trata-se de um frasco de col\u00f4nia preto fosco com um corpo cil\u00edndrico e liso (com uma tampa quadrada que combina), formando um formato ic\u00f4nico, moderno e elegante.<\/p>\n<h2>Caracter\u00edsticas do produto<\/h2>\n<ul>\n<li><strong>Acabamento totalmente preto fosco:<\/strong> Tanto a garrafa quanto a tampa recebem o mesmo acabamento preto fosco, resultando em uma apar\u00eancia uniforme, elegante e contempor\u00e2nea.<\/li>\n<li><strong>Cil\u00edndrico liso:<\/strong> O design cil\u00edndrico cl\u00e1ssico \u00e9 elegante, robusto e dur\u00e1vel, sendo a melhor representa\u00e7\u00e3o da imagem minimalista da marca.<\/li>\n<li><strong>Entro il 2026, il locale<\/strong> Est\u00e1 dispon\u00edvel em tamanhos de 30ml, 50ml e 100ml, o que proporciona a qualquer marca uma linha de produtos que pode ser dimensionada e harmonizada.<\/li>\n<\/ul>\n<h2 style=\"text-align: left;\">Especifica\u00e7\u00f5es principais<\/h2>\n<table class=\"aligncenter\" style=\"border-collapse: collapse; width: 475.52pt;\" border=\"0\" width=\"634\" cellspacing=\"0\" cellpadding=\"0\">\n<tbody>\n<tr style=\"height: 13.50pt;\">\n<td style=\"height: 13.50pt; width: 119.25pt;\" width=\"159\" height=\"18\">Especifica\u00e7\u00e3o<\/td>\n<td style=\"width: 356.25pt;\" width=\"475\">Detalhes<\/td>\n<\/tr>\n<tr style=\"height: 13.50pt;\">\n<td style=\"height: 13.50pt;\" height=\"18\">Capacidade<\/td>\n<td>30ml \/ 50ml \/ 100ml<\/td>\n<\/tr>\n<tr style=\"height: 13.50pt;\">\n<td style=\"height: 13.50pt;\" height=\"18\">Dimens\u00f5es<\/td>\n<td>45\u00d756mm \/ 50\u00d772mm \/ 58\u00d784mm<\/td>\n<\/tr>\n<tr style=\"height: 13.50pt;\">\n<td style=\"height: 13.50pt;\" height=\"18\">Material<\/td>\n<td>Vidro com revestimento preto fosco<\/td>\n<\/tr>\n<tr style=\"height: 13.50pt;\">\n<td style=\"height: 13.50pt;\" height=\"18\">Formato de garrafa<\/td>\n<td>Cilindro<\/td>\n<\/tr>\n<tr style=\"height: 13.50pt;\">\n<td style=\"height: 13.50pt;\" height=\"18\">Escopo de personaliza\u00e7\u00e3o<\/td>\n<td>Formato da garrafa, tamanho, textura do acabamento, grava\u00e7\u00e3o a laser<\/td>\n<\/tr>\n<tr style=\"height: 13.50pt;\">\n<td style=\"height: 13.50pt;\" height=\"18\">Artesanato<\/td>\n<td>Moldagem de cilindros de vidro de precis\u00e3o, aplica\u00e7\u00e3o de revestimento fosco<\/td>\n<\/tr>\n<tr style=\"height: 13.50pt;\">\n<td style=\"height: 13.50pt;\" height=\"18\">Finalidade do produto<\/td>\n<td>Frascos de col\u00f4nia pretos, frascos de perfume de luxo<\/td>\n<\/tr>\n<tr style=\"height: 13.50pt;\">\n<td style=\"height: 13.50pt;\" height=\"18\">Ind\u00fastrias adequadas<\/td>\n<td>Perfumaria contempor\u00e2nea, cuidados pessoais de alta qualidade<\/td>\n<\/tr>\n<\/tbody>\n<\/table>\n<h2>Hist\u00f3ria de Sucesso: Startup de Tecnologia Escandinava Lan\u00e7a Produto de Fragr\u00e2ncia<\/h2>\n<p>Uma startup de tecnologia escandinava escolheu nosso frasco preto de perfume masculino de 100ml como seu produto principal e optou por um acabamento ultramate. O design exclusivo se adequa perfeitamente \u00e0 filosofia da marca, que preza pela tecnologia invis\u00edvel, e resultou em um crescimento de 400% nas pr\u00e9-encomendas. Sua qualidade e alto custo (60% acima do custo de produ\u00e7\u00e3o) s\u00e3o justificados pela sua impon\u00eancia. A startup ficou encantada com a aceita\u00e7\u00e3o do produto no mercado e com o sucesso operacional, e por isso encomendou mais 500.000 frascos para lan\u00e7ar seu servi\u00e7o de assinatura internacional.<\/p>\n<h2>Op\u00e7\u00e3o de personaliza\u00e7\u00e3o de frascos de col\u00f4nia pretos<\/h2>\n<ul>\n<li>Varia\u00e7\u00e3o da textura da superf\u00edcie: Oferece diversas texturas (toque suave, jateada, aveludada) na superf\u00edcie para proporcionar um toque \u00fanico.<\/li>\n<li>Grava\u00e7\u00e3o de detalhes microsc\u00f3picos: Gravar padr\u00f5es, n\u00fameros de s\u00e9rie ou listas de ingredientes, etc., de forma que s\u00f3 sejam vis\u00edveis em \u00e2ngulos espec\u00edficos.<\/li>\n<li>Detalhes personalizados da tampa: Personalize a tampa cil\u00edndrica com ranhuras sutis, bordas serrilhadas ou diversas texturas.<\/li>\n<li>Base com peso: Um disco de metal na base proporciona maior estabilidade e uma sensa\u00e7\u00e3o de maior qualidade e solidez.<\/li>\n<\/ul>","protected":false},"excerpt":{"rendered":"<p>Descubra o frasco preto moderno para perfume com tampa a condizer. Ideal para fragr\u00e2ncias de nicho, este frasco preto para perfume masculino exala sofistica\u00e7\u00e3o. Solicite uma amostra gr\u00e1tis.<\/p>","protected":false},"featured_media":4561,"template":"","meta":{"postBodyCss":"","postBodyMargin":[],"postBodyPadding":[],"postBodyBackground":{"backgroundType":"classic","gradient":""}},"product_brand":[],"product_cat":[15,16,62],"product_tag":[],"class_list":{"0":"post-4554","1":"product","2":"type-product","3":"status-publish","4":"has-post-thumbnail","6":"product_cat-glass-containers","7":"product_cat-glass-bottles","8":"product_cat-perfume-bottles","10":"first","11":"instock","12":"shipping-taxable","13":"product-type-simple"},"jetpack_sharing_enabled":true,"_links":{"self":[{"href":"https:\/\/minghanggroup.com\/pt\/wp-json\/wp\/v2\/product\/4554","targetHints":{"allow":["GET"]}}],"collection":[{"href":"https:\/\/minghanggroup.com\/pt\/wp-json\/wp\/v2\/product"}],"about":[{"href":"https:\/\/minghanggroup.com\/pt\/wp-json\/wp\/v2\/types\/product"}],"wp:featuredmedia":[{"embeddable":true,"href":"https:\/\/minghanggroup.com\/pt\/wp-json\/wp\/v2\/media\/4561"}],"wp:attachment":[{"href":"https:\/\/minghanggroup.com\/pt\/wp-json\/wp\/v2\/media?parent=4554"}],"wp:term":[{"taxonomy":"product_brand","embeddable":true,"href":"https:\/\/minghanggroup.com\/pt\/wp-json\/wp\/v2\/product_brand?post=4554"},{"taxonomy":"product_cat","embeddable":true,"href":"https:\/\/minghanggroup.com\/pt\/wp-json\/wp\/v2\/product_cat?post=4554"},{"taxonomy":"product_tag","embeddable":true,"href":"https:\/\/minghanggroup.com\/pt\/wp-json\/wp\/v2\/product_tag?post=4554"}],"curies":[{"name":"wp","href":"https:\/\/api.w.org\/{rel}","templated":true}]}}