{"id":4540,"date":"2026-01-12T11:08:58","date_gmt":"2026-01-12T03:08:58","guid":{"rendered":"https:\/\/minghanggroup.com\/?post_type=product&#038;p=4540"},"modified":"2026-01-12T11:48:17","modified_gmt":"2026-01-12T03:48:17","slug":"amber-glass-perfume-bottles-with-wooden-lids-bulk","status":"publish","type":"product","link":"https:\/\/minghanggroup.com\/pt\/produto\/amber-glass-perfume-bottles-with-wooden-lids-bulk\/","title":{"rendered":"Frascos de perfume de vidro \u00e2mbar de 30ml, 50ml e 100ml com tampas de madeira (em grande quantidade)"},"content":{"rendered":"<p>Esses frascos de perfume em vidro \u00e2mbar s\u00e3o confeccionados em vidro transl\u00facido marrom-\u00e2mbar (n\u00e3o agressivo a fragr\u00e2ncias que contenham ingredientes fotossens\u00edveis). O corpo cil\u00edndrico com superf\u00edcie lisa \u00e9 complementado por uma tampa de madeira natural fosca, que confere um toque natural e acolhedor ao ambiente.<\/p>\n<h2>Caracter\u00edsticas do produto<\/h2>\n<ul>\n<li><strong>Frasco transl\u00facido \u00e2mbar-acastanhado:<\/strong> O vidro transl\u00facido \u00e2mbar-acastanhado \u00e9 pr\u00e1tico e sofisticado, pois protege os ingredientes da fragr\u00e2ncia (que n\u00e3o ficam expostos) e, ao mesmo tempo, permite visualizar o conte\u00fado, facilitando sua identifica\u00e7\u00e3o.<\/li>\n<li><strong>Tampa de madeira natural:<\/strong> A textura natural e o aconchego da madeira da embalagem, aliados \u00e0 cor \u00e2mbar-acastanhada do frasco, conferem um toque r\u00fastico e fresco \u00e0 decora\u00e7\u00e3o, remetendo \u00e0 floresta.<\/li>\n<li><strong>Spray de n\u00e9voa fina e segura:<\/strong> Cada frasco do produto possui um atomizador eficaz que cria uma n\u00e9voa fina, garantindo uma aplica\u00e7\u00e3o de qualidade em cada borrifada.<\/li>\n<\/ul>\n<h2 style=\"text-align: left;\">Especifica\u00e7\u00f5es principais<\/h2>\n<table class=\"aligncenter\" style=\"border-collapse: collapse; width: 491.27pt;\" border=\"0\" width=\"655\" cellspacing=\"0\" cellpadding=\"0\">\n<tbody>\n<tr style=\"height: 13.50pt;\">\n<td style=\"height: 13.50pt; width: 119.25pt;\" width=\"159\" height=\"18\">Especifica\u00e7\u00e3o<\/td>\n<td style=\"width: 372.00pt;\" width=\"496\">Detalhes<\/td>\n<\/tr>\n<tr style=\"height: 13.50pt;\">\n<td style=\"height: 13.50pt;\" height=\"18\">Capacidade<\/td>\n<td>30ml \/ 50ml \/ 100ml<\/td>\n<\/tr>\n<tr style=\"height: 13.50pt;\">\n<td style=\"height: 13.50pt;\" height=\"18\">Dimens\u00f5es<\/td>\n<td>39\u00d773mm \/ 44\u00d784mm \/ 53\u00d7100mm<\/td>\n<\/tr>\n<tr style=\"height: 13.50pt;\">\n<td style=\"height: 13.50pt;\" height=\"18\">Material<\/td>\n<td>Vidro \u00e2mbar, tampa de madeira<\/td>\n<\/tr>\n<tr style=\"height: 13.50pt;\">\n<td style=\"height: 13.50pt;\" height=\"18\">Formato de garrafa<\/td>\n<td>Cilindro arredondado<\/td>\n<\/tr>\n<tr style=\"height: 13.50pt;\">\n<td style=\"height: 13.50pt;\" height=\"18\">Escopo de personaliza\u00e7\u00e3o<\/td>\n<td>Formato, tamanho, cor, tonalidade e material\/acabamento da tampa do frasco.<\/td>\n<\/tr>\n<tr style=\"height: 13.50pt;\">\n<td style=\"height: 13.50pt;\" height=\"18\">Artesanato<\/td>\n<td>Moldagem de vidro \u00e2mbar, torneamento de madeira ou moldagem de comp\u00f3sitos de madeira.<\/td>\n<\/tr>\n<tr style=\"height: 13.50pt;\">\n<td style=\"height: 13.50pt;\" height=\"18\">Finalidade do produto<\/td>\n<td>Frascos de vidro \u00e2mbar para perfumes e \u00f3leos essenciais.<\/td>\n<\/tr>\n<tr style=\"height: 13.50pt;\">\n<td style=\"height: 13.50pt;\" height=\"18\">Ind\u00fastrias adequadas<\/td>\n<td>Marcas de beleza natural, aromaterapia, produtos org\u00e2nicos e bem-estar.<\/td>\n<\/tr>\n<\/tbody>\n<\/table>\n<h2>Caso de sucesso<\/h2>\n<p>Uma das principais marcas de cosm\u00e9ticos org\u00e2nicos do Noroeste do Pac\u00edfico escolheu nossos frascos de perfume \u00e2mbar de 100ml com tampas de cedro e corpos de vidro \u00e2mbar levemente foscos. O vidro \u00e2mbar oferece importante prote\u00e7\u00e3o UV e aumenta a vida \u00fatil dos ingredientes naturais em aproximadamente 30%. As tampas de madeira foram um dos itens favoritos dos clientes, mencionadas em 80% das avalia\u00e7\u00f5es positivas. Isso incentivou a marca a tal ponto que o feedback dos clientes e o desempenho do produto a levaram a encomendar mais 200.000 frascos para facilitar a cria\u00e7\u00e3o da nova se\u00e7\u00e3o de fragr\u00e2ncias.<\/p>\n<h2>Frascos de perfume \u00e2mbar com designs personaliz\u00e1veis<\/h2>\n<ul>\n<li>Op\u00e7\u00f5es de tonalidade do vidro \u00e2mbar: \u00c9 poss\u00edvel escolher entre uma infinidade de tonalidades diferentes de vidro \u00e2mbar. A gama completa varia do mel claro ao conhaque profundo.<\/li>\n<li>Bon\u00e9s de madeira personalizados: Atrav\u00e9s da escolha do material, os clientes podem ter seus bon\u00e9s feitos sob medida. Al\u00e9m de serem ecol\u00f3gicos, as madeiras que podem ser utilizadas incluem bambu, corti\u00e7a e s\u00e2ndalo.<\/li>\n<li>Grava\u00e7\u00e3o em vidro: Crie um padr\u00e3o, marcas ou desenhos bot\u00e2nicos gravados na superf\u00edcie do vidro.<\/li>\n<li>Vidro fosco: Garrafas de vidro fosco s\u00e3o obtidas aplicando-se uma camada fosca completa ou um efeito degrad\u00ea em garrafas de vidro \u00e2mbar, produzindo um efeito muito mais suave e discreto.<\/li>\n<\/ul>","protected":false},"excerpt":{"rendered":"<p>Descubra frascos de perfume em vidro \u00e2mbar com tampas de madeira natural. Esta cole\u00e7\u00e3o minimalista de frascos de perfume \u00e2mbar \u00e9 ideal para fragr\u00e2ncias de nicho. Entrega r\u00e1pida!<\/p>","protected":false},"featured_media":4541,"template":"","meta":{"postBodyCss":"","postBodyMargin":[],"postBodyPadding":[],"postBodyBackground":{"backgroundType":"classic","gradient":""}},"product_brand":[],"product_cat":[15,16,62],"product_tag":[],"class_list":{"0":"post-4540","1":"product","2":"type-product","3":"status-publish","4":"has-post-thumbnail","6":"product_cat-glass-containers","7":"product_cat-glass-bottles","8":"product_cat-perfume-bottles","10":"first","11":"instock","12":"shipping-taxable","13":"product-type-simple"},"jetpack_sharing_enabled":true,"_links":{"self":[{"href":"https:\/\/minghanggroup.com\/pt\/wp-json\/wp\/v2\/product\/4540","targetHints":{"allow":["GET"]}}],"collection":[{"href":"https:\/\/minghanggroup.com\/pt\/wp-json\/wp\/v2\/product"}],"about":[{"href":"https:\/\/minghanggroup.com\/pt\/wp-json\/wp\/v2\/types\/product"}],"wp:featuredmedia":[{"embeddable":true,"href":"https:\/\/minghanggroup.com\/pt\/wp-json\/wp\/v2\/media\/4541"}],"wp:attachment":[{"href":"https:\/\/minghanggroup.com\/pt\/wp-json\/wp\/v2\/media?parent=4540"}],"wp:term":[{"taxonomy":"product_brand","embeddable":true,"href":"https:\/\/minghanggroup.com\/pt\/wp-json\/wp\/v2\/product_brand?post=4540"},{"taxonomy":"product_cat","embeddable":true,"href":"https:\/\/minghanggroup.com\/pt\/wp-json\/wp\/v2\/product_cat?post=4540"},{"taxonomy":"product_tag","embeddable":true,"href":"https:\/\/minghanggroup.com\/pt\/wp-json\/wp\/v2\/product_tag?post=4540"}],"curies":[{"name":"wp","href":"https:\/\/api.w.org\/{rel}","templated":true}]}}