{"id":4539,"date":"2026-01-12T12:31:24","date_gmt":"2026-01-12T04:31:24","guid":{"rendered":"https:\/\/minghanggroup.com\/?post_type=product&#038;p=4539"},"modified":"2026-01-12T16:52:04","modified_gmt":"2026-01-12T08:52:04","slug":"30ml-50ml-cologne-bottles-with-colorful-lids-wholesale","status":"publish","type":"product","link":"https:\/\/minghanggroup.com\/pt\/produto\/30ml-50ml-cologne-bottles-with-colorful-lids-wholesale\/","title":{"rendered":"Frascos de col\u00f4nia de 30ml e 50ml com tampas coloridas para atacado"},"content":{"rendered":"<p>Seu frasco de col\u00f4nia de 50ml n\u00e3o deve apenas conter fragr\u00e2ncia \u2014 ele deve atrair a aten\u00e7\u00e3o de quem o v\u00ea. Criamos frascos de perfume com design que transformam sua fragr\u00e2ncia personalizada em um momento de luxo instant\u00e2neo.<\/p>\n<h2>Caracter\u00edsticas do produto<\/h2>\n<ul>\n<li><strong>Clareza cristalina:<\/strong> Um frasco de vidro permite que voc\u00ea veja a verdadeira cor da sua fragr\u00e2ncia \u2014 sem filtros turvos, apenas a beleza pura do vidro.<\/li>\n<li><strong>Base retangular estabilizada:<\/strong> Base espessa para garantir que n\u00e3o balance nas prateleiras. Seu frasco de perfume de vidro tem um toque s\u00f3lido e sofisticado.<\/li>\n<li><strong>Contraste de cores no bon\u00e9:<\/strong> Tampas roxas ou amarelas em contraste com vidro transparente? Um toque visual instant\u00e2neo para a embalagem do seu perfume.<\/li>\n<\/ul>\n<h2>Especifica\u00e7\u00f5es principais<\/h2>\n<table style=\"border-collapse: collapse; width: 80%; margin-left: auto; margin-right: auto;\" border=\"0\" width=\"360\" cellspacing=\"0\" cellpadding=\"0\">\n<tbody>\n<tr style=\"height: 13.50pt;\">\n<td style=\"height: 13.5pt; width: 54pt; text-align: center;\" width=\"72\" height=\"18\">Tamanho (ml)<\/td>\n<td style=\"width: 54pt; text-align: center;\" width=\"72\">Dimens\u00f5es (mm)<\/td>\n<td style=\"width: 54pt; text-align: center;\" width=\"72\">Material<\/td>\n<td style=\"width: 54pt; text-align: center;\" width=\"72\">Cor do bon\u00e9<\/td>\n<td style=\"width: 54pt; text-align: center;\" width=\"72\">Tipo de veda\u00e7\u00e3o<\/td>\n<\/tr>\n<tr style=\"height: 13.50pt;\">\n<td style=\"height: 13.5pt; text-align: center;\" align=\"right\" height=\"18\">30<\/td>\n<td style=\"text-align: center;\">42\u00d730\u00d777<\/td>\n<td class=\"et2\" style=\"text-align: center;\" rowspan=\"2\">Cristal + Metal\/PE<\/td>\n<td class=\"et2\" style=\"text-align: center;\" rowspan=\"2\">lil\u00e1s claro\/amarelo<\/td>\n<td class=\"et2\" style=\"text-align: center;\" rowspan=\"2\">Atomizador de n\u00e9voa fina<\/td>\n<\/tr>\n<tr style=\"height: 13.50pt;\">\n<td style=\"height: 13.5pt; text-align: center;\" align=\"right\" height=\"18\">50<\/td>\n<td style=\"text-align: center;\">50\u00d728\u00d792<\/td>\n<\/tr>\n<\/tbody>\n<\/table>\n<h2>Caso de sucesso<\/h2>\n<p>Uma empresa de perfumes que trabalha com fragr\u00e2ncias personalizadas fez uma parceria conosco para criar este frasco de vidro transparente sob medida durante o desenvolvimento de sua nova linha de fragr\u00e2ncias leves. O cliente, adaptando a espessura e a propor\u00e7\u00e3o de altura do frasco retangular padr\u00e3o e escolhendo um vidro branco de alta transpar\u00eancia para refletir a clareza geral, tomou como refer\u00eancia o posicionamento jovial da marca.<\/p>\n<p>As tampas dos frascos s\u00e3o decoradas com cores suaves personalizadas (amarelo claro e rosa claro) para indicar as diferentes s\u00e9ries de fragr\u00e2ncias. Um borrifador correspondente foi escolhido para proporcionar uma atomiza\u00e7\u00e3o fina e uniforme, e espa\u00e7os foram reservados para serigrafia e rotulagem, permitindo futuras expans\u00f5es de design.<\/p>\n<p>A linha de fragr\u00e2ncias frescas alcan\u00e7ou um aumento de aproximadamente 20% nas vendas em tr\u00eas meses, gra\u00e7as ao design consistente e refrescante das embalagens ap\u00f3s o lan\u00e7amento do produto, elevando, assim, substancialmente o reconhecimento da marca entre o p\u00fablico jovem.<\/p>\n<h2>Suas op\u00e7\u00f5es de personaliza\u00e7\u00e3o<\/h2>\n<ol>\n<li><strong>Op\u00e7\u00f5es de personaliza\u00e7\u00e3o do corpo da garrafa:<\/strong> Aprimore a profundidade visual da garrafa escolhendo t\u00e9cnicas de fosqueamento parcial, pulveriza\u00e7\u00e3o degrad\u00ea ou pulveriza\u00e7\u00e3o de cor interna, mantendo a transpar\u00eancia da garrafa, tornando-a assim adequada para s\u00e9ries de alta gama, sofisticadas ou de edi\u00e7\u00e3o limitada.<\/li>\n<li><strong>Op\u00e7\u00f5es de cores e materiais para tampas de garrafa: <\/strong>Al\u00e9m das tampas de pl\u00e1stico comuns, as tampas moldadas por inje\u00e7\u00e3o de cores, com acabamentos eletrodepositados, foscos ou bicolor, podem ser personalizadas para permitir o uso de cores diferentes para r\u00e1pida identifica\u00e7\u00e3o de fragr\u00e2ncias ou linhas de produtos.<\/li>\n<li><strong>Design da base da garrafa e da identidade visual da marca: <\/strong>Aprimore as caracter\u00edsticas antifalsifica\u00e7\u00e3o e a exclusividade da sua marca utilizando os seguintes m\u00e9todos: Grava\u00e7\u00e3o da marca em relevo na base da garrafa; C\u00f3digo gravado; Estruturas rebaixadas personalizadas.<\/li>\n<\/ol>","protected":false},"excerpt":{"rendered":"<p>Frasco de col\u00f4nia de 30ml e 50ml com design vers\u00e1til. Fornecimento direto da f\u00e1brica, personaliza\u00e7\u00e3o em grande quantidade dispon\u00edvel, envio r\u00e1pido para embalagens.<\/p>","protected":false},"featured_media":4549,"template":"","meta":{"postBodyCss":"","postBodyMargin":[],"postBodyPadding":[],"postBodyBackground":{"backgroundType":"classic","gradient":""}},"product_brand":[],"product_cat":[15,16,62],"product_tag":[],"class_list":{"0":"post-4539","1":"product","2":"type-product","3":"status-publish","4":"has-post-thumbnail","6":"product_cat-glass-containers","7":"product_cat-glass-bottles","8":"product_cat-perfume-bottles","10":"first","11":"instock","12":"shipping-taxable","13":"product-type-simple"},"jetpack_sharing_enabled":true,"_links":{"self":[{"href":"https:\/\/minghanggroup.com\/pt\/wp-json\/wp\/v2\/product\/4539","targetHints":{"allow":["GET"]}}],"collection":[{"href":"https:\/\/minghanggroup.com\/pt\/wp-json\/wp\/v2\/product"}],"about":[{"href":"https:\/\/minghanggroup.com\/pt\/wp-json\/wp\/v2\/types\/product"}],"wp:featuredmedia":[{"embeddable":true,"href":"https:\/\/minghanggroup.com\/pt\/wp-json\/wp\/v2\/media\/4549"}],"wp:attachment":[{"href":"https:\/\/minghanggroup.com\/pt\/wp-json\/wp\/v2\/media?parent=4539"}],"wp:term":[{"taxonomy":"product_brand","embeddable":true,"href":"https:\/\/minghanggroup.com\/pt\/wp-json\/wp\/v2\/product_brand?post=4539"},{"taxonomy":"product_cat","embeddable":true,"href":"https:\/\/minghanggroup.com\/pt\/wp-json\/wp\/v2\/product_cat?post=4539"},{"taxonomy":"product_tag","embeddable":true,"href":"https:\/\/minghanggroup.com\/pt\/wp-json\/wp\/v2\/product_tag?post=4539"}],"curies":[{"name":"wp","href":"https:\/\/api.w.org\/{rel}","templated":true}]}}