{"id":4530,"date":"2026-01-12T09:24:34","date_gmt":"2026-01-12T01:24:34","guid":{"rendered":"https:\/\/minghanggroup.com\/?post_type=product&#038;p=4530"},"modified":"2026-01-12T10:41:57","modified_gmt":"2026-01-12T02:41:57","slug":"glass-empty-spray-bottles-for-perfume-wholesale","status":"publish","type":"product","link":"https:\/\/minghanggroup.com\/pt\/produto\/glass-empty-spray-bottles-for-perfume-wholesale\/","title":{"rendered":"Frascos de vidro vazios com spray para perfumes, 30ml, 50ml e 100ml, para venda por atacado."},"content":{"rendered":"<p>Estas s\u00e3o embalagens retangulares vazias para perfume com efeito spray. O frasco transparente permite visualizar melhor o perfume e vem com tampas cil\u00edndricas foscas nas cores branca, prateada ou preta, possibilitando a personaliza\u00e7\u00e3o da fragr\u00e2ncia de acordo com a sua marca.<\/p>\n<h2>Caracter\u00edsticas do produto<\/h2>\n<ul>\n<li><strong>Pulveriza\u00e7\u00e3o fina:<\/strong> O spray proporciona uma experi\u00eancia luxuosa de fragr\u00e2ncia, oferecendo uma pulveriza\u00e7\u00e3o fina e uniforme a cada uso.<\/li>\n<li><strong>Vidro de alta transpar\u00eancia:<\/strong> Este perfume foi criado a partir de um frasco de vidro de alta transpar\u00eancia, fazendo com que a cor e a pureza da fragr\u00e2ncia sejam o ponto focal visual.<\/li>\n<li><strong>Bon\u00e9 estiloso:<\/strong> Existem tr\u00eas acabamentos dispon\u00edveis para a tampa, que ir\u00e3o adicionar imediatamente estilo e qualidade ao frasco de perfume.<\/li>\n<\/ul>\n<h2 style=\"text-align: left;\">Especifica\u00e7\u00f5es principais<\/h2>\n<table class=\"aligncenter\" style=\"border-collapse: collapse; width: 491.27pt;\" border=\"0\" width=\"655\" cellspacing=\"0\" cellpadding=\"0\">\n<tbody>\n<tr style=\"height: 13.50pt;\">\n<td style=\"height: 13.50pt; width: 119.25pt;\" width=\"159\" height=\"18\">Especifica\u00e7\u00e3o<\/td>\n<td style=\"width: 372.00pt;\" width=\"496\">Detalhes<\/td>\n<\/tr>\n<tr style=\"height: 13.50pt;\">\n<td style=\"height: 13.50pt;\" height=\"18\">Dimens\u00f5es<\/td>\n<td>51\u00d733\u00d768mm (30ml) \/ 56\u00d737\u00d782mm (50ml) \/ 56\u00d727\u00d7132mm (100ml)<\/td>\n<\/tr>\n<tr style=\"height: 13.50pt;\">\n<td style=\"height: 13.50pt;\" height=\"18\">Material<\/td>\n<td>Vidro transparente de alta resist\u00eancia<\/td>\n<\/tr>\n<tr style=\"height: 13.50pt;\">\n<td style=\"height: 13.50pt;\" height=\"18\">Formato de garrafa<\/td>\n<td>Ret\u00e2ngulo<\/td>\n<\/tr>\n<tr style=\"height: 13.50pt;\">\n<td style=\"height: 13.50pt;\" height=\"18\">Escopo de personaliza\u00e7\u00e3o<\/td>\n<td>Cor \/ Acabamento \/ Material da Tampa \/ Grava\u00e7\u00e3o \/ Tamanho<\/td>\n<\/tr>\n<tr style=\"height: 13.50pt;\">\n<td style=\"height: 13.50pt;\" height=\"18\">Artesanato<\/td>\n<td>Moldagem de precis\u00e3o com bordas arredondadas, fabrica\u00e7\u00e3o de tampas texturizadas<\/td>\n<\/tr>\n<tr style=\"height: 13.50pt;\">\n<td style=\"height: 13.50pt;\" height=\"18\">Finalidade do produto<\/td>\n<td>Frascos de spray vazios para perfume, frascos de spray de vidro para perfume.<\/td>\n<\/tr>\n<tr style=\"height: 13.50pt;\">\n<td style=\"height: 13.50pt;\" height=\"18\">Ind\u00fastrias-alvo<\/td>\n<td>Kits de fragr\u00e2ncias personalizados, conjuntos de presentes de luxo, brindes corporativos premium<\/td>\n<\/tr>\n<\/tbody>\n<\/table>\n<h2>Caso de Sucesso: A Cole\u00e7\u00e3o Resort da Marca de Estilo de Vida de Miami<\/h2>\n<p>Nosso frasco de perfume spray de vidro de 100ml foi escolhido por uma marca de luxo de Miami, especializada em estilo de vida sofisticado. Cada fragr\u00e2ncia foi vendida com uma tampa texturizada diferente (branca, prateada e preta). A sensa\u00e7\u00e3o premium e a filosofia de luxo descontra\u00eddo s\u00e3o totalmente incorporadas pelo formato quadrado e suave, mencionado em 70% das avalia\u00e7\u00f5es positivas da m\u00eddia. As tampas possuem textura que proporciona uma pegada diferenciada, apreciada pelos clientes, e minimiza em 99% o risco de quedas acidentais. O produto teve um \u00f3timo desempenho e a marca fez um novo pedido de 400.000 frascos para sua cole\u00e7\u00e3o principal e outras linhas de produtos sazonais.<\/p>\n<h2>Frascos de spray vazios personalizados para perfume<\/h2>\n<ul>\n<li>Vidro fosco ou colorido: Para obter uma apar\u00eancia suave, opta-se por um acabamento fosco, ou pode-se usar um vidro colorido (cinza fum\u00ea, azul cobalto, \u00e2mbar) para enfatizar o car\u00e1ter da marca.<\/li>\n<li>Vidro gravado a laser: Marque um padr\u00e3o de ondas ao longo da costa, coordenadas ou simplesmente o nome de uma marca atrav\u00e9s de um padr\u00e3o de ondas em uma placa de vidro plana.<\/li>\n<li>Ornamenta\u00e7\u00e3o met\u00e1lica: Apresenta uma fina faixa de metal (cobre, ouro rosa) na parte superior ou inferior da garrafa.<\/li>\n<li>Decora\u00e7\u00e3o do pequeno bico pulverizador: Pinte o pequeno bot\u00e3o do bico pulverizador na tampa de acordo com a cor da tampa ou o logotipo da sua marca preferido.<\/li>\n<\/ul>","protected":false},"excerpt":{"rendered":"<p>Frascos de spray vazios para perfume, fabricados em vidro premium com design quadrado arredondado. Fabrica\u00e7\u00e3o sob encomenda (OEM) dispon\u00edvel para tampas, tamanhos e marca personalizados.<\/p>","protected":false},"featured_media":4532,"template":"","meta":{"postBodyCss":"","postBodyMargin":[],"postBodyPadding":[],"postBodyBackground":{"backgroundType":"classic","gradient":""}},"product_brand":[],"product_cat":[15,16,62],"product_tag":[],"class_list":{"0":"post-4530","1":"product","2":"type-product","3":"status-publish","4":"has-post-thumbnail","6":"product_cat-glass-containers","7":"product_cat-glass-bottles","8":"product_cat-perfume-bottles","10":"first","11":"instock","12":"shipping-taxable","13":"product-type-simple"},"jetpack_sharing_enabled":true,"_links":{"self":[{"href":"https:\/\/minghanggroup.com\/pt\/wp-json\/wp\/v2\/product\/4530","targetHints":{"allow":["GET"]}}],"collection":[{"href":"https:\/\/minghanggroup.com\/pt\/wp-json\/wp\/v2\/product"}],"about":[{"href":"https:\/\/minghanggroup.com\/pt\/wp-json\/wp\/v2\/types\/product"}],"wp:featuredmedia":[{"embeddable":true,"href":"https:\/\/minghanggroup.com\/pt\/wp-json\/wp\/v2\/media\/4532"}],"wp:attachment":[{"href":"https:\/\/minghanggroup.com\/pt\/wp-json\/wp\/v2\/media?parent=4530"}],"wp:term":[{"taxonomy":"product_brand","embeddable":true,"href":"https:\/\/minghanggroup.com\/pt\/wp-json\/wp\/v2\/product_brand?post=4530"},{"taxonomy":"product_cat","embeddable":true,"href":"https:\/\/minghanggroup.com\/pt\/wp-json\/wp\/v2\/product_cat?post=4530"},{"taxonomy":"product_tag","embeddable":true,"href":"https:\/\/minghanggroup.com\/pt\/wp-json\/wp\/v2\/product_tag?post=4530"}],"curies":[{"name":"wp","href":"https:\/\/api.w.org\/{rel}","templated":true}]}}