{"id":4529,"date":"2026-01-12T10:39:55","date_gmt":"2026-01-12T02:39:55","guid":{"rendered":"https:\/\/minghanggroup.com\/?post_type=product&#038;p=4529"},"modified":"2026-01-12T16:51:39","modified_gmt":"2026-01-12T08:51:39","slug":"clear-glass-perfume-bottle-custom-design-for-packaging-bulk","status":"publish","type":"product","link":"https:\/\/minghanggroup.com\/pt\/produto\/clear-glass-perfume-bottle-custom-design-for-packaging-bulk\/","title":{"rendered":"Frasco de perfume de vidro transparente de 50ml e 100ml com design personalizado para embalagens a granel."},"content":{"rendered":"<p>As op\u00e7\u00f5es de personaliza\u00e7\u00e3o de frascos de perfume n\u00e3o devem apenas conter a fragr\u00e2ncia, mas sim fazer com que os clientes parem de navegar. Como fabricantes de frascos de perfume, criamos frascos de vidro que transformam seu perfume personalizado em uma declara\u00e7\u00e3o de luxo instant\u00e2nea.<\/p>\n<h2>Caracter\u00edsticas do produto<\/h2>\n<ul>\n<li><strong>Clareza cristalina:<\/strong> Revele a nuance requintada da sua fragr\u00e2ncia atrav\u00e9s deste frasco de vidro. Sem filtros que a deixem turva, apenas a beleza do vidro puro.<\/li>\n<li><strong>Base retangular est\u00e1vel:<\/strong> A base espessa do frasco garante que ele n\u00e3o balance nas prateleiras. O peso do frasco de perfume proporciona uma sensa\u00e7\u00e3o de luxo e sofistica\u00e7\u00e3o.<\/li>\n<li><strong>Contraste de bon\u00e9 preto:<\/strong> Tampas pretas foscas combinadas com vidro transparente? A embalagem do seu perfume ganha um toque decorativo deslumbrante em segundos.<\/li>\n<\/ul>\n<h2>Especifica\u00e7\u00f5es principais<\/h2>\n<table style=\"border-collapse: collapse; width: 80%; margin-left: auto; margin-right: auto;\" border=\"0\" width=\"360\" cellspacing=\"0\" cellpadding=\"0\">\n<tbody>\n<tr style=\"height: 13.50pt;\">\n<td style=\"height: 13.5pt; width: 54pt; text-align: center;\" width=\"72\" height=\"18\">Tamanho (ml)<\/td>\n<td style=\"width: 54pt; text-align: center;\" width=\"72\">Dimens\u00f5es (mm)<\/td>\n<td style=\"width: 54pt; text-align: center;\" width=\"72\">Material<\/td>\n<td style=\"width: 54pt; text-align: center;\" width=\"72\">Tipo de tampa<\/td>\n<td style=\"width: 54pt; text-align: center;\" width=\"72\">Tipo de veda\u00e7\u00e3o<\/td>\n<\/tr>\n<tr style=\"height: 13.50pt;\">\n<td style=\"height: 13.5pt; text-align: center;\" height=\"18\">50<\/td>\n<td style=\"text-align: center;\">82\u00d754\u00d729<\/td>\n<td class=\"et2\" style=\"text-align: center;\" rowspan=\"2\">Vidro de cristal<\/td>\n<td class=\"et2\" style=\"text-align: center;\" rowspan=\"2\">Preto fosco<\/td>\n<td class=\"et2\" style=\"text-align: center;\" rowspan=\"2\">Spray top<\/td>\n<\/tr>\n<tr style=\"height: 13.50pt;\">\n<td style=\"height: 13.5pt; text-align: center;\" height=\"18\">100<\/td>\n<td style=\"text-align: center;\">107\u00d772\u00d731<\/td>\n<\/tr>\n<\/tbody>\n<\/table>\n<h2>Caso de sucesso<\/h2>\n<p>Uma empresa de perfumes fez parceria conosco para criar este frasco de vidro transparente para o lan\u00e7amento de sua nova fragr\u00e2ncia. Considerando o posicionamento da marca, as propor\u00e7\u00f5es do frasco foram otimizadas com o uso de vidro super transparente. O frasco exibe um logotipo em relevo e vem com uma tampa cil\u00edndrica preta personalizada; h\u00e1 tamb\u00e9m espa\u00e7o para serigrafia e rotulagem para atender aos requisitos de serializa\u00e7\u00e3o da marca.<\/p>\n<p>Como resultado do lan\u00e7amento do produto, a qualidade geral da embalagem melhorou muito, as vendas do novo perfume dobraram, registrando um aumento de aproximadamente 25% em rela\u00e7\u00e3o ao ano anterior, e o produto foi muito bem recebido pelo mercado.<\/p>\n<h2>Suas op\u00e7\u00f5es de personaliza\u00e7\u00e3o<\/h2>\n<ol>\n<li><strong>Combine a tampa com as notas olfativas: <\/strong>Tampas pretas para \u00f3leos essenciais amadeirados, prateadas para c\u00edtricos: sua tampa define o clima.<\/li>\n<li><strong>Utilize vidro transparente para destacar o produto: <\/strong>Deixe sua fragr\u00e2ncia brilhar \u2014 perfeito para embalagens de perfumes premium.<\/li>\n<li><strong>Personalize totalmente o seu atomizador: <\/strong>Escolha entre bombas de spray rosa, azul ou preta \u2014 seu spray conta a hist\u00f3ria da fragr\u00e2ncia.<\/li>\n<\/ol>","protected":false},"excerpt":{"rendered":"<p>Frascos de perfume personalizados, fabricados por empresas experientes. Fornecimento direto da f\u00e1brica, personaliza\u00e7\u00e3o em grande escala dispon\u00edvel para marcas.<\/p>","protected":false},"featured_media":4538,"template":"","meta":{"postBodyCss":"","postBodyMargin":[],"postBodyPadding":[],"postBodyBackground":{"backgroundType":"classic","gradient":""}},"product_brand":[],"product_cat":[15,16,62],"product_tag":[],"class_list":{"0":"post-4529","1":"product","2":"type-product","3":"status-publish","4":"has-post-thumbnail","6":"product_cat-glass-containers","7":"product_cat-glass-bottles","8":"product_cat-perfume-bottles","10":"first","11":"instock","12":"shipping-taxable","13":"product-type-simple"},"jetpack_sharing_enabled":true,"_links":{"self":[{"href":"https:\/\/minghanggroup.com\/pt\/wp-json\/wp\/v2\/product\/4529","targetHints":{"allow":["GET"]}}],"collection":[{"href":"https:\/\/minghanggroup.com\/pt\/wp-json\/wp\/v2\/product"}],"about":[{"href":"https:\/\/minghanggroup.com\/pt\/wp-json\/wp\/v2\/types\/product"}],"wp:featuredmedia":[{"embeddable":true,"href":"https:\/\/minghanggroup.com\/pt\/wp-json\/wp\/v2\/media\/4538"}],"wp:attachment":[{"href":"https:\/\/minghanggroup.com\/pt\/wp-json\/wp\/v2\/media?parent=4529"}],"wp:term":[{"taxonomy":"product_brand","embeddable":true,"href":"https:\/\/minghanggroup.com\/pt\/wp-json\/wp\/v2\/product_brand?post=4529"},{"taxonomy":"product_cat","embeddable":true,"href":"https:\/\/minghanggroup.com\/pt\/wp-json\/wp\/v2\/product_cat?post=4529"},{"taxonomy":"product_tag","embeddable":true,"href":"https:\/\/minghanggroup.com\/pt\/wp-json\/wp\/v2\/product_tag?post=4529"}],"curies":[{"name":"wp","href":"https:\/\/api.w.org\/{rel}","templated":true}]}}