{"id":4518,"date":"2026-01-09T14:57:15","date_gmt":"2026-01-09T06:57:15","guid":{"rendered":"https:\/\/minghanggroup.com\/?post_type=product&#038;p=4518"},"modified":"2026-01-09T16:53:31","modified_gmt":"2026-01-09T08:53:31","slug":"empty-fancy-cologne-bottles-with-spray-bulk","status":"publish","type":"product","link":"https:\/\/minghanggroup.com\/pt\/produto\/empty-fancy-cologne-bottles-with-spray-bulk\/","title":{"rendered":"Frascos de perfume vazios e sofisticados com spray, de 30ml, 50ml e 100ml (em grande quantidade)."},"content":{"rendered":"<p>Esses frascos de col\u00f4nia sofisticados s\u00e3o feitos de vidro cristalino e seus formatos quadrados arredondados combinam beleza e facilidade de manuseio. Sua eleg\u00e2ncia \u00e9 real\u00e7ada por tr\u00eas outras tampas texturizadas (branca fosca, prateada e preta fosca).<\/p>\n<h2>Caracter\u00edsticas do produto<\/h2>\n<ul>\n<li><strong>Design de bon\u00e9 com m\u00faltiplas texturas:<\/strong> Tr\u00eas bon\u00e9s diferentes, incluindo o branco fosco, o prateado e o preto, possuem qualidades visuais e t\u00e1teis distintas, o que permite atrair diferentes estilos.<\/li>\n<li><strong>Corpo quadrado arredondado:<\/strong> O formato quadrado arredondado ter\u00e1 um design elegante e atraente, al\u00e9m de oferecer uma \u00e1rea de apoio confort\u00e1vel.<\/li>\n<li><strong>Material de vidro transparente:<\/strong> O material do vidro \u00e9 de alta qualidade e transparente, com um toque refinado que real\u00e7a perfeitamente o charme do seu perfume.<\/li>\n<\/ul>\n<h2 style=\"text-align: left;\">Especifica\u00e7\u00f5es principais<\/h2>\n<table class=\"aligncenter\" style=\"border-collapse: collapse; width: 467.27pt;\" border=\"0\" width=\"623\" cellspacing=\"0\" cellpadding=\"0\">\n<tbody>\n<tr style=\"height: 13.50pt;\">\n<td style=\"height: 13.50pt; width: 119.25pt;\" width=\"159\" height=\"18\">Especifica\u00e7\u00e3o<\/td>\n<td style=\"width: 348.00pt;\" width=\"464\">Detalhes<\/td>\n<\/tr>\n<tr style=\"height: 13.50pt;\">\n<td style=\"height: 13.50pt;\" height=\"18\">Dimens\u00f5es<\/td>\n<td>51\u00d733\u00d768mm (30ml) \/ 56\u00d737\u00d782mm (50ml) \/ 62\u00d740\u00d7117mm (100ml)<\/td>\n<\/tr>\n<tr style=\"height: 13.50pt;\">\n<td style=\"height: 13.50pt;\" height=\"18\">Material<\/td>\n<td>Vidro transparente de alta resist\u00eancia<\/td>\n<\/tr>\n<tr style=\"height: 13.50pt;\">\n<td style=\"height: 13.50pt;\" height=\"18\">Formato de garrafa<\/td>\n<td>Prisma quadrado arredondado<\/td>\n<\/tr>\n<tr style=\"height: 13.50pt;\">\n<td style=\"height: 13.50pt;\" height=\"18\">Escopo de personaliza\u00e7\u00e3o<\/td>\n<td>Formato, tamanho, cor e acabamento da garrafa.<\/td>\n<\/tr>\n<tr style=\"height: 13.50pt;\">\n<td style=\"height: 13.50pt;\" height=\"18\">Artesanato<\/td>\n<td>Moldagem de precis\u00e3o com bordas arredondadas, fabrica\u00e7\u00e3o de tampas texturizadas<\/td>\n<\/tr>\n<tr style=\"height: 13.50pt;\">\n<td style=\"height: 13.50pt;\" height=\"18\">Finalidade do produto<\/td>\n<td>Frascos de col\u00f4nia sofisticados, frascos de fragr\u00e2ncias em grande quantidade.<\/td>\n<\/tr>\n<tr style=\"height: 13.50pt;\">\n<td style=\"height: 13.50pt;\" height=\"18\">Ind\u00fastrias adequadas<\/td>\n<td>Produtos de luxo para cuidados pessoais, varejo boutique<\/td>\n<\/tr>\n<\/tbody>\n<\/table>\n<h2>Caso de Sucesso: Cole\u00e7\u00e3o Resort da Marca de Estilo de Vida de Miami<\/h2>\n<p>Uma de nossas marcas de luxo em Miami adotou nosso frasco de perfume de 100ml com spray e combinou cada fragr\u00e2ncia com um tipo de tampa texturizada (branca, prateada e preta). A sensa\u00e7\u00e3o premium e o formato quadrado suave contribu\u00edram com 70 avalia\u00e7\u00f5es positivas. As tampas com ranhuras oferecem uma pegada especial, apreciada pelos clientes, e reduzem em 99,9% as quedas acidentais. A marca ficou extremamente satisfeita com o desempenho e a aceita\u00e7\u00e3o do produto no mercado e, por isso, fez um novo pedido de 400.000 frascos, tanto da linha regular quanto da nova linha de produtos sazonais.<\/p>\n<h2>Personaliza\u00e7\u00e3o de Frascos de Col\u00f4nia Sofisticados<\/h2>\n<ul>\n<li>Design de bon\u00e9s totalmente personalizado: voc\u00ea tem a possibilidade de criar suas pr\u00f3prias texturas de bon\u00e9 (linho, imita\u00e7\u00e3o de madeira, padr\u00f5es geom\u00e9tricos) e cores que combinem com a sua marca.<\/li>\n<li>Vidro fosco ou colorido: Voc\u00ea pode optar por uma apar\u00eancia discreta com acabamento fosco ou por vidro colorido (fum\u00ea, azul cobalto, \u00e2mbar) para enfatizar sua marca.<\/li>\n<li>Grava\u00e7\u00e3o a laser em vidro: a grava\u00e7\u00e3o a laser em vidro \u00e9 outra excelente alternativa para imprimir imagens de ondas do mar, coordenadas ou um logotipo simples em um painel de vidro comum.<\/li>\n<li>Decora\u00e7\u00e3o personalizada do pulverizador: Pinte o pequeno bot\u00e3o de pulveriza\u00e7\u00e3o na tampa com uma cor que combine com a cor da tampa ou com a logomarca da marca que voc\u00ea escolheu.<\/li>\n<\/ul>","protected":false},"excerpt":{"rendered":"<p>Frascos de perfume sofisticados em vidro transparente com formato quadrado arredondado e v\u00e1lvula spray. Frasco de perfume direto da f\u00e1brica com spray para recarga, viagens e embalagens da marca.<\/p>","protected":false},"featured_media":4520,"template":"","meta":{"postBodyCss":"","postBodyMargin":[],"postBodyPadding":[],"postBodyBackground":{"backgroundType":"classic","gradient":""}},"product_brand":[],"product_cat":[15,16,62],"product_tag":[],"class_list":{"0":"post-4518","1":"product","2":"type-product","3":"status-publish","4":"has-post-thumbnail","6":"product_cat-glass-containers","7":"product_cat-glass-bottles","8":"product_cat-perfume-bottles","10":"first","11":"instock","12":"shipping-taxable","13":"product-type-simple"},"jetpack_sharing_enabled":true,"_links":{"self":[{"href":"https:\/\/minghanggroup.com\/pt\/wp-json\/wp\/v2\/product\/4518","targetHints":{"allow":["GET"]}}],"collection":[{"href":"https:\/\/minghanggroup.com\/pt\/wp-json\/wp\/v2\/product"}],"about":[{"href":"https:\/\/minghanggroup.com\/pt\/wp-json\/wp\/v2\/types\/product"}],"wp:featuredmedia":[{"embeddable":true,"href":"https:\/\/minghanggroup.com\/pt\/wp-json\/wp\/v2\/media\/4520"}],"wp:attachment":[{"href":"https:\/\/minghanggroup.com\/pt\/wp-json\/wp\/v2\/media?parent=4518"}],"wp:term":[{"taxonomy":"product_brand","embeddable":true,"href":"https:\/\/minghanggroup.com\/pt\/wp-json\/wp\/v2\/product_brand?post=4518"},{"taxonomy":"product_cat","embeddable":true,"href":"https:\/\/minghanggroup.com\/pt\/wp-json\/wp\/v2\/product_cat?post=4518"},{"taxonomy":"product_tag","embeddable":true,"href":"https:\/\/minghanggroup.com\/pt\/wp-json\/wp\/v2\/product_tag?post=4518"}],"curies":[{"name":"wp","href":"https:\/\/api.w.org\/{rel}","templated":true}]}}