{"id":4517,"date":"2026-01-09T16:57:52","date_gmt":"2026-01-09T08:57:52","guid":{"rendered":"https:\/\/minghanggroup.com\/?post_type=product&#038;p=4517"},"modified":"2026-01-09T16:57:53","modified_gmt":"2026-01-09T08:57:53","slug":"crystal-vintage-perfume-bottles-with-lids-wholesale","status":"publish","type":"product","link":"https:\/\/minghanggroup.com\/pt\/produto\/crystal-vintage-perfume-bottles-with-lids-wholesale\/","title":{"rendered":"Frascos de perfume vintage de cristal com tampas, 30ml, 50ml e 100ml, para venda por atacado."},"content":{"rendered":"<p>Seus frascos de perfume vintage de cristal n\u00e3o devem apenas conter fragr\u00e2ncia \u2014 eles devem atrair olhares por onde passam. Criamos frascos de perfume com spray que combinam a eleg\u00e2ncia antiga com a funcionalidade moderna, transformando seu perfume personalizado em uma estrela instant\u00e2nea nas prateleiras.<\/p>\n<h2>Caracter\u00edsticas do produto<\/h2>\n<ul>\n<li><strong>Clareza cristalina: <\/strong>O vidro transparente revela a cor real da sua fragr\u00e2ncia, sem a preocupa\u00e7\u00e3o com filtros turvos ou coloridos, apenas a beleza pura do vidro.<\/li>\n<li><strong>Bombas com c\u00f3digo de cores:<\/strong> Frascos com atomizador rosa, azul ou preto com an\u00e9is dourados? A embalagem do perfume dita completamente a hist\u00f3ria da fragr\u00e2ncia.<\/li>\n<li><strong>Simplicidade quadrada: <\/strong>Design minimalista que deixa a prateleira limpa: seu frasco de perfume de vidro combina o estilo moderno e vintage sem causar confus\u00e3o.<\/li>\n<\/ul>\n<h2>Especifica\u00e7\u00f5es principais<\/h2>\n<table style=\"border-collapse: collapse; width: 80%; margin-left: auto; margin-right: auto;\" border=\"0\" width=\"288\" cellspacing=\"0\" cellpadding=\"0\">\n<tbody>\n<tr style=\"height: 13.50pt;\">\n<td style=\"height: 13.5pt; width: 54pt; text-align: center;\" width=\"72\" height=\"18\">Tamanho (ml)<\/td>\n<td style=\"width: 54pt; text-align: center;\" width=\"72\">Material<\/td>\n<td style=\"width: 54pt; text-align: center;\" width=\"72\">Tipo de tampa<\/td>\n<td style=\"width: 54pt; text-align: center;\" width=\"72\">Cor e detalhes da bomba<\/td>\n<\/tr>\n<tr style=\"height: 13.50pt;\">\n<td style=\"height: 13.5pt; text-align: center;\" height=\"18\">60<\/td>\n<td class=\"et2\" style=\"text-align: center;\" rowspan=\"3\">Vidro de cristal<\/td>\n<td class=\"et2\" style=\"text-align: center;\" rowspan=\"3\">Preto fosco<\/td>\n<td class=\"et2\" style=\"text-align: center;\" rowspan=\"3\">Anel rosa\/azul\/preto com detalhes em ouro<\/td>\n<\/tr>\n<tr style=\"height: 13.50pt;\">\n<td style=\"height: 13.5pt; text-align: center;\" height=\"18\">80<\/td>\n<\/tr>\n<tr style=\"height: 13.50pt;\">\n<td style=\"height: 13.5pt; text-align: center;\" height=\"18\">100<\/td>\n<\/tr>\n<\/tbody>\n<\/table>\n<h2>Caso de sucesso<\/h2>\n<p>Uma marca europeia independente de perfumes de nicho selecionou estes frascos de cristal vintage para serem a embalagem principal da sua linha de luxo repaginada. A marca queria manter o ar art\u00edstico vintage do vidro, mas, ao mesmo tempo, optou por engrossar o ombro do frasco para torn\u00e1-lo mais agrad\u00e1vel ao toque e conferir-lhe uma sensa\u00e7\u00e3o de peso. O borrifador tem um design personalizado em tr\u00eas cores: ouro rosa eletrodepositado, preto brilhante e azul gelo, combinado com um colarinho met\u00e1lico do mesmo acabamento para criar uma identidade visual unificada. A tampa \u00e9 feita de acr\u00edlico transparente de alta qualidade com um n\u00facleo met\u00e1lico embutido, sendo, portanto, resistente a riscos e com um aspecto ainda mais luxuoso.<\/p>\n<p>O resultado final aumentou drasticamente o reconhecimento da marca em lojas de departamento e canais online, resultando em um aumento de 35% nas vendas tr\u00eas meses ap\u00f3s o lan\u00e7amento da nova linha.<\/p>\n<h2>Suas op\u00e7\u00f5es de personaliza\u00e7\u00e3o<\/h2>\n<ol>\n<li><strong>Sele\u00e7\u00e3o do material e do processo de fabrica\u00e7\u00e3o da tampa da garrafa:<\/strong> Existem diversas op\u00e7\u00f5es, desde acr\u00edlico transparente e imita\u00e7\u00e3o de cristal s\u00f3lido at\u00e9 revestimento met\u00e1lico, al\u00e9m de recursos para melhorar a resist\u00eancia a arranh\u00f5es e rachaduras.<\/li>\n<li><strong>Personaliza\u00e7\u00e3o da decora\u00e7\u00e3o da superf\u00edcie:<\/strong> Equipada para estampagem a quente (ouro\/prata), pintura fosca, pintura com efeito degrad\u00ea, galvanoplastia, impress\u00e3o UV e a combina\u00e7\u00e3o de brilho parcial e acabamento fosco para estilos retr\u00f4 ou luxuosos.<\/li>\n<li><strong>Apresenta\u00e7\u00e3o do logotipo da marca:<\/strong> O logotipo de uma marca pode ser expresso de diferentes maneiras, como serigrafia no corpo de uma garrafa, grava\u00e7\u00e3o no fundo, incrusta\u00e7\u00e3o de placa de metal e estampagem em folha de ouro em um colar, o que pode atender \u00e0 personalidade de diferentes marcas.<\/li>\n<\/ol>","protected":false},"excerpt":{"rendered":"<p>Frascos de perfume vintage de cristal, diretamente do fornecedor da f\u00e1brica; e esses frascos de perfume em spray oferecem personaliza\u00e7\u00e3o em grande quantidade, amostras gr\u00e1tis e entrega para marcas.<\/p>","protected":false},"featured_media":4525,"template":"","meta":{"postBodyCss":"","postBodyMargin":[],"postBodyPadding":[],"postBodyBackground":{"backgroundType":"classic","gradient":""}},"product_brand":[],"product_cat":[15,16,62],"product_tag":[],"class_list":{"0":"post-4517","1":"product","2":"type-product","3":"status-publish","4":"has-post-thumbnail","6":"product_cat-glass-containers","7":"product_cat-glass-bottles","8":"product_cat-perfume-bottles","10":"first","11":"instock","12":"shipping-taxable","13":"product-type-simple"},"jetpack_sharing_enabled":true,"_links":{"self":[{"href":"https:\/\/minghanggroup.com\/pt\/wp-json\/wp\/v2\/product\/4517","targetHints":{"allow":["GET"]}}],"collection":[{"href":"https:\/\/minghanggroup.com\/pt\/wp-json\/wp\/v2\/product"}],"about":[{"href":"https:\/\/minghanggroup.com\/pt\/wp-json\/wp\/v2\/types\/product"}],"wp:featuredmedia":[{"embeddable":true,"href":"https:\/\/minghanggroup.com\/pt\/wp-json\/wp\/v2\/media\/4525"}],"wp:attachment":[{"href":"https:\/\/minghanggroup.com\/pt\/wp-json\/wp\/v2\/media?parent=4517"}],"wp:term":[{"taxonomy":"product_brand","embeddable":true,"href":"https:\/\/minghanggroup.com\/pt\/wp-json\/wp\/v2\/product_brand?post=4517"},{"taxonomy":"product_cat","embeddable":true,"href":"https:\/\/minghanggroup.com\/pt\/wp-json\/wp\/v2\/product_cat?post=4517"},{"taxonomy":"product_tag","embeddable":true,"href":"https:\/\/minghanggroup.com\/pt\/wp-json\/wp\/v2\/product_tag?post=4517"}],"curies":[{"name":"wp","href":"https:\/\/api.w.org\/{rel}","templated":true}]}}