{"id":4507,"date":"2026-01-09T13:36:30","date_gmt":"2026-01-09T05:36:30","guid":{"rendered":"https:\/\/minghanggroup.com\/?post_type=product&#038;p=4507"},"modified":"2026-01-09T14:39:52","modified_gmt":"2026-01-09T06:39:52","slug":"empty-square-fragrance-spray-bottles-wholesale","status":"publish","type":"product","link":"https:\/\/minghanggroup.com\/pt\/produto\/empty-square-fragrance-spray-bottles-wholesale\/","title":{"rendered":"Frascos vazios quadrados de spray para fragr\u00e2ncias, 30ml, 50ml e 100ml, por atacado."},"content":{"rendered":"<p>Os frascos de spray para fragr\u00e2ncias s\u00e3o projetados com vidro cristalino, formato quadrado, linhas suaves e tr\u00eas tipos de tampas: uma tampa multifacetada de cristal transparente, uma tampa cil\u00edndrica preta fosca e um bico de spray prateado polido.<\/p>\n<h2>Caracter\u00edsticas do produto<\/h2>\n<ul>\n<li><strong>Vidro de alta transpar\u00eancia:<\/strong> O vidro totalmente transparente permite que a fragr\u00e2ncia seja vista no interior, conferindo ao produto um toque de limpeza e eleg\u00e2ncia.<\/li>\n<li><strong>Diversas op\u00e7\u00f5es de bon\u00e9s:<\/strong> A variedade de tampas (diamante, lapidada, cil\u00edndrica preta, prateada pulverizada) atende a uma ampla gama de necessidades de personaliza\u00e7\u00e3o da marca.<\/li>\n<li><strong>Formato da garrafa: Quadrado<\/strong> A garrafa \u00e9 macia, com um toque moderno e confort\u00e1vel, al\u00e9m de um visual elegante.<\/li>\n<\/ul>\n<h2 style=\"text-align: left;\">Especifica\u00e7\u00f5es principais<\/h2>\n<table class=\"aligncenter\" style=\"border-collapse: collapse; width: 438.77pt;\" border=\"0\" width=\"585\" cellspacing=\"0\" cellpadding=\"0\">\n<tbody>\n<tr style=\"height: 13.50pt;\">\n<td style=\"height: 13.50pt; width: 119.25pt;\" width=\"159\" height=\"18\">Especifica\u00e7\u00e3o<\/td>\n<td style=\"width: 319.50pt;\" width=\"426\">Detalhes<\/td>\n<\/tr>\n<tr style=\"height: 13.50pt;\">\n<td style=\"height: 13.50pt;\" height=\"18\">Dimens\u00f5es<\/td>\n<td>46\u00d725\u00d768mm (30ml) \/ 46\u00d730\u00d7100mm (50ml) \/ 63\u00d730\u00d7113mm (100ml)<\/td>\n<\/tr>\n<tr style=\"height: 13.50pt;\">\n<td style=\"height: 13.50pt;\" height=\"18\">Material<\/td>\n<td>Tampa de vidro, pl\u00e1stico ou metal de alta transpar\u00eancia<\/td>\n<\/tr>\n<tr style=\"height: 13.50pt;\">\n<td style=\"height: 13.50pt;\" height=\"18\">Formato de garrafa<\/td>\n<td>Ret\u00e2ngulo<\/td>\n<\/tr>\n<tr style=\"height: 13.50pt;\">\n<td style=\"height: 13.50pt;\" height=\"18\">Escopo de personaliza\u00e7\u00e3o<\/td>\n<td>Formato, tamanho, cor, cobertura e acabamento da garrafa.<\/td>\n<\/tr>\n<tr style=\"height: 13.50pt;\">\n<td style=\"height: 13.50pt;\" height=\"18\">Artesanato<\/td>\n<td>Moldagem de vidro, fabrica\u00e7\u00e3o de tampas de precis\u00e3o (corte diamantado, metalurgia)<\/td>\n<\/tr>\n<tr style=\"height: 13.50pt;\">\n<td style=\"height: 13.50pt;\" height=\"18\">Finalidade do produto<\/td>\n<td>Frascos de spray para fragr\u00e2ncias, frascos de perfume personalizados<\/td>\n<\/tr>\n<tr style=\"height: 13.50pt;\">\n<td style=\"height: 13.50pt;\" height=\"18\">Ind\u00fastrias adequadas<\/td>\n<td>Perfumaria contempor\u00e2nea, varejo de nicho e luxo<\/td>\n<\/tr>\n<\/tbody>\n<\/table>\n<h2>Caso de Sucesso: Uma Cole\u00e7\u00e3o de Presentes Campe\u00e3 de Vendas de uma Marca de Estilo de Vida de Sydney<\/h2>\n<p>Fomos contratados por um famoso est\u00fadio de design n\u00f3rdico para criar frascos de perfume personalizados com tampas lapidadas em diamante, cujo pedido inicial foi de 1800 frascos. O posicionamento de mercado foi muito positivo; a ampla variedade de op\u00e7\u00f5es de tampas e o formato diferenciado do frasco contribu\u00edram para um aumento de 44% nas vendas em pontos de venda. Essa harmonia visual do frasco de perfume resultou em um crescimento de 250% nas vendas no primeiro ano, em compara\u00e7\u00e3o com as expectativas iniciais. O est\u00fadio ficou bastante satisfeito e, posteriormente, encomendou mais 500.000 frascos, preparando-se para expandir para o mercado internacional.<\/p>\n<h2>Personaliza\u00e7\u00e3o de frascos de spray de fragr\u00e2ncia<\/h2>\n<ul>\n<li>Cor e transpar\u00eancia do vidro: Pode ser vidro transparente, colorido ou fosco.<\/li>\n<li>Bon\u00e9s personalizados: Tamb\u00e9m oferecemos bon\u00e9s com design exclusivo, podendo ser escolhidas cores, materiais (madeira, cer\u00e2mica) ou detalhes de design espec\u00edficos.<\/li>\n<li>Grava\u00e7\u00e3o a laser: A superf\u00edcie do vidro pode ser decorada com padr\u00f5es simples ou logotipos de marcas gravados.<\/li>\n<li>Cores de bico personalizadas: Escolha a cor do bico que combine com a cor da tampa ou da marca.<\/li>\n<\/ul>","protected":false},"excerpt":{"rendered":"<p>Frascos de spray para fragr\u00e2ncias em vidro transparente quadrado com tampas variadas. Solu\u00e7\u00e3o de frascos de perfume personalizados direto da f\u00e1brica para marcas, refis e embalagens de varejo.<\/p>","protected":false},"featured_media":4510,"template":"","meta":{"postBodyCss":"","postBodyMargin":[],"postBodyPadding":[],"postBodyBackground":{"backgroundType":"classic","gradient":""}},"product_brand":[],"product_cat":[15,16,62],"product_tag":[],"class_list":{"0":"post-4507","1":"product","2":"type-product","3":"status-publish","4":"has-post-thumbnail","6":"product_cat-glass-containers","7":"product_cat-glass-bottles","8":"product_cat-perfume-bottles","10":"first","11":"instock","12":"shipping-taxable","13":"product-type-simple"},"jetpack_sharing_enabled":true,"_links":{"self":[{"href":"https:\/\/minghanggroup.com\/pt\/wp-json\/wp\/v2\/product\/4507","targetHints":{"allow":["GET"]}}],"collection":[{"href":"https:\/\/minghanggroup.com\/pt\/wp-json\/wp\/v2\/product"}],"about":[{"href":"https:\/\/minghanggroup.com\/pt\/wp-json\/wp\/v2\/types\/product"}],"wp:featuredmedia":[{"embeddable":true,"href":"https:\/\/minghanggroup.com\/pt\/wp-json\/wp\/v2\/media\/4510"}],"wp:attachment":[{"href":"https:\/\/minghanggroup.com\/pt\/wp-json\/wp\/v2\/media?parent=4507"}],"wp:term":[{"taxonomy":"product_brand","embeddable":true,"href":"https:\/\/minghanggroup.com\/pt\/wp-json\/wp\/v2\/product_brand?post=4507"},{"taxonomy":"product_cat","embeddable":true,"href":"https:\/\/minghanggroup.com\/pt\/wp-json\/wp\/v2\/product_cat?post=4507"},{"taxonomy":"product_tag","embeddable":true,"href":"https:\/\/minghanggroup.com\/pt\/wp-json\/wp\/v2\/product_tag?post=4507"}],"curies":[{"name":"wp","href":"https:\/\/api.w.org\/{rel}","templated":true}]}}