{"id":4505,"date":"2026-01-09T14:41:47","date_gmt":"2026-01-09T06:41:47","guid":{"rendered":"https:\/\/minghanggroup.com\/?post_type=product&#038;p=4505"},"modified":"2026-01-09T16:57:24","modified_gmt":"2026-01-09T08:57:24","slug":"glass-fragrance-bottles-with-black-square-lids-bulk","status":"publish","type":"product","link":"https:\/\/minghanggroup.com\/pt\/produto\/glass-fragrance-bottles-with-black-square-lids-bulk\/","title":{"rendered":"Frascos de vidro para fragr\u00e2ncias de 60ml, 80ml e 100ml com tampas quadradas pretas (em grande quantidade)"},"content":{"rendered":"<p>Os frascos de perfume n\u00e3o devem apenas conter fragr\u00e2ncia \u2014 eles devem atrair a aten\u00e7\u00e3o de quem os visita. \u00c9 por isso que nossa linha de frascos de perfume no atacado combina transpar\u00eancia cristalina com contraste marcante, fazendo com que seu perfume personalizado tenha uma apar\u00eancia sofisticada desde a primeira borrifada.<\/p>\n<h2>Caracter\u00edsticas do produto<\/h2>\n<ul>\n<li><strong>Clareza cristalina: <\/strong>\u00c9 fato que o vidro transparente revela a cor real da sua fragr\u00e2ncia, sem reflexos enganosos, apenas o charme puro do vidro.<\/li>\n<li><strong>Contraste de bon\u00e9 preto: <\/strong>Frascos de vidro transparente com tampas pretas foscas? \u00c9 um charme visual discreto para a embalagem do seu perfume.<\/li>\n<li><strong>Silhueta moderna: <\/strong>Linhas estreitas e altas se encaixam perfeitamente em qualquer prateleira. Seus frascos de vidro para fragr\u00e2ncias, vendidos no atacado, s\u00e3o um luxo contempor\u00e2neo.<\/li>\n<\/ul>\n<h2>Especifica\u00e7\u00f5es principais<\/h2>\n<table style=\"border-collapse: collapse; width: 80%; margin-left: auto; margin-right: auto;\" border=\"0\" width=\"288\" cellspacing=\"0\" cellpadding=\"0\">\n<tbody>\n<tr style=\"height: 13.50pt;\">\n<td style=\"height: 13.5pt; width: 54pt; text-align: center;\" width=\"72\" height=\"18\">Tamanho (ml)<\/td>\n<td style=\"width: 54pt; text-align: center;\" width=\"72\">Dimens\u00f5es<\/td>\n<td style=\"width: 54pt; text-align: center;\" width=\"72\">Material<\/td>\n<td style=\"width: 54pt; text-align: center;\" width=\"72\">Tipo de tampa<\/td>\n<td style=\"width: 54pt; text-align: center;\" width=\"72\">Tipo de veda\u00e7\u00e3o<\/td>\n<\/tr>\n<tr style=\"height: 13.50pt;\">\n<td style=\"height: 13.5pt; text-align: center;\" align=\"right\" height=\"18\">60<\/td>\n<td class=\"et2\" style=\"text-align: center;\" rowspan=\"3\">53 x 35 x 116 mm<\/td>\n<td class=\"et2\" style=\"text-align: center;\" rowspan=\"3\">Vidro de cristal<\/td>\n<td class=\"et2\" style=\"text-align: center;\" rowspan=\"3\">Preto fosco<\/td>\n<td class=\"et2\" style=\"text-align: center;\" rowspan=\"3\">Spray top<\/td>\n<\/tr>\n<tr style=\"height: 13.50pt;\">\n<td style=\"height: 13.5pt; text-align: center;\" align=\"right\" height=\"18\">80<\/td>\n<\/tr>\n<tr style=\"height: 13.50pt;\">\n<td style=\"height: 13.5pt; text-align: center;\" align=\"right\" height=\"18\">100<\/td>\n<\/tr>\n<\/tbody>\n<\/table>\n<h2>Caso de sucesso<\/h2>\n<p>Uma empresa especializada em fragr\u00e2ncias buscava uma solu\u00e7\u00e3o de embalagem que expressasse os aspectos naturais e contempor\u00e2neos de seu perfume exclusivo. Para transmitir a mensagem da fragr\u00e2ncia, a marca optou n\u00e3o apenas por nossos frascos de vidro retangulares minimalistas, dispon\u00edveis para compra no atacado, mas tamb\u00e9m por personaliz\u00e1-los com um logotipo em relevo discreto no ombro, um acabamento levemente fosco no corpo do frasco e delicados padr\u00f5es serigrafados em seda que criam uma ilus\u00e3o de profundidade.<\/p>\n<p>Consequentemente, a nova embalagem melhorou significativamente a capacidade do produto de atrair clientes nas prateleiras, bem como a fideliza\u00e7\u00e3o \u00e0 marca, que tem sido o principal fator que levou a um aumento de 35% nos pedidos repetidos dos distribuidores.<\/p>\n<h2>Suas op\u00e7\u00f5es de personaliza\u00e7\u00e3o<\/h2>\n<ol>\n<li><strong>Narrativa com Cores de Bon\u00e9:<\/strong> Tampas pretas para fragr\u00e2ncias amadeiradas, prateadas para notas frescas \u2014 a tampa define o tom.<\/li>\n<li><strong>A magia do acabamento fosco:<\/strong> Use tampas pretas foscas para linhas modernas e brilhantes para um estilo cl\u00e1ssico \u2014 combine com a vibe da sua marca.<\/li>\n<li><strong>Grava\u00e7\u00e3o minimalista, impacto m\u00e1ximo: <\/strong>Grave seu logotipo a laser na lateral da garrafa (n\u00e3o apenas na tampa).<\/li>\n<\/ol>","protected":false},"excerpt":{"rendered":"<p>Frascos de fragr\u00e2ncia elegantes e transparentes, com formato retangular e acabamento em spray. Fornecimento direto da f\u00e1brica, frascos de fragr\u00e2ncia no atacado para personaliza\u00e7\u00e3o.<\/p>","protected":false},"featured_media":4515,"template":"","meta":{"postBodyCss":"","postBodyMargin":[],"postBodyPadding":[],"postBodyBackground":{"backgroundType":"classic","gradient":""}},"product_brand":[],"product_cat":[15,16,62],"product_tag":[],"class_list":{"0":"post-4505","1":"product","2":"type-product","3":"status-publish","4":"has-post-thumbnail","6":"product_cat-glass-containers","7":"product_cat-glass-bottles","8":"product_cat-perfume-bottles","10":"first","11":"instock","12":"shipping-taxable","13":"product-type-simple"},"jetpack_sharing_enabled":true,"_links":{"self":[{"href":"https:\/\/minghanggroup.com\/pt\/wp-json\/wp\/v2\/product\/4505","targetHints":{"allow":["GET"]}}],"collection":[{"href":"https:\/\/minghanggroup.com\/pt\/wp-json\/wp\/v2\/product"}],"about":[{"href":"https:\/\/minghanggroup.com\/pt\/wp-json\/wp\/v2\/types\/product"}],"wp:featuredmedia":[{"embeddable":true,"href":"https:\/\/minghanggroup.com\/pt\/wp-json\/wp\/v2\/media\/4515"}],"wp:attachment":[{"href":"https:\/\/minghanggroup.com\/pt\/wp-json\/wp\/v2\/media?parent=4505"}],"wp:term":[{"taxonomy":"product_brand","embeddable":true,"href":"https:\/\/minghanggroup.com\/pt\/wp-json\/wp\/v2\/product_brand?post=4505"},{"taxonomy":"product_cat","embeddable":true,"href":"https:\/\/minghanggroup.com\/pt\/wp-json\/wp\/v2\/product_cat?post=4505"},{"taxonomy":"product_tag","embeddable":true,"href":"https:\/\/minghanggroup.com\/pt\/wp-json\/wp\/v2\/product_tag?post=4505"}],"curies":[{"name":"wp","href":"https:\/\/api.w.org\/{rel}","templated":true}]}}