{"id":4499,"date":"2026-01-09T11:51:56","date_gmt":"2026-01-09T03:51:56","guid":{"rendered":"https:\/\/minghanggroup.com\/?post_type=product&#038;p=4499"},"modified":"2026-01-09T13:30:52","modified_gmt":"2026-01-09T05:30:52","slug":"flat-empty-pretty-perfume-bottles-wholesale","status":"publish","type":"product","link":"https:\/\/minghanggroup.com\/pt\/produto\/flat-empty-pretty-perfume-bottles-wholesale\/","title":{"rendered":"Frascos de perfume planos, vazios e bonitos de 25ml, 50ml e 100ml para atacado."},"content":{"rendered":"<p>Esses lindos frascos de perfume s\u00e3o realmente bel\u00edssimos, com seu cristal, vidro transparente (de formato ligeiramente quadrado) e tampas de cores vibrantes. O design transparente \u00e9 uma excelente maneira de exibir a cor da fragr\u00e2ncia.<\/p>\n<h2>Caracter\u00edsticas do produto<\/h2>\n<ul>\n<li><strong>Garrafa de vidro transparente de alta qualidade:<\/strong> Visualmente, o principal atrativo da embalagem \u00e9 a fragr\u00e2ncia, gra\u00e7as ao vidro ultratransparente que revela um design elegante e minimalista.<\/li>\n<li><strong>Design de bon\u00e9 contrastante:<\/strong> Ao optar por tampas azuis e pretas, voc\u00ea certamente dar\u00e1 aos produtos um toque divertido, e a escolha das cores para os detalhes fica totalmente a seu crit\u00e9rio, refletindo a personalidade da sua marca.<\/li>\n<li><strong>Garrafa quadrada arredondada:<\/strong> A garrafa quadrada possui cantos arredondados para maior conforto ao segur\u00e1-la e posicion\u00e1-la de forma pr\u00e1tica.<\/li>\n<\/ul>\n<h2 style=\"text-align: left;\">Especifica\u00e7\u00f5es principais<\/h2>\n<table class=\"aligncenter\" style=\"border-collapse: collapse; width: 438.77pt;\" border=\"0\" width=\"585\" cellspacing=\"0\" cellpadding=\"0\">\n<tbody>\n<tr style=\"height: 13.50pt;\">\n<td style=\"height: 13.50pt; width: 119.25pt;\" width=\"159\" height=\"18\">Especifica\u00e7\u00e3o<\/td>\n<td style=\"width: 319.50pt;\" width=\"426\">Detalhes<\/td>\n<\/tr>\n<tr style=\"height: 13.50pt;\">\n<td style=\"height: 13.50pt;\" height=\"18\">Dimens\u00f5es<\/td>\n<td>52x21x68mm \/ 70\u00d727\u00d784mm (50ml) \/ 95\u00d730\u00d7109mm (100ml)<\/td>\n<\/tr>\n<tr style=\"height: 13.50pt;\">\n<td style=\"height: 13.50pt;\" height=\"18\">Material<\/td>\n<td>Vidro de alta transpar\u00eancia<\/td>\n<\/tr>\n<tr style=\"height: 13.50pt;\">\n<td style=\"height: 13.50pt;\" height=\"18\">Formato de garrafa<\/td>\n<td>Prisma quadrado arredondado<\/td>\n<\/tr>\n<tr style=\"height: 13.50pt;\">\n<td style=\"height: 13.50pt;\" height=\"18\">Escopo de personaliza\u00e7\u00e3o<\/td>\n<td>Formato, tamanho, cor, acabamento e impress\u00e3o da garrafa.<\/td>\n<\/tr>\n<tr style=\"height: 13.50pt;\">\n<td style=\"height: 13.50pt;\" height=\"18\">Artesanato<\/td>\n<td>Moldagem de vidro de precis\u00e3o com bordas arredondadas<\/td>\n<\/tr>\n<tr style=\"height: 13.50pt;\">\n<td style=\"height: 13.50pt;\" height=\"18\">Finalidade do produto<\/td>\n<td>Frascos de perfume bonitos no atacado, frascos de perfume vazios<\/td>\n<\/tr>\n<tr style=\"height: 13.50pt;\">\n<td style=\"height: 13.50pt;\" height=\"18\">Ind\u00fastrias adequadas<\/td>\n<td>Perfumaria tradicional e de nicho, varejo de estilo de vida e presentes<\/td>\n<\/tr>\n<\/tbody>\n<\/table>\n<h2>Caso de Sucesso: Uma Cole\u00e7\u00e3o de Presentes Campe\u00e3 de Vendas de uma Marca de Estilo de Vida de Sydney<\/h2>\n<p>Uma das marcas de estilo de vida mais badaladas de Sydney escolheu nosso frasco de perfume spray vazio de 100ml com uma estampa floral personalizada no vidro, feita com impress\u00e3o UV, e uma tampa customizada. Inicialmente, t\u00ednhamos 2.000 frascos em estoque. O formato quadrado delicado fez tanto sucesso que 85% das avalia\u00e7\u00f5es dos clientes o consideraram um design charmoso e sofisticado. Isso transformou as tampas coloridas em um s\u00edmbolo da marca, o que levou a um aumento de 300% na distribui\u00e7\u00e3o dos produtos do portf\u00f3lio nas redes sociais. As vendas e a intera\u00e7\u00e3o com os clientes foram t\u00e3o satisfat\u00f3rias para a marca que a empresa encomendou mais 300.000 frascos para o lan\u00e7amento de uma nova cole\u00e7\u00e3o de outono.<\/p>\n<h2>Personaliza\u00e7\u00e3o de lindos frascos de perfume<\/h2>\n<ul>\n<li>Cores de tampas personalizadas: Qualquer tipo de tampa cil\u00edndrica pode ser combinada com qualquer marca espec\u00edfica ou com qualquer cor da Pantene.<\/li>\n<li>Pain\u00e9is de vidro fosco: Os pain\u00e9is frontal e traseiro receber\u00e3o um acabamento fosco para um aspecto suave e difuso.<\/li>\n<li>Serigrafia em vidro: Este \u00e9 um m\u00e9todo de impress\u00e3o utilizado para imprimir padr\u00f5es simples, logotipos ou at\u00e9 mesmo texto em uma placa de vidro plana.<\/li>\n<li>Detalhes da textura em relevo: Grava\u00e7\u00e3o 3D que cria uma textura em relevo 3D fina na garrafa de vidro para aprimorar a experi\u00eancia t\u00e1til e a est\u00e9tica.<\/li>\n<\/ul>","protected":false},"excerpt":{"rendered":"<p>Frascos de perfume elegantes e bonitos, com bordas quadradas suaves e tampas coloridas. Frascos de perfume spray vazios para atacado, ideais para pedidos em grande quantidade e solu\u00e7\u00f5es de embalagem para sua marca.<\/p>","protected":false},"featured_media":4506,"template":"","meta":{"postBodyCss":"","postBodyMargin":[],"postBodyPadding":[],"postBodyBackground":{"backgroundType":"classic","gradient":""}},"product_brand":[],"product_cat":[15,16,62],"product_tag":[],"class_list":{"0":"post-4499","1":"product","2":"type-product","3":"status-publish","4":"has-post-thumbnail","6":"product_cat-glass-containers","7":"product_cat-glass-bottles","8":"product_cat-perfume-bottles","10":"first","11":"instock","12":"shipping-taxable","13":"product-type-simple"},"jetpack_sharing_enabled":true,"_links":{"self":[{"href":"https:\/\/minghanggroup.com\/pt\/wp-json\/wp\/v2\/product\/4499","targetHints":{"allow":["GET"]}}],"collection":[{"href":"https:\/\/minghanggroup.com\/pt\/wp-json\/wp\/v2\/product"}],"about":[{"href":"https:\/\/minghanggroup.com\/pt\/wp-json\/wp\/v2\/types\/product"}],"wp:featuredmedia":[{"embeddable":true,"href":"https:\/\/minghanggroup.com\/pt\/wp-json\/wp\/v2\/media\/4506"}],"wp:attachment":[{"href":"https:\/\/minghanggroup.com\/pt\/wp-json\/wp\/v2\/media?parent=4499"}],"wp:term":[{"taxonomy":"product_brand","embeddable":true,"href":"https:\/\/minghanggroup.com\/pt\/wp-json\/wp\/v2\/product_brand?post=4499"},{"taxonomy":"product_cat","embeddable":true,"href":"https:\/\/minghanggroup.com\/pt\/wp-json\/wp\/v2\/product_cat?post=4499"},{"taxonomy":"product_tag","embeddable":true,"href":"https:\/\/minghanggroup.com\/pt\/wp-json\/wp\/v2\/product_tag?post=4499"}],"curies":[{"name":"wp","href":"https:\/\/api.w.org\/{rel}","templated":true}]}}