{"id":4485,"date":"2026-01-09T10:20:42","date_gmt":"2026-01-09T02:20:42","guid":{"rendered":"https:\/\/minghanggroup.com\/?post_type=product&#038;p=4485"},"modified":"2026-01-09T11:51:54","modified_gmt":"2026-01-09T03:51:54","slug":"blank-perfume-bottles-with-metal-lids-wholesale","status":"publish","type":"product","link":"https:\/\/minghanggroup.com\/pt\/produto\/blank-perfume-bottles-with-metal-lids-wholesale\/","title":{"rendered":"Frascos de perfume sem tampa, de 25ml, 50ml e 100ml, com tampa met\u00e1lica, para venda por atacado."},"content":{"rendered":"<p>Os frascos de perfume em branco s\u00e3o de vidro de alta qualidade, com bordas lisas e formato quadrado. Ser\u00e3o vendidos em tr\u00eas tamanhos, incluindo op\u00e7\u00f5es com tampas de metal prateadas ou douradas para conferir um toque de luxo \u00e0 compra.<\/p>\n<h2>Caracter\u00edsticas do produto<\/h2>\n<ul>\n<li><strong>Corpo quadrado com corte de borda:<\/strong> A garrafa quadrada possui bordas chanfradas que refletem a luz com brilho, conferem textura e um design geom\u00e9trico elegante.<\/li>\n<li><strong>Op\u00e7\u00f5es de tampa bimet\u00e1lica:<\/strong> Tampas cil\u00edndricas prateadas ou douradas tamb\u00e9m podem ser personalizadas com o nome da marca, o que confere um toque de luxo cl\u00e1ssico.<\/li>\n<li><strong>Dois tamanhos:<\/strong> Dispon\u00edvel em frascos de 5 e 100ml, ideais tanto para o uso di\u00e1rio quanto para uma experi\u00eancia sofisticada e personalizada.<\/li>\n<\/ul>\n<h2 style=\"text-align: left;\">Especifica\u00e7\u00f5es principais<\/h2>\n<table class=\"aligncenter\" style=\"border-collapse: collapse; width: 493.52pt;\" border=\"0\" width=\"658\" cellspacing=\"0\" cellpadding=\"0\">\n<tbody>\n<tr style=\"height: 13.50pt;\">\n<td style=\"height: 13.50pt; width: 119.25pt;\" width=\"159\" height=\"18\">Especifica\u00e7\u00e3o<\/td>\n<td style=\"width: 374.25pt;\" width=\"499\">Detalhes<\/td>\n<\/tr>\n<tr style=\"height: 13.50pt;\">\n<td style=\"height: 13.50pt;\" height=\"18\">Dimens\u00f5es<\/td>\n<td>41\u00d725 \u00d7 77mm (25ml)\/ 43\u00d730\u00d788mm (50ml)\/ 53\u00d731\u00d773mm (50ml)\/ 57\u00d738\u00d7107mm (100ml)<\/td>\n<\/tr>\n<tr style=\"height: 13.50pt;\">\n<td style=\"height: 13.50pt;\" height=\"18\">Material<\/td>\n<td>Vidro de alta transpar\u00eancia, tampas de metal<\/td>\n<\/tr>\n<tr style=\"height: 13.50pt;\">\n<td style=\"height: 13.50pt;\" height=\"18\">Escopo de personaliza\u00e7\u00e3o<\/td>\n<td>Formato, tamanho, cor, acabamento e cobertura da garrafa<\/td>\n<\/tr>\n<tr style=\"height: 13.50pt;\">\n<td style=\"height: 13.50pt;\" height=\"18\">Artesanato<\/td>\n<td>Corte de vidro de precis\u00e3o, galvanoplastia<\/td>\n<\/tr>\n<tr style=\"height: 13.50pt;\">\n<td style=\"height: 13.50pt;\" height=\"18\">Finalidade do produto<\/td>\n<td>Frascos de perfume de vidro de luxo, frascos de perfume sem marca<\/td>\n<\/tr>\n<tr style=\"height: 13.50pt;\">\n<td style=\"height: 13.50pt;\" height=\"18\">Ind\u00fastrias adequadas<\/td>\n<td>Alta Perfumaria, Marca Pr\u00f3pria, Varejo de Luxo<\/td>\n<\/tr>\n<\/tbody>\n<\/table>\n<h2>Caso de sucesso: Servi\u00e7os de personaliza\u00e7\u00e3o de um est\u00fadio de perfumes em Londres<\/h2>\n<p>Um laborat\u00f3rio de perfumes especializado na cria\u00e7\u00e3o de frascos personalizados em Londres precisava de frascos elegantes e recarreg\u00e1veis. Eles escolheram nosso frasco de vidro de 100ml com uma tampa dourada especial. O servi\u00e7o premium, aliado ao design sofisticado, resultou em um aumento de 30% no valor m\u00e9dio da transa\u00e7\u00e3o, e as bordas com corte 3D aumentaram o apelo visual nas prateleiras em 42%. A satisfa\u00e7\u00e3o do est\u00fadio com o produto levou \u00e0 encomenda de um novo lote de 150.000 frascos para seus projetos de personaliza\u00e7\u00e3o nos cinco anos seguintes.<\/p>\n<h2>Personaliza\u00e7\u00e3o de Frascos de Perfume em Branco<\/h2>\n<ul>\n<li>Cores e efeitos do vidro: Dispon\u00edvel em cores transparentes, fum\u00ea ou suaves, com op\u00e7\u00e3o de superf\u00edcies transparentes, totalmente foscas ou parcialmente foscas.<\/li>\n<li>Personaliza\u00e7\u00e3o dos materiais das tampas: As tampas podem ser feitas de cer\u00e2mica, madeira, pl\u00e1stico, entre outros materiais.<\/li>\n<li>Grava\u00e7\u00e3o a laser profunda: Grave padr\u00f5es, logotipos ou letras detalhados em uma das extremidades da garrafa, tornando-a uma marca permanente e f\u00e1cil de segurar.<\/li>\n<li>Painel com logotipo jateado: Este painel possui acabamento fosco e aparece em um dos lados da garrafa quadrada, conferindo ao logotipo uma apar\u00eancia levemente fosca.<\/li>\n<\/ul>","protected":false},"excerpt":{"rendered":"<p>Frascos de perfume elegantes e lisos com bordas lapidadas em cristal. Cada frasco de vidro acompanha um borrifador met\u00e1lico. Pre\u00e7os especiais para compras em grande quantidade. Envio r\u00e1pido!<\/p>","protected":false},"featured_media":4498,"template":"","meta":{"postBodyCss":"","postBodyMargin":[],"postBodyPadding":[],"postBodyBackground":{"backgroundType":"classic","gradient":""}},"product_brand":[],"product_cat":[15,16,62],"product_tag":[],"class_list":{"0":"post-4485","1":"product","2":"type-product","3":"status-publish","4":"has-post-thumbnail","6":"product_cat-glass-containers","7":"product_cat-glass-bottles","8":"product_cat-perfume-bottles","10":"first","11":"instock","12":"shipping-taxable","13":"product-type-simple"},"jetpack_sharing_enabled":true,"_links":{"self":[{"href":"https:\/\/minghanggroup.com\/pt\/wp-json\/wp\/v2\/product\/4485","targetHints":{"allow":["GET"]}}],"collection":[{"href":"https:\/\/minghanggroup.com\/pt\/wp-json\/wp\/v2\/product"}],"about":[{"href":"https:\/\/minghanggroup.com\/pt\/wp-json\/wp\/v2\/types\/product"}],"wp:featuredmedia":[{"embeddable":true,"href":"https:\/\/minghanggroup.com\/pt\/wp-json\/wp\/v2\/media\/4498"}],"wp:attachment":[{"href":"https:\/\/minghanggroup.com\/pt\/wp-json\/wp\/v2\/media?parent=4485"}],"wp:term":[{"taxonomy":"product_brand","embeddable":true,"href":"https:\/\/minghanggroup.com\/pt\/wp-json\/wp\/v2\/product_brand?post=4485"},{"taxonomy":"product_cat","embeddable":true,"href":"https:\/\/minghanggroup.com\/pt\/wp-json\/wp\/v2\/product_cat?post=4485"},{"taxonomy":"product_tag","embeddable":true,"href":"https:\/\/minghanggroup.com\/pt\/wp-json\/wp\/v2\/product_tag?post=4485"}],"curies":[{"name":"wp","href":"https:\/\/api.w.org\/{rel}","templated":true}]}}