{"id":4484,"date":"2026-01-09T10:26:55","date_gmt":"2026-01-09T02:26:55","guid":{"rendered":"https:\/\/minghanggroup.com\/?post_type=product&#038;p=4484"},"modified":"2026-04-14T09:58:47","modified_gmt":"2026-04-14T01:58:47","slug":"vintage-crystal-perfume-bottles-with-wooden-lids-bulk","status":"publish","type":"product","link":"https:\/\/minghanggroup.com\/pt\/produto\/vintage-crystal-perfume-bottles-with-wooden-lids-bulk\/","title":{"rendered":"Frascos de perfume vintage de cristal de 30ml e 50ml com tampas de madeira (em grande quantidade)"},"content":{"rendered":"<p>Seus frascos de perfume de cristal vintage n\u00e3o devem apenas armazenar fragr\u00e2ncia \u2014 eles devem vend\u00ea-la. Criamos frascos de perfume de vidro vintage que combinam o charme antigo com a funcionalidade moderna, transformando seu perfume personalizado em um objeto de conversa instant\u00e2neo.<\/p>\n<h2>Caracter\u00edsticas do produto<\/h2>\n<ul>\n<li><strong>Silhueta retangular de inspira\u00e7\u00e3o vintage:<\/strong> O formato familiar de um frasco com \u00e2ngulos retos, aliado \u00e0s linhas geom\u00e9tricas, revela as propor\u00e7\u00f5es est\u00e1veis \u200b\u200be a beleza t\u00edpicas dos frascos de perfume vintage.<\/li>\n<li><strong>Contraste da tampa de madeira natural:<\/strong> O tampo de madeira aparente destaca-se contra o vidro transparente, conferindo \u00e0 marca uma personalidade que combina elementos da natureza, estilo cl\u00e1ssico e est\u00e9tica artesanal.<\/li>\n<li><strong>Design de painel de etiqueta embutido:<\/strong> A parte frontal dos frascos de perfume de vidro vintage possui um painel rebaixado para etiquetas, perfeito para aplica\u00e7\u00e3o de adesivos, serigrafia ou hot stamping, mantendo a apar\u00eancia geral organizada e elegante.<\/li>\n<\/ul>\n<h2>Especifica\u00e7\u00f5es principais<\/h2>\n<table style=\"border-collapse: collapse; width: 80%; margin-left: auto; margin-right: auto;\" border=\"0\" width=\"360\" cellspacing=\"0\" cellpadding=\"0\">\n<tbody>\n<tr style=\"height: 13.50pt;\">\n<td style=\"height: 13.5pt; width: 54pt; text-align: center;\" width=\"72\" height=\"18\">Capacidade (ml)<\/td>\n<td style=\"width: 54pt; text-align: center;\" width=\"72\">Dimens\u00f5es (mm)<\/td>\n<td style=\"width: 54pt; text-align: center;\" width=\"72\">Material<\/td>\n<td style=\"width: 54pt; text-align: center;\" width=\"72\">Bon\u00e9<\/td>\n<td style=\"width: 54pt; text-align: center;\" width=\"72\">Op\u00e7\u00f5es de personaliza\u00e7\u00e3o<\/td>\n<\/tr>\n<tr style=\"height: 13.50pt;\">\n<td style=\"height: 13.5pt; text-align: center;\" align=\"right\" height=\"18\">30<\/td>\n<td style=\"text-align: center;\">36 \u00d7 36 \u00d7 66<\/td>\n<td class=\"et2\" style=\"text-align: center;\" rowspan=\"2\">Vidro de cristal<\/td>\n<td class=\"et2\" style=\"text-align: center;\" rowspan=\"2\">Tampas de madeira<\/td>\n<td class=\"et2\" style=\"text-align: center;\" rowspan=\"2\">Logotipo, grava\u00e7\u00e3o, revestimento UV, estampagem a quente<\/td>\n<\/tr>\n<tr style=\"height: 13.50pt;\">\n<td style=\"height: 13.5pt; text-align: center;\" align=\"right\" height=\"18\">50<\/td>\n<td style=\"text-align: center;\">42 \u00d7 42 \u00d7 77<\/td>\n<\/tr>\n<\/tbody>\n<\/table>\n<h2>Caso de sucesso<\/h2>\n<p>Um est\u00fadio de perfumes com estilo vintage, ap\u00f3s receber um feedback muito positivo sobre suas fragr\u00e2ncias, n\u00e3o conseguia descobrir como seus produtos se diferenciariam dos demais nas prateleiras saturadas das lojas. Depois de decidirem por uma mudan\u00e7a na embalagem, a marca escolheu nossos frascos de perfume de cristal vintage e fez um primeiro pedido de 5.000 unidades. Os frascos foram personalizados com um vidro \u00e2mbar suave, um logotipo em relevo muito discreto no painel frontal e belos padr\u00f5es serigrafados em seda, inspirados no estilo cl\u00e1ssico de botic\u00e1rio.<\/p>\n<p>O efeito foi imediato: a aura vintage elegante atraiu mais aten\u00e7\u00e3o nas lojas, permitindo que a marca colocasse seus produtos em algumas perfumarias boutique, enquanto as vendas totais aumentaram 32% nos primeiros tr\u00eas meses.<\/p>\n<h2>Suas op\u00e7\u00f5es de personaliza\u00e7\u00e3o<\/h2>\n<ol>\n<li><strong>Combina\u00e7\u00e3o de bon\u00e9s de madeira:<\/strong> Voc\u00ea pode combinar as c\u00e1psulas de carvalho com aromas terrosos e as c\u00e1psulas de nogueira com aromas florais; sua c\u00e1psula revelar\u00e1 a hist\u00f3ria mesmo antes da primeira borrifada.<\/li>\n<li><strong>Revestimento UV M\u00e1gico:<\/strong> Voc\u00ea pode combinar um acabamento fosco na madeira com um acabamento brilhante no vidro para adicionar profundidade t\u00e1til e interagir com a ilumina\u00e7\u00e3o da loja.<\/li>\n<li><strong>Estampagem a quente de luxo:<\/strong> Voc\u00ea acha que tampas de madeira requintadas poderiam ser douradas? Al\u00e9m disso, deixar a folha de ouro falar por si s\u00f3 faz maravilhas a um custo muito menor.<\/li>\n<\/ol>","protected":false},"excerpt":{"rendered":"<p>Frascos de perfume vintage em cristal, com formato retangular refinado e tampas de madeira. Fornecimento direto da f\u00e1brica de frascos de perfume vintage em vidro, amostras gr\u00e1tis.<\/p>","protected":false},"featured_media":4489,"template":"","meta":{"postBodyCss":"","postBodyMargin":[],"postBodyPadding":[],"postBodyBackground":{"backgroundType":"classic","gradient":""}},"product_brand":[],"product_cat":[15,16,62],"product_tag":[111],"class_list":{"0":"post-4484","1":"product","2":"type-product","3":"status-publish","4":"has-post-thumbnail","6":"product_cat-glass-containers","7":"product_cat-glass-bottles","8":"product_cat-perfume-bottles","9":"product_tag-glass-mist-bottles","11":"first","12":"instock","13":"shipping-taxable","14":"product-type-simple"},"jetpack_sharing_enabled":true,"_links":{"self":[{"href":"https:\/\/minghanggroup.com\/pt\/wp-json\/wp\/v2\/product\/4484","targetHints":{"allow":["GET"]}}],"collection":[{"href":"https:\/\/minghanggroup.com\/pt\/wp-json\/wp\/v2\/product"}],"about":[{"href":"https:\/\/minghanggroup.com\/pt\/wp-json\/wp\/v2\/types\/product"}],"wp:featuredmedia":[{"embeddable":true,"href":"https:\/\/minghanggroup.com\/pt\/wp-json\/wp\/v2\/media\/4489"}],"wp:attachment":[{"href":"https:\/\/minghanggroup.com\/pt\/wp-json\/wp\/v2\/media?parent=4484"}],"wp:term":[{"taxonomy":"product_brand","embeddable":true,"href":"https:\/\/minghanggroup.com\/pt\/wp-json\/wp\/v2\/product_brand?post=4484"},{"taxonomy":"product_cat","embeddable":true,"href":"https:\/\/minghanggroup.com\/pt\/wp-json\/wp\/v2\/product_cat?post=4484"},{"taxonomy":"product_tag","embeddable":true,"href":"https:\/\/minghanggroup.com\/pt\/wp-json\/wp\/v2\/product_tag?post=4484"}],"curies":[{"name":"wp","href":"https:\/\/api.w.org\/{rel}","templated":true}]}}