{"id":4472,"date":"2026-01-08T16:31:41","date_gmt":"2026-01-08T08:31:41","guid":{"rendered":"https:\/\/minghanggroup.com\/?post_type=product&#038;p=4472"},"modified":"2026-04-14T10:05:16","modified_gmt":"2026-04-14T02:05:16","slug":"square-brown-perfume-bottles-with-black-lids-bulk","status":"publish","type":"product","link":"https:\/\/minghanggroup.com\/pt\/produto\/square-brown-perfume-bottles-with-black-lids-bulk\/","title":{"rendered":"Frascos de perfume quadrados marrons de 50ml com tampas pretas (em grande quantidade)"},"content":{"rendered":"<p>Esses frascos de perfume marrons s\u00e3o feitos de vidro marrom escuro transl\u00facido. A apar\u00eancia elegante \u00e9 formada pelo corpo quadrado e angular e pela tampa cil\u00edndrica preta, que, ao mesmo tempo, confere um toque de simplicidade e sofistica\u00e7\u00e3o.<\/p>\n<h2>Caracter\u00edsticas do produto<\/h2>\n<ul>\n<li><strong>Textura transl\u00facida marrom escura:<\/strong> O vidro marrom \u00e9 rico e oferece um visual aconchegante, terroso e sofisticado, que protege itens sens\u00edveis \u00e0 luz.<\/li>\n<li><strong>Design com contraste em preto e marrom:<\/strong> A tampa preta oferece um leve contraste com o frasco marrom escuro, conferindo ao produto uma apar\u00eancia limpa e sofisticada, o que agrega qualidade.<\/li>\n<li><strong>Formato quadrado de luxo:<\/strong> O design simples e quadrado do frasco \u00e9 minimalista e compacto, ideal para o uso di\u00e1rio, al\u00e9m de ser uma embalagem perfeita para perfumes de nicho.<\/li>\n<\/ul>\n<h2 style=\"text-align: left;\">Especifica\u00e7\u00f5es principais<\/h2>\n<table class=\"aligncenter\" style=\"border-collapse: collapse; width: 469.52pt;\" border=\"0\" width=\"626\" cellspacing=\"0\" cellpadding=\"0\">\n<tbody>\n<tr style=\"height: 13.50pt;\">\n<td style=\"height: 13.50pt; width: 119.25pt;\" width=\"159\" height=\"18\">Especifica\u00e7\u00e3o<\/td>\n<td style=\"width: 350.25pt;\" width=\"467\">Detalhes<\/td>\n<\/tr>\n<tr style=\"height: 13.50pt;\">\n<td style=\"height: 13.50pt;\" height=\"18\">Capacidade<\/td>\n<td>50ml<\/td>\n<\/tr>\n<tr style=\"height: 13.50pt;\">\n<td style=\"height: 13.50pt;\" height=\"18\">Dimens\u00f5es<\/td>\n<td>39\u00d739\u00d786mm<\/td>\n<\/tr>\n<tr style=\"height: 13.50pt;\">\n<td style=\"height: 13.50pt;\" height=\"18\">Material<\/td>\n<td>Vidro marrom semitransparente<\/td>\n<\/tr>\n<tr style=\"height: 13.50pt;\">\n<td style=\"height: 13.50pt;\" height=\"18\">Formato de garrafa<\/td>\n<td>Quadrado<\/td>\n<\/tr>\n<tr style=\"height: 13.50pt;\">\n<td style=\"height: 13.50pt;\" height=\"18\">Escopo de personaliza\u00e7\u00e3o<\/td>\n<td>Formato, tamanho, cor, acabamento e grava\u00e7\u00e3o da garrafa.<\/td>\n<\/tr>\n<tr style=\"height: 13.50pt;\">\n<td style=\"height: 13.50pt;\" height=\"18\">Artesanato<\/td>\n<td>Moldagem e facetamento de vidro de precis\u00e3o, tingimento de vidro escuro<\/td>\n<\/tr>\n<tr style=\"height: 13.50pt;\">\n<td style=\"height: 13.50pt;\" height=\"18\">Finalidade do produto<\/td>\n<td>Frascos de perfume personalizados, frascos de perfume masculinos<\/td>\n<\/tr>\n<tr style=\"height: 13.50pt;\">\n<td style=\"height: 13.50pt;\" height=\"18\">Ind\u00fastrias adequadas<\/td>\n<td>Perfumaria artesanal, marcas naturais e org\u00e2nicas, produtos de higiene masculina<\/td>\n<\/tr>\n<\/tbody>\n<\/table>\n<h2>Hist\u00f3ria de sucesso<\/h2>\n<p>Uma das marcas artesanais mais conhecidas do Noroeste do Pac\u00edfico decidiu usar nosso frasco de col\u00f4nia marrom de 50ml, com o corpo na cor de carvalho queimado e uma tampa preta fosca com textura de madeira. O vidro marrom oferece 99% de prote\u00e7\u00e3o UV, essencial para a preserva\u00e7\u00e3o dos \u00f3leos essenciais naturais. O formato angular e preciso do frasco tamb\u00e9m proporciona uma \u00f3tima ader\u00eancia, mencionada em 45% das avalia\u00e7\u00f5es dos clientes. Os primeiros 20.000 frascos esgotaram em apenas 72 horas. A marca ficou extremamente satisfeita e encomendou mais 450.000 frascos para consolidar sua marca e expandir sua atua\u00e7\u00e3o no mercado de fragr\u00e2ncias para o lar.<\/p>\n<h2>Personaliza\u00e7\u00e3o de frascos de perfume marrons<\/h2>\n<ul>\n<li>Cor e transpar\u00eancia do vidro: Apresenta uma ampla gama de cores castanhas (\u00e2mbar, conhaque, expresso) e transpar\u00eancias.<\/li>\n<li>Design e tamanho chanfrados: Projete sob medida a largura, a profundidade e o \u00e2ngulo das bordas de corte multifacetadas para desenvolver um perfil distinto para a garrafa.<\/li>\n<li>Material e acabamento da tampa: Os materiais da tampa podem ser pl\u00e1stico preto fosco, madeira tingida ou metal texturizado.<\/li>\n<li>Base de vidro texturizado: Texturas jateadas ou pontilhadas s\u00e3o adicionadas \u00e0 base para proporcionar uma experi\u00eancia t\u00e1til.<\/li>\n<\/ul>","protected":false},"excerpt":{"rendered":"<p>Frasco de col\u00f4nia marrom moderno com tampa spray preta minimalista e vidro premium. Op\u00e7\u00f5es de frascos de perfume marrom para marcas pr\u00f3prias (OEM e atacado).<\/p>","protected":false},"featured_media":4473,"template":"","meta":{"postBodyCss":"","postBodyMargin":[],"postBodyPadding":[],"postBodyBackground":{"backgroundType":"classic","gradient":""}},"product_brand":[],"product_cat":[15,16,62],"product_tag":[111],"class_list":{"0":"post-4472","1":"product","2":"type-product","3":"status-publish","4":"has-post-thumbnail","6":"product_cat-glass-containers","7":"product_cat-glass-bottles","8":"product_cat-perfume-bottles","9":"product_tag-glass-mist-bottles","11":"first","12":"instock","13":"shipping-taxable","14":"product-type-simple"},"jetpack_sharing_enabled":true,"_links":{"self":[{"href":"https:\/\/minghanggroup.com\/pt\/wp-json\/wp\/v2\/product\/4472","targetHints":{"allow":["GET"]}}],"collection":[{"href":"https:\/\/minghanggroup.com\/pt\/wp-json\/wp\/v2\/product"}],"about":[{"href":"https:\/\/minghanggroup.com\/pt\/wp-json\/wp\/v2\/types\/product"}],"wp:featuredmedia":[{"embeddable":true,"href":"https:\/\/minghanggroup.com\/pt\/wp-json\/wp\/v2\/media\/4473"}],"wp:attachment":[{"href":"https:\/\/minghanggroup.com\/pt\/wp-json\/wp\/v2\/media?parent=4472"}],"wp:term":[{"taxonomy":"product_brand","embeddable":true,"href":"https:\/\/minghanggroup.com\/pt\/wp-json\/wp\/v2\/product_brand?post=4472"},{"taxonomy":"product_cat","embeddable":true,"href":"https:\/\/minghanggroup.com\/pt\/wp-json\/wp\/v2\/product_cat?post=4472"},{"taxonomy":"product_tag","embeddable":true,"href":"https:\/\/minghanggroup.com\/pt\/wp-json\/wp\/v2\/product_tag?post=4472"}],"curies":[{"name":"wp","href":"https:\/\/api.w.org\/{rel}","templated":true}]}}