{"id":4462,"date":"2026-01-08T15:47:37","date_gmt":"2026-01-08T07:47:37","guid":{"rendered":"https:\/\/minghanggroup.com\/?post_type=product&#038;p=4462"},"modified":"2026-01-08T17:02:41","modified_gmt":"2026-01-08T09:02:41","slug":"glossy-mens-black-fragrance-bottles-wholesale","status":"publish","type":"product","link":"https:\/\/minghanggroup.com\/pt\/produto\/glossy-mens-black-fragrance-bottles-wholesale\/","title":{"rendered":"Frascos de perfume masculino pretos brilhantes de 30ml, 50ml e 100ml para atacado"},"content":{"rendered":"<p>Os frascos de perfume pretos s\u00e3o projetados com um acabamento totalmente preto e brilhante. O formato do frasco \u00e9 retangular com bordas levemente arredondadas e acompanha uma tampa cil\u00edndrica preta da mesma cor, cuja superf\u00edcie brilhante reflete a luz.<\/p>\n<h2>Caracter\u00edsticas do produto<\/h2>\n<ul>\n<li><strong>Acabamento em preto brilhante:<\/strong> O acabamento preto brilhante \u00e9 vis\u00edvel na garrafa e na tampa, o que confere ao conjunto uma textura e um aspecto bastante luxuoso.<\/li>\n<li><strong>Cantos arredondados:<\/strong> Os cantos arredondados conferem um certo toque de eleg\u00e2ncia, al\u00e9m de proporcionar uma sensa\u00e7\u00e3o de conforto e seguran\u00e7a.<\/li>\n<li><strong>Garrafa retangular:<\/strong> O frasco retangular, preto e brilhante, delineia uma forma poderosa, autoconfiante e facilmente reconhec\u00edvel.<\/li>\n<\/ul>\n<h2 style=\"text-align: left;\">Especifica\u00e7\u00f5es principais<\/h2>\n<table class=\"aligncenter\" style=\"border-collapse: collapse; width: 469.52pt;\" border=\"0\" width=\"626\" cellspacing=\"0\" cellpadding=\"0\">\n<tbody>\n<tr style=\"height: 13.50pt;\">\n<td style=\"height: 13.50pt; width: 119.25pt;\" width=\"159\" height=\"18\">Especifica\u00e7\u00e3o<\/td>\n<td style=\"width: 350.25pt;\" width=\"467\">Detalhes<\/td>\n<\/tr>\n<tr style=\"height: 13.50pt;\">\n<td style=\"height: 13.50pt;\" height=\"18\">Capacidade<\/td>\n<td>30ml \/ 50ml \/ 100ml<\/td>\n<\/tr>\n<tr style=\"height: 13.50pt;\">\n<td style=\"height: 13.50pt;\" height=\"18\">Dimens\u00f5es<\/td>\n<td>42\u00d729\u00d777mm \/ 51\u00d728\u00d792mm \/ 53\u00d735\u00d7116mm<\/td>\n<\/tr>\n<tr style=\"height: 13.50pt;\">\n<td style=\"height: 13.50pt;\" height=\"18\">Material<\/td>\n<td>Vidro com revestimento preto de alto brilho<\/td>\n<\/tr>\n<tr style=\"height: 13.50pt;\">\n<td style=\"height: 13.50pt;\" height=\"18\">Formato de garrafa<\/td>\n<td>Ret\u00e2ngulo<\/td>\n<\/tr>\n<tr style=\"height: 13.50pt;\">\n<td style=\"height: 13.50pt;\" height=\"18\">Escopo de personaliza\u00e7\u00e3o<\/td>\n<td>Formato, tamanho, cor e acabamento da garrafa (brilhante, fosco, texturizado)<\/td>\n<\/tr>\n<tr style=\"height: 13.50pt;\">\n<td style=\"height: 13.50pt;\" height=\"18\">Artesanato<\/td>\n<td>Moldagem de vidro de precis\u00e3o, aplica\u00e7\u00e3o de laca de alto brilho<\/td>\n<\/tr>\n<tr style=\"height: 13.50pt;\">\n<td style=\"height: 13.50pt;\" height=\"18\">Finalidade do produto<\/td>\n<td>Frascos de col\u00f4nia masculina, frascos de fragr\u00e2ncia pretos<\/td>\n<\/tr>\n<tr style=\"height: 13.50pt;\">\n<td style=\"height: 13.50pt;\" height=\"18\">Ind\u00fastrias adequadas<\/td>\n<td>Cuidados masculinos, perfumaria contempor\u00e2nea, artigos de luxo<\/td>\n<\/tr>\n<\/tbody>\n<\/table>\n<h2>Caso de sucesso: Col\u00f4nia mais vendida de uma marca europeia de produtos de higiene masculina.<\/h2>\n<p>Uma das marcas europeias de luxo de produtos de higiene masculina selecionou nosso frasco preto de 100ml para col\u00f4nia masculina e o personalizou com um acabamento brilhante em cinza-chumbo e um logotipo da marca em alto relevo na frente. A sensa\u00e7\u00e3o de alta qualidade e o toque sofisticado do frasco resultaram em um aumento de 35% no pre\u00e7o da nova gera\u00e7\u00e3o em compara\u00e7\u00e3o com a anterior. O frasco de 50ml teve um desempenho excepcional nas lojas duty-free dos aeroportos, com um faturamento 150 vezes maior. As men\u00e7\u00f5es org\u00e2nicas nas redes sociais cresceram 400% devido ao design limpo e arrojado. A marca ficou t\u00e3o satisfeita com o volume de vendas e o fortalecimento da marca que fez um novo pedido de 400.000 frascos para atender \u00e0 sua principal necessidade de fornecimento de produtos nos pr\u00f3ximos dois anos.<\/p>\n<h2>Op\u00e7\u00f5es de personaliza\u00e7\u00e3o de frascos de perfume pretos<\/h2>\n<ul>\n<li>Op\u00e7\u00f5es de Acabamento da Superf\u00edcie: Obtenha a mesma apar\u00eancia com acabamento fosco, suave ao toque ou met\u00e1lico escovado. Acabamento Met\u00e1lico Decorativo<\/li>\n<li>Detalhes: Uma tira de metal (cobre, bronze) em camada fina deve ser colocada ao longo da borda da garrafa e o metal deve ser embutido.<\/li>\n<li>Grava\u00e7\u00e3o a laser profunda: Grave logotipos, listas de ingredientes ou n\u00fameros de s\u00e9rie para obter uma identidade sofisticada e duradoura.<\/li>\n<li>Detalhes da Tampa Personalizada: Troque a tampa por uma com textura serrilhada, revestimento emborrachado ou perfil alternativo (por exemplo, ligeiramente c\u00f4nica).<\/li>\n<\/ul>","protected":false},"excerpt":{"rendered":"<p>Frascos de perfume masculino pretos, com vidro retangular brilhante e bordas arredondadas. Dispon\u00edveis para fabrica\u00e7\u00e3o OEM, fornecidos diretamente da f\u00e1brica para marcas de perfumes masculinos.<\/p>","protected":false},"featured_media":4466,"template":"","meta":{"postBodyCss":"","postBodyMargin":[],"postBodyPadding":[],"postBodyBackground":{"backgroundType":"classic","gradient":""}},"product_brand":[],"product_cat":[15,16,62],"product_tag":[],"class_list":{"0":"post-4462","1":"product","2":"type-product","3":"status-publish","4":"has-post-thumbnail","6":"product_cat-glass-containers","7":"product_cat-glass-bottles","8":"product_cat-perfume-bottles","10":"first","11":"instock","12":"shipping-taxable","13":"product-type-simple"},"jetpack_sharing_enabled":true,"_links":{"self":[{"href":"https:\/\/minghanggroup.com\/pt\/wp-json\/wp\/v2\/product\/4462","targetHints":{"allow":["GET"]}}],"collection":[{"href":"https:\/\/minghanggroup.com\/pt\/wp-json\/wp\/v2\/product"}],"about":[{"href":"https:\/\/minghanggroup.com\/pt\/wp-json\/wp\/v2\/types\/product"}],"wp:featuredmedia":[{"embeddable":true,"href":"https:\/\/minghanggroup.com\/pt\/wp-json\/wp\/v2\/media\/4466"}],"wp:attachment":[{"href":"https:\/\/minghanggroup.com\/pt\/wp-json\/wp\/v2\/media?parent=4462"}],"wp:term":[{"taxonomy":"product_brand","embeddable":true,"href":"https:\/\/minghanggroup.com\/pt\/wp-json\/wp\/v2\/product_brand?post=4462"},{"taxonomy":"product_cat","embeddable":true,"href":"https:\/\/minghanggroup.com\/pt\/wp-json\/wp\/v2\/product_cat?post=4462"},{"taxonomy":"product_tag","embeddable":true,"href":"https:\/\/minghanggroup.com\/pt\/wp-json\/wp\/v2\/product_tag?post=4462"}],"curies":[{"name":"wp","href":"https:\/\/api.w.org\/{rel}","templated":true}]}}