{"id":4460,"date":"2026-01-08T16:18:45","date_gmt":"2026-01-08T08:18:45","guid":{"rendered":"https:\/\/minghanggroup.com\/?post_type=product&#038;p=4460"},"modified":"2026-01-08T17:03:40","modified_gmt":"2026-01-08T09:03:40","slug":"custom-vintage-cologne-bottles-for-brands-bulk","status":"publish","type":"product","link":"https:\/\/minghanggroup.com\/pt\/produto\/custom-vintage-cologne-bottles-for-brands-bulk\/","title":{"rendered":"Frascos de col\u00f4nia vintage personalizados de 30ml, 50ml e 100ml para marcas (em grandes quantidades)"},"content":{"rendered":"<p>Seus frascos de col\u00f4nia vintage devem ser como rel\u00edquias de fam\u00edlia, e n\u00e3o apenas recipientes. Fornecemos frascos de fragr\u00e2ncia vazios que combinam o charme do velho mundo com o desempenho moderno, para que seu perfume personalizado se destaque desde o primeiro dia.<\/p>\n<h2>Caracter\u00edsticas do produto<\/h2>\n<ul>\n<li><strong>Contornos fluidos e curvos:<\/strong> Um design que combina os estilos retr\u00f4 e moderno com linhas limpas e precisas, perfeito para fragr\u00e2ncias masculinas e linhas de perfumes de alta qualidade.<\/li>\n<li><strong>Ampla gama de op\u00e7\u00f5es de personaliza\u00e7\u00e3o:<\/strong> Inclua logotipos gravados, vidro com efeito degrad\u00ea ou pintura em spray colorida, transformando cada garrafa em uma pe\u00e7a \u00fanica.<\/li>\n<li><strong>Diversas combina\u00e7\u00f5es:<\/strong> Podem ser combinadas com diversas cores e materiais para bicos e tampas de pulveriza\u00e7\u00e3o, atendendo assim \u00e0s exig\u00eancias de diferentes estilos de marca e posicionamento de mercado.<\/li>\n<\/ul>\n<h2>Especifica\u00e7\u00f5es principais<\/h2>\n<table style=\"border-collapse: collapse; width: 80%; margin-left: auto; margin-right: auto;\" border=\"0\" width=\"360\" cellspacing=\"0\" cellpadding=\"0\">\n<tbody>\n<tr style=\"height: 13.50pt;\">\n<td style=\"height: 13.5pt; width: 54pt; text-align: center;\" width=\"72\" height=\"18\">Capacidade (ml)<\/td>\n<td style=\"width: 54pt; text-align: center;\" width=\"72\">Dimens\u00f5es (mm)<\/td>\n<td style=\"width: 54pt; text-align: center;\" width=\"72\">Calibre<\/td>\n<td style=\"width: 54pt; text-align: center;\" width=\"72\">Tipo de tampa<\/td>\n<td style=\"width: 54pt; text-align: center;\" width=\"72\">Op\u00e7\u00f5es de personaliza\u00e7\u00e3o<\/td>\n<\/tr>\n<tr style=\"height: 13.50pt;\">\n<td style=\"height: 13.5pt; text-align: center;\" height=\"18\">30<\/td>\n<td style=\"text-align: center;\">45 \u00d7 26 \u00d7 84<\/td>\n<td class=\"et2\" style=\"text-align: center;\" rowspan=\"3\">18 mm<\/td>\n<td class=\"et2\" style=\"text-align: center;\" rowspan=\"3\">Spray atomizador redondo com tampa de rosca<\/td>\n<td class=\"et2\" style=\"text-align: center;\" rowspan=\"3\">Logotipos gravados, vidro degrad\u00ea, sprays de cor<\/td>\n<\/tr>\n<tr style=\"height: 13.50pt;\">\n<td style=\"height: 13.5pt; text-align: center;\" height=\"18\">50<\/td>\n<td style=\"text-align: center;\">51 \u00d7 30 \u00d7 94<\/td>\n<\/tr>\n<tr style=\"height: 13.50pt;\">\n<td style=\"height: 13.5pt; text-align: center;\" height=\"18\">100<\/td>\n<td style=\"text-align: center;\">62 \u00d7 62 \u00d7 124<\/td>\n<\/tr>\n<\/tbody>\n<\/table>\n<h2>Caso de sucesso<\/h2>\n<p>Uma marca independente de fragr\u00e2ncias, voltada principalmente para o mercado de perfumes masculinos de gama m\u00e9dia a alta, escolheu este frasco quadrado vazio como sua principal embalagem, mesmo antes do lan\u00e7amento do novo produto. Para refletir a imagem da marca, o cliente personalizou o frasco de 50ml, que recebeu um borrifador fosco em tom grafite e uma tampa eletroplaqueada escura, al\u00e9m do logotipo e da indica\u00e7\u00e3o do volume impressos em serigrafia na parte frontal.<\/p>\n<p>Apenas dois meses ap\u00f3s o lan\u00e7amento, as vendas do novo produto superaram a previs\u00e3o da empresa em 28%. Al\u00e9m disso, a marca conseguiu realizar um segundo pedido em tr\u00eas meses devido \u00e0 baix\u00edssima taxa de quebras do primeiro lote e ao excelente feedback dos canais de distribui\u00e7\u00e3o.<\/p>\n<h2>Suas op\u00e7\u00f5es de personaliza\u00e7\u00e3o<\/h2>\n<ol>\n<li><strong>Vidro com degrad\u00ea:<\/strong> Reflita visualmente a sua jornada olfativa usando uma base ombr\u00e9 em vidro escuro para as notas de fundo e uma base clara para as notas c\u00edtricas.<\/li>\n<li><strong>Logotipos gravados que duram: <\/strong>Evite r\u00f3tulos. Uma grava\u00e7\u00e3o a laser diretamente na garrafa de vidro n\u00e3o descasca nem desbota.<\/li>\n<li><strong>Adote um estilo totalmente vintage: <\/strong>Adicione um toque cl\u00e1ssico e tradicional com elementos de estilo antigo, como bordas gravadas ou fontes serifadas, perfeitos para marcas tradicionais ou perfumes artesanais personalizados.<\/li>\n<\/ol>","protected":false},"excerpt":{"rendered":"<p>Frascos de col\u00f4nia vintage diretamente da f\u00e1brica. Esses frascos de fragr\u00e2ncia vazios oferecem personaliza\u00e7\u00e3o em grande quantidade e entrega r\u00e1pida em todo o mundo para marcas.<\/p>","protected":false},"featured_media":4470,"template":"","meta":{"postBodyCss":"","postBodyMargin":[],"postBodyPadding":[],"postBodyBackground":{"backgroundType":"classic","gradient":""}},"product_brand":[],"product_cat":[15,16,62],"product_tag":[],"class_list":{"0":"post-4460","1":"product","2":"type-product","3":"status-publish","4":"has-post-thumbnail","6":"product_cat-glass-containers","7":"product_cat-glass-bottles","8":"product_cat-perfume-bottles","10":"first","11":"instock","12":"shipping-taxable","13":"product-type-simple"},"jetpack_sharing_enabled":true,"_links":{"self":[{"href":"https:\/\/minghanggroup.com\/pt\/wp-json\/wp\/v2\/product\/4460","targetHints":{"allow":["GET"]}}],"collection":[{"href":"https:\/\/minghanggroup.com\/pt\/wp-json\/wp\/v2\/product"}],"about":[{"href":"https:\/\/minghanggroup.com\/pt\/wp-json\/wp\/v2\/types\/product"}],"wp:featuredmedia":[{"embeddable":true,"href":"https:\/\/minghanggroup.com\/pt\/wp-json\/wp\/v2\/media\/4470"}],"wp:attachment":[{"href":"https:\/\/minghanggroup.com\/pt\/wp-json\/wp\/v2\/media?parent=4460"}],"wp:term":[{"taxonomy":"product_brand","embeddable":true,"href":"https:\/\/minghanggroup.com\/pt\/wp-json\/wp\/v2\/product_brand?post=4460"},{"taxonomy":"product_cat","embeddable":true,"href":"https:\/\/minghanggroup.com\/pt\/wp-json\/wp\/v2\/product_cat?post=4460"},{"taxonomy":"product_tag","embeddable":true,"href":"https:\/\/minghanggroup.com\/pt\/wp-json\/wp\/v2\/product_tag?post=4460"}],"curies":[{"name":"wp","href":"https:\/\/api.w.org\/{rel}","templated":true}]}}