{"id":4455,"date":"2026-01-08T15:04:49","date_gmt":"2026-01-08T07:04:49","guid":{"rendered":"https:\/\/minghanggroup.com\/?post_type=product&#038;p=4455"},"modified":"2026-01-08T15:17:05","modified_gmt":"2026-01-08T07:17:05","slug":"rectangular-black-cologne-bottles-wholesale","status":"publish","type":"product","link":"https:\/\/minghanggroup.com\/pt\/produto\/rectangular-black-cologne-bottles-wholesale\/","title":{"rendered":"Frascos retangulares pretos para col\u00f4nia, 30ml, 50ml e 100ml, para venda por atacado."},"content":{"rendered":"<p>Esses frascos de perfume pretos t\u00eam um acabamento fosco totalmente preto, o corpo \u00e9 retangular (as bordas s\u00e3o ligeiramente arredondadas, como no filme) e a tampa \u00e9 cil\u00edndrica preta, o que produz uma apar\u00eancia harmoniosa, discreta e sofisticada.<\/p>\n<h2>Caracter\u00edsticas do produto<\/h2>\n<ul>\n<li><strong>Textura fosca totalmente preta:<\/strong> O preto fosco da garrafa e da tampa confere um toque sutil, por\u00e9m sofisticado, o que \u00e9 apropriado para tend\u00eancias de nicho com cores frias.<\/li>\n<li><strong>Corpo retangular arredondado:<\/strong> As bordas arredondadas da garrafa retangular garantem f\u00e1cil manuseio e armazenamento que economiza espa\u00e7o.<\/li>\n<li><strong>V\u00e1rios tamanhos:<\/strong> Existem 3 tamanhos de frascos de perfume retangulares, de acordo com as necessidades de diferentes situa\u00e7\u00f5es, como uso di\u00e1rio e frascos recarreg\u00e1veis.<\/li>\n<\/ul>\n<h2 style=\"text-align: left;\">Especifica\u00e7\u00f5es principais<\/h2>\n<table class=\"aligncenter\" style=\"border-collapse: collapse; width: 469.52pt;\" border=\"0\" width=\"626\" cellspacing=\"0\" cellpadding=\"0\">\n<tbody>\n<tr style=\"height: 13.50pt;\">\n<td style=\"height: 13.50pt; width: 119.25pt;\" width=\"159\" height=\"18\">Especifica\u00e7\u00e3o<\/td>\n<td style=\"width: 350.25pt;\" width=\"467\">Detalhes<\/td>\n<\/tr>\n<tr style=\"height: 13.50pt;\">\n<td style=\"height: 13.50pt;\" height=\"18\">Capacidade<\/td>\n<td>30ml \/ 50ml \/ 100ml<\/td>\n<\/tr>\n<tr style=\"height: 13.50pt;\">\n<td style=\"height: 13.50pt;\" height=\"18\">Dimens\u00f5es<\/td>\n<td>42\u00d729\u00d776mm \/ 51\u00d728\u00d791mm \/ 53\u00d736\u00d7116mm<\/td>\n<\/tr>\n<tr style=\"height: 13.50pt;\">\n<td style=\"height: 13.50pt;\" height=\"18\">Material<\/td>\n<td>Vidro com revestimento preto fosco<\/td>\n<\/tr>\n<tr style=\"height: 13.50pt;\">\n<td style=\"height: 13.50pt;\" height=\"18\">Formato de garrafa<\/td>\n<td>Ret\u00e2ngulo<\/td>\n<\/tr>\n<tr style=\"height: 13.50pt;\">\n<td style=\"height: 13.50pt;\" height=\"18\">Escopo de personaliza\u00e7\u00e3o<\/td>\n<td>Textura do acabamento, detalhes da tampa, relevo, marca discreta<\/td>\n<\/tr>\n<tr style=\"height: 13.50pt;\">\n<td style=\"height: 13.50pt;\" height=\"18\">Artesanato<\/td>\n<td>Moldagem de vidro de precis\u00e3o, aplica\u00e7\u00e3o de revestimento fosco uniforme<\/td>\n<\/tr>\n<tr style=\"height: 13.50pt;\">\n<td style=\"height: 13.50pt;\" height=\"18\">Finalidade do produto<\/td>\n<td>Frascos de col\u00f4nia pretos no atacado, frascos de perfume vintage<\/td>\n<\/tr>\n<tr style=\"height: 13.50pt;\">\n<td style=\"height: 13.50pt;\" height=\"18\">Ind\u00fastrias adequadas<\/td>\n<td>Perfumaria contempor\u00e2nea, cuidados de luxo para a pele<\/td>\n<\/tr>\n<\/tbody>\n<\/table>\n<h2>Caso de Sucesso: Uma Marca Pr\u00f3pria de um Perfumista de Vanguarda de T\u00f3quio<\/h2>\n<p>Uma das marcas de perfumes de nicho de T\u00f3quio decidiu usar nossos frascos de col\u00f4nia pretos de 100ml como produto exclusivo e os personalizou com uma superf\u00edcie fosca microtexturizada para melhor ader\u00eancia. Com o design exclusivo em preto fosco, o reconhecimento da marca cresceu 48%; al\u00e9m disso, a visibilidade nas prateleiras aumentou 42%, resultando em um crescimento de vendas de 60%, em compara\u00e7\u00e3o com os frascos transparentes tradicionais. A marca ficou extremamente satisfeita com a forma como o frasco de perfume refletia sua identidade e fez um novo pedido de 500.000 frascos, al\u00e9m de assinar um contrato de distribui\u00e7\u00e3o exclusiva mundial.<\/p>\n<h2>Frascos de perfume pretos podem ser personalizados.<\/h2>\n<ul>\n<li>Texturas e acabamentos brilhantes: Oferece uma variedade de op\u00e7\u00f5es, desde ultramate at\u00e9 acetinado, ou introduz algumas microtexturas.<\/li>\n<li>Cores para base de vidro: Adiciona um efeito especial de sofistica\u00e7\u00e3o ao vidro transparente, fum\u00ea ou colorido, aplicando-se sobre o revestimento fosco.<\/li>\n<li>Decora\u00e7\u00f5es para a tampa: Adicione \u00e0 tampa um anel de metal simples, borracha ou outras texturas.<\/li>\n<li>Serigrafia com contraste: Imprima cores contrastantes (branco, met\u00e1lico) em uma base plana.<\/li>\n<\/ul>","protected":false},"excerpt":{"rendered":"<p>Frascos de perfume pretos elegantes com textura fosca suave e tampas combinando. Desconto dispon\u00edvel para pedidos em grande quantidade de frascos de col\u00f4nia pretos.<\/p>","protected":false},"featured_media":4458,"template":"","meta":{"postBodyCss":"","postBodyMargin":[],"postBodyPadding":[],"postBodyBackground":{"backgroundType":"classic","gradient":""}},"product_brand":[],"product_cat":[15,16,62],"product_tag":[],"class_list":{"0":"post-4455","1":"product","2":"type-product","3":"status-publish","4":"has-post-thumbnail","6":"product_cat-glass-containers","7":"product_cat-glass-bottles","8":"product_cat-perfume-bottles","10":"first","11":"instock","12":"shipping-taxable","13":"product-type-simple"},"jetpack_sharing_enabled":true,"_links":{"self":[{"href":"https:\/\/minghanggroup.com\/pt\/wp-json\/wp\/v2\/product\/4455","targetHints":{"allow":["GET"]}}],"collection":[{"href":"https:\/\/minghanggroup.com\/pt\/wp-json\/wp\/v2\/product"}],"about":[{"href":"https:\/\/minghanggroup.com\/pt\/wp-json\/wp\/v2\/types\/product"}],"wp:featuredmedia":[{"embeddable":true,"href":"https:\/\/minghanggroup.com\/pt\/wp-json\/wp\/v2\/media\/4458"}],"wp:attachment":[{"href":"https:\/\/minghanggroup.com\/pt\/wp-json\/wp\/v2\/media?parent=4455"}],"wp:term":[{"taxonomy":"product_brand","embeddable":true,"href":"https:\/\/minghanggroup.com\/pt\/wp-json\/wp\/v2\/product_brand?post=4455"},{"taxonomy":"product_cat","embeddable":true,"href":"https:\/\/minghanggroup.com\/pt\/wp-json\/wp\/v2\/product_cat?post=4455"},{"taxonomy":"product_tag","embeddable":true,"href":"https:\/\/minghanggroup.com\/pt\/wp-json\/wp\/v2\/product_tag?post=4455"}],"curies":[{"name":"wp","href":"https:\/\/api.w.org\/{rel}","templated":true}]}}