{"id":4449,"date":"2026-01-08T13:06:20","date_gmt":"2026-01-08T05:06:20","guid":{"rendered":"https:\/\/minghanggroup.com\/?post_type=product&#038;p=4449"},"modified":"2026-01-08T15:04:29","modified_gmt":"2026-01-08T07:04:29","slug":"square-glass-fragrance-bottles-with-lids-wholesale","status":"publish","type":"product","link":"https:\/\/minghanggroup.com\/pt\/produto\/square-glass-fragrance-bottles-with-lids-wholesale\/","title":{"rendered":"Frascos de vidro quadrados de 100ml para fragr\u00e2ncias com tampas - Atacado"},"content":{"rendered":"<p>Esses frascos de perfume s\u00e3o fabricados com vidro extremamente transparente e t\u00eam formato retangular com bordas n\u00edtidas, contrastando com a tampa quadrada feita de material preto fosco.<\/p>\n<h2>Caracter\u00edsticas do produto<\/h2>\n<ul>\n<li><strong>Garrafa retangular:<\/strong> O design retangular da garrafa, com bordas esculpidas com precis\u00e3o, n\u00e3o s\u00f3 aumenta a profundidade visual, como tamb\u00e9m proporciona uma pega mais confort\u00e1vel.<\/li>\n<li><strong>Bon\u00e9 quadrado preto:<\/strong> A tampa quadrada preta cria um contraste de cores direto com a garrafa transparente, resultando em um estilo elegante e facilmente reconhec\u00edvel.<\/li>\n<li><strong>Vidro de alta transpar\u00eancia:<\/strong> O vidro transparente de alta qualidade permite visualizar facilmente a fragr\u00e2ncia no interior, tornando o ambiente mais fresco e limpo.<\/li>\n<\/ul>\n<h2 style=\"text-align: left;\">Especifica\u00e7\u00f5es principais<\/h2>\n<table class=\"aligncenter\" style=\"border-collapse: collapse; width: 483.02pt;\" border=\"0\" width=\"644\" cellspacing=\"0\" cellpadding=\"0\">\n<tbody>\n<tr style=\"height: 13.50pt;\">\n<td style=\"height: 13.50pt; width: 119.25pt;\" width=\"159\" height=\"18\">Especifica\u00e7\u00e3o<\/td>\n<td style=\"width: 363.75pt;\" width=\"485\">Detalhes<\/td>\n<\/tr>\n<tr style=\"height: 13.50pt;\">\n<td style=\"height: 13.50pt;\" height=\"18\">Capacidade<\/td>\n<td>100ml<\/td>\n<\/tr>\n<tr style=\"height: 13.50pt;\">\n<td style=\"height: 13.50pt;\" height=\"18\">Dimens\u00f5es<\/td>\n<td>52\u00d752\u00d7103mm<\/td>\n<\/tr>\n<tr style=\"height: 13.50pt;\">\n<td style=\"height: 13.50pt;\" height=\"18\">Material<\/td>\n<td>Vidro de alta transpar\u00eancia, tampa de metal<\/td>\n<\/tr>\n<tr style=\"height: 13.50pt;\">\n<td style=\"height: 13.50pt;\" height=\"18\">Formato de garrafa<\/td>\n<td>Quadrado<\/td>\n<\/tr>\n<tr style=\"height: 13.50pt;\">\n<td style=\"height: 13.50pt;\" height=\"18\">Escopo de personaliza\u00e7\u00e3o<\/td>\n<td>Cor\/Acabamento, Tamanho, Formato, Grava\u00e7\u00e3o\/Impress\u00e3o<\/td>\n<\/tr>\n<tr style=\"height: 13.50pt;\">\n<td style=\"height: 13.50pt;\" height=\"18\">Artesanato<\/td>\n<td>Corte e biselamento de vidro de precis\u00e3o, aplica\u00e7\u00e3o de acabamento fosco.<\/td>\n<\/tr>\n<tr style=\"height: 13.50pt;\">\n<td style=\"height: 13.50pt;\" height=\"18\">Finalidade do produto<\/td>\n<td>Frascos de vidro para fragr\u00e2ncias, frascos de perfume a granel<\/td>\n<\/tr>\n<tr style=\"height: 13.50pt;\">\n<td style=\"height: 13.50pt;\" height=\"18\">Ind\u00fastrias adequadas<\/td>\n<td>Perfumaria moderna, marcas de cuidados pessoais, varejo de luxo<\/td>\n<\/tr>\n<\/tbody>\n<\/table>\n<h2>Hist\u00f3ria de sucesso<\/h2>\n<p>Um fornecedor popular, que atende tanto aromaterapeutas profissionais quanto entusiastas do fa\u00e7a-voc\u00ea-mesmo, precisava de um frasco de fragr\u00e2ncia de alta qualidade e longa dura\u00e7\u00e3o. Eles escolheram nosso frasco de perfume de 100ml e o projetaram com um corpo de vidro \u00e2mbar resistente aos raios UV. O design quadrado \u00e0 prova de vazamentos foi a maneira mais ideal de embalar e minimizar danos durante o transporte, reduzindo-os a praticamente zero. A apar\u00eancia minimalista resultou em um aumento de 300% no compartilhamento nas redes sociais. A fidelidade do cliente e o baix\u00edssimo n\u00famero de reclama\u00e7\u00f5es impressionaram o fornecedor, que fez um novo pedido de 500.000 frascos de refil de 100ml.<\/p>\n<h2>Personaliza\u00e7\u00e3o de Frascos de Vidro para Perfumes<\/h2>\n<ul>\n<li>Cor e transpar\u00eancia do vidro: Dispon\u00edvel em vidro transparente, vidro \u00e2mbar (com prote\u00e7\u00e3o UV), vidro azul cobalto e vidro cinza fum\u00ea.<\/li>\n<li>Padr\u00e3o de textura de borda: os designs de padr\u00f5es 3D de cortes de borda (diamante, ondulado, hachura) s\u00e3o personaliz\u00e1veis.<\/li>\n<li>Grava\u00e7\u00e3o a laser em garrafas: Linhas de escala, logotipos ou instru\u00e7\u00f5es de uso s\u00e3o gravados na superf\u00edcie plana da garrafa.<\/li>\n<li>Pain\u00e9is texturizados antiderrapantes: Jateamento de areia nos dois pain\u00e9is laterais maiores para proporcionar um desempenho antiderrapante geral superior.<\/li>\n<\/ul>","protected":false},"excerpt":{"rendered":"<p>Frascos de vidro transparente de alta qualidade para perfumes, com design retangular e tampa quadrada preta. Minimalistas e dur\u00e1veis, ideais para uso di\u00e1rio. Fornecimento direto da f\u00e1brica.<\/p>","protected":false},"featured_media":4452,"template":"","meta":{"postBodyCss":"","postBodyMargin":[],"postBodyPadding":[],"postBodyBackground":{"backgroundType":"classic","gradient":""}},"product_brand":[],"product_cat":[15,16,62],"product_tag":[],"class_list":{"0":"post-4449","1":"product","2":"type-product","3":"status-publish","4":"has-post-thumbnail","6":"product_cat-glass-containers","7":"product_cat-glass-bottles","8":"product_cat-perfume-bottles","10":"first","11":"instock","12":"shipping-taxable","13":"product-type-simple"},"jetpack_sharing_enabled":true,"_links":{"self":[{"href":"https:\/\/minghanggroup.com\/pt\/wp-json\/wp\/v2\/product\/4449","targetHints":{"allow":["GET"]}}],"collection":[{"href":"https:\/\/minghanggroup.com\/pt\/wp-json\/wp\/v2\/product"}],"about":[{"href":"https:\/\/minghanggroup.com\/pt\/wp-json\/wp\/v2\/types\/product"}],"wp:featuredmedia":[{"embeddable":true,"href":"https:\/\/minghanggroup.com\/pt\/wp-json\/wp\/v2\/media\/4452"}],"wp:attachment":[{"href":"https:\/\/minghanggroup.com\/pt\/wp-json\/wp\/v2\/media?parent=4449"}],"wp:term":[{"taxonomy":"product_brand","embeddable":true,"href":"https:\/\/minghanggroup.com\/pt\/wp-json\/wp\/v2\/product_brand?post=4449"},{"taxonomy":"product_cat","embeddable":true,"href":"https:\/\/minghanggroup.com\/pt\/wp-json\/wp\/v2\/product_cat?post=4449"},{"taxonomy":"product_tag","embeddable":true,"href":"https:\/\/minghanggroup.com\/pt\/wp-json\/wp\/v2\/product_tag?post=4449"}],"curies":[{"name":"wp","href":"https:\/\/api.w.org\/{rel}","templated":true}]}}