{"id":4444,"date":"2026-01-08T10:05:07","date_gmt":"2026-01-08T02:05:07","guid":{"rendered":"https:\/\/minghanggroup.com\/?post_type=product&#038;p=4444"},"modified":"2026-01-08T17:01:39","modified_gmt":"2026-01-08T09:01:39","slug":"perfume-spray-glass-bottles-with-ribbed-lids-wholesale","status":"publish","type":"product","link":"https:\/\/minghanggroup.com\/pt\/produto\/perfume-spray-glass-bottles-with-ribbed-lids-wholesale\/","title":{"rendered":"Frascos de vidro para perfume em spray de 30ml, 50ml e 100ml com tampas caneladas - Atacado"},"content":{"rendered":"<p>O frasco de vidro do seu perfume spray deve atrair a aten\u00e7\u00e3o dos clientes. Somos o parceiro atacadista de frascos de fragr\u00e2ncias que produz frascos de vidro para perfumes que transformam visitantes em compradores \u2014 onde cada frasco de vidro exala luxo moderno.<\/p>\n<h2>Caracter\u00edsticas do produto<\/h2>\n<ul>\n<li><strong>Pot\u00eancia de base quadrada: <\/strong>Base espessa? Sem oscila\u00e7\u00f5es nas prateleiras: seu frasco de perfume de vidro tem um peso e um toque de qualidade superior.<\/li>\n<li><strong>Eleg\u00e2ncia com Bon\u00e9 Canelado: <\/strong>Tampas caneladas prateadas ou douradas? Um toque instant\u00e2neo de eleg\u00e2ncia e masculinidade para o seu perfume masculino.<\/li>\n<li><strong>Clareza cristalina: <\/strong>Veja a verdadeira cor da sua fragr\u00e2ncia atrav\u00e9s deste frasco de vidro - sem ilus\u00f5es turvas.<\/li>\n<\/ul>\n<h2>Especifica\u00e7\u00f5es principais<\/h2>\n<table style=\"border-collapse: collapse; width: 80%; margin-left: auto; margin-right: auto;\" border=\"0\" width=\"288\" cellspacing=\"0\" cellpadding=\"0\">\n<tbody>\n<tr style=\"height: 13.50pt;\">\n<td style=\"height: 13.5pt; width: 54pt; text-align: center;\" width=\"72\" height=\"18\">Capacidade (ml)<\/td>\n<td style=\"width: 54pt; text-align: center;\" width=\"72\">Dimens\u00f5es (mm)<\/td>\n<td style=\"width: 54pt; text-align: center;\" width=\"72\">Tipo de tampa<\/td>\n<td style=\"width: 54pt; text-align: center;\" width=\"72\">Op\u00e7\u00f5es personalizadas<\/td>\n<\/tr>\n<tr style=\"height: 13.50pt;\">\n<td style=\"height: 13.5pt; text-align: center;\" align=\"right\" height=\"18\">30<\/td>\n<td style=\"text-align: center;\">35 x 35 x 80<\/td>\n<td class=\"et2\" style=\"text-align: center;\" rowspan=\"3\">Metal canelado redondo<\/td>\n<td class=\"et2\" style=\"text-align: center;\" rowspan=\"3\">Texto gravado, efeitos foscos e assim por diante.<\/td>\n<\/tr>\n<tr style=\"height: 13.50pt;\">\n<td style=\"height: 13.5pt; text-align: center;\" align=\"right\" height=\"18\">50<\/td>\n<td style=\"text-align: center;\">44 x 44 x 78<\/td>\n<\/tr>\n<tr style=\"height: 13.50pt;\">\n<td style=\"height: 13.5pt; text-align: center;\" align=\"right\" height=\"18\">100<\/td>\n<td style=\"text-align: center;\">46 x 46 x 105<\/td>\n<\/tr>\n<\/tbody>\n<\/table>\n<h2>Caso de sucesso<\/h2>\n<p>Uma marca independente de fragr\u00e2ncias masculinas do norte da Europa decidiu usar esses frascos de vidro quadrados como embalagem principal para sua nova linha de perfumes. A marca foi espec\u00edfica quanto aos detalhes de personaliza\u00e7\u00e3o e solicitou um aumento de 5 mm na espessura da base do frasco para evitar quebras durante o transporte internacional. As tampas t\u00eam designs diferentes: uma em alum\u00ednio prateado acetinado e a outra em alum\u00ednio dourado fosco. Ambas possuem o logotipo da marca gravado a laser na parte superior, eliminando a necessidade de r\u00f3tulos adicionais que pudessem comprometer a est\u00e9tica geral.<\/p>\n<p>O primeiro pedido foi de 8.000 conjuntos, e as vendas aumentaram 36% ap\u00f3s o lan\u00e7amento, o que levou a marca a fazer mais dois pedidos nos 3 meses seguintes.<\/p>\n<h2>Suas op\u00e7\u00f5es de personaliza\u00e7\u00e3o<\/h2>\n<ol>\n<li><strong>Narrativa com Efeito Congelado: <\/strong>Adicionar vidro fosco a fragr\u00e2ncias escuras cria um efeito visual intrigante instantaneamente.<\/li>\n<li><strong>Integra\u00e7\u00e3o do logotipo: <\/strong>Grave seu logotipo na base quadrada, n\u00e3o se limite apenas \u00e0 tampa.<\/li>\n<li><strong>Estrat\u00e9gia de cores para bon\u00e9s: <\/strong>Tampas douradas para um toque de luxo, e prateadas para perfumes masculinos de uso di\u00e1rio.<\/li>\n<\/ol>","protected":false},"excerpt":{"rendered":"<p>Frasco de vidro para perfume em spray, ideal para marcas. Frascos de fragr\u00e2ncias no atacado com fornecimento direto da f\u00e1brica, personaliza\u00e7\u00e3o em grande escala, amostras gr\u00e1tis e entrega global confi\u00e1vel.<\/p>","protected":false},"featured_media":4448,"template":"","meta":{"postBodyCss":"","postBodyMargin":[],"postBodyPadding":[],"postBodyBackground":{"backgroundType":"classic","gradient":""}},"product_brand":[],"product_cat":[15,16,62],"product_tag":[],"class_list":{"0":"post-4444","1":"product","2":"type-product","3":"status-publish","4":"has-post-thumbnail","6":"product_cat-glass-containers","7":"product_cat-glass-bottles","8":"product_cat-perfume-bottles","10":"first","11":"instock","12":"shipping-taxable","13":"product-type-simple"},"jetpack_sharing_enabled":true,"_links":{"self":[{"href":"https:\/\/minghanggroup.com\/pt\/wp-json\/wp\/v2\/product\/4444","targetHints":{"allow":["GET"]}}],"collection":[{"href":"https:\/\/minghanggroup.com\/pt\/wp-json\/wp\/v2\/product"}],"about":[{"href":"https:\/\/minghanggroup.com\/pt\/wp-json\/wp\/v2\/types\/product"}],"wp:featuredmedia":[{"embeddable":true,"href":"https:\/\/minghanggroup.com\/pt\/wp-json\/wp\/v2\/media\/4448"}],"wp:attachment":[{"href":"https:\/\/minghanggroup.com\/pt\/wp-json\/wp\/v2\/media?parent=4444"}],"wp:term":[{"taxonomy":"product_brand","embeddable":true,"href":"https:\/\/minghanggroup.com\/pt\/wp-json\/wp\/v2\/product_brand?post=4444"},{"taxonomy":"product_cat","embeddable":true,"href":"https:\/\/minghanggroup.com\/pt\/wp-json\/wp\/v2\/product_cat?post=4444"},{"taxonomy":"product_tag","embeddable":true,"href":"https:\/\/minghanggroup.com\/pt\/wp-json\/wp\/v2\/product_tag?post=4444"}],"curies":[{"name":"wp","href":"https:\/\/api.w.org\/{rel}","templated":true}]}}