{"id":4420,"date":"2026-01-07T15:09:11","date_gmt":"2026-01-07T07:09:11","guid":{"rendered":"https:\/\/minghanggroup.com\/?post_type=product&#038;p=4420"},"modified":"2026-01-07T16:56:08","modified_gmt":"2026-01-07T08:56:08","slug":"glass-square-vintage-perfume-bottles-with-pump-wholesale","status":"publish","type":"product","link":"https:\/\/minghanggroup.com\/pt\/produto\/glass-square-vintage-perfume-bottles-with-pump-wholesale\/","title":{"rendered":"Frascos de perfume vintage quadrados de vidro de 30ml a 100ml com bomba dosadora (venda por atacado)"},"content":{"rendered":"<p>Seus frascos de perfume vintage com bomba dosadora devem fazer os clientes pararem no meio da prateleira. Criamos pequenos frascos de perfume com spray, projetados para embalagens de fragr\u00e2ncias que realmente vendem \u2014 onde cada frasco de vidro exala luxo atemporal.<\/p>\n<h2>Caracter\u00edsticas do produto<\/h2>\n<ul>\n<li><strong>Estabilidade da base quadrada:<\/strong> Voc\u00ea engrossou a base quadrada? Seus pequenos frascos de perfume em spray n\u00e3o balan\u00e7am de jeito nenhum nas prateleiras das lojas, o que lhes confere um ar de robustez e sofistica\u00e7\u00e3o.<\/li>\n<li><strong>Personaliza\u00e7\u00e3o de bon\u00e9s vintage:<\/strong> As tampas s\u00e3o de cor castanho-noz, carvalho claro ou preto fosco? Combine-as com a ess\u00eancia da fragr\u00e2ncia.<\/li>\n<li><strong>Clareza do vidro cristalino:<\/strong> Revele a verdadeira cor da sua fragr\u00e2ncia atrav\u00e9s deste frasco de vidro, sem ilus\u00f5es turvas.<\/li>\n<\/ul>\n<h2>Especifica\u00e7\u00f5es principais<\/h2>\n<table style=\"border-collapse: collapse; width: 80%; margin-left: auto; margin-right: auto;\" border=\"0\" width=\"360\" cellspacing=\"0\" cellpadding=\"0\">\n<tbody>\n<tr style=\"height: 13.50pt;\">\n<td style=\"height: 13.5pt; width: 54pt; text-align: center;\" width=\"72\" height=\"18\">Capacidade (ml)<\/td>\n<td style=\"width: 54pt; text-align: center;\" width=\"72\">Dimens\u00f5es (mm)<\/td>\n<td style=\"width: 54pt; text-align: center;\" width=\"72\">Calibre<\/td>\n<td style=\"width: 54pt; text-align: center;\" width=\"72\">Tipo de veda\u00e7\u00e3o<\/td>\n<td style=\"width: 54pt; text-align: center;\" width=\"72\">Cor<\/td>\n<\/tr>\n<tr style=\"height: 13.50pt;\">\n<td style=\"height: 13.5pt; text-align: center;\" height=\"18\">30<\/td>\n<td style=\"text-align: center;\">35\u00d735\u00d766<\/td>\n<td class=\"et2\" style=\"text-align: center;\" rowspan=\"5\">15 mm<\/td>\n<td class=\"et2\" style=\"text-align: center;\" rowspan=\"5\">Spray de topo<\/td>\n<td class=\"et2\" style=\"text-align: center;\" rowspan=\"5\">Vidro transparente, marrom nogueira, carvalho claro, tampa preta fosca (personaliz\u00e1vel)<\/td>\n<\/tr>\n<tr style=\"height: 13.50pt;\">\n<td style=\"height: 13.5pt; text-align: center;\" height=\"18\">30<\/td>\n<td style=\"text-align: center;\">37\u00d737\u00d765<\/td>\n<\/tr>\n<tr style=\"height: 13.50pt;\">\n<td style=\"height: 13.5pt; text-align: center;\" height=\"18\">50<\/td>\n<td style=\"text-align: center;\">32\u00d732\u00d785<\/td>\n<\/tr>\n<tr style=\"height: 13.50pt;\">\n<td style=\"height: 13.5pt; text-align: center;\" height=\"18\">45<\/td>\n<td style=\"text-align: center;\">37\u00d737\u00d786<\/td>\n<\/tr>\n<tr style=\"height: 13.50pt;\">\n<td style=\"height: 13.5pt; text-align: center;\" height=\"18\">100<\/td>\n<td style=\"text-align: center;\">47\u00d747\u00d7103<\/td>\n<\/tr>\n<\/tbody>\n<\/table>\n<h2>Caso de sucesso<\/h2>\n<p>Uma marca independente, especializada em fragr\u00e2ncias vintage, decidiu usar esses frascos de perfume vintage com bomba dosadora como embalagem para sua nova cole\u00e7\u00e3o. Optaram por uma vers\u00e3o personalizada de 50ml, com frascos de vidro quadrado espesso e uma bomba dosadora preta fosca. Para aumentar o reconhecimento da marca, a frente do frasco \u00e9 decorada com um logotipo dourado discreto e saturado, impresso em serigrafia, e a base \u00e9 extra espessa, n\u00e3o apenas para elevar a sensa\u00e7\u00e3o geral e a estabilidade, mas tamb\u00e9m para diminuir a possibilidade de danos ao produto durante o transporte.<\/p>\n<p>O pedido inicial era de 3.000 frascos pequenos de perfume em spray. Tr\u00eas meses depois, a s\u00e9rie recebeu um segundo pedido, e as colabora\u00e7\u00f5es subsequentes, com cores adicionais de tampas e op\u00e7\u00f5es de capacidade, gradualmente se tornaram o sistema de embalagem caracter\u00edstico da marca.<\/p>\n<h2>Suas op\u00e7\u00f5es de personaliza\u00e7\u00e3o<\/h2>\n<ol>\n<li><strong>Narrativa com Cores de Bon\u00e9: <\/strong>Escolha c\u00e1psulas de nogueira para aromas terrosos e amadeirados, c\u00e1psulas pretas para adicionar um elemento de mist\u00e9rio e c\u00e1psulas de carvalho para notas frescas.<\/li>\n<li><strong>Integra\u00e7\u00e3o de logotipos em massa: <\/strong>Personalize frascos de perfume spray pequenos, no atacado, com base quadrada e logotipo gravado a laser, com uma marca que n\u00e3o seja imediatamente vis\u00edvel.<\/li>\n<li><strong>Op\u00e7\u00f5es de personaliza\u00e7\u00e3o da marca: <\/strong>Algumas das op\u00e7\u00f5es de personaliza\u00e7\u00e3o incluem a impress\u00e3o da marca no produto por meio de serigrafia, estampagem a quente (dourada ou prateada) ou jateamento de areia do logotipo para promover o reconhecimento da marca.<\/li>\n<\/ol>","protected":false},"excerpt":{"rendered":"<p>Frascos de perfume vintage com bomba dosadora para marcas e atacadistas. Frascos de perfume em spray pequenos, fornecimento direto da f\u00e1brica, personaliza\u00e7\u00e3o em grande quantidade, entrega r\u00e1pida em todo o mundo.<\/p>","protected":false},"featured_media":4423,"template":"","meta":{"postBodyCss":"","postBodyMargin":[],"postBodyPadding":[],"postBodyBackground":{"backgroundType":"classic","gradient":""}},"product_brand":[],"product_cat":[15,16,62],"product_tag":[],"class_list":{"0":"post-4420","1":"product","2":"type-product","3":"status-publish","4":"has-post-thumbnail","6":"product_cat-glass-containers","7":"product_cat-glass-bottles","8":"product_cat-perfume-bottles","10":"first","11":"instock","12":"shipping-taxable","13":"product-type-simple"},"jetpack_sharing_enabled":true,"_links":{"self":[{"href":"https:\/\/minghanggroup.com\/pt\/wp-json\/wp\/v2\/product\/4420","targetHints":{"allow":["GET"]}}],"collection":[{"href":"https:\/\/minghanggroup.com\/pt\/wp-json\/wp\/v2\/product"}],"about":[{"href":"https:\/\/minghanggroup.com\/pt\/wp-json\/wp\/v2\/types\/product"}],"wp:featuredmedia":[{"embeddable":true,"href":"https:\/\/minghanggroup.com\/pt\/wp-json\/wp\/v2\/media\/4423"}],"wp:attachment":[{"href":"https:\/\/minghanggroup.com\/pt\/wp-json\/wp\/v2\/media?parent=4420"}],"wp:term":[{"taxonomy":"product_brand","embeddable":true,"href":"https:\/\/minghanggroup.com\/pt\/wp-json\/wp\/v2\/product_brand?post=4420"},{"taxonomy":"product_cat","embeddable":true,"href":"https:\/\/minghanggroup.com\/pt\/wp-json\/wp\/v2\/product_cat?post=4420"},{"taxonomy":"product_tag","embeddable":true,"href":"https:\/\/minghanggroup.com\/pt\/wp-json\/wp\/v2\/product_tag?post=4420"}],"curies":[{"name":"wp","href":"https:\/\/api.w.org\/{rel}","templated":true}]}}