{"id":4410,"date":"2026-01-07T14:14:27","date_gmt":"2026-01-07T06:14:27","guid":{"rendered":"https:\/\/minghanggroup.com\/?post_type=product&#038;p=4410"},"modified":"2026-01-07T16:51:43","modified_gmt":"2026-01-07T08:51:43","slug":"white-cologne-bottles-wholesale-perfume-bottle-supplier","status":"publish","type":"product","link":"https:\/\/minghanggroup.com\/pt\/produto\/white-cologne-bottles-wholesale-perfume-bottle-supplier\/","title":{"rendered":"Frascos de perfume de vidro branco de 30ml, 50ml e 100ml com base em formato de montanha - Atacado"},"content":{"rendered":"<p>Seus frascos de col\u00f4nia brancos devem chamar a aten\u00e7\u00e3o dos clientes no meio da prateleira. Somos o fornecedor de frascos de perfume que fabrica frascos de vidro que transformam visitantes em compradores \u2014 onde cada frasco de vidro exala sofistica\u00e7\u00e3o.<\/p>\n<h2>Caracter\u00edsticas do produto<\/h2>\n<ul>\n<li><strong>Visualiza\u00e7\u00e3o 3D da montanha: <\/strong>Aquela montanha discreta l\u00e1 dentro? Ela transforma seu frasco de perfume em um vendedor silencioso \u2014 nada de vidro sem gra\u00e7a aqui.<\/li>\n<li><strong>Tampa fosca Harmony: <\/strong>Tampa branca fosca + vidro transparente = luxo instant\u00e2neo e minimalista para a embalagem da sua fragr\u00e2ncia.<\/li>\n<li><strong>Estabilidade que vende: <\/strong>Suas garrafas n\u00e3o v\u00e3o balan\u00e7ar nas prateleiras gra\u00e7as \u00e0 base refor\u00e7ada.<\/li>\n<\/ul>\n<h2>Especifica\u00e7\u00f5es principais<\/h2>\n<table style=\"border-collapse: collapse; width: 80%; margin-left: auto; margin-right: auto;\" border=\"0\" width=\"288\" cellspacing=\"0\" cellpadding=\"0\">\n<tbody>\n<tr style=\"height: 13.50pt;\">\n<td style=\"height: 13.5pt; width: 54pt; text-align: center;\" width=\"72\" height=\"18\">Capacidade<\/td>\n<td style=\"width: 54pt; text-align: center;\" width=\"72\">Dimens\u00f5es (mm)<\/td>\n<td style=\"width: 54pt; text-align: center;\" width=\"72\">Esquema de cores<\/td>\n<td style=\"width: 54pt; text-align: center;\" width=\"72\">Tipo de veda\u00e7\u00e3o<\/td>\n<\/tr>\n<tr style=\"height: 13.50pt;\">\n<td style=\"height: 13.5pt; text-align: center;\" height=\"18\">30ml<\/td>\n<td style=\"text-align: center;\">46 x 73<\/td>\n<td class=\"et2\" style=\"text-align: center;\" rowspan=\"3\">Vidro transparente + tampa fosca<\/td>\n<td class=\"et2\" style=\"text-align: center;\" rowspan=\"3\">Spray Top<\/td>\n<\/tr>\n<tr style=\"height: 13.50pt;\">\n<td style=\"height: 13.5pt; text-align: center;\" height=\"18\">50ml<\/td>\n<td style=\"text-align: center;\">51 x 80<\/td>\n<\/tr>\n<tr style=\"height: 13.50pt;\">\n<td style=\"height: 13.5pt; text-align: center;\" height=\"18\">100ml \/ 3,4oz<\/td>\n<td style=\"text-align: center;\">59 x 94<\/td>\n<\/tr>\n<\/tbody>\n<\/table>\n<h2>Caso de sucesso<\/h2>\n<p>Uma das suas marcas de perfumes precisava de uma embalagem que transmitisse de forma mais eficaz as ideias e o design da sua nova cole\u00e7\u00e3o. Os frascos antigos eram esteticamente simples e n\u00e3o se destacavam nas prateleiras das lojas. O primeiro lan\u00e7amento foi, ent\u00e3o, o nosso frasco de col\u00f3nia branco com um padr\u00e3o interno de montanhas em 3D, corpo fosco e um logotipo em relevo delicado no ombro.<\/p>\n<p>A marca tamb\u00e9m nos informou, ap\u00f3s o lan\u00e7amento, que registrou um aumento de 32% na taxa de vendas e observou uma melhora significativa no engajamento do cliente nas redes sociais, explicando que isso se deveu ao design exclusivo das embalagens.<\/p>\n<h2>Suas op\u00e7\u00f5es de personaliza\u00e7\u00e3o<\/h2>\n<ol>\n<li><strong>Mudan\u00e7a de cor da tampa: <\/strong>Troque o branco fosco por preto ou dourado para combinar com a personalidade da sua fragr\u00e2ncia.<\/li>\n<li><strong>Aroma, Tampas Etiquetadas:<\/strong> Miniaturas de notas olfativas (por exemplo, c\u00edtricas na tampa laranja) s\u00e3o gravadas a laser na tampa, criando um perfume personalizado e instantaneamente reconhec\u00edvel.<\/li>\n<li><strong>Excelente base para personaliza\u00e7\u00e3o:<\/strong> A superf\u00edcie lisa da garrafa tem sido ideal para a aplica\u00e7\u00e3o de diversos tratamentos personalizados, como pulveriza\u00e7\u00e3o, serigrafia ou rotulagem.<\/li>\n<\/ol>","protected":false},"excerpt":{"rendered":"<p>O frasco de col\u00f4nia branco com design de montanha \u00e9 um atrativo para os clientes. Como fornecedores de frascos de perfume, oferecemos servi\u00e7os personalizados e pedidos em grande quantidade.<\/p>","protected":false},"featured_media":4419,"template":"","meta":{"postBodyCss":"","postBodyMargin":[],"postBodyPadding":[],"postBodyBackground":{"backgroundType":"classic","gradient":""}},"product_brand":[],"product_cat":[15,16,62],"product_tag":[],"class_list":{"0":"post-4410","1":"product","2":"type-product","3":"status-publish","4":"has-post-thumbnail","6":"product_cat-glass-containers","7":"product_cat-glass-bottles","8":"product_cat-perfume-bottles","10":"first","11":"instock","12":"shipping-taxable","13":"product-type-simple"},"jetpack_sharing_enabled":true,"_links":{"self":[{"href":"https:\/\/minghanggroup.com\/pt\/wp-json\/wp\/v2\/product\/4410","targetHints":{"allow":["GET"]}}],"collection":[{"href":"https:\/\/minghanggroup.com\/pt\/wp-json\/wp\/v2\/product"}],"about":[{"href":"https:\/\/minghanggroup.com\/pt\/wp-json\/wp\/v2\/types\/product"}],"wp:featuredmedia":[{"embeddable":true,"href":"https:\/\/minghanggroup.com\/pt\/wp-json\/wp\/v2\/media\/4419"}],"wp:attachment":[{"href":"https:\/\/minghanggroup.com\/pt\/wp-json\/wp\/v2\/media?parent=4410"}],"wp:term":[{"taxonomy":"product_brand","embeddable":true,"href":"https:\/\/minghanggroup.com\/pt\/wp-json\/wp\/v2\/product_brand?post=4410"},{"taxonomy":"product_cat","embeddable":true,"href":"https:\/\/minghanggroup.com\/pt\/wp-json\/wp\/v2\/product_cat?post=4410"},{"taxonomy":"product_tag","embeddable":true,"href":"https:\/\/minghanggroup.com\/pt\/wp-json\/wp\/v2\/product_tag?post=4410"}],"curies":[{"name":"wp","href":"https:\/\/api.w.org\/{rel}","templated":true}]}}