{"id":4400,"date":"2026-01-07T11:59:55","date_gmt":"2026-01-07T03:59:55","guid":{"rendered":"https:\/\/minghanggroup.com\/?post_type=product&#038;p=4400"},"modified":"2026-01-07T11:59:56","modified_gmt":"2026-01-07T03:59:56","slug":"glass-bottles-for-perfume-bulk-perfume-bottle-manufacturer","status":"publish","type":"product","link":"https:\/\/minghanggroup.com\/pt\/produto\/glass-bottles-for-perfume-bulk-perfume-bottle-manufacturer\/","title":{"rendered":"Frascos de vidro transparente redondos de 50ml e 100ml para perfume com tampas esf\u00e9ricas (em grande quantidade)"},"content":{"rendered":"<p>Seus frascos de perfume de 50ml devem atrair a aten\u00e7\u00e3o dos clientes. Somos fabricantes de frascos de vidro para perfumes, capazes de transformar visitantes em compradores \u2014 onde cada frasco de vidro exala sofistica\u00e7\u00e3o.<\/p>\n<h2>Caracter\u00edsticas do produto<\/h2>\n<ul>\n<li><strong>Clareza do vidro de s\u00edlex:<\/strong> Veja a verdadeira cor da sua fragr\u00e2ncia atrav\u00e9s deste frasco de vidro.<\/li>\n<li><strong>Calota esf\u00e9rica lisa:<\/strong> Essa tampa arredondada? Eleg\u00e2ncia instant\u00e2nea \u2013 sem arestas vivas, apenas uma sensa\u00e7\u00e3o suave ao pulverizar.<\/li>\n<li><strong>Design de garrafa arredondada:<\/strong> As linhas gerais s\u00e3o suaves e delicadas, criando uma apar\u00eancia visual simples e elegante, adequada para diversos estilos de perfume e posicionamento de marca.<\/li>\n<\/ul>\n<h2>Especifica\u00e7\u00f5es principais<\/h2>\n<table style=\"border-collapse: collapse; width: 80%; margin-left: auto; margin-right: auto;\" border=\"0\" width=\"288\" cellspacing=\"0\" cellpadding=\"0\">\n<tbody>\n<tr style=\"height: 13.50pt;\">\n<td style=\"height: 13.5pt; width: 54pt; text-align: center;\" width=\"72\" height=\"18\">Capacidade<\/td>\n<td style=\"width: 54pt; text-align: center;\" width=\"72\">Dimens\u00f5es (mm)<\/td>\n<td style=\"width: 54pt; text-align: center;\" width=\"72\">Material<\/td>\n<td style=\"width: 54pt; text-align: center;\" width=\"72\">Tipo de veda\u00e7\u00e3o<\/td>\n<\/tr>\n<tr style=\"height: 13.50pt;\">\n<td style=\"height: 13.5pt; text-align: center;\" height=\"18\">50ml<\/td>\n<td style=\"text-align: center;\">39 x 49 x 119<\/td>\n<td class=\"et2\" style=\"text-align: center;\" rowspan=\"2\">Vidro de s\u00edlex<\/td>\n<td class=\"et2\" style=\"text-align: center;\" rowspan=\"2\">Spray Top<\/td>\n<\/tr>\n<tr style=\"height: 13.50pt;\">\n<td style=\"height: 13.5pt; text-align: center;\" height=\"18\">100ml \/ 3,4oz<\/td>\n<td style=\"text-align: center;\">45 x 55 x 130<\/td>\n<\/tr>\n<\/tbody>\n<\/table>\n<h2>Caso de sucesso<\/h2>\n<p>Uma marca de perfumes estava prestes a lan\u00e7ar uma nova fragr\u00e2ncia unissex, por\u00e9m, achava que a embalagem atual n\u00e3o representava a sofistica\u00e7\u00e3o do produto. Para o primeiro lote de produ\u00e7\u00e3o, a marca decidiu usar nossos frascos de vidro para perfume e personaliz\u00e1-los: os frascos receberam um delicado acabamento fosco, um elegante logotipo em relevo no ombro e um design minimalista impresso em serigrafia.<\/p>\n<p>Os efeitos foram, de fato, muito r\u00e1pidos: o perfume, com sua nova embalagem repaginada, tornou-se mais vis\u00edvel nas prateleiras das lojas, e, consequentemente, as vendas da marca aumentaram 32% em apenas dois meses. Como resultado, a marca continua fazendo pedidos em grande quantidade a cada trimestre.<\/p>\n<h2>Suas op\u00e7\u00f5es de personaliza\u00e7\u00e3o<\/h2>\n<ol>\n<li><strong>Combina\u00e7\u00e3o de fragr\u00e2ncias:<\/strong> Selecione a cor da tampa do frasco de acordo com os componentes da fragr\u00e2ncia: prata \u00e9 um s\u00edmbolo de frescor e dourado representa luxo.<\/li>\n<li><strong>Detalhes da textura personaliz\u00e1veis:<\/strong> O conceito do frasco foi pensado para introduzir uma textura sutil ou linhas verticais que intensifiquem o lado t\u00e1til e a singularidade do produto, mantendo, ao mesmo tempo, um visual simples e limpo.<\/li>\n<li><strong>Posicionamento do logotipo da marca:<\/strong> Uma parte do ombro ou da base da garrafa, criada especialmente para o logotipo da sua marca, pode ser facilmente usada para estampagem a quente, rotulagem ou marca\u00e7\u00e3o a laser no futuro.<\/li>\n<\/ol>","protected":false},"excerpt":{"rendered":"<p>Frascos de vidro para perfume com perfil suave e acabamento transparente. Como fabricantes de frascos para perfume, oferecemos fornecimento direto da f\u00e1brica e personaliza\u00e7\u00e3o flex\u00edvel em grandes quantidades.<\/p>","protected":false},"featured_media":4407,"template":"","meta":{"postBodyCss":"","postBodyMargin":[],"postBodyPadding":[],"postBodyBackground":{"backgroundType":"classic","gradient":""}},"product_brand":[],"product_cat":[15,16,62],"product_tag":[],"class_list":{"0":"post-4400","1":"product","2":"type-product","3":"status-publish","4":"has-post-thumbnail","6":"product_cat-glass-containers","7":"product_cat-glass-bottles","8":"product_cat-perfume-bottles","10":"first","11":"instock","12":"shipping-taxable","13":"product-type-simple"},"jetpack_sharing_enabled":true,"_links":{"self":[{"href":"https:\/\/minghanggroup.com\/pt\/wp-json\/wp\/v2\/product\/4400","targetHints":{"allow":["GET"]}}],"collection":[{"href":"https:\/\/minghanggroup.com\/pt\/wp-json\/wp\/v2\/product"}],"about":[{"href":"https:\/\/minghanggroup.com\/pt\/wp-json\/wp\/v2\/types\/product"}],"wp:featuredmedia":[{"embeddable":true,"href":"https:\/\/minghanggroup.com\/pt\/wp-json\/wp\/v2\/media\/4407"}],"wp:attachment":[{"href":"https:\/\/minghanggroup.com\/pt\/wp-json\/wp\/v2\/media?parent=4400"}],"wp:term":[{"taxonomy":"product_brand","embeddable":true,"href":"https:\/\/minghanggroup.com\/pt\/wp-json\/wp\/v2\/product_brand?post=4400"},{"taxonomy":"product_cat","embeddable":true,"href":"https:\/\/minghanggroup.com\/pt\/wp-json\/wp\/v2\/product_cat?post=4400"},{"taxonomy":"product_tag","embeddable":true,"href":"https:\/\/minghanggroup.com\/pt\/wp-json\/wp\/v2\/product_tag?post=4400"}],"curies":[{"name":"wp","href":"https:\/\/api.w.org\/{rel}","templated":true}]}}