{"id":4399,"date":"2026-01-07T08:56:01","date_gmt":"2026-01-07T00:56:01","guid":{"rendered":"https:\/\/minghanggroup.com\/?post_type=product&#038;p=4399"},"modified":"2026-01-07T14:16:42","modified_gmt":"2026-01-07T06:16:42","slug":"scent-bottles-of-cologne-with-sphere-lids-wholesale","status":"publish","type":"product","link":"https:\/\/minghanggroup.com\/pt\/produto\/scent-bottles-of-cologne-with-sphere-lids-wholesale\/","title":{"rendered":"Frascos de perfume de 30ml, 50ml e 100ml com tampas esf\u00e9ricas para venda por atacado."},"content":{"rendered":"<p>Este frasco de perfume \u00e9 feito de vidro transparente, combinado com uma tampa esf\u00e9rica lisa e contrastante. A apar\u00eancia robusta do frasco foi obtida atrav\u00e9s da base mais espessa, que faz com que a col\u00f4nia se destaque visualmente, conferindo-lhe solidez e estabilidade.<\/p>\n<h2>Caracter\u00edsticas do produto<\/h2>\n<ul>\n<li><strong>Garrafa de vidro de alta transpar\u00eancia:<\/strong> \u00c9 composto de vidro altamente transparente, o que permite visualizar a cor da fragr\u00e2ncia de forma f\u00e1cil e clara, promovendo a pureza e a qualidade percebida do produto.<\/li>\n<li><strong>Calota decorativa esf\u00e9rica:<\/strong> A tampa arredondada \u00e9 um design exclusivo da embalagem da fragr\u00e2ncia, e seu formato redondo e esf\u00e9rico confere \u00e0 tampa uma apar\u00eancia decorativa e moderna.<\/li>\n<li><strong>Base est\u00e1vel e espessa:<\/strong> A base espessa \u00e9 eficaz para aumentar a estabilidade geral, bem como para melhorar a textura da garrafa.<\/li>\n<\/ul>\n<h2 style=\"text-align: left;\">Especifica\u00e7\u00f5es principais<\/h2>\n<table class=\"aligncenter\" style=\"border-collapse: collapse; width: 487.52pt;\" border=\"0\" width=\"650\" cellspacing=\"0\" cellpadding=\"0\">\n<tbody>\n<tr style=\"height: 13.50pt;\">\n<td style=\"height: 13.50pt; width: 119.25pt;\" width=\"159\" height=\"18\">Especifica\u00e7\u00e3o<\/td>\n<td style=\"width: 368.25pt;\" width=\"491\">Detalhes<\/td>\n<\/tr>\n<tr style=\"height: 13.50pt;\">\n<td style=\"height: 13.50pt;\" height=\"18\">Capacidade<\/td>\n<td>30ml \/ 50ml \/ 100ml<\/td>\n<\/tr>\n<tr style=\"height: 13.50pt;\">\n<td style=\"height: 13.50pt;\" height=\"18\">Dimens\u00f5es<\/td>\n<td>38\u00d789mm \/ 42\u00d798mm \/ 48\u00d7130mm<\/td>\n<\/tr>\n<tr style=\"height: 13.50pt;\">\n<td style=\"height: 13.50pt;\" height=\"18\">Material<\/td>\n<td>Tampas de vidro, pl\u00e1stico ou metal de alta transpar\u00eancia<\/td>\n<\/tr>\n<tr style=\"height: 13.50pt;\">\n<td style=\"height: 13.50pt;\" height=\"18\">Escopo de personaliza\u00e7\u00e3o<\/td>\n<td>Cor\/Tonalidade do Vidro, Cor\/Acabamento\/Formato da Tampa, Impress\u00e3o, Grava\u00e7\u00e3o<\/td>\n<\/tr>\n<tr style=\"height: 13.50pt;\">\n<td style=\"height: 13.50pt;\" height=\"18\">Artesanato<\/td>\n<td>Moldagem de vidro de alta precis\u00e3o, revestimento brilhante da tampa<\/td>\n<\/tr>\n<tr style=\"height: 13.50pt;\">\n<td style=\"height: 13.50pt;\" height=\"18\">Finalidade do produto<\/td>\n<td>Frascos de fragr\u00e2ncias a granel, frascos de perfume de col\u00f4nia.<\/td>\n<\/tr>\n<tr style=\"height: 13.50pt;\">\n<td style=\"height: 13.50pt;\" height=\"18\">Ind\u00fastrias adequadas<\/td>\n<td>Perfumaria contempor\u00e2nea, lojas de design, estilo de vida e cuidados pessoais.<\/td>\n<\/tr>\n<\/tbody>\n<\/table>\n<h2>Caso de sucesso: Lan\u00e7amento de fragr\u00e2ncia de um est\u00fadio de design escandinavo<\/h2>\n<p>Uma das empresas de design escandinavas especializadas em mobili\u00e1rio minimalista lan\u00e7ou a primeira linha de fragr\u00e2ncias. Adotaram nosso frasco de col\u00f4nia de 100ml como embalagem, com uma tampa esf\u00e9rica branca fosca feita \u00e0 m\u00e3o e uma base de vidro fosco. O modelo de frasco em camadas tornou-se a principal refer\u00eancia visual da cole\u00e7\u00e3o, resultando em um crescimento de vendas de 40%. A base do frasco foi refor\u00e7ada, reduzindo em 35% as quebras durante o transporte. O est\u00fadio ficou muito satisfeito com o desempenho e a receptividade do produto no mercado e, por isso, fez um novo pedido de 350.000 frascos para a pr\u00f3xima linha de fragr\u00e2ncias.<\/p>\n<h2>Personaliza\u00e7\u00e3o do design de frascos de perfume<\/h2>\n<ul>\n<li>Cores das tampas totalmente personaliz\u00e1veis: As tampas esf\u00e9ricas podem ser personalizadas em qualquer cor da tabela Pantone, com acabamentos brilhantes ou foscos.<\/li>\n<li>Serigrafia em vidro: Para imprimir logotipos simples ou desenhos geom\u00e9tricos na superf\u00edcie do vidro. Grava\u00e7\u00e3o a laser: Para gravar desenhos complexos, n\u00fameros de s\u00e9rie ou padr\u00f5es de letras no vidro.<\/li>\n<li>Texturiza\u00e7\u00e3o da base: Para aumentar a ader\u00eancia e melhorar a est\u00e9tica da base espessa, podem ser adicionados jateamento de areia ou an\u00e9is de borracha.<\/li>\n<li>Personaliza\u00e7\u00e3o do gargalo da garrafa: Selecione uma altura maior ou mais c\u00f4nica para o gargalo curto, a fim de obter uma apar\u00eancia ligeiramente diferente.<\/li>\n<\/ul>","protected":false},"excerpt":{"rendered":"<p>Esses frascos de col\u00f4nia apresentam um design minimalista com gargalo curto e tampas esf\u00e9ricas de alto brilho, para uma apresenta\u00e7\u00e3o elegante e contempor\u00e2nea. Amostras gr\u00e1tis.<\/p>","protected":false},"featured_media":4402,"template":"","meta":{"postBodyCss":"","postBodyMargin":[],"postBodyPadding":[],"postBodyBackground":{"backgroundType":"classic","gradient":""}},"product_brand":[],"product_cat":[15,16,62],"product_tag":[],"class_list":{"0":"post-4399","1":"product","2":"type-product","3":"status-publish","4":"has-post-thumbnail","6":"product_cat-glass-containers","7":"product_cat-glass-bottles","8":"product_cat-perfume-bottles","10":"first","11":"instock","12":"shipping-taxable","13":"product-type-simple"},"jetpack_sharing_enabled":true,"_links":{"self":[{"href":"https:\/\/minghanggroup.com\/pt\/wp-json\/wp\/v2\/product\/4399","targetHints":{"allow":["GET"]}}],"collection":[{"href":"https:\/\/minghanggroup.com\/pt\/wp-json\/wp\/v2\/product"}],"about":[{"href":"https:\/\/minghanggroup.com\/pt\/wp-json\/wp\/v2\/types\/product"}],"wp:featuredmedia":[{"embeddable":true,"href":"https:\/\/minghanggroup.com\/pt\/wp-json\/wp\/v2\/media\/4402"}],"wp:attachment":[{"href":"https:\/\/minghanggroup.com\/pt\/wp-json\/wp\/v2\/media?parent=4399"}],"wp:term":[{"taxonomy":"product_brand","embeddable":true,"href":"https:\/\/minghanggroup.com\/pt\/wp-json\/wp\/v2\/product_brand?post=4399"},{"taxonomy":"product_cat","embeddable":true,"href":"https:\/\/minghanggroup.com\/pt\/wp-json\/wp\/v2\/product_cat?post=4399"},{"taxonomy":"product_tag","embeddable":true,"href":"https:\/\/minghanggroup.com\/pt\/wp-json\/wp\/v2\/product_tag?post=4399"}],"curies":[{"name":"wp","href":"https:\/\/api.w.org\/{rel}","templated":true}]}}