{"id":4393,"date":"2026-01-06T17:00:11","date_gmt":"2026-01-06T09:00:11","guid":{"rendered":"https:\/\/minghanggroup.com\/?post_type=product&#038;p=4393"},"modified":"2026-01-06T17:08:49","modified_gmt":"2026-01-06T09:08:49","slug":"30ml-50ml-100ml-custom-glass-fragrance-bottles-wholesale","status":"publish","type":"product","link":"https:\/\/minghanggroup.com\/pt\/produto\/30ml-50ml-100ml-custom-glass-fragrance-bottles-wholesale\/","title":{"rendered":"Frascos de vidro personalizados para fragr\u00e2ncias, 30ml, 50ml e 100ml, por atacado."},"content":{"rendered":"<div class=\"qk-md-paragraph\" data-spm-anchor-id=\"5176.28103460.0.i14.14c47551N6phDS\"><span class=\"qk-md-text complete\">Seu <\/span><span class=\"qk-md-text complete\">frascos de col\u00f4nia de 50 ml<\/span><span class=\"qk-md-text complete\"> deve fazer com que os clientes parem no meio da prateleira. N\u00f3s criamos <\/span><span class=\"qk-md-text complete\">Frascos de vidro para fragr\u00e2ncias no atacado<\/span><span class=\"qk-md-text complete\"> projetado para <\/span><span class=\"qk-md-text complete\">embalagem de fragr\u00e2ncia<\/span><span class=\"qk-md-text complete\"> que <\/span><span class=\"qk-md-text complete\">na verdade<\/span><span class=\"qk-md-text complete\"> vende\u2014onde cada <\/span><span class=\"qk-md-text complete\">frasco de perfume de vidro<\/span><span class=\"qk-md-text complete\"> Torna-se a arma secreta da sua marca. <\/span><\/div>\n<h2>Caracter\u00edsticas do produto<\/h2>\n<ul>\n<li><strong>Sofistica\u00e7\u00e3o da Tampa Met\u00e1lica: <\/strong>Tampas pretas, douradas ou prateadas? Combine-as com a personalidade da sua fragr\u00e2ncia \u2013 n\u00e3o existem tampas sem gra\u00e7a.<\/li>\n<li><strong>Vidro de s\u00edlex cristalino:<\/strong> Veja o seu perfume atrav\u00e9s deste frasco de vidro de alta qualidade, sem ilus\u00f5es de turbidez.<\/li>\n<li><strong>Pode ser usado em todos os tipos de fragr\u00e2ncias:<\/strong> Pode ser usado em perfumes, col\u00f4nias, \u00f3leos perfumados e outros produtos l\u00edquidos.<\/li>\n<\/ul>\n<h2>Especifica\u00e7\u00f5es principais<\/h2>\n<table style=\"border-collapse: collapse; width: 80%; margin-left: auto; margin-right: auto;\" border=\"0\" width=\"288\" cellspacing=\"0\" cellpadding=\"0\">\n<tbody>\n<tr style=\"height: 13.50pt;\">\n<td style=\"height: 13.5pt; width: 54pt; text-align: center;\" width=\"72\" height=\"18\">Capacidade<\/td>\n<td style=\"width: 54pt; text-align: center;\" width=\"72\">Dimens\u00f5es (mm)<\/td>\n<td style=\"width: 54pt; text-align: center;\" width=\"72\">Material<\/td>\n<td style=\"width: 54pt; text-align: center;\" width=\"72\">Tipo de veda\u00e7\u00e3o<\/td>\n<\/tr>\n<tr style=\"height: 13.50pt;\">\n<td style=\"height: 13.5pt; text-align: center;\" height=\"18\">30ml \/ 1oz<\/td>\n<td style=\"text-align: center;\">42 x 73<\/td>\n<td class=\"et2\" style=\"text-align: center;\" rowspan=\"3\">Vidro de s\u00edlex<\/td>\n<td class=\"et2\" style=\"text-align: center;\" rowspan=\"3\">Spray Top<\/td>\n<\/tr>\n<tr style=\"height: 13.50pt;\">\n<td style=\"height: 13.5pt; text-align: center;\" height=\"18\">50ml<\/td>\n<td style=\"text-align: center;\">45 x 88<\/td>\n<\/tr>\n<tr style=\"height: 13.50pt;\">\n<td style=\"height: 13.5pt; text-align: center;\" height=\"18\">100ml \/ 3,4oz<\/td>\n<td style=\"text-align: center;\">56 x 101<\/td>\n<\/tr>\n<\/tbody>\n<\/table>\n<h2>Caso de sucesso<\/h2>\n<p>Uma empresa local de perfumes, especializada em fragr\u00e2ncias naturais, decidiu usar nosso frasco de col\u00f4nia de 50 ml para apresentar sua nova linha. Optaram por frascos de vidro transparente com logotipos tem\u00e1ticos para destacar a cor pura do perfume e, para conferir um toque de sofistica\u00e7\u00e3o \u00e0 imagem da marca, revestiram as tampas com uma camada de ouro. Os frascos possuem uma grava\u00e7\u00e3o simples do logotipo da marca, enfatizando, assim, sua sofistica\u00e7\u00e3o e originalidade.<\/p>\n<p>Em apenas tr\u00eas meses, suas vendas online cresceram 40% e conseguiram atrair o interesse de mais varejistas, garantindo assim a entrada em duas das principais lojas de departamento.<\/p>\n<h2>Suas op\u00e7\u00f5es de personaliza\u00e7\u00e3o<\/h2>\n<ol>\n<li><strong>Estrat\u00e9gia de cores para bon\u00e9s:<\/strong>Pre\u00e7o do ouro na categoria de fragr\u00e2ncias de luxo, pre\u00e7o da prata na categoria de fragr\u00e2ncias frescas.<\/li>\n<li><strong>Detalhes da superf\u00edcie:<\/strong>Decora\u00e7\u00e3o em relevo no vidro de s\u00edlex, semelhante a logotipos.<\/li>\n<li><strong>Combina\u00e7\u00e3o de fragr\u00e2ncias:<\/strong>Fragr\u00e2ncias amadeiradas devem ser usadas com vidro escuro e fragr\u00e2ncias c\u00edtricas com vidro transparente.<\/li>\n<\/ol>","protected":false},"excerpt":{"rendered":"<p>Explore frascos de col\u00f4nia de 50 ml com tampas personaliz\u00e1veis. Oferecemos frascos de vidro para fragr\u00e2ncias no atacado, direto da f\u00e1brica, e entrega r\u00e1pida para empresas.<\/p>","protected":false},"featured_media":4396,"template":"","meta":{"postBodyCss":"","postBodyMargin":[],"postBodyPadding":[],"postBodyBackground":{"backgroundType":"classic","gradient":""}},"product_brand":[],"product_cat":[15,16,62],"product_tag":[],"class_list":{"0":"post-4393","1":"product","2":"type-product","3":"status-publish","4":"has-post-thumbnail","6":"product_cat-glass-containers","7":"product_cat-glass-bottles","8":"product_cat-perfume-bottles","10":"first","11":"instock","12":"shipping-taxable","13":"product-type-simple"},"jetpack_sharing_enabled":true,"_links":{"self":[{"href":"https:\/\/minghanggroup.com\/pt\/wp-json\/wp\/v2\/product\/4393","targetHints":{"allow":["GET"]}}],"collection":[{"href":"https:\/\/minghanggroup.com\/pt\/wp-json\/wp\/v2\/product"}],"about":[{"href":"https:\/\/minghanggroup.com\/pt\/wp-json\/wp\/v2\/types\/product"}],"wp:featuredmedia":[{"embeddable":true,"href":"https:\/\/minghanggroup.com\/pt\/wp-json\/wp\/v2\/media\/4396"}],"wp:attachment":[{"href":"https:\/\/minghanggroup.com\/pt\/wp-json\/wp\/v2\/media?parent=4393"}],"wp:term":[{"taxonomy":"product_brand","embeddable":true,"href":"https:\/\/minghanggroup.com\/pt\/wp-json\/wp\/v2\/product_brand?post=4393"},{"taxonomy":"product_cat","embeddable":true,"href":"https:\/\/minghanggroup.com\/pt\/wp-json\/wp\/v2\/product_cat?post=4393"},{"taxonomy":"product_tag","embeddable":true,"href":"https:\/\/minghanggroup.com\/pt\/wp-json\/wp\/v2\/product_tag?post=4393"}],"curies":[{"name":"wp","href":"https:\/\/api.w.org\/{rel}","templated":true}]}}