{"id":4381,"date":"2026-01-06T15:08:58","date_gmt":"2026-01-06T07:08:58","guid":{"rendered":"https:\/\/minghanggroup.com\/?post_type=product&#038;p=4381"},"modified":"2026-01-06T15:38:08","modified_gmt":"2026-01-06T07:38:08","slug":"luxury-perfume-bottles-with-gold-decorative-wholesale","status":"publish","type":"product","link":"https:\/\/minghanggroup.com\/pt\/produto\/luxury-perfume-bottles-with-gold-decorative-wholesale\/","title":{"rendered":"Frascos de perfume de luxo de 50ml com decora\u00e7\u00e3o dourada para venda por atacado."},"content":{"rendered":"<p>Esta marca de frascos de perfume de luxo \u00e9 feita de vidro da mais alta transpar\u00eancia e est\u00e1 dispon\u00edvel em quatro formatos (ab\u00f3bora, cil\u00edndrico, quadrado e oval). Os frascos s\u00e3o decorados com belos padr\u00f5es folheados a ouro nas tampas, que brilham intensamente \u00e0 luz do sol.<\/p>\n<h2>Caracter\u00edsticas do produto<\/h2>\n<ul>\n<li><strong>Combina\u00e7\u00f5es de m\u00faltiplas formas:<\/strong> Para atender aos gostos est\u00e9ticos variados, existem quatro formatos de garrafas: ab\u00f3bora, cil\u00edndrica, quadrada e oval.<\/li>\n<li><strong>Tampas multifacetadas:<\/strong> As tampas transparentes possuem um corte texturizado e um detalhe met\u00e1lico dourado, que conferem um toque de luxo ao produto como um todo.<\/li>\n<li><strong>Detalhes decorativos em dourado:<\/strong> As garrafas foram adornadas com padr\u00f5es dourados\/design vazado que replicam os componentes de cristal e metal, o que demonstra o requinte do trabalho artesanal.<\/li>\n<\/ul>\n<h2 style=\"text-align: left;\">Especifica\u00e7\u00f5es principais<\/h2>\n<table class=\"aligncenter\" style=\"border-collapse: collapse; width: 575.27pt;\" border=\"0\" width=\"767\" cellspacing=\"0\" cellpadding=\"0\">\n<tbody>\n<tr style=\"height: 13.50pt;\">\n<td style=\"height: 13.50pt; width: 117.75pt;\" width=\"157\" height=\"18\">Especifica\u00e7\u00e3o<\/td>\n<td style=\"width: 457.50pt;\" width=\"610\">Detalhes<\/td>\n<\/tr>\n<tr style=\"height: 13.50pt;\">\n<td style=\"height: 13.50pt;\" height=\"18\">Capacidade<\/td>\n<td>50ml (Todos os estilos)<\/td>\n<\/tr>\n<tr style=\"height: 13.50pt;\">\n<td style=\"height: 13.50pt;\" height=\"18\">Dimens\u00f5es<\/td>\n<td>60\u00d764mm (Ab\u00f3bora) \/ 48\u00d7106mm (Cilindro) \/ 38\u00d787mm (Quadrado) \/ 67\u00d798mm (Oval)<\/td>\n<\/tr>\n<tr style=\"height: 13.50pt;\">\n<td style=\"height: 13.50pt;\" height=\"18\">Material<\/td>\n<td>Vidro de qualidade cristalina, detalhes em metal dourado.<\/td>\n<\/tr>\n<tr style=\"height: 13.50pt;\">\n<td style=\"height: 13.50pt;\" height=\"18\">Formato de garrafa<\/td>\n<td>Ab\u00f3bora, Cilindro, Quadrado, Oval<\/td>\n<\/tr>\n<tr style=\"height: 13.50pt;\">\n<td style=\"height: 13.50pt;\" height=\"18\">Escopo de personaliza\u00e7\u00e3o<\/td>\n<td>Cor do vidro, design com detalhes em dourado, estilo da tampa<\/td>\n<\/tr>\n<tr style=\"height: 13.50pt;\">\n<td style=\"height: 13.50pt;\" height=\"18\">Artesanato<\/td>\n<td>Sopro de vidro de precis\u00e3o, aplica\u00e7\u00e3o de filigrana em metal<\/td>\n<\/tr>\n<tr style=\"height: 13.50pt;\">\n<td style=\"height: 13.50pt;\" height=\"18\">Finalidade do produto<\/td>\n<td>Frascos de perfume de luxo no atacado, frascos de perfume em grandes quantidades.<\/td>\n<\/tr>\n<tr style=\"height: 13.50pt;\">\n<td style=\"height: 13.50pt;\" height=\"18\">Ind\u00fastrias adequadas<\/td>\n<td>Alta perfumaria, hotelaria cinco estrelas, varejo exclusivo<\/td>\n<\/tr>\n<\/tbody>\n<\/table>\n<h2>Hist\u00f3ria de sucesso<\/h2>\n<p>Uma das marcas de perfumes de luxo mais conhecidas da Fran\u00e7a encomendou quatro frascos de perfume de luxo com nossos formatos exclusivos, banhados a ouro 24 quilates e com o logotipo e o nome da marca gravados na tampa. Os frascos obtiveram grande reconhecimento ap\u00f3s o lan\u00e7amento. Segundo a marca, a percep\u00e7\u00e3o do consumidor sobre o posicionamento sofisticado do produto aumentou 45% devido ao design em cristal e ouro, e o n\u00famero de avalia\u00e7\u00f5es positivas que destacaram o design luxuoso cresceu 36%. A marca ficou bastante satisfeita com o desempenho no mercado e recentemente encomendou mais 350.000 frascos para expandir seus canais de distribui\u00e7\u00e3o globalmente.<\/p>\n<h2>Personaliza\u00e7\u00e3o de frascos de perfume de luxo por atacado<\/h2>\n<ul>\n<li>Estampagem a quente personalizada: Crie padr\u00f5es, monogramas ou emblemas exclusivos com estampagem a quente em cada formato de garrafa.<\/li>\n<li>Revestimento em metais preciosos: Possui detalhes em ouro com diversos tipos de revestimento (ouro rosa, platina, r\u00f3dio).<\/li>\n<li>Vidro de cristal colorido: Oferecemos a cada garrafa cores exclusivas (safira, verde esmeralda, rubi, \u00e2mbar).<\/li>\n<li>Detalhes sobre o uso de incrusta\u00e7\u00f5es de esmalte: Aplique cor e profundidade adicionais aos padr\u00f5es de estampagem a quente com decora\u00e7\u00f5es de esmalte pintadas \u00e0 m\u00e3o.<\/li>\n<\/ul>","protected":false},"excerpt":{"rendered":"<p>Frascos de perfume de luxo em cristal com detalhes dourados para um visual sofisticado. Ideal para marcas de alto padr\u00e3o. Venda por atacado de frascos de perfume de luxo com amostras gr\u00e1tis.<\/p>","protected":false},"featured_media":4389,"template":"","meta":{"postBodyCss":"","postBodyMargin":[],"postBodyPadding":[],"postBodyBackground":{"backgroundType":"classic","gradient":""}},"product_brand":[],"product_cat":[15,16,62],"product_tag":[],"class_list":{"0":"post-4381","1":"product","2":"type-product","3":"status-publish","4":"has-post-thumbnail","6":"product_cat-glass-containers","7":"product_cat-glass-bottles","8":"product_cat-perfume-bottles","10":"first","11":"instock","12":"shipping-taxable","13":"product-type-simple"},"jetpack_sharing_enabled":true,"_links":{"self":[{"href":"https:\/\/minghanggroup.com\/pt\/wp-json\/wp\/v2\/product\/4381","targetHints":{"allow":["GET"]}}],"collection":[{"href":"https:\/\/minghanggroup.com\/pt\/wp-json\/wp\/v2\/product"}],"about":[{"href":"https:\/\/minghanggroup.com\/pt\/wp-json\/wp\/v2\/types\/product"}],"wp:featuredmedia":[{"embeddable":true,"href":"https:\/\/minghanggroup.com\/pt\/wp-json\/wp\/v2\/media\/4389"}],"wp:attachment":[{"href":"https:\/\/minghanggroup.com\/pt\/wp-json\/wp\/v2\/media?parent=4381"}],"wp:term":[{"taxonomy":"product_brand","embeddable":true,"href":"https:\/\/minghanggroup.com\/pt\/wp-json\/wp\/v2\/product_brand?post=4381"},{"taxonomy":"product_cat","embeddable":true,"href":"https:\/\/minghanggroup.com\/pt\/wp-json\/wp\/v2\/product_cat?post=4381"},{"taxonomy":"product_tag","embeddable":true,"href":"https:\/\/minghanggroup.com\/pt\/wp-json\/wp\/v2\/product_tag?post=4381"}],"curies":[{"name":"wp","href":"https:\/\/api.w.org\/{rel}","templated":true}]}}